{"id":10218,"date":"2024-04-03T09:35:17","date_gmt":"2024-04-03T07:35:17","guid":{"rendered":"https:\/\/bergbau-gr.ch\/?page_id=10218"},"modified":"2025-10-27T13:37:41","modified_gmt":"2025-10-27T12:37:41","slug":"bk-144","status":"publish","type":"page","link":"https:\/\/bergbau-gr.ch\/?page_id=10218","title":{"rendered":"BK 144-147 2024\/2025"},"content":{"rendered":"<p>Die neuste Ausgabe wird allenfalls nur auf <a href=\"mailto:admin@bergbau-gr.ch\" target=\"_blank\" rel=\"noreferrer noopener\">Anfrage <\/a>elektronischer Form angeboten<\/p>\n\n\n<p><strong>Ein Inserat im<\/strong> <strong>BERGKNAPPE<br><\/strong>w\u00e4re doch eine gute Idee!<br>F\u00fcr weitere Ausk\u00fcnfte und f\u00fcr die Aufgabe eines Inserates:<br>Freunde des Bergbaus in Graub\u00fcnden FBG<br>Redaktion<br>Via Prad\u00e8 24, 7505 Celerina, Telefon 081 833 45 82 \/ 079 203 77 84<br>E-Mail <a href=\"mailto:redaktion@bergbau-gr.ch\">redaktion@bergbau-gr.ch<\/a><\/p>\n\n\n\n<p>Ausgabe Nr. 144 , 2024 &#8211; 147, 2025<\/p>\n\n\n\n<hr class=\"wp-block-separator has-alpha-channel-opacity\"\/>\n\n\n<p><strong><a href=\"https:\/\/www.bergbau-gr.ch\/wordpress\/wp-content\/uploads\/bk\/bk_139n.pdf\" target=\"_blank\" rel=\"noopener\">Bergknappe Nr. 147<\/a>, 2\/2025 Oktober<br \/><\/strong>&#8211; Impressum<br \/>&#8211; Wort des Pr\u00e4sidenten<br \/>&#8211; Minas de Gador <br \/>&#8211; Wie ist die Blei-Zink Vererzung am Silberberg Davos enstanden<br \/>&#8211; Eine beschwerliche Dedektivarbeit<br \/>&#8211; 49. Vereinsversammlung Freunde des Bergbaus in Graub\u00fcnden<br \/>&#8211; Grillplausch Silberberg <br \/>&#8211; FBG Exkursion 2025 in der Region Marmorerastaudamm<br \/>&#8211; Sanierungsarbeiten durch den FBG an der Schmelze Flecs 2025<br \/>&#8211; Arbeitseins\u00e4tze in den Gruobas auf Ursera&nbsp;<br \/>&#8211; Die Sommersaison des Bergbaumuseums Graub\u00fcnden<br \/>&#8211; Industriearch\u00e4ologie in Rueun, ein neu entdeckter Wasserkanal<\/p>\n\n\n<hr class=\"wp-block-separator has-alpha-channel-opacity\"\/>\n\n\n<p><strong><a href=\"https:\/\/www.bergbau-gr.ch\/wordpress\/wp-content\/uploads\/bk\/bk_146.pdf\" target=\"_blank\" rel=\"noopener\">Bergknappe Nr. 146<\/a>, 1\/2025 April <br><\/strong>&#8211; Impressum<br>&#8211; Wort des Pr\u00e4sidenten<br>&#8211; Nephrit aus dem Oberhalbstein &#8211; Steinbeilstoff der Pfahlbauer am Bodensee <br>&#8211; Sinterbildungen in den Minas da Gulatsch<br>&#8211; Unverhofft auf ein ergiebiges \u00abErzlager\u00bb gestossen, Familie Ragaz<br>&#8211; Bergbau in Nordeuropa, BOLIDEN AB<br>&#8211; Bergbaumuseum Graub\u00fcnden<br>&#8211; Buchbesprechung: Mineralien &#8230; Sardona <br>&#8211; Veranstaltungen<\/p>\n\n\n<hr class=\"wp-block-separator has-alpha-channel-opacity\"\/>\n\n\n<p><strong><a href=\"https:\/\/www.bergbau-gr.ch\/wordpress\/wp-content\/uploads\/bk\/bk_145.pdf\" target=\"_blank\" rel=\"noopener\">Bergknappe Nr. 145<\/a>, 2\/2024,&nbsp; November<br \/><\/strong>&#8211; Impressum<br \/>&#8211; Wort des Pr\u00e4sidenten<br \/>&#8211; Aus der Geschichte von S-charl<br \/>&#8211; Mineralien von Bot digl Uors<br \/>&#8211; Erminen Hinterrhein am Dorffest Zillis<br \/>&#8211; Jahresversammlung der Freunde des Bergbaus in Graub\u00fcnden<br \/>&#8211; \u00dcns B\u00e4rgw\u00e4\u00e4rch &#8211; Berbuu am Silberberg<br \/>&#8211; Zweitagesexkursion Gonzen<br \/>&#8211; Wilhelm August Lampadius<br \/>&#8211; Wie beeinflusste der Bergbau die Nutzung des Waldes?<br \/>&#8211; Die Freundes des Bergbaus am Gotthard<br \/>&#8211; Kleine FBG Exkursion an den Gnapperkopf<br \/>&#8211; Minaria Helvetica 45\/2024<br \/>&#8211; Aus dem Bergbaumuseum Schmelzboden Davos<strong><br \/><\/strong><\/p>\n\n\n<hr class=\"wp-block-separator has-alpha-channel-opacity\"\/>\n\n\n<p><strong><a href=\"https:\/\/www.bergbau-gr.ch\/wordpress\/wp-content\/uploads\/bk\/bk_144.pdf\" target=\"_blank\" rel=\"noopener\">Bergknappe Nr. 144<\/a>, 1\/2024,&nbsp; April<\/strong><br \/>&#8211; Impressum<br \/>&#8211; Wort des Pr\u00e4sidenten<br \/>&#8211; Legende oder Wahrheit? Alte Geschichten neu interpretiert<br \/>&#8211; Arbeitseins\u00e4tze Im Engadin sind eine Win-win-Situation<br \/>&#8211; Eisen und Kupfer vom Parpaner Rothorn<br \/>&#8211; FBG Exkursion Goldgruben Calanda<br \/>&#8211; Einwintern auf Gruba\/Ursera<br \/>&#8211; &#8222;Gold in der Schweiz&#8220; &#8211; zur Neuauflage der Goldwasch-Fibel<br \/>&#8211; Minaria Helvetica 44\/2023<br \/>&#8211; Sauerstoff-Fabrik Ilanz<br \/>&#8211; Geschichte Graub\u00fcndens anschaulich und kompakt: Atlas Graub\u00fcnden<br \/>&#8211; Veranstaltungen<\/p>","protected":false},"excerpt":{"rendered":"<p>Die neuste Ausgabe wird allenfalls nur auf Anfrage elektronischer Form angeboten Ein Inserat im BERGKNAPPEw\u00e4re doch eine gute Idee!F\u00fcr weitere Ausk\u00fcnfte und f\u00fcr die Aufgabe eines Inserates:Freunde des Bergbaus in Graub\u00fcnden FBGRedaktionVia Prad\u00e8 24, 7505 Celerina, Telefon 081 833 45 &hellip; <a href=\"https:\/\/bergbau-gr.ch\/?page_id=10218\">Weiterlesen <span class=\"meta-nav\">&rarr;<\/span><\/a><\/p>\n","protected":false},"author":1,"featured_media":0,"parent":61,"menu_order":0,"comment_status":"closed","ping_status":"closed","template":"showcase.php","meta":{"ngg_post_thumbnail":0,"footnotes":""},"class_list":["post-10218","page","type-page","status-publish","hentry"],"_links":{"self":[{"href":"https:\/\/bergbau-gr.ch\/index.php?rest_route=\/wp\/v2\/pages\/10218","targetHints":{"allow":["GET"]}}],"collection":[{"href":"https:\/\/bergbau-gr.ch\/index.php?rest_route=\/wp\/v2\/pages"}],"about":[{"href":"https:\/\/bergbau-gr.ch\/index.php?rest_route=\/wp\/v2\/types\/page"}],"author":[{"embeddable":true,"href":"https:\/\/bergbau-gr.ch\/index.php?rest_route=\/wp\/v2\/users\/1"}],"replies":[{"embeddable":true,"href":"https:\/\/bergbau-gr.ch\/index.php?rest_route=%2Fwp%2Fv2%2Fcomments&post=10218"}],"version-history":[{"count":23,"href":"https:\/\/bergbau-gr.ch\/index.php?rest_route=\/wp\/v2\/pages\/10218\/revisions"}],"predecessor-version":[{"id":11319,"href":"https:\/\/bergbau-gr.ch\/index.php?rest_route=\/wp\/v2\/pages\/10218\/revisions\/11319"}],"up":[{"embeddable":true,"href":"https:\/\/bergbau-gr.ch\/index.php?rest_route=\/wp\/v2\/pages\/61"}],"wp:attachment":[{"href":"https:\/\/bergbau-gr.ch\/index.php?rest_route=%2Fwp%2Fv2%2Fmedia&parent=10218"}],"curies":[{"name":"wp","href":"https:\/\/api.w.org\/{rel}","templated":true}]}}