{"id":10782,"date":"2025-04-06T16:25:43","date_gmt":"2025-04-06T14:25:43","guid":{"rendered":"https:\/\/bergbau-gr.ch\/?page_id=10782"},"modified":"2025-12-20T12:41:12","modified_gmt":"2025-12-20T11:41:12","slug":"erlebnisse-2025","status":"publish","type":"page","link":"https:\/\/bergbau-gr.ch\/?page_id=10782","title":{"rendered":"Erlebnisse 2025"},"content":{"rendered":"\n<h2 class=\"wp-block-heading\">Erlebnisse 2025<\/h2>\n\n\n<p><\/p>\n<p><strong><a href=\"https:\/\/bergbau-gr.ch\/wordpress\/wp-content\/uploads\/2025\/12\/Festtage2025.pdf\"><img loading=\"lazy\" decoding=\"async\" class=\"alignright size-thumbnail wp-image-11371\" src=\"https:\/\/bergbau-gr.ch\/wordpress\/wp-content\/uploads\/2025\/12\/Bergmann-150x142.jpg\" alt=\"\" width=\"150\" height=\"142\" srcset=\"https:\/\/bergbau-gr.ch\/wordpress\/wp-content\/uploads\/2025\/12\/Bergmann-150x142.jpg 150w, https:\/\/bergbau-gr.ch\/wordpress\/wp-content\/uploads\/2025\/12\/Bergmann-300x283.jpg 300w, https:\/\/bergbau-gr.ch\/wordpress\/wp-content\/uploads\/2025\/12\/Bergmann-318x300.jpg 318w, https:\/\/bergbau-gr.ch\/wordpress\/wp-content\/uploads\/2025\/12\/Bergmann.jpg 392w\" sizes=\"auto, (max-width: 150px) 100vw, 150px\" \/><\/a>Frohe Festtage<\/strong><br>Das Jahr neigt sich zu Ende und bald stellen wir uns den Herausforderungen 2026.<br>Wir freuen uns das Jubil\u00e4um im Sommer zu feiern.<br>Alles Gute und bleibt gesund!<\/p>\n<p><\/p>\n\n\n<hr class=\"wp-block-separator has-alpha-channel-opacity\"\/>\n\n\n<p><strong>Mineralieb\u00f6rse Chur,<\/strong> Sa\/So 8.\/9. Nov. 2025<\/p>\nngg_shortcode_0_placeholder\n\n\n<hr class=\"wp-block-separator has-alpha-channel-opacity\"\/>\n\n\n<p><strong>Generalsversammlung SGHB<\/strong> in Buchs ZH, Sa 8 .Nov. 2025<\/p>\nngg_shortcode_1_placeholder\n\n\n<hr class=\"wp-block-separator has-alpha-channel-opacity\"\/>\n\n\n<p><strong>Mineralientage Landquart<\/strong><br \/><a href=\"https:\/\/bergbau-gr.ch\/wordpress\/wp-content\/uploads\/2025\/09\/20250914_105637kl.jpg\"><img loading=\"lazy\" decoding=\"async\" class=\"alignleft size-thumbnail wp-image-11265\" src=\"https:\/\/bergbau-gr.ch\/wordpress\/wp-content\/uploads\/2025\/09\/20250914_105637kl-150x113.jpg\" alt=\"\" width=\"150\" height=\"113\" srcset=\"https:\/\/bergbau-gr.ch\/wordpress\/wp-content\/uploads\/2025\/09\/20250914_105637kl-150x113.jpg 150w, https:\/\/bergbau-gr.ch\/wordpress\/wp-content\/uploads\/2025\/09\/20250914_105637kl-300x225.jpg 300w, https:\/\/bergbau-gr.ch\/wordpress\/wp-content\/uploads\/2025\/09\/20250914_105637kl-768x576.jpg 768w, https:\/\/bergbau-gr.ch\/wordpress\/wp-content\/uploads\/2025\/09\/20250914_105637kl-400x300.jpg 400w, https:\/\/bergbau-gr.ch\/wordpress\/wp-content\/uploads\/2025\/09\/20250914_105637kl.jpg 800w\" sizes=\"auto, (max-width: 150px) 100vw, 150px\" \/><\/a>Am Wochenende 13.\/14.09.25 fanden erneut die Mineralientage Landquart im Forum Ried statt. Erfreulich, wie viele Strahler und Mineraliensammler insbesondere aus der Surselva als Aussteller pr\u00e4sent waren. Bei den Goldwaschern durften die Kinder \u00fcben, Goldflttchen aus Sand zu waschen. Auch die <a href=\"https:\/\/unesco-sardona.ch\/\" target=\"_blank\" rel=\"noopener\">Tektonikarena Sardona<\/a> war pr\u00e4sent. <a href=\"https:\/\/bergbau-gr.ch\/wordpress\/wp-content\/uploads\/2025\/09\/20250914_104921kl.jpg\"><img loading=\"lazy\" decoding=\"async\" class=\"alignright size-thumbnail wp-image-11263\" src=\"https:\/\/bergbau-gr.ch\/wordpress\/wp-content\/uploads\/2025\/09\/20250914_104921kl-150x37.jpg\" alt=\"\" width=\"150\" height=\"37\" srcset=\"https:\/\/bergbau-gr.ch\/wordpress\/wp-content\/uploads\/2025\/09\/20250914_104921kl-150x37.jpg 150w, https:\/\/bergbau-gr.ch\/wordpress\/wp-content\/uploads\/2025\/09\/20250914_104921kl-300x74.jpg 300w, https:\/\/bergbau-gr.ch\/wordpress\/wp-content\/uploads\/2025\/09\/20250914_104921kl.jpg 468w\" sizes=\"auto, (max-width: 150px) 100vw, 150px\" \/><\/a>Im Dunkeln der B\u00fchne wurden fluoreszierende Mineralien mit UV-Lampen gezeigt.<\/p>\n\n\n<hr class=\"wp-block-separator has-alpha-channel-opacity\"\/>\n\n\n<p><strong>Museumstag Davos, Bergbaumuseum Graub\u00fcnden<\/strong><br \/><a href=\"https:\/\/bergbau-gr.ch\/wordpress\/wp-content\/uploads\/2025\/09\/IMG_6689kl.jpg\"><img loading=\"lazy\" decoding=\"async\" class=\"alignleft size-thumbnail wp-image-11250\" src=\"https:\/\/bergbau-gr.ch\/wordpress\/wp-content\/uploads\/2025\/09\/IMG_6689kl-113x150.jpg\" alt=\"\" width=\"113\" height=\"150\" srcset=\"https:\/\/bergbau-gr.ch\/wordpress\/wp-content\/uploads\/2025\/09\/IMG_6689kl-113x150.jpg 113w, https:\/\/bergbau-gr.ch\/wordpress\/wp-content\/uploads\/2025\/09\/IMG_6689kl-225x300.jpg 225w, https:\/\/bergbau-gr.ch\/wordpress\/wp-content\/uploads\/2025\/09\/IMG_6689kl.jpg 640w\" sizes=\"auto, (max-width: 113px) 100vw, 113px\" \/><\/a>(ER) Am Freitag 29. 08.2025 gab es in allen zehn Davoser Museen ein ganz neues Kinder-Rallye. Jedes Museum musste mit einer Aufgabe die Kinder sozusagen durch das Museum zu f\u00fchren.<a href=\"https:\/\/bergbau-gr.ch\/wordpress\/wp-content\/uploads\/2025\/09\/IMG_6695kl.jpg\"><img loading=\"lazy\" decoding=\"async\" class=\"alignright size-thumbnail wp-image-11251\" src=\"https:\/\/bergbau-gr.ch\/wordpress\/wp-content\/uploads\/2025\/09\/IMG_6695kl-113x150.jpg\" alt=\"\" width=\"113\" height=\"150\" srcset=\"https:\/\/bergbau-gr.ch\/wordpress\/wp-content\/uploads\/2025\/09\/IMG_6695kl-113x150.jpg 113w, https:\/\/bergbau-gr.ch\/wordpress\/wp-content\/uploads\/2025\/09\/IMG_6695kl-225x300.jpg 225w, https:\/\/bergbau-gr.ch\/wordpress\/wp-content\/uploads\/2025\/09\/IMG_6695kl.jpg 640w\" sizes=\"auto, (max-width: 113px) 100vw, 113px\" \/><\/a><br \/>Das Bergbaumuseum versteckte in drei verschiedenen Vitrinen je ein Mobiltelefon, diese mussten die Kinder suchen und das entsprechende Passwort (Azurit, Magnetit und gediegenes Gold) im ersten Stock melden. Hier lagen auf einem Tisch viele zerlegte Natels. Hansj\u00fcrg erkl\u00e4rte den interessiert zuh\u00f6renden wie viele verschiedene Erze und Metalle so ein kleines Ding enth\u00e4lt. Nicht nur die Kinder, auch die Eltern, waren sehr interessiert. Jedoch nur die Kinder erhielten einen Stempel, um nach weiteren zwei Museen ein Geschenk zu erhalten. Mit fast neunzig Erwachsenen und mehr als vierzig Kindern war der Museumstag ein toller Erfolg. (Bilder Elsbeth)<\/p>\n\n\n<hr class=\"wp-block-separator has-alpha-channel-opacity\"\/>\n\n\n<p><strong>Exkursion Freunde des Bergbaus in Graub\u00fcnden<\/strong><br \/><a href=\"https:\/\/bergbau-gr.ch\/wordpress\/wp-content\/uploads\/2025\/06\/Exkursion25.pdf\" target=\"_blank\" rel=\"noopener\">Marmorera, Gruba und Stollen Vals<\/a><br \/>Am 23.8.25 trafen sich an 14 Bergbauhungrige zur Exkursion. Wir besammelten uns am Waldeingang oberhalb Scalottas und stiegen nach Gruba auf. Dort krochen einige in diverse <a href=\"https:\/\/map.georessourcen.ethz.ch\/purl\/obid\/398\" target=\"_blank\" rel=\"noopener\">Stollenl\u00f6cher<\/a> oder begutachteten Steine auf der Halde. Danach gab es W\u00fcrste, Kaffee und Kuchen. Wir bewunderten die wundersch\u00f6ne Moorlandschaft und besuchten die <a href=\"https:\/\/bergbauprojekt.blogspot.com\/2017\/07\/\" target=\"_blank\" rel=\"noopener\">Forschungsst\u00e4tten<\/a> der <a href=\"https:\/\/archeobase.ch\/publications\/swiss-archaeological-chronicles\/3761\" target=\"_blank\" rel=\"noopener\">pr\u00e4historischen Kupferverh\u00fcttung<\/a>. Danach ging es runter an den Marmorerasee, \u00fcber den Staudamm zum Kupferstollen Vals. Die Waghalsigen erstiegen dann noch die Burg Marmels. Wir beendigten die Exkursion bei gem\u00fctlichem Beisammensein in der <a href=\"https:\/\/www.valsurses.ch\/de\/ustareia-agl-lai-murmarera\" target=\"_blank\" rel=\"noopener\">Gastst\u00e4tte<\/a> am See. (Bilder: Philipp, Gion, Husu)<\/p>\nngg_shortcode_2_placeholder\n\n\n<hr class=\"wp-block-separator has-alpha-channel-opacity\"\/>\n\n\n<p><strong>Neue Bergbau Flyer f\u00fcr die Landwasser Region<\/strong><br \/>Ruedi hat wundersch\u00f6ne Flyer f\u00fcr den Silberberg- und die Z\u00fcgenschluchtf\u00fchrungen, sowie f\u00fcr das Bergbaumuseum Graub\u00fcnden im Schmelzboden gestaltet. Flyer k\u00f6nnen sowohl beim <a href=\"https:\/\/silberberg-davos.ch\/\" target=\"_blank\" rel=\"noopener\">BSD<\/a>, wie im <a href=\"https:\/\/www.bergbau-museum.ch\/\" target=\"_blank\" rel=\"noopener\">Bergbaumuseum Graub\u00fcnden<\/a> bestellt werden.<\/p>\nngg_shortcode_3_placeholder\n\n\n<hr class=\"wp-block-separator has-alpha-channel-opacity\"\/>\n\n\n<p><strong>Grillplausch Silberberg<\/strong><br \/>Am 16.8.25 hat der <a href=\"https:\/\/silberberg-davos.ch\/\" target=\"_blank\" rel=\"noopener\">Bergbauverein Silberberg Davos<\/a> zum traditionellen Grillplausch eingeladen.<br \/>Nach der Begr\u00fcssung um 10 Uhr in Monstein fl\u00fcchteten wir vor dem aufkommenden Gewitter ins sch\u00f6ne Bergbauhaus. Als der Regen nachliess, besuchten wir den Neuhoffnungstollen. Wie der Berg lebt: Das Steinschlagnetz ist trotz Reinigung teilweise verf\u00fcllt und am Gangkreuz zeigt sich besonders die Stollenfortsetzung Richtung Baumannlager in einem desolaten Zustand. Beim Passieren des Huthauses wurden schon Essensgel\u00fcste geweckt. Trotzdem besuchten wir noch den Dalvazzerstollen, wo ebenfalls eindr\u00fccklich die Kr\u00e4fte des Berges mit dem Einsturz zu sehen sind. Nach dem Aufstieg \u00fcber die Supertreppen, kam dann der gem\u00fctliche Teil mit Grillade, feinen Beilagen und Kaffee mit Kuchen und vielen Gespr\u00e4chen. Ganz herzlichen Dank allen Helfern.<\/p>\nngg_shortcode_4_placeholder\n\n\n<hr class=\"wp-block-separator has-alpha-channel-opacity\"\/>\n\n\n<div style=\"width: 584px;\" class=\"wp-video\"><video class=\"wp-video-shortcode\" id=\"video-10782-1\" width=\"584\" height=\"329\" preload=\"metadata\" controls=\"controls\"><source type=\"video\/mp4\" src=\"https:\/\/bergbau-gr.ch\/wordpress\/wp-content\/uploads\/2025\/07\/20250705_110636.mp4?_=1\" \/><a href=\"https:\/\/bergbau-gr.ch\/wordpress\/wp-content\/uploads\/2025\/07\/20250705_110636.mp4\">https:\/\/bergbau-gr.ch\/wordpress\/wp-content\/uploads\/2025\/07\/20250705_110636.mp4<\/a><\/video><\/div>\n<p><strong>Arbeitseinsatz Taspin\/Gruba<\/strong><br \/>Die Freunde am <a href=\"https:\/\/www.erzminen-hinterrhein.ch\/\" target=\"_blank\" rel=\"noopener\">Hinterrhein VEH<\/a> riefen f\u00fcr Samstag 5.7. zu einem Frontag auf. Vier h\u00fcteten die Schweine auf Taspin. Nein, sie pflegten die Umgebung des Museumsstalls und die Einz\u00e4unung auf Tischatscha. Zu zweit f\u00e4llten wir auf der Seilbahnplattform Gruba vier B\u00e4ume, so dass allenfalls ein Heli landen k\u00f6nnte. (Bilder Taspin Walter, Gruba Husu)<\/p>\nngg_shortcode_5_placeholder\n\n\n<hr class=\"wp-block-separator has-alpha-channel-opacity\"\/>\n\n\n<p><strong><a href=\"https:\/\/bergbau-gr.ch\/wordpress\/wp-content\/uploads\/2025\/06\/Lavur.jpg\"><img loading=\"lazy\" decoding=\"async\" class=\"alignright size-thumbnail wp-image-11065\" src=\"https:\/\/bergbau-gr.ch\/wordpress\/wp-content\/uploads\/2025\/06\/Lavur-150x101.jpg\" alt=\"\" width=\"150\" height=\"101\" srcset=\"https:\/\/bergbau-gr.ch\/wordpress\/wp-content\/uploads\/2025\/06\/Lavur-150x101.jpg 150w, https:\/\/bergbau-gr.ch\/wordpress\/wp-content\/uploads\/2025\/06\/Lavur-300x203.jpg 300w, https:\/\/bergbau-gr.ch\/wordpress\/wp-content\/uploads\/2025\/06\/Lavur-768x519.jpg 768w, https:\/\/bergbau-gr.ch\/wordpress\/wp-content\/uploads\/2025\/06\/Lavur-444x300.jpg 444w, https:\/\/bergbau-gr.ch\/wordpress\/wp-content\/uploads\/2025\/06\/Lavur.jpg 1024w\" sizes=\"auto, (max-width: 150px) 100vw, 150px\" \/><\/a>Arbeitseinsatz Weg \u00fcber die Bienastollen und GV S-charl<br \/><\/strong>Vom 12.-14. Juni wurde mit grossem Einsatz wieder an der Begehbarkeit des sch\u00f6nen Wegs \u00fcber die Bienastollen mit 7% Steigung aus der \u00c4ra Hitz gearbeitet. Vielen Dank f\u00fcr die harte Arbeit. Der Weg ist nun durchgehend begehbar, auch wenn die&nbsp; letzten 300m noch nicht fertig ausgeholzt sind und die Trasse noch&nbsp; verbessert wird.<\/p>\n<p><a href=\"https:\/\/bergbau-gr.ch\/wordpress\/wp-content\/uploads\/2025\/06\/20250614_092548B.jpg\"><img loading=\"lazy\" decoding=\"async\" class=\"alignright size-thumbnail wp-image-11063\" src=\"https:\/\/bergbau-gr.ch\/wordpress\/wp-content\/uploads\/2025\/06\/20250614_092548B-150x113.jpg\" alt=\"\" width=\"150\" height=\"113\" srcset=\"https:\/\/bergbau-gr.ch\/wordpress\/wp-content\/uploads\/2025\/06\/20250614_092548B-150x113.jpg 150w, https:\/\/bergbau-gr.ch\/wordpress\/wp-content\/uploads\/2025\/06\/20250614_092548B-300x225.jpg 300w, https:\/\/bergbau-gr.ch\/wordpress\/wp-content\/uploads\/2025\/06\/20250614_092548B-768x576.jpg 768w, https:\/\/bergbau-gr.ch\/wordpress\/wp-content\/uploads\/2025\/06\/20250614_092548B-400x300.jpg 400w, https:\/\/bergbau-gr.ch\/wordpress\/wp-content\/uploads\/2025\/06\/20250614_092548B.jpg 1024w\" sizes=\"auto, (max-width: 150px) 100vw, 150px\" \/><\/a>Am Samstag 14. Juni fand die <strong>Generalversammlung<\/strong> des Vereins <a href=\"https:\/\/www.schmelzra.ch\" target=\"_blank\" rel=\"noopener\">Miniers da S-charl<\/a> in der Kirche S-charl statt. Nebst den \u00fcblichen Traktanden wies der Pr\u00e4sident auf verschiedene Veranstaltungen und Projekte, wie Bienaweg, neuer Brunnen Schmelzra, <a href=\"https:\/\/www.mittelalterland.ch\/\" target=\"_blank\" rel=\"noopener\">Mittelalterland<\/a> <a href=\"https:\/\/www.hohenraetien.ch\/im-mittelalterland.html#1\" target=\"_blank\" rel=\"noopener\">Hohenr\u00e4tien<\/a> usw. hin. Zum Abschluss zeigte er eindr\u00fcckliche Bilder aus der Vergangenheit von S-charl. Grazcha fich!<\/p>\nngg_shortcode_6_placeholder\n\n\n<hr class=\"wp-block-separator has-alpha-channel-opacity\"\/>\n\n\n<p><strong>Eisenabbauten oberhalb Bellaluna<\/strong><br \/>1. Juni. Relativ unbekannt sind die kleinen Eisenabbauten ca. 300 H\u00f6henmeter s\u00fcdwestlich \u00fcber der Bellaluna. Die nord\u00f6stliche Talseite ist mit den Fouras Nininas (Zwergl\u00f6cher) und Foppa Chanols etwas bekannter. In der 1. H\u00e4lfte des 19. Jahrhunderts wurde dort, in nun einst\u00fcrzenden bzw. bereits verst\u00fcrzten Stollen, H\u00e4matit abgebaut. Vor Jahrzehnten f\u00fchrte mal eine Waldstrasse in die N\u00e4he. Diese romantische Strasse ist aber wegen der vielen R\u00fcfenniederg\u00e4nge l\u00e4ngst nicht mehr fahrbar&#8230;<\/p>\nngg_shortcode_7_placeholder\n\n\n<hr class=\"wp-block-separator has-alpha-channel-opacity\"\/>\n\n\n<p><strong>Untergrund Schweiz, das Schweizerische&nbsp; Bergbaumuseum<\/strong> ist leider nicht mehr.<br \/>Mit grossem Einsatz entstand in Ried bei Blatten im L\u00f6tschental ein <a href=\"https:\/\/kulturexpo.ch\/untergrund\/\" target=\"_blank\" rel=\"noopener\">Schweizerisches Bergbaumuseum<\/a>. Der Bergsturz hat alles zunichte gemacht und die historischen kulturellen wertvollen Sch\u00e4tze aus und \u00fcber den Untergrund der Schweiz unter einer riesigen Ger\u00f6llmasse zugesch\u00fcttet. Auch die Schweizerische Gesellschaft f\u00fcr historische Bergbauforschung <a href=\"https:\/\/sghb.ch\" target=\"_blank\" rel=\"noopener\">SGHB<\/a> hat ihr Archiv dort verloren<\/p>\n\n\n<hr class=\"wp-block-separator has-alpha-channel-opacity\"\/>\n\n\n<p data-wp-editing=\"1\"><strong><a href=\"https:\/\/bergbau-gr.ch\/wordpress\/wp-content\/uploads\/2025\/05\/20250524_084303-scaled.jpg\"><img loading=\"lazy\" decoding=\"async\" class=\"alignright size-thumbnail wp-image-10974\" src=\"https:\/\/bergbau-gr.ch\/wordpress\/wp-content\/uploads\/2025\/05\/20250524_084303-113x150.jpg\" alt=\"\" width=\"113\" height=\"150\" srcset=\"https:\/\/bergbau-gr.ch\/wordpress\/wp-content\/uploads\/2025\/05\/20250524_084303-113x150.jpg 113w, https:\/\/bergbau-gr.ch\/wordpress\/wp-content\/uploads\/2025\/05\/20250524_084303-225x300.jpg 225w, https:\/\/bergbau-gr.ch\/wordpress\/wp-content\/uploads\/2025\/05\/20250524_084303-768x1024.jpg 768w, https:\/\/bergbau-gr.ch\/wordpress\/wp-content\/uploads\/2025\/05\/20250524_084303-1152x1536.jpg 1152w, https:\/\/bergbau-gr.ch\/wordpress\/wp-content\/uploads\/2025\/05\/20250524_084303-1536x2048.jpg 1536w, https:\/\/bergbau-gr.ch\/wordpress\/wp-content\/uploads\/2025\/05\/20250524_084303-scaled.jpg 1920w\" sizes=\"auto, (max-width: 113px) 100vw, 113px\" \/><\/a>Fronarbeit Gruba\/Ursera<\/strong><br \/>Auf Samstag 24. Mai hat der Verein Erzminen Hinterrhein zu Fronarbeit aufgerufen. 11 folgten dem Ruf und werkten in der traumhaften Landschaft. W\u00e4hrend der Arbeitwoche vom 12.-16. Mai wurde die St\u00fctzmauer des Rollbahntrasses im Bereich des Krans wundersch\u00f6n saniert. Nun soll der Kran versetzt werden, damit in der Arbeitwoche im August die sich immer mehr bauchende Fortsetzung saniert werden kann. Vielen Dank den Gastgebern f\u00fcr W\u00fcrste und Kaffee und nat\u00fcrlich den Arbeitern f\u00fcr die Schwerarbeit. (Bilder Andres und Husu)<\/p>\nngg_shortcode_8_placeholder\n\n\n<hr class=\"wp-block-separator has-alpha-channel-opacity\"\/>\n\n\n<p><strong>Sanierungsarbeiten am Ofen Flecs<br \/><\/strong>Am Samstag 3. und Mittwoch 13. Mai begannen wir mit den Sanierungs-\/Fronarbeiten an der Schmelze Flecs.<br \/>Das Bachufer wurde wieder gesichert, der Zugangsweg bachseitig um den Ofen geleitet und das Mauerwerk von Pflanzenwuchs gereinigt. Die dabei entstanden Ritzen sind nun am 2. Tag ausgefugt worden. (Bilder Andres und Husu)<\/p>\nngg_shortcode_9_placeholder\n\n\n<hr class=\"wp-block-separator has-alpha-channel-opacity\"\/>\n\n\n<p><strong>Stahlwerk Gerlafingen<\/strong><br \/>Am Freitag 9. Mai organisierte die <a href=\"https:\/\/www.sghb.ch\" target=\"_blank\" rel=\"noopener\">SGHB<\/a> eine Besichtigung des <a href=\"https:\/\/gruppobeltrame.com\/de\/stahl-gerlafingen-ag\/\" target=\"_blank\" rel=\"noopener\">Stahlwerkes Gerlafingen<\/a>. (Husu)<\/p>\nngg_shortcode_10_placeholder\n\n\n<hr class=\"wp-block-separator has-alpha-channel-opacity\" style=\"margin-top:0;margin-bottom:0\" id=\"GV25\"\/>\n\n\n<p><strong>Jahresversammlung in Arosa<br \/><\/strong><a href=\"https:\/\/bergbau-gr.ch\/wordpress\/wp-content\/uploads\/2025\/04\/Gion02.jpg\"><img loading=\"lazy\" decoding=\"async\" class=\"alignright size-thumbnail wp-image-10809\" src=\"https:\/\/bergbau-gr.ch\/wordpress\/wp-content\/uploads\/2025\/04\/Gion02-150x113.jpg\" alt=\"\" width=\"150\" height=\"113\" srcset=\"https:\/\/bergbau-gr.ch\/wordpress\/wp-content\/uploads\/2025\/04\/Gion02-150x113.jpg 150w, https:\/\/bergbau-gr.ch\/wordpress\/wp-content\/uploads\/2025\/04\/Gion02-300x225.jpg 300w, https:\/\/bergbau-gr.ch\/wordpress\/wp-content\/uploads\/2025\/04\/Gion02-768x576.jpg 768w, https:\/\/bergbau-gr.ch\/wordpress\/wp-content\/uploads\/2025\/04\/Gion02-400x300.jpg 400w, https:\/\/bergbau-gr.ch\/wordpress\/wp-content\/uploads\/2025\/04\/Gion02.jpg 800w\" sizes=\"auto, (max-width: 150px) 100vw, 150px\" \/><\/a>5. April 2025 im Hotel Hold<br \/>Mit Besuch des <a href=\"https:\/\/www.arosa-museum.ch\/\" target=\"_blank\" rel=\"noopener\">Heimatmuseums<\/a> Arosa, Eggahus<br \/>Vielen Dank f\u00fcr das gem\u00fctliche Zusammensein an der Versammlung, dem gemeinsamen Mittagessen, dem Museumsbesuch und dem strahlenden Wetter. Insbesondere danke dem Gastgeber Renzo vom <a href=\"https:\/\/www.arosa-museum.ch\/\" target=\"_blank\" rel=\"noopener\">Heimatmuseum<\/a> und seit jahrzehnten unserer Regionalgruppenleiter in Arosa! (Bilder Andres, Gion, Husu)<\/p>\nngg_shortcode_11_placeholder","protected":false},"excerpt":{"rendered":"<p>Erlebnisse 2025 Frohe FesttageDas Jahr neigt sich zu Ende und bald stellen wir uns den Herausforderungen 2026.Wir freuen uns das Jubil\u00e4um im Sommer zu feiern.Alles Gute und bleibt gesund! Mineralieb\u00f6rse Chur, Sa\/So 8.\/9. Nov. 2025 Generalsversammlung SGHB in Buchs ZH, &hellip; <a href=\"https:\/\/bergbau-gr.ch\/?page_id=10782\">Weiterlesen <span class=\"meta-nav\">&rarr;<\/span><\/a><\/p>\n","protected":false},"author":1,"featured_media":0,"parent":0,"menu_order":0,"comment_status":"closed","ping_status":"closed","template":"showcase.php","meta":{"ngg_post_thumbnail":0,"footnotes":""},"class_list":["post-10782","page","type-page","status-publish","hentry"],"_links":{"self":[{"href":"https:\/\/bergbau-gr.ch\/index.php?rest_route=\/wp\/v2\/pages\/10782","targetHints":{"allow":["GET"]}}],"collection":[{"href":"https:\/\/bergbau-gr.ch\/index.php?rest_route=\/wp\/v2\/pages"}],"about":[{"href":"https:\/\/bergbau-gr.ch\/index.php?rest_route=\/wp\/v2\/types\/page"}],"author":[{"embeddable":true,"href":"https:\/\/bergbau-gr.ch\/index.php?rest_route=\/wp\/v2\/users\/1"}],"replies":[{"embeddable":true,"href":"https:\/\/bergbau-gr.ch\/index.php?rest_route=%2Fwp%2Fv2%2Fcomments&post=10782"}],"version-history":[{"count":98,"href":"https:\/\/bergbau-gr.ch\/index.php?rest_route=\/wp\/v2\/pages\/10782\/revisions"}],"predecessor-version":[{"id":11395,"href":"https:\/\/bergbau-gr.ch\/index.php?rest_route=\/wp\/v2\/pages\/10782\/revisions\/11395"}],"wp:attachment":[{"href":"https:\/\/bergbau-gr.ch\/index.php?rest_route=%2Fwp%2Fv2%2Fmedia&parent=10782"}],"curies":[{"name":"wp","href":"https:\/\/api.w.org\/{rel}","templated":true}]}}