{"id":11574,"date":"2026-04-21T18:10:08","date_gmt":"2026-04-21T16:10:08","guid":{"rendered":"https:\/\/bergbau-gr.ch\/?page_id=11574"},"modified":"2026-04-21T18:10:08","modified_gmt":"2026-04-21T16:10:08","slug":"inserate-bergknappe","status":"publish","type":"page","link":"https:\/\/bergbau-gr.ch\/?page_id=11574","title":{"rendered":"Inserate BERGKNAPPE"},"content":{"rendered":"<p><strong>Ein Inserat im<\/strong> <strong>BERGKNAPPE<br><\/strong>w\u00e4re doch eine gute Idee!<\/p>\n<p>F\u00fcr weitere Ausk\u00fcnfte:<br>Freunde des Bergbaus in Graub\u00fcnden, FBG<br>Redaktion:<br>Via Prad\u00e8 24, 7505 Celerina, Telefon&nbsp; 079 203 77 84<br>E-Mail <a href=\"mailto:redaktion@bergbau-gr.ch\">redaktion@bergbau-gr.ch<\/a><\/p>\n\n<p>und f\u00fcr die Aufgabe eines Inserates: <a href=\"https:\/\/bergbau-gr.ch\/wordpress\/wp-content\/uploads\/2026\/04\/Inserate-FGB-25.pdf\" target=\"_blank\" rel=\"noopener\">Preise und Kontakt<\/a><br>und Beispiel zweier Halbseiteninserate:<\/p>\n<p><a href=\"https:\/\/bergbau-gr.ch\/wordpress\/wp-content\/uploads\/2026\/04\/Inserate-FGB-25.pdf\"><img loading=\"lazy\" decoding=\"async\" class=\"alignleft size-large wp-image-11576\" src=\"https:\/\/bergbau-gr.ch\/wordpress\/wp-content\/uploads\/2026\/04\/Bild2025-706x1024.jpg\" alt=\"\" width=\"584\" height=\"847\" srcset=\"https:\/\/bergbau-gr.ch\/wordpress\/wp-content\/uploads\/2026\/04\/Bild2025-706x1024.jpg 706w, https:\/\/bergbau-gr.ch\/wordpress\/wp-content\/uploads\/2026\/04\/Bild2025-207x300.jpg 207w, https:\/\/bergbau-gr.ch\/wordpress\/wp-content\/uploads\/2026\/04\/Bild2025-103x150.jpg 103w, https:\/\/bergbau-gr.ch\/wordpress\/wp-content\/uploads\/2026\/04\/Bild2025-768x1114.jpg 768w, https:\/\/bergbau-gr.ch\/wordpress\/wp-content\/uploads\/2026\/04\/Bild2025.jpg 846w\" sizes=\"auto, (max-width: 584px) 100vw, 584px\" \/><\/a><\/p>\n\n\n\n\n<p><\/p>\n\n\n<p><br><img loading=\"lazy\" decoding=\"async\" class=\"alignleft size-large wp-image-11580\" src=\"https:\/\/bergbau-gr.ch\/wordpress\/wp-content\/uploads\/2026\/04\/2Halb-790x1024.jpg\" alt=\"\" width=\"584\" height=\"757\" srcset=\"https:\/\/bergbau-gr.ch\/wordpress\/wp-content\/uploads\/2026\/04\/2Halb-790x1024.jpg 790w, https:\/\/bergbau-gr.ch\/wordpress\/wp-content\/uploads\/2026\/04\/2Halb-232x300.jpg 232w, https:\/\/bergbau-gr.ch\/wordpress\/wp-content\/uploads\/2026\/04\/2Halb-116x150.jpg 116w, https:\/\/bergbau-gr.ch\/wordpress\/wp-content\/uploads\/2026\/04\/2Halb-768x995.jpg 768w, https:\/\/bergbau-gr.ch\/wordpress\/wp-content\/uploads\/2026\/04\/2Halb.jpg 798w\" sizes=\"auto, (max-width: 584px) 100vw, 584px\" \/><\/p>\n\n\n<p><\/p>\n","protected":false},"excerpt":{"rendered":"<p>Ein Inserat im BERGKNAPPEw\u00e4re doch eine gute Idee! F\u00fcr weitere Ausk\u00fcnfte:Freunde des Bergbaus in Graub\u00fcnden, FBGRedaktion:Via Prad\u00e8 24, 7505 Celerina, Telefon&nbsp; 079 203 77 84E-Mail redaktion@bergbau-gr.ch und f\u00fcr die Aufgabe eines Inserates: Preise und Kontaktund Beispiel zweier Halbseiteninserate:<\/p>\n","protected":false},"author":1,"featured_media":0,"parent":0,"menu_order":0,"comment_status":"closed","ping_status":"closed","template":"showcase.php","meta":{"ngg_post_thumbnail":0,"footnotes":""},"class_list":["post-11574","page","type-page","status-publish","hentry"],"_links":{"self":[{"href":"https:\/\/bergbau-gr.ch\/index.php?rest_route=\/wp\/v2\/pages\/11574","targetHints":{"allow":["GET"]}}],"collection":[{"href":"https:\/\/bergbau-gr.ch\/index.php?rest_route=\/wp\/v2\/pages"}],"about":[{"href":"https:\/\/bergbau-gr.ch\/index.php?rest_route=\/wp\/v2\/types\/page"}],"author":[{"embeddable":true,"href":"https:\/\/bergbau-gr.ch\/index.php?rest_route=\/wp\/v2\/users\/1"}],"replies":[{"embeddable":true,"href":"https:\/\/bergbau-gr.ch\/index.php?rest_route=%2Fwp%2Fv2%2Fcomments&post=11574"}],"version-history":[{"count":7,"href":"https:\/\/bergbau-gr.ch\/index.php?rest_route=\/wp\/v2\/pages\/11574\/revisions"}],"predecessor-version":[{"id":11584,"href":"https:\/\/bergbau-gr.ch\/index.php?rest_route=\/wp\/v2\/pages\/11574\/revisions\/11584"}],"wp:attachment":[{"href":"https:\/\/bergbau-gr.ch\/index.php?rest_route=%2Fwp%2Fv2%2Fmedia&parent=11574"}],"curies":[{"name":"wp","href":"https:\/\/api.w.org\/{rel}","templated":true}]}}