{"id":1160,"date":"2012-09-29T20:17:30","date_gmt":"2012-09-29T18:17:30","guid":{"rendered":"http:\/\/www.bergbau-gr.ch\/wordpress\/?page_id=1160"},"modified":"2014-11-11T19:16:33","modified_gmt":"2014-11-11T17:16:33","slug":"seglsils-baselgia","status":"publish","type":"page","link":"https:\/\/bergbau-gr.ch\/?page_id=1160","title":{"rendered":"Segl\/Sils, Baselgia"},"content":{"rendered":"<p><strong>Segl\/Sils, Baselgia<\/strong><a href=\"https:\/\/www.bergbau-gr.ch\/wordpress\/wp-content\/uploads\/2012\/09\/Sils.jpg\"><img loading=\"lazy\" decoding=\"async\" class=\"alignright  wp-image-1176\" title=\"Sils\" src=\"https:\/\/www.bergbau-gr.ch\/wordpress\/wp-content\/uploads\/2012\/09\/Sils-300x225.jpg\" alt=\"\" width=\"168\" height=\"126\" srcset=\"https:\/\/bergbau-gr.ch\/wordpress\/wp-content\/uploads\/2012\/09\/Sils-300x225.jpg 300w, https:\/\/bergbau-gr.ch\/wordpress\/wp-content\/uploads\/2012\/09\/Sils-400x300.jpg 400w, https:\/\/bergbau-gr.ch\/wordpress\/wp-content\/uploads\/2012\/09\/Sils.jpg 1024w\" sizes=\"auto, (max-width: 168px) 100vw, 168px\" \/><\/a><br \/>\nVerschiedene geschr\u00e4mmte Stollen im Felsband \u00fcber der Engadinerstrasse bei Sils-Baselgia, teilweise schwer zug\u00e4nglich.\u00a0 Spuren auch im Gel\u00e4nde.<br \/>\nBergbauperiode 16. \/ 17. Jahrhundert. Bergwerk im Besitz der Familie von Planta, Zuoz.<br \/>\nVorkommen: silberhaltiger Bleiglanz\u00a0 und Zinkblende.<br \/>\n&#8211; <a title=\"BK8\" href=\"https:\/\/www.bergbau-gr.ch\/wordpress\/wp-content\/uploads\/bk\/bk_8.pdf\">BK 8<\/a>, 1979<\/p>\n<p><strong>Blaunca<a href=\"https:\/\/www.bergbau-gr.ch\/wordpress\/wp-content\/uploads\/2012\/09\/Blaunca3.jpg\"><img loading=\"lazy\" decoding=\"async\" class=\"alignright  wp-image-1152\" title=\"Blaunca\" src=\"https:\/\/www.bergbau-gr.ch\/wordpress\/wp-content\/uploads\/2012\/09\/Blaunca3-300x225.jpg\" alt=\"\" width=\"168\" height=\"126\" srcset=\"https:\/\/bergbau-gr.ch\/wordpress\/wp-content\/uploads\/2012\/09\/Blaunca3-300x225.jpg 300w, https:\/\/bergbau-gr.ch\/wordpress\/wp-content\/uploads\/2012\/09\/Blaunca3-400x300.jpg 400w, https:\/\/bergbau-gr.ch\/wordpress\/wp-content\/uploads\/2012\/09\/Blaunca3.jpg 1024w\" sizes=\"auto, (max-width: 168px) 100vw, 168px\" \/><\/a><br \/>\n<\/strong>Oberhalb des Str\u00e4sschens, welches vom \u201eHeidid\u00f6rfli\u201c Grevas Alvas nach Blaunca f\u00fchrt.\u00a0 Ein Stollen, von den Bauern lange Zeit als Abfallgrube benutzt.\u00a0 Etwas oberhalb davon ein markanter \u201eEiserner Hut\u201c.<br \/>\nDie Abbauperiode ist nicht bekannt, doch d\u00fcrfte es sich um ein altes Bergwerk handeln.<br \/>\n&#8211; <a title=\"BK26\" href=\"https:\/\/www.bergbau-gr.ch\/wordpress\/wp-content\/uploads\/bk\/bk_26.pdf\">BK 26<\/a>, 1983<\/p>\n<p>Bilder: Rehm<\/p>\n","protected":false},"excerpt":{"rendered":"<p>Segl\/Sils, Baselgia Verschiedene geschr\u00e4mmte Stollen im Felsband \u00fcber der Engadinerstrasse bei Sils-Baselgia, teilweise schwer zug\u00e4nglich.\u00a0 Spuren auch im Gel\u00e4nde. Bergbauperiode 16. \/ 17. Jahrhundert. Bergwerk im Besitz der Familie von Planta, Zuoz. Vorkommen: silberhaltiger Bleiglanz\u00a0 und Zinkblende. &#8211; BK 8, &hellip; <a href=\"https:\/\/bergbau-gr.ch\/?page_id=1160\">Weiterlesen <span class=\"meta-nav\">&rarr;<\/span><\/a><\/p>\n","protected":false},"author":1,"featured_media":0,"parent":889,"menu_order":0,"comment_status":"open","ping_status":"closed","template":"showcase.php","meta":{"ngg_post_thumbnail":0,"footnotes":""},"class_list":["post-1160","page","type-page","status-publish","hentry"],"_links":{"self":[{"href":"https:\/\/bergbau-gr.ch\/index.php?rest_route=\/wp\/v2\/pages\/1160","targetHints":{"allow":["GET"]}}],"collection":[{"href":"https:\/\/bergbau-gr.ch\/index.php?rest_route=\/wp\/v2\/pages"}],"about":[{"href":"https:\/\/bergbau-gr.ch\/index.php?rest_route=\/wp\/v2\/types\/page"}],"author":[{"embeddable":true,"href":"https:\/\/bergbau-gr.ch\/index.php?rest_route=\/wp\/v2\/users\/1"}],"replies":[{"embeddable":true,"href":"https:\/\/bergbau-gr.ch\/index.php?rest_route=%2Fwp%2Fv2%2Fcomments&post=1160"}],"version-history":[{"count":20,"href":"https:\/\/bergbau-gr.ch\/index.php?rest_route=\/wp\/v2\/pages\/1160\/revisions"}],"predecessor-version":[{"id":3714,"href":"https:\/\/bergbau-gr.ch\/index.php?rest_route=\/wp\/v2\/pages\/1160\/revisions\/3714"}],"up":[{"embeddable":true,"href":"https:\/\/bergbau-gr.ch\/index.php?rest_route=\/wp\/v2\/pages\/889"}],"wp:attachment":[{"href":"https:\/\/bergbau-gr.ch\/index.php?rest_route=%2Fwp%2Fv2%2Fmedia&parent=1160"}],"curies":[{"name":"wp","href":"https:\/\/api.w.org\/{rel}","templated":true}]}}