{"id":1401,"date":"2012-10-10T15:56:45","date_gmt":"2012-10-10T13:56:45","guid":{"rendered":"http:\/\/www.bergbau-gr.ch\/wordpress\/?page_id=1401"},"modified":"2014-11-11T19:22:28","modified_gmt":"2014-11-11T17:22:28","slug":"workshop-in-bad-bleiberg","status":"publish","type":"page","link":"https:\/\/bergbau-gr.ch\/?page_id=1401","title":{"rendered":"Workshop in Bad Bleiberg"},"content":{"rendered":"<p>Besuch der B\u00fcndnerdelegation der Freunde des Bergbaues in Graub\u00fcnden am<a href=\"https:\/\/www.bergbau-gr.ch\/wordpress\/wp-content\/uploads\/2012\/10\/11-Perschazeche-Festabend-06.10.12.jpg\"><img loading=\"lazy\" decoding=\"async\" class=\"alignright size-medium wp-image-1419\" title=\"11- Perschazeche Festabend 06.10.12\" src=\"https:\/\/www.bergbau-gr.ch\/wordpress\/wp-content\/uploads\/2012\/10\/11-Perschazeche-Festabend-06.10.12-200x300.jpg\" alt=\"\" width=\"200\" height=\"300\" srcset=\"https:\/\/bergbau-gr.ch\/wordpress\/wp-content\/uploads\/2012\/10\/11-Perschazeche-Festabend-06.10.12-200x300.jpg 200w, https:\/\/bergbau-gr.ch\/wordpress\/wp-content\/uploads\/2012\/10\/11-Perschazeche-Festabend-06.10.12.jpg 667w\" sizes=\"auto, (max-width: 200px) 100vw, 200px\" \/><\/a><br \/>\n<a title=\"Montanhistorik\" href=\"http:\/\/www.montanhistorik.de\/\" target=\"_blank\"><strong>15. internationalen Montanhistorik- und Bergbau-Workshop<\/strong><\/a><br \/>\nin Bad Bleiberg, K\u00e4rnten (A). 2.-7.Oktober 2012.<\/p>\n<p>&nbsp;<\/p>\n<p>Hervorragende Gastgeber: <a title=\"Bleiberg\" href=\"http:\/\/www.bergbauverein-bad-bleiberg.at\/\" target=\"_blank\">Bergm\u00e4nnischer Kulturverein Bad Bleiberg<\/a><\/p>\n<p>Hochinteressante Vortr\u00e4ge.<br \/>\nViele herzliche Bekanntschaften.<\/p>\nngg_shortcode_0_placeholder\n<p>&nbsp;<\/p>\n<p>Mittwoch 03. Okrober 2012; Exkursion <a title=\"Markusstollen\" href=\"http:\/\/www.bergbauverein-bad-bleiberg.at\/linpha\/viewer.php?albid=255&amp;stage=3\" target=\"_blank\"><strong>Markusstollen<\/strong><\/a> ngg_shortcode_1_placeholder<\/p>\n<p>Donnerstag 04. Okrober 2012; Befahrung eines\u00a0 Stollens in der Halde ngg_shortcode_2_placeholder<\/p>\n<p>Freitag 05. Okrober 2012; Tagesexursion <strong><a title=\"Grosskirchheim\" href=\"http:\/\/www.grosskirchheim.gv.at\/gemeinde\/chronik\/der-goldbergbau\/index.html\" target=\"_blank\">Gold im M\u00f6lltal<\/a>,<br \/>\n<\/strong><a title=\"Goldmuseum\" href=\"http:\/\/www.putzenhof.at\/home.html\" target=\"_blank\">Goldmuseum\u00a0 Grosskirchheim<br \/>\n<\/a><a title=\"Mautturm\" href=\"http:\/\/www.nationalpark-hohetauern.at\/de.aspx\/Sehenswertes\/View\/334\" target=\"_blank\">Mautturm<\/a>, <a title=\"Winklern\" href=\"http:\/\/www.winklern.gv.at\/der_mautturm-660.php\" target=\"_blank\">Winklern<\/a> ngg_shortcode_3_placeholder<\/p>\n<p>Samstag 06. Okrober 2012; Schaubergwerk:<strong> <a title=\"Rerra Mystica\" href=\"http:\/\/www.terra-mystica.at\/\" target=\"_blank\">Terra Mystica<\/a>, <a title=\"Terra Montana\" href=\"http:\/\/www.terra-mystica.at\/montana\/einleitung.html\" target=\"_blank\">Terra Montana<\/a><\/strong> ngg_shortcode_4_placeholder<\/p>\n<div><strong>[google-map-v3 width=&#8220;800&#8243; height=&#8220;350&#8243; zoom=&#8220;12&#8243; maptype=&#8220;<strong><strong>terrain<\/strong><\/strong>&#8220; mapalign=&#8220;center&#8220; directionhint=&#8220;false&#8220; language=&#8220;de&#8220; poweredby=&#8220;false&#8220; maptypecontrol=&#8220;true&#8220; pancontrol=&#8220;true&#8220; zoomcontrol=&#8220;true&#8220; scalecontrol=&#8220;true&#8220; streetviewcontrol=&#8220;true&#8220; scrollwheelcontrol=&#8220;false&#8220; draggable=&#8220;true&#8220; tiltfourtyfive=&#8220;false&#8220; addmarkermashupbubble=&#8220;false&#8220; addmarkermashupbubble=&#8220;false&#8220; addmarkerlist=&#8220;Bad Bleiberg, K\u00e4rnten{}mine-2.png{}Tagungsort, #http:\/\/www.bergbauverein-bad-bleiberg.at\/#|Putzenhof, Grosskirchheim{}museum-historical.png{}Goldmuseum, #http:\/\/www.putzenhof.at\/home.html#|Mautturm, Winklern{}museum-historical.png{}Kristallausstellung, #http:\/\/www.winklern.gv.at\/der_mautturm-660.php#|Schrallkaser{}mine.png{}Goldbergwerk, Parkplatz im grossen Zirknitztal|Treffner Stra\u00dfe 94, Villach{}home.png{}<strong>Hotel Seestuben<\/strong>, #http:\/\/www.seestuben.at\/#&#8220; bubbleautopan=&#8220;true&#8220; showbike=&#8220;false&#8220; showtraffic=&#8220;false&#8220; showpanoramio=&#8220;false&#8220;]<\/strong><\/div>\n<div>Bilder: Peter Kuhn<\/div>\n<p>&nbsp;<\/p>\n","protected":false},"excerpt":{"rendered":"<p>Besuch der B\u00fcndnerdelegation der Freunde des Bergbaues in Graub\u00fcnden am 15. internationalen Montanhistorik- und Bergbau-Workshop in Bad Bleiberg, K\u00e4rnten (A). 2.-7.Oktober 2012. &nbsp; Hervorragende Gastgeber: Bergm\u00e4nnischer Kulturverein Bad Bleiberg Hochinteressante Vortr\u00e4ge. Viele herzliche Bekanntschaften. &nbsp; Mittwoch 03. Okrober 2012; Exkursion &hellip; <a href=\"https:\/\/bergbau-gr.ch\/?page_id=1401\">Weiterlesen <span class=\"meta-nav\">&rarr;<\/span><\/a><\/p>\n","protected":false},"author":1,"featured_media":0,"parent":2139,"menu_order":0,"comment_status":"open","ping_status":"closed","template":"showcase.php","meta":{"ngg_post_thumbnail":0,"footnotes":""},"class_list":["post-1401","page","type-page","status-publish","hentry"],"_links":{"self":[{"href":"https:\/\/bergbau-gr.ch\/index.php?rest_route=\/wp\/v2\/pages\/1401","targetHints":{"allow":["GET"]}}],"collection":[{"href":"https:\/\/bergbau-gr.ch\/index.php?rest_route=\/wp\/v2\/pages"}],"about":[{"href":"https:\/\/bergbau-gr.ch\/index.php?rest_route=\/wp\/v2\/types\/page"}],"author":[{"embeddable":true,"href":"https:\/\/bergbau-gr.ch\/index.php?rest_route=\/wp\/v2\/users\/1"}],"replies":[{"embeddable":true,"href":"https:\/\/bergbau-gr.ch\/index.php?rest_route=%2Fwp%2Fv2%2Fcomments&post=1401"}],"version-history":[{"count":41,"href":"https:\/\/bergbau-gr.ch\/index.php?rest_route=\/wp\/v2\/pages\/1401\/revisions"}],"predecessor-version":[{"id":3717,"href":"https:\/\/bergbau-gr.ch\/index.php?rest_route=\/wp\/v2\/pages\/1401\/revisions\/3717"}],"up":[{"embeddable":true,"href":"https:\/\/bergbau-gr.ch\/index.php?rest_route=\/wp\/v2\/pages\/2139"}],"wp:attachment":[{"href":"https:\/\/bergbau-gr.ch\/index.php?rest_route=%2Fwp%2Fv2%2Fmedia&parent=1401"}],"curies":[{"name":"wp","href":"https:\/\/api.w.org\/{rel}","templated":true}]}}