{"id":1459,"date":"2012-10-12T11:44:02","date_gmt":"2012-10-12T09:44:02","guid":{"rendered":"http:\/\/www.bergbau-gr.ch\/wordpress\/?page_id=1459"},"modified":"2021-03-04T16:31:09","modified_gmt":"2021-03-04T15:31:09","slug":"login","status":"publish","type":"page","link":"https:\/\/bergbau-gr.ch\/?page_id=1459","title":{"rendered":"Login"},"content":{"rendered":"<p>Nur f\u00fcr den internen Gebrauch:<\/p>\n<p>Hier geht es in die geheime Unterwelt des Web: <strong><a title=\"Login\" href=\"\/wp-login.php\">Login<\/a><\/strong><\/p>\n<p><a href=\"https:\/\/www.bergbau-gr.ch\/wordpress\/wp-content\/uploads\/2012\/08\/12-TERRA-MYSTICA-06.10.2012.jpg\"><img loading=\"lazy\" decoding=\"async\" class=\"aligncenter size-large wp-image-1454\" title=\"12- TERRA MYSTICA 06.10.2012\" src=\"https:\/\/www.bergbau-gr.ch\/wordpress\/wp-content\/uploads\/2012\/08\/12-TERRA-MYSTICA-06.10.2012-689x1024.jpg\" alt=\"\" width=\"584\" height=\"867\" srcset=\"https:\/\/bergbau-gr.ch\/wordpress\/wp-content\/uploads\/2012\/08\/12-TERRA-MYSTICA-06.10.2012-689x1024.jpg 689w, https:\/\/bergbau-gr.ch\/wordpress\/wp-content\/uploads\/2012\/08\/12-TERRA-MYSTICA-06.10.2012-202x300.jpg 202w, https:\/\/bergbau-gr.ch\/wordpress\/wp-content\/uploads\/2012\/08\/12-TERRA-MYSTICA-06.10.2012.jpg 1600w\" sizes=\"auto, (max-width: 584px) 100vw, 584px\" \/><\/a><\/p>\n<p title=\"Mittelb\u00fcnden\">Folgende Seiten in Bearbeitung, Rohform, aber noch nicht freigegeben: <a title=\"Mittelb\u00fcnden\" href=\"https:\/\/www.bergbau-gr.ch\/wordpress\/?page_id=1284\"><br \/>\n<\/a><a title=\"Oberland\/Surselva\" href=\"https:\/\/www.bergbau-gr.ch\/wordpress\/?page_id=2241\"><strong> Oberland\/Surselva<\/strong><\/a> <a title=\"Seitenanfang\" href=\"#top\"><strong>\u0394<\/strong><\/a><\/p>\n<p>&nbsp;<\/p>\n<p style=\"text-align: center;\">F\u00fcr Fragen, Anregungen stehe ich gerne zur <a title=\"Mail\" href=\"mailto:admin@bergbau-gr.ch\">Verf\u00fcgung<\/a>:<a href=\"https:\/\/www.bergbau-gr.ch\/wordpress\/?attachment_id=2417\" rel=\"attachment wp-att-2417\"><img loading=\"lazy\" decoding=\"async\" class=\" wp-image-2417 aligncenter\" src=\"https:\/\/www.bergbau-gr.ch\/wordpress\/wp-content\/uploads\/2013\/01\/Adminsteiger.jpg\" alt=\"Adminsteiger\" width=\"374\" height=\"468\" srcset=\"https:\/\/bergbau-gr.ch\/wordpress\/wp-content\/uploads\/2013\/01\/Adminsteiger.jpg 623w, https:\/\/bergbau-gr.ch\/wordpress\/wp-content\/uploads\/2013\/01\/Adminsteiger-239x300.jpg 239w\" sizes=\"auto, (max-width: 374px) 100vw, 374px\" \/><\/a>Danke meinen Bergbaufreunden f\u00fcr die sch\u00f6ne Jacke<a title=\"Seitenanfang\" href=\"#top\"><strong>\u0394<\/strong><\/a><\/p>\n<p>&nbsp;<\/p>\n","protected":false},"excerpt":{"rendered":"<p>Nur f\u00fcr den internen Gebrauch: Hier geht es in die geheime Unterwelt des Web: Login Folgende Seiten in Bearbeitung, Rohform, aber noch nicht freigegeben: Oberland\/Surselva \u0394 &nbsp; F\u00fcr Fragen, Anregungen stehe ich gerne zur Verf\u00fcgung:Danke meinen Bergbaufreunden f\u00fcr die sch\u00f6ne &hellip; <a href=\"https:\/\/bergbau-gr.ch\/?page_id=1459\">Weiterlesen <span class=\"meta-nav\">&rarr;<\/span><\/a><\/p>\n","protected":false},"author":1,"featured_media":0,"parent":108,"menu_order":0,"comment_status":"open","ping_status":"closed","template":"sidebar-page.php","meta":{"ngg_post_thumbnail":0,"footnotes":""},"class_list":["post-1459","page","type-page","status-publish","hentry"],"_links":{"self":[{"href":"https:\/\/bergbau-gr.ch\/index.php?rest_route=\/wp\/v2\/pages\/1459","targetHints":{"allow":["GET"]}}],"collection":[{"href":"https:\/\/bergbau-gr.ch\/index.php?rest_route=\/wp\/v2\/pages"}],"about":[{"href":"https:\/\/bergbau-gr.ch\/index.php?rest_route=\/wp\/v2\/types\/page"}],"author":[{"embeddable":true,"href":"https:\/\/bergbau-gr.ch\/index.php?rest_route=\/wp\/v2\/users\/1"}],"replies":[{"embeddable":true,"href":"https:\/\/bergbau-gr.ch\/index.php?rest_route=%2Fwp%2Fv2%2Fcomments&post=1459"}],"version-history":[{"count":35,"href":"https:\/\/bergbau-gr.ch\/index.php?rest_route=\/wp\/v2\/pages\/1459\/revisions"}],"predecessor-version":[{"id":8467,"href":"https:\/\/bergbau-gr.ch\/index.php?rest_route=\/wp\/v2\/pages\/1459\/revisions\/8467"}],"up":[{"embeddable":true,"href":"https:\/\/bergbau-gr.ch\/index.php?rest_route=\/wp\/v2\/pages\/108"}],"wp:attachment":[{"href":"https:\/\/bergbau-gr.ch\/index.php?rest_route=%2Fwp%2Fv2%2Fmedia&parent=1459"}],"curies":[{"name":"wp","href":"https:\/\/api.w.org\/{rel}","templated":true}]}}