{"id":1609,"date":"2012-10-17T23:51:04","date_gmt":"2012-10-17T21:51:04","guid":{"rendered":"http:\/\/www.bergbau-gr.ch\/wordpress\/?page_id=1609"},"modified":"2013-01-06T13:20:02","modified_gmt":"2013-01-06T11:20:02","slug":"burgberg-allgau","status":"publish","type":"page","link":"https:\/\/bergbau-gr.ch\/?page_id=1609","title":{"rendered":"Burgberg (Allg\u00e4u)"},"content":{"rendered":"<p><strong>Aufffahrtsexkursion ins Allga\u00fc 17.-20.5.2012<a href=\"https:\/\/www.bergbau-gr.ch\/wordpress\/wp-content\/uploads\/2012\/08\/Barbara.jpg\"><img loading=\"lazy\" decoding=\"async\" class=\"alignright  wp-image-306\" title=\"Barbara\" src=\"https:\/\/www.bergbau-gr.ch\/wordpress\/wp-content\/uploads\/2012\/08\/Barbara.jpg\" alt=\"\" width=\"80\" height=\"151\" \/><\/a><\/strong><\/p>\n<p>Besuch bei Siggi M\u00fcller<\/p>\n<p><a title=\"Erzgruben\" href=\"http:\/\/www.erzgruben.de\/index.shtml?homepage\" target=\"_blank\">Erlebniswelt am Gr\u00fcnten<\/a>: ngg_shortcode_0_placeholder<\/p>\n<p>Befahrung von Gr\u00fcntenstollen: Alte Anna Grube, Theresien Grube und Wasserstollen: ngg_shortcode_1_placeholder<\/p>\n<p>&nbsp;<\/p>\n<p>&nbsp;<\/p>\n","protected":false},"excerpt":{"rendered":"<p>Aufffahrtsexkursion ins Allga\u00fc 17.-20.5.2012 Besuch bei Siggi M\u00fcller Erlebniswelt am Gr\u00fcnten: Befahrung von Gr\u00fcntenstollen: Alte Anna Grube, Theresien Grube und Wasserstollen: &nbsp; &nbsp;<\/p>\n","protected":false},"author":1,"featured_media":0,"parent":2139,"menu_order":0,"comment_status":"open","ping_status":"closed","template":"showcase.php","meta":{"ngg_post_thumbnail":0,"footnotes":""},"class_list":["post-1609","page","type-page","status-publish","hentry"],"_links":{"self":[{"href":"https:\/\/bergbau-gr.ch\/index.php?rest_route=\/wp\/v2\/pages\/1609","targetHints":{"allow":["GET"]}}],"collection":[{"href":"https:\/\/bergbau-gr.ch\/index.php?rest_route=\/wp\/v2\/pages"}],"about":[{"href":"https:\/\/bergbau-gr.ch\/index.php?rest_route=\/wp\/v2\/types\/page"}],"author":[{"embeddable":true,"href":"https:\/\/bergbau-gr.ch\/index.php?rest_route=\/wp\/v2\/users\/1"}],"replies":[{"embeddable":true,"href":"https:\/\/bergbau-gr.ch\/index.php?rest_route=%2Fwp%2Fv2%2Fcomments&post=1609"}],"version-history":[{"count":23,"href":"https:\/\/bergbau-gr.ch\/index.php?rest_route=\/wp\/v2\/pages\/1609\/revisions"}],"predecessor-version":[{"id":2296,"href":"https:\/\/bergbau-gr.ch\/index.php?rest_route=\/wp\/v2\/pages\/1609\/revisions\/2296"}],"up":[{"embeddable":true,"href":"https:\/\/bergbau-gr.ch\/index.php?rest_route=\/wp\/v2\/pages\/2139"}],"wp:attachment":[{"href":"https:\/\/bergbau-gr.ch\/index.php?rest_route=%2Fwp%2Fv2%2Fmedia&parent=1609"}],"curies":[{"name":"wp","href":"https:\/\/api.w.org\/{rel}","templated":true}]}}