{"id":1658,"date":"2012-11-10T20:05:38","date_gmt":"2012-11-10T18:05:38","guid":{"rendered":"http:\/\/www.bergbau-gr.ch\/wordpress\/?page_id=1658"},"modified":"2026-04-05T20:59:45","modified_gmt":"2026-04-05T18:59:45","slug":"veranstaltungen","status":"publish","type":"page","link":"https:\/\/bergbau-gr.ch\/?page_id=1658","title":{"rendered":"Veranstaltungen"},"content":{"rendered":"\n<div class=\"wp-block-group\"><div class=\"wp-block-group__inner-container is-layout-constrained wp-block-group-is-layout-constrained\">\n<hr class=\"wp-block-separator has-alpha-channel-opacity\"\/>\n<\/div><\/div>\n\n\n\n<p><strong>Bergbau FBG Veranstaltungen 2026:<\/strong><\/p>\n\n\n<p><a href=\"https:\/\/bergbau-gr.ch\/wordpress\/wp-content\/uploads\/2025\/09\/LOGO.png\"><img loading=\"lazy\" decoding=\"async\" class=\"alignleft size-thumbnail wp-image-11236\" src=\"https:\/\/bergbau-gr.ch\/wordpress\/wp-content\/uploads\/2025\/09\/LOGO-150x73.png\" alt=\"\" width=\"150\" height=\"73\" srcset=\"https:\/\/bergbau-gr.ch\/wordpress\/wp-content\/uploads\/2025\/09\/LOGO-150x73.png 150w, https:\/\/bergbau-gr.ch\/wordpress\/wp-content\/uploads\/2025\/09\/LOGO-300x146.png 300w, https:\/\/bergbau-gr.ch\/wordpress\/wp-content\/uploads\/2025\/09\/LOGO-500x244.png 500w, https:\/\/bergbau-gr.ch\/wordpress\/wp-content\/uploads\/2025\/09\/LOGO.png 709w\" sizes=\"auto, (max-width: 150px) 100vw, 150px\" \/><\/a>6.6.26 <br \/><strong>50. Jahresversammlung<\/strong> der <strong>Freunde des Bergbaus in Graub\u00fcnden <\/strong>im Rathaus Davos<br \/>Am Nachmittag \u00f6ffentliche Feier im Bergbaumuseum Graub\u00fcnden, Davos Monstein, Schmelzboden<\/p>\n\n\n<hr class=\"wp-block-separator has-alpha-channel-opacity\"\/>\n\n\n\n<p><\/p>\n\n\n\n<p><strong>weitere Veranstaltungen:<\/strong><\/p>\n\n\n<div class=\"wp-block-image\">\n<figure class=\"alignright is-resized\"><a href=\"https:\/\/www.bergbau-gr.ch\/wordpress\/?page_id=6690\" target=\"_blank\" rel=\"noopener noreferrer\"><img decoding=\"async\" src=\"https:\/\/www.bergbau-gr.ch\/wordpress\/wp-content\/uploads\/2017\/06\/Seite01.jpg\" alt=\"\" class=\"wp-image-6697\" style=\"width:219px;height:auto\"\/><\/a><\/figure>\n<\/div>\n\n\n<ul class=\"wp-block-list\">\n<li>2026: <br>&#8211; FBG <strong>Frontage <\/strong>werden kurzfristig hier bekann gegeben!<br>&#8211; 24.-26. April 2026, GV SGHB Kanton Z\u00fcrich, <br>&#8211; 18.-23.5.2026, Arbeitswoche Gruoba, Ursera <br>&#8211; 30.5. und 20.6.26, Frontage Taspin \/ Gruoba <br>&#8211; 06.06.2026 <strong>50. Jahresversammlung FBG im <\/strong> <strong>Rathaus Davos<\/strong>, <br> sowie <strong><a href=\"https:\/\/bergbau-gr.ch\/wordpress\/wp-content\/uploads\/2026\/01\/Plakat8_neu.pdf\" target=\"_blank\" rel=\"noreferrer noopener\">Jubil\u00e4umsfest im Bergbaumuseum Graub\u00fcnden<\/a><\/strong> und<br>&#8211; 07.06.25 <strong>Besuch Silberberg<\/strong><br><br><\/li>\n<\/ul>\n\n\n\n<hr class=\"wp-block-separator has-alpha-channel-opacity\"\/>\n\n\n<p><strong><a href=\"https:\/\/www.bergbau-museum.ch\/\" target=\"_blank\" rel=\"noopener\">Bergbaumuseum Graub\u00fcnden<\/a><br \/><\/strong>Saison 2026, offen 16. Juni bis 16. Oktober 2026<\/p>\n\n\n<p><strong><a href=\"https:\/\/www.erzminen-hinterrhein.ch\/f%C3%BChrungen\/bergbau-museum-innerferrera\/\" target=\"_blank\" rel=\"noreferrer noopener\">Bergbaumuseum Innerferrera<\/a><\/strong><br>Sommersaison, offen 1. April bis 31. Oktober<br><\/p>\n\n\n\n<hr class=\"wp-block-separator has-alpha-channel-opacity\"\/>\n\n\n\n<p><strong><span style=\"text-decoration: underline;\">Vergangene FBG Veranstaltungen:<\/span>\u00a0<\/strong> \u00a0\u00a0\u00a0<\/p>\n\n\n\n<p><a href=\"https:\/\/bergbau-gr.ch\/?page_id=11450\" data-type=\"page\" data-id=\"11450\">Erlebnisse 2026<\/a>, <span style=\"text-decoration: underline;\"><\/span><a href=\"https:\/\/bergbau-gr.ch\/?page_id=10782\" data-type=\"page\" data-id=\"10782\">Erlebnisse 2025<\/a><br><\/p>\n\n\n\n<hr class=\"wp-block-separator has-alpha-channel-opacity\"\/>\n\n\n\n<p>Der<a rel=\"noopener noreferrer\" href=\"https:\/\/www.bergbau-gr.ch\/wordpress\/?page_id=6690\" target=\"_blank\"><strong> FBG Flyer<\/strong><\/a>&nbsp; und der <a rel=\"noreferrer noopener\" href=\"https:\/\/www.bergbau-gr.ch\/wordpress\/wp-content\/uploads\/bk\/bk_135.pdf\" data-type=\"URL\" data-id=\"https:\/\/www.bergbau-gr.ch\/wordpress\/wp-content\/uploads\/bk\/bk_135.pdf\" target=\"_blank\"><strong>BERGKNAPPE 135<\/strong><\/a> geben einen \u00dcberblick \u00fcber die T\u00e4tigkeiten und F\u00fchrungen bez\u00fcglich dem Bergbau in Graub\u00fcnden und dem<br>Bergbaumuseum Graub\u00fcnden<span style=\"color: #800000;\"><\/span><\/p>\n\n\n\n<hr class=\"wp-block-separator has-alpha-channel-opacity\"\/>\n\n\n\n<hr class=\"wp-block-separator has-alpha-channel-opacity\"\/>\n\n\n\n<p><br><\/p>\n\n\n\n<figure class=\"wp-block-image size-large\"><img loading=\"lazy\" decoding=\"async\" width=\"1024\" height=\"470\" src=\"https:\/\/bergbau-gr.ch\/wordpress\/wp-content\/uploads\/2015\/06\/Schlegel_Eisen_logo_FBG_invert-1024x470.jpg\" alt=\"\" class=\"wp-image-4620\" srcset=\"https:\/\/bergbau-gr.ch\/wordpress\/wp-content\/uploads\/2015\/06\/Schlegel_Eisen_logo_FBG_invert-1024x470.jpg 1024w, https:\/\/bergbau-gr.ch\/wordpress\/wp-content\/uploads\/2015\/06\/Schlegel_Eisen_logo_FBG_invert-300x138.jpg 300w, https:\/\/bergbau-gr.ch\/wordpress\/wp-content\/uploads\/2015\/06\/Schlegel_Eisen_logo_FBG_invert-500x230.jpg 500w\" sizes=\"auto, (max-width: 1024px) 100vw, 1024px\" \/><\/figure>\n\n\n\n<p><strong><span style=\"text-decoration: underline;\">Regelm\u00e4ssige Veranstaltungen:<\/span><\/strong><\/p>\n\n\n\n<p>Die B\u00fcndner Bergwerke und Museen erholen sich im Winterschlaf! F\u00fcr ausserordentliche Besuche im Winter bitte die Partnervereine direkt anfragen.<\/p>\n\n\n\n<p>Gl\u00fcck auf! <\/p>\n\n\n\n<p><strong><a href=\"https:\/\/www.bergbau-museum.ch\" target=\"_blank\" rel=\"noopener noreferrer\">Bergbaumuseum Graub\u00fcnden<\/a><\/strong><\/p>\n\n\n\n<p><a title=\"Besucherbergwerke\" href=\"https:\/\/www.bergbau-gr.ch\/wordpress\/?page_id=821\"><strong>Besucherbergwerke<\/strong><\/a>&nbsp;&nbsp;&nbsp;&nbsp;&nbsp;&nbsp;<\/p>\n\n\n\n<p><a title=\"B\u00fcndner Museen mit Bergbau\" href=\"https:\/\/www.bergbau-gr.ch\/wordpress\/?page_id=848\"><strong>Museen<\/strong><\/a><\/p>\n\n\n\n<p class=\"has-text-align-right\">&nbsp;&nbsp;&nbsp;&nbsp;&nbsp;&nbsp;&nbsp;&nbsp;&nbsp;&nbsp;&nbsp;&nbsp;&nbsp;&nbsp;&nbsp;&nbsp;&nbsp;&nbsp;&nbsp;&nbsp;&nbsp; &nbsp; &nbsp; &nbsp; &nbsp; &nbsp; &nbsp;&nbsp;&nbsp;&nbsp;&nbsp;&nbsp;&nbsp;&nbsp;&nbsp; &nbsp; &nbsp;&nbsp;&nbsp;&nbsp;&nbsp;&nbsp;&nbsp;&nbsp;&nbsp;&nbsp;&nbsp;&nbsp;&nbsp;&nbsp;<br>&nbsp; &nbsp; <a title=\"Seitenanfang\" href=\"#top\">zum Seitenanfang<\/a><span style=\"text-decoration: underline;\"><br><\/span><\/p>\n\n\n\n<p><span style=\"text-decoration: underline;\"><\/span><\/p>\n\n\n\n<p><\/p>\n","protected":false},"excerpt":{"rendered":"<p>Bergbau FBG Veranstaltungen 2026: 6.6.26 50. Jahresversammlung der Freunde des Bergbaus in Graub\u00fcnden im Rathaus DavosAm Nachmittag \u00f6ffentliche Feier im Bergbaumuseum Graub\u00fcnden, Davos Monstein, Schmelzboden weitere Veranstaltungen: Bergbaumuseum Graub\u00fcndenSaison 2026, offen 16. Juni bis 16. Oktober 2026 Bergbaumuseum InnerferreraSommersaison, offen &hellip; <a href=\"https:\/\/bergbau-gr.ch\/?page_id=1658\">Weiterlesen <span class=\"meta-nav\">&rarr;<\/span><\/a><\/p>\n","protected":false},"author":1,"featured_media":0,"parent":7333,"menu_order":0,"comment_status":"open","ping_status":"closed","template":"showcase.php","meta":{"ngg_post_thumbnail":0,"footnotes":""},"class_list":["post-1658","page","type-page","status-publish","hentry"],"_links":{"self":[{"href":"https:\/\/bergbau-gr.ch\/index.php?rest_route=\/wp\/v2\/pages\/1658","targetHints":{"allow":["GET"]}}],"collection":[{"href":"https:\/\/bergbau-gr.ch\/index.php?rest_route=\/wp\/v2\/pages"}],"about":[{"href":"https:\/\/bergbau-gr.ch\/index.php?rest_route=\/wp\/v2\/types\/page"}],"author":[{"embeddable":true,"href":"https:\/\/bergbau-gr.ch\/index.php?rest_route=\/wp\/v2\/users\/1"}],"replies":[{"embeddable":true,"href":"https:\/\/bergbau-gr.ch\/index.php?rest_route=%2Fwp%2Fv2%2Fcomments&post=1658"}],"version-history":[{"count":470,"href":"https:\/\/bergbau-gr.ch\/index.php?rest_route=\/wp\/v2\/pages\/1658\/revisions"}],"predecessor-version":[{"id":11545,"href":"https:\/\/bergbau-gr.ch\/index.php?rest_route=\/wp\/v2\/pages\/1658\/revisions\/11545"}],"up":[{"embeddable":true,"href":"https:\/\/bergbau-gr.ch\/index.php?rest_route=\/wp\/v2\/pages\/7333"}],"wp:attachment":[{"href":"https:\/\/bergbau-gr.ch\/index.php?rest_route=%2Fwp%2Fv2%2Fmedia&parent=1658"}],"curies":[{"name":"wp","href":"https:\/\/api.w.org\/{rel}","templated":true}]}}