{"id":1700,"date":"2012-11-25T12:53:39","date_gmt":"2012-11-25T10:53:39","guid":{"rendered":"http:\/\/www.bergbau-gr.ch\/wordpress\/?page_id=1700"},"modified":"2022-08-07T09:32:40","modified_gmt":"2022-08-07T07:32:40","slug":"aenderungsindex","status":"publish","type":"page","link":"https:\/\/bergbau-gr.ch\/?page_id=1700","title":{"rendered":"Aenderungsindex \/ Neu"},"content":{"rendered":"<p><a name=\"anfang\"><\/a><br \/>\n07.08.22 Diverse Anpassungen, <a href=\"https:\/\/bergbau-gr.ch\/\">Exkursion22<\/a>, <a href=\"https:\/\/bergbau-gr.ch\/?page_id=8801\">News in Erlebnisse<\/a>, <a href=\"https:\/\/bergbau-gr.ch\/?page_id=4665\">R\u00e4tsel<\/a><br \/>\n05.04.22 Aktualisierung, <a href=\"https:\/\/bergbau-gr.ch\/?page_id=8801\">Seite 2022<\/a><br \/>\n20.04.21 Updates, insbesondere <a href=\"https:\/\/bergbau-gr.ch\/\">Jahresversammlung<\/a>, <a href=\"https:\/\/bergbau-gr.ch\/?page_id=8413\" target=\"_blank\" rel=\"noopener\">Sammlung B\u00fcchi<\/a><br \/>\n31.12.20 Diverse \u00c4nderungen <a href=\"https:\/\/www.bergbau-gr.ch\/?page_id=8045\">Erlebnisse 2020<\/a>, Update WordPress und Serverwechsel<br \/>\n04.03.20 Vereinsversammlung, <a href=\"https:\/\/www.bergbau-gr.ch\/wordpress\/?page_id=8045\">Erlebnisse 2020<\/a><br \/>\n15.10.19 Bellaluna <a href=\"https:\/\/www.bergbau-gr.ch\/wordpress\/?page_id=7524\">Erlebnisse 2019<\/a><br \/>\n15.05.19 Neuer Link auf Webseite <a href=\"https:\/\/www.bergbau-museum.ch\" target=\"_blank\" rel=\"noopener\">Bergbaumuseum<\/a><br \/>\n10.03.19 Diverse \u00c4nderungen, <a href=\"https:\/\/www.bergbau-gr.ch\/wordpress\/?page_id=7524\">JVs2019<\/a>, <a href=\"https:\/\/www.bergbau-gr.ch\/wordpress\/?page_id=92\">Vorstand <\/a>und <a href=\"https:\/\/www.bergbau-gr.ch\/wordpress\/?page_id=1658\">Ank\u00fcndigungen<\/a><br \/>\n28.07.18 Weitere <a href=\"https:\/\/www.bergbau-gr.ch\/wordpress\/?page_id=953\">Erlebnisse <\/a>und Anpassungen <a href=\"https:\/\/www.bergbau-gr.ch\/wordpress\/?page_id=4570\">Bergbaumuseum<\/a><br \/>\n10.07.18 Diverse \u00c4nderungen: <a href=\"https:\/\/www.bergbau-gr.ch\/wordpress\/?page_id=953\" target=\"_blank\" rel=\"noopener\">Erlebnissse<\/a>, <a href=\"https:\/\/www.bergbau-gr.ch\/wordpress\/?page_id=1658\" target=\"_blank\" rel=\"noopener\">Veranstaltungen<\/a><br \/>\n13.03.18 Diverse \u00c4nderungen:<a href=\"https:\/\/www.bergbau-gr.ch\/wordpress\/?page_id=953\" target=\"_blank\" rel=\"noopener\"> FlachlandWE, GV FBG18<\/a>, <a href=\"https:\/\/www.bergbau-gr.ch\/wordpress\/?page_id=4754\" target=\"_blank\" rel=\"noopener\">Museum 2018<\/a>, <a href=\"https:\/\/www.bergbau-gr.ch\/wordpress\/?page_id=953\" target=\"_blank\" rel=\"noopener\">Gonzenfrontag<\/a><br \/>\n10.10.17 <a href=\"https:\/\/www.bergbau-gr.ch\/wordpress\/?page_id=7042\">Workshop Dortmund<\/a>, <a href=\"https:\/\/www.bergbau-gr.ch\/wordpress\/?page_id=7042\" target=\"_blank\" rel=\"noopener\">Cotschens, SGHB GV, Exkursion Silberberg<\/a><br \/>\n12.07.17 <a href=\"https:\/\/www.bergbau-gr.ch\/wordpress\/?page_id=953\">Gonzen 2Tagestour<\/a><br \/>\n28.06.17 Frontage <a href=\"https:\/\/www.bergbau-gr.ch\/wordpress\/?page_id=953\">Bellaluna <\/a>und Exkursion <a href=\"https:\/\/www.bergbau-gr.ch\/wordpress\/?page_id=953\">Starlera<\/a><br \/>\n27.06.17 <a href=\"https:\/\/www.bergbau-gr.ch\/wordpress\/?page_id=6765\">FBG-Exkursion Silberberg<\/a><br \/>\n20.06.17 <a href=\"http:\/\/www.silberberg-davos.ch\/\" target=\"_blank\" rel=\"noopener\">Silberberg <\/a>ist auf der neuen Webseite mit neuem Logo online<br \/>\n18.06.17 <a href=\"https:\/\/www.bergbau-gr.ch\/wordpress\/?page_id=6690\">FBG-Flyer<\/a><br \/>\n28.02.17 <a href=\"https:\/\/www.bergbau-gr.ch\/wordpress\/?page_id=953\" target=\"_blank\" rel=\"noopener\">Versammlungsberichte <\/a>FBG, BSD<br \/>\n20.02.17 Aktion zur <a href=\"https:\/\/www.bergbau-gr.ch\/wordpress\/?page_id=6515\">Rettung Bellaluna<\/a><br \/>\n05.01.16 <a href=\"https:\/\/www.bergbau-gr.ch\/wordpress\/?page_id=6307\">Barbarafeiern und Silvesterf\u00fchrung Gonzen<\/a><br \/>\n30.08.16 Diverse Berichte \u00fcber <a href=\"https:\/\/www.bergbau-gr.ch\/wordpress\/?page_id=953\">Sommerbefahrungen<\/a><br \/>\n16.05.16 <a href=\"https:\/\/www.bergbau-gr.ch\/wordpress\/?page_id=953\" target=\"_blank\" rel=\"noopener\">Erlebnisse<\/a>, <a href=\"https:\/\/www.bergbau-gr.ch\/wordpress\/?page_id=1658\" target=\"_blank\" rel=\"noopener\">Veranstaltungen <\/a>und <a href=\"https:\/\/www.bergbau-gr.ch\/wordpress\/?page_id=76\" target=\"_blank\" rel=\"noopener\">Links<\/a><br \/>\n06.04.16 <a href=\"https:\/\/www.bergbau-gr.ch\/wordpress\/?page_id=5809\">Abschlusstreffen des Workshops 2015<\/a><br \/>\n03.04.16 <a href=\"https:\/\/www.bergbau-gr.ch\/wordpress\/?page_id=3668\" target=\"_blank\" rel=\"noopener\">Bergknappe 126\/127<\/a>, Tagungsband<br \/>\n25.03.16 <a href=\"https:\/\/www.bergbau-gr.ch\/wordpress\/?page_id=953\" target=\"_blank\" rel=\"noopener\">Vereinsversammlungen FBG und BSD<br \/>\n<\/a>21.02.16 Aktualisierung von <a href=\"https:\/\/www.bergbau-gr.ch\/wordpress\/?page_id=953\" target=\"_blank\" rel=\"noopener\">Erlebnissen<\/a>, <a href=\"https:\/\/www.bergbau-gr.ch\/wordpress\/?page_id=1658\" target=\"_blank\" rel=\"noopener\">Veranstaltungen<\/a>, <a href=\"https:\/\/www.bergbau-gr.ch\/wordpress\/?page_id=5602\" target=\"_blank\" rel=\"noopener\">Programm Silberberg<\/a> und <a href=\"https:\/\/www.bergbau-gr.ch\/wordpress\/?page_id=4570\" target=\"_blank\" rel=\"noopener\">Museum<\/a> Schmelzboden<br \/>\n17.11.15 <a href=\"https:\/\/vimeo.com\/145625073\" target=\"_blank\" rel=\"noopener\">Video<\/a> der Uni Z\u00fcrich \u00fcber pr\u00e4historische Verh\u00fcttungen im Oberhalbstein<br \/>\n07.11.15 Weitere Bilder in den <a href=\"https:\/\/www.bergbau-gr.ch\/wordpress\/?page_id=3045\">Workshopgalerien<\/a><br \/>\n28.10.15 Berichte von <a href=\"https:\/\/www.bergbau-gr.ch\/wordpress\/?page_id=953\" target=\"_blank\" rel=\"noopener\">Bellaluna und SGHB im Montafon<\/a>, sowie diverse <a href=\"https:\/\/www.bergbau-gr.ch\/wordpress\/?page_id=3045\" target=\"_blank\" rel=\"noopener\">Workshopbilder<\/a><br \/>\n05.10.15 Diverse Anpassungen und Dank zum <a href=\"https:\/\/www.bergbau-gr.ch\/wordpress\/?page_id=3045\">Ende des Workshops<\/a><br \/>\n27.09.15 Diverse <a href=\"https:\/\/www.bergbau-gr.ch\/wordpress\/?page_id=3045\">Aktualisierungen Workshop<\/a><br \/>\n14.09.15 <a href=\"https:\/\/www.bergbau-gr.ch\/wordpress\/?page_id=4907\">Exkursionsbericht Rueun<\/a><br \/>\n01.08.15 <a href=\"https:\/\/www.bergbau-gr.ch\/wordpress\/wp-content\/uploads\/2015\/08\/Vortraege1.08.15.pdf\" target=\"_blank\" rel=\"noopener\">Aktualisierung der Workshopvortragsliste<\/a>, <a href=\"https:\/\/www.bergbau-gr.ch\/wordpress\/?page_id=4665\" target=\"_blank\" rel=\"noopener\">neues R\u00e4tsel<\/a><br \/>\n16.06.15 div. Aktualisierungen; <a href=\"https:\/\/www.bergbau-gr.ch\/wordpress\/?page_id=953\">Erlebnisse<\/a>, <a href=\"https:\/\/www.bergbau-gr.ch\/wordpress\/?page_id=4570\">Museum<\/a>, <a href=\"https:\/\/www.bergbau-gr.ch\/wordpress\/?page_id=4535\">Vortr\u00e4ge<\/a>, <a href=\"https:\/\/www.bergbau-gr.ch\/wordpress\/?page_id=4665\">R\u00e4tsel<\/a><br \/>\n26.05.15 <a href=\"https:\/\/www.bergbau-gr.ch\/wordpress\/?page_id=4570\">Bergbaumuseum Schmelzboden<\/a> und <a href=\"https:\/\/www.bergbau-gr.ch\/wordpress\/?page_id=1810\">Erezsloch <\/a>Gr\u00fcsch<br \/>\n25.05.15 <a href=\"https:\/\/www.bergbau-gr.ch\/wordpress\/?page_id=4535\">Vort\u00e4ge<\/a>, sowie<a href=\"https:\/\/www.bergbau-gr.ch\/wordpress\/?page_id=4255\"> Vor- und Nachexkursionen<\/a><br \/>\n20.04.15 <a title=\"Netzwerk\" href=\"http:\/\/www.montanhistorik.de\/workshop-2015\/anmeldung-2015.html\" target=\"_blank\" rel=\"noopener\">Anmeldung f\u00fcr den Workshop<\/a><br \/>\n30.03.15 <a title=\"Vereinsversammlung 2015\" href=\"https:\/\/www.bergbau-gr.ch\/wordpress\/?page_id=4192\">Vereinsversammlung<\/a>, <a title=\"Museum\" href=\"https:\/\/www.bergbau-gr.ch\/wordpress\/wp-content\/uploads\/2015\/03\/Bergbaumuseum-28.3.15.pdf\">Bergbaumuseum <\/a>und diverse kleine Anpassungen<br \/>\n07.03.15 <a title=\"Workshop 2015\" href=\"https:\/\/www.bergbau-gr.ch\/wordpress\/?page_id=3045\">Workshop 2015<\/a>: <a title=\"Workshop Programm\" href=\"https:\/\/www.bergbau-gr.ch\/wordpress\/?page_id=4036\">Programm<\/a>, <a title=\"Tagungsort 2015\" href=\"https:\/\/www.bergbau-gr.ch\/wordpress\/?page_id=3978\">Ort<\/a>, <a title=\"Halbtagesexkursionen\" href=\"https:\/\/www.bergbau-gr.ch\/wordpress\/?page_id=3863\">Exkursionen<\/a><br \/>\n05.12.14 <a title=\"Oberland\/Surselva\" href=\"https:\/\/www.bergbau-gr.ch\/wordpress\/?page_id=2241\" target=\"_blank\" rel=\"noopener\">Oberland <\/a>und <a title=\"Erlebnisse aktuell\" href=\"https:\/\/www.bergbau-gr.ch\/wordpress\/?page_id=953\">Erlebnisse<\/a><br \/>\n11.11.14 <a title=\"Veranstaltungen\" href=\"https:\/\/www.bergbau-gr.ch\/wordpress\/?page_id=1658\">Vereinsversammlung 2015<\/a><br \/>\n07.11.14<a title=\"Edi Brun\" href=\"https:\/\/www.bergbau-gr.ch\/wordpress\/?page_id=3640\" target=\"_blank\" rel=\"noopener\"> In Gedenken an Edi Brun<\/a> , Erg\u00e4nzungen <a title=\"Erlebnisse aktuell\" href=\"https:\/\/www.bergbau-gr.ch\/wordpress\/?page_id=953\">bei Erlebnissen<\/a> und <a title=\"BK126\/127\" href=\"https:\/\/www.bergbau-gr.ch\/wordpress\/?page_id=3668\">BK126\/127<\/a><br \/>\n31.10.14 <a title=\"Erlebnisse aktuell\" href=\"https:\/\/www.bergbau-gr.ch\/wordpress\/?page_id=2763\">17. Bergbau und Montanhistorik Workshop<\/a>, Freiberg (Sachsen)<br \/>\n09.07.14 <a title=\"Erlebnisse aktuell\" href=\"https:\/\/www.bergbau-gr.ch\/wordpress\/?page_id=953\">Exkursion pr\u00e4historische Grabungen, Gruoba, Alp Flix<\/a><br \/>\n08.07.14 <a title=\"Erlebnisse aktuell\" href=\"https:\/\/www.bergbau-gr.ch\/wordpress\/?page_id=953\">Schlafegg und Embrach<\/a><br \/>\n07.07.14<a title=\"Toni Thaller\" href=\"https:\/\/www.bergbau-gr.ch\/wordpress\/?page_id=3143\" target=\"_blank\" rel=\"noopener\"> In Gedenken an Toni Thaler<\/a><br \/>\n28.05.14 <a title=\"Erlebnisse aktuell\" href=\"https:\/\/www.bergbau-gr.ch\/wordpress\/?page_id=953\">Silberbergbesuch<\/a><br \/>\n14.05.14 <a title=\"Erlebnisse aktuell\" href=\"https:\/\/www.bergbau-gr.ch\/wordpress\/?page_id=953\">Besuch Camino im Schnee<\/a><br \/>\n13.05.14 <a title=\"Workshop 2015\" href=\"https:\/\/www.bergbau-gr.ch\/wordpress\/?page_id=3045\" target=\"_blank\" rel=\"noopener\">Neue Seiten Workshop 2015<\/a> und <a title=\"FBG-Exkursion, 2.8.2014, S-charl\" href=\"https:\/\/www.bergbau-gr.ch\/wordpress\/?page_id=3082\" target=\"_blank\" rel=\"noopener\">Exkursion 2014<\/a><br \/>\n23.03.14 Anpassungen Aufgrund der Vereinsversammlungen <a title=\"Vereinsversammlung, 15.3.2014 Schmelzboden\" href=\"https:\/\/www.bergbau-gr.ch\/wordpress\/?page_id=2978\" target=\"_blank\" rel=\"noopener\">FBG<\/a>, <a href=\"https:\/\/www.bergbau-gr.ch\/wordpress\/wp-content\/uploads\/2014\/03\/EHR-Vereinsvers-2014.pdf\">VEH<\/a>, <a href=\"https:\/\/www.bergbau-gr.ch\/wordpress\/wp-content\/uploads\/2014\/03\/BSD-Vereinsvers-2014.pdf\">BSD<\/a>: <a title=\"Vorstand\" href=\"https:\/\/www.bergbau-gr.ch\/wordpress\/?page_id=92\" target=\"_blank\" rel=\"noopener\">Vorstand<\/a>, <a title=\"Regionen\" href=\"https:\/\/www.bergbau-gr.ch\/wordpress\/?page_id=97\" target=\"_blank\" rel=\"noopener\">Regionalgruppen<\/a><br \/>\n05.08.13 <a title=\"Erlebnisse aktuell\" href=\"https:\/\/www.bergbau-gr.ch\/wordpress\/?page_id=953\">Grube St. Johann,<\/a><a title=\"Pr\u00e4ttigau\" href=\"https:\/\/www.bergbau-gr.ch\/wordpress\/?page_id=1810\"> Casanna<\/a><br \/>\n03.07.13 <a title=\"Erlebnisse aktuell\" href=\"https:\/\/www.bergbau-gr.ch\/wordpress\/?page_id=953\">Foschungsprojekt <\/a>&#8222;Pr\u00e4historischer Bergbau im Oberhalbstein&#8220;<br \/>\n26.06.13 <a title=\"M\u00fcsen\" href=\"https:\/\/www.bergbau-gr.ch\/wordpress\/?page_id=2835\">Bildgalerien<\/a> vom Bergbauworkshop in M\u00fcsen<br \/>\n25.06.13 <a title=\"Erlebnisse, Stugl\" href=\"https:\/\/www.bergbau-gr.ch\/wordpress\/?page_id=953\">Bildgalerie <\/a>Stugl Zwergl\u00f6cher<br \/>\n27.04.13 BK 122 ist gedruckt, <a href=\"https:\/\/www.bergbau-gr.ch\/wordpress\/wp-content\/uploads\/bk\/bk_121.pdf\" target=\"_blank\" rel=\"noopener\">BK 121 online<br \/>\n<\/a>23.04.13 <a title=\"Erlebnisse aktuell\" href=\"https:\/\/www.bergbau-gr.ch\/wordpress\/?page_id=953\">Gipsmuseum Schleitheim<\/a><br \/>\n20.04.13 Bilder <a title=\"Albulathal\" href=\"https:\/\/www.bergbau-gr.ch\/wordpress\/?page_id=1794\">Tschant <\/a><span style=\"font-family: Arial;\"><a title=\"Albulathal\" href=\"https:\/\/www.bergbau-gr.ch\/wordpress\/?page_id=1794\"> Ladrung<\/a><br \/>\n<\/span>08.04.13 <a title=\"Albulatal\" href=\"https:\/\/www.bergbau-gr.ch\/wordpress\/?page_id=1794\">Mittleres Albulatal<\/a><br \/>\n01.04.13 <a title=\"Schwarzwald Links\" href=\"https:\/\/www.bergbau-gr.ch\/wordpress\/?page_id=2600\">Linkseite <\/a>Schwarzwald<br \/>\n18.03.13 <a title=\"Vereinsversammlung, 16.3.13 Tiefencastel\" href=\"https:\/\/www.bergbau-gr.ch\/wordpress\/?page_id=2545\">Vereinsversammlung und Gipswerk Alvaschein<\/a><br \/>\n17.03.13 <a title=\"Veranstaltungen\" href=\"https:\/\/www.bergbau-gr.ch\/wordpress\/?page_id=1658\">Veranstaltungen <\/a>angepasst<br \/>\n30.01.13 Erweiterungen <a title=\"Puschlav\" href=\"https:\/\/www.bergbau-gr.ch\/wordpress\/?page_id=2422\">Puschlav <\/a><br \/>\n27.01.13 Neue Seite <a title=\"Puschlav\" href=\"https:\/\/www.bergbau-gr.ch\/wordpress\/?page_id=2422\">Puschlav <\/a>mit Beschrieb\/Galerie La Sassa und Surtaseu<br \/>\n24.01.13 <a title=\"GV 13 Tiefencastel\" href=\"https:\/\/www.bergbau-gr.ch\/wordpress\/wp-content\/uploads\/bk\/Einladung-Vereinsversammlung_16_3_13.pdf\" target=\"_blank\" rel=\"noopener\">Einladung <\/a>zur Vereinsversammlung am 16.03.13<br \/>\n18.01.13 Hinterrhein Flyer 2013: <a title=\"Taspegn\" href=\"https:\/\/www.bergbau-gr.ch\/wordpress\/wp-content\/uploads\/bk\/2013_Silberminen%20Alp%20Taspegn.pdf\">Taspegn<\/a>, <a title=\"Ursera\" href=\"https:\/\/www.bergbau-gr.ch\/wordpress\/wp-content\/uploads\/bk\/2013_Bergbau%20Wanderung%20zu%20den%20Erzstollen%20auf%20Urseras.pdf\">Ursera<\/a>, <a title=\"2 Tagesexkursion\" href=\"https:\/\/www.bergbau-gr.ch\/wordpress\/wp-content\/uploads\/bk\/2013_Flyer_2Tages_%20Schatzsuche.pdf\">2-Tagesexkursion<\/a><br \/>\n13.01.13 Bildgalerie Versuchsstollen <a title=\"Erlebnisse\" href=\"https:\/\/www.bergbau-gr.ch\/wordpress\/?page_id=953\">Hagerbach <\/a>von Peter<br \/>\n11.01.13 diverse Update: WP 3.5, sowie Plugins: Fehler bitte <a title=\"Mail\" href=\"mailto:admin@bergbau-gr.ch\">melden<\/a><br \/>\n10.01.13 Neue Kartenseite <a title=\"schweizerische Schaubergwerke\" href=\"https:\/\/www.bergbau-gr.ch\/wordpress\/?page_id=2321\">Besucherbergwerke in der Schweiz<\/a> mit Links<br \/>\n06.01.13 <a title=\"Erlebnisse 2012\" href=\"https:\/\/www.bergbau-gr.ch\/wordpress\/?page_id=2139\">Erlebnisse 2012<\/a> archiviert<br \/>\n28.12.12 <a title=\"Gonzen Silvester 12\" href=\"https:\/\/www.bergbau-gr.ch\/wordpress\/?page_id=2188\">Silvesterf\u00fchrung Gonzen<\/a> vom 27.12.12<br \/>\n25.12.12 <a title=\"\u00dcbrigens\" href=\"#uebrigens\">\u00dcbrigens<\/a>: Galerie mit L?, <a title=\"Erlebnisse 2010\/11\" href=\"https:\/\/www.bergbau-gr.ch\/wordpress\/?page_id=2283\">Erlebnisarchiv (2010\/11)<\/a>, Erg\u00e4nzung Asbestabbau <a title=\"Berninapass\/Puschlav\" href=\"https:\/\/www.bergbau-gr.ch\/wordpress\/?page_id=318\">Quadrada<\/a>, weitere <a title=\"Barbara\" href=\"https:\/\/www.bergbau-gr.ch\/wordpress\/?page_id=1912\">Barbara<\/a><br \/>\n15.12.12 Galerie von der <a title=\"Calanda, Goldene Sonne\" href=\"https:\/\/www.bergbau-gr.ch\/wordpress\/?page_id=429\">FBG Exkursion<\/a>&nbsp; 20.8.11 und Links zu Hansj\u00fcrg<br \/>\n09.12.12 Erg\u00e4nzungen: \u00dcbersicht <a title=\"Pr\u00e4ttigau, Davos\" href=\"https:\/\/www.bergbau-gr.ch\/wordpress\/?page_id=1264\">Landschaft Davos und Pr\u00e4ttigau<\/a>, sowie <a title=\"Mittelb\u00fcnden\" href=\"https:\/\/www.bergbau-gr.ch\/wordpress\/?page_id=1284\">Mittelb\u00fcnden <\/a><br \/>\nUnterseiten: <a title=\"Oberhalbstein\/Surses\" href=\"https:\/\/www.bergbau-gr.ch\/wordpress\/?page_id=1751\">Oberhalbstein<\/a>, <a title=\"Oberes Albulatal\" href=\"https:\/\/www.bergbau-gr.ch\/wordpress\/?page_id=1800\">oberes Albulatal<\/a>, <a title=\"Pr\u00e4ttigau\/Klosters\" href=\"https:\/\/www.bergbau-gr.ch\/wordpress\/?page_id=1810\">Klosters<\/a>, <a title=\"Landschaft Davos\" href=\"https:\/\/www.bergbau-gr.ch\/wordpress\/?page_id=1817\">Davos<\/a> mit <a title=\"Silberberg Bilder\" href=\"https:\/\/www.bergbau-gr.ch\/wordpress\/?page_id=2056\">Bildgalerien<\/a> Silberberg<br \/>\n08.12.12 Erg\u00e4nzungen: <a title=\"Barbara\" href=\"https:\/\/www.bergbau-gr.ch\/wordpress\/?page_id=1912\">Barbara<\/a>, <a title=\"Bergmannslieder\" href=\"https:\/\/www.bergbau-gr.ch\/wordpress\/?page_id=1926\">Bergmannslieder<\/a>, <a title=\"Veranstaltungen\" href=\"https:\/\/www.bergbau-gr.ch\/wordpress\/?page_id=1658\">GV 16.3.13 mit Galerie Alvaschein<\/a><br \/>\n08.12.12 Diverse kleine Korrekturen und BK-Links nach R\u00fcckmeldungen<br \/>\n27.11.12 Erg\u00e4nzungen in der \u00dcbersicht Arosa, neue Seite; Region <a title=\"Arosa\" href=\"https:\/\/www.bergbau-gr.ch\/wordpress\/?page_id=1722\">Arosa<\/a><br \/>\n26.11.12 Bilder vom Stallumbau zum Museum in Innerferrera (Bilder Peter)<br \/>\n25.11.12 Erg\u00e4nzung Lavin mit Link zu BK 42, sowie Link Il Fuorn zu BK87<br \/>\n23.11.12 Erg\u00e4nzung BK 2, 4-6 und Inhaltsverzeichnis 1-75 in pdf; sowohl Text, wie Bild, Mitgliederversammlung 16.3.13<br \/>\n12.11.12 <a title=\"Mineralienb\u00f6rse Chur 10.\/11.11.12\" href=\"https:\/\/www.bergbau-gr.ch\/wordpress\/?page_id=6\">Mineralienb\u00f6rse Chur<\/a>; Sonderschau Bergbau in Graub\u00fcnden<\/p>\n<p style=\"text-align: center;\"><a title=\"Veranstaltungen\" href=\"https:\/\/www.bergbau-gr.ch\/wordpress\/?page_id=1658\">&nbsp;<\/a><a title=\"Seitenanfang\" href=\"https:\/\/www.bergbau-gr.ch\/wordpress\/?page_id=1251#top\">zum Seitenanfang<\/a><\/p>\n<p style=\"text-align: center;\">Und wenn es dir nicht passt auf diesen Seiten,<br \/>\ndann such halt in anderen Weiten,<br \/>\noder lass es ganz sein,<br \/>\nund trink einen guten Tropfen Wein!<a href=\"https:\/\/www.bergbau-gr.ch\/wordpress\/wp-content\/uploads\/2012\/12\/Gonzen-04.12.2012-Barbarafeier-05.jpg\"><img loading=\"lazy\" decoding=\"async\" class=\"aligncenter\" title=\"Gonzen 04.12.2012 Barbarafeier -05\" src=\"https:\/\/www.bergbau-gr.ch\/wordpress\/wp-content\/uploads\/2012\/12\/Gonzen-04.12.2012-Barbarafeier-05.jpg\" alt=\"\" width=\"450\" height=\"600\"><\/a>Gl\u00fcck auf vom Admin-Knappen,<br \/>\ngeniess diesen feinen Happen!<\/p>\n<p style=\"text-align: center;\">Einen riesigen Dank f\u00fcr die Unterst\u00fctzung,<br \/>\nden beiden grossen Datenlieferer;<br \/>\ndem Foto- und Redaktionssteiger:<\/p>\n<p style=\"text-align: center;\"><a href=\"https:\/\/www.bergbau-gr.ch\/wordpress\/wp-content\/uploads\/2012\/12\/Peter_Jann.jpg\"><img loading=\"lazy\" decoding=\"async\" class=\"aligncenter size-full wp-image-2098\" title=\"Peter_Jann\" src=\"https:\/\/www.bergbau-gr.ch\/wordpress\/wp-content\/uploads\/2012\/12\/Peter_Jann.jpg\" alt=\"\" width=\"305\" height=\"557\" srcset=\"https:\/\/bergbau-gr.ch\/wordpress\/wp-content\/uploads\/2012\/12\/Peter_Jann.jpg 305w, https:\/\/bergbau-gr.ch\/wordpress\/wp-content\/uploads\/2012\/12\/Peter_Jann-164x300.jpg 164w\" sizes=\"auto, (max-width: 305px) 100vw, 305px\" \/><\/a><a name=\"uebrigens\"><\/a>\u00dcbrigens: Galerie mit <a title=\"Galerie\" href=\"http:\/\/woerter.germanblogs.de\/archive\/2009\/07\/22\/gallerie-oder-galerie-wie-ist-das-wort-richtig-und-warum.htm\" target=\"_blank\" rel=\"noopener\">einem oder zwei<\/a> L?<br \/>\nGalerie(D) &#8211; gallery (E) &#8211; galleria (I) &#8211;&nbsp;gal\u00e9rie (F)<br \/>\nGips(D) = Calciumsulfat (Ca[SO<sub>4<\/sub>]&nbsp;\u2022&nbsp;2H<sub>2<\/sub>O), gibs(E)= Innereien, (einzelne) K\u00f6rperteile<br \/>\nSorry, Rechtschreibung ist nicht meine St\u00e4rke. <a title=\"Veranstaltungen\" href=\"https:\/\/www.bergbau-gr.ch\/wordpress\/?page_id=1658\"><br \/>\n<\/a><br \/>\n<a title=\"Seitenanfang\" href=\"#top\"><strong>&nbsp;<\/strong><\/a><a title=\"Seitenanfang\" href=\"https:\/\/www.bergbau-gr.ch\/wordpress\/?page_id=1251#top\">zum<\/a><a title=\"Seitenanfang\" href=\"https:\/\/www.bergbau-gr.ch\/wordpress\/?page_id=1251#top\"> Seitenanfang<\/a><\/p>\n","protected":false},"excerpt":{"rendered":"<p>07.08.22 Diverse Anpassungen, Exkursion22, News in Erlebnisse, R\u00e4tsel 05.04.22 Aktualisierung, Seite 2022 20.04.21 Updates, insbesondere Jahresversammlung, Sammlung B\u00fcchi 31.12.20 Diverse \u00c4nderungen Erlebnisse 2020, Update WordPress und Serverwechsel 04.03.20 Vereinsversammlung, Erlebnisse 2020 15.10.19 Bellaluna Erlebnisse 2019 15.05.19 Neuer Link auf Webseite &hellip; <a href=\"https:\/\/bergbau-gr.ch\/?page_id=1700\">Weiterlesen <span class=\"meta-nav\">&rarr;<\/span><\/a><\/p>\n","protected":false},"author":1,"featured_media":0,"parent":108,"menu_order":0,"comment_status":"open","ping_status":"closed","template":"showcase.php","meta":{"ngg_post_thumbnail":0,"footnotes":""},"class_list":["post-1700","page","type-page","status-publish","hentry"],"_links":{"self":[{"href":"https:\/\/bergbau-gr.ch\/index.php?rest_route=\/wp\/v2\/pages\/1700","targetHints":{"allow":["GET"]}}],"collection":[{"href":"https:\/\/bergbau-gr.ch\/index.php?rest_route=\/wp\/v2\/pages"}],"about":[{"href":"https:\/\/bergbau-gr.ch\/index.php?rest_route=\/wp\/v2\/types\/page"}],"author":[{"embeddable":true,"href":"https:\/\/bergbau-gr.ch\/index.php?rest_route=\/wp\/v2\/users\/1"}],"replies":[{"embeddable":true,"href":"https:\/\/bergbau-gr.ch\/index.php?rest_route=%2Fwp%2Fv2%2Fcomments&post=1700"}],"version-history":[{"count":160,"href":"https:\/\/bergbau-gr.ch\/index.php?rest_route=\/wp\/v2\/pages\/1700\/revisions"}],"predecessor-version":[{"id":9313,"href":"https:\/\/bergbau-gr.ch\/index.php?rest_route=\/wp\/v2\/pages\/1700\/revisions\/9313"}],"up":[{"embeddable":true,"href":"https:\/\/bergbau-gr.ch\/index.php?rest_route=\/wp\/v2\/pages\/108"}],"wp:attachment":[{"href":"https:\/\/bergbau-gr.ch\/index.php?rest_route=%2Fwp%2Fv2%2Fmedia&parent=1700"}],"curies":[{"name":"wp","href":"https:\/\/api.w.org\/{rel}","templated":true}]}}