{"id":1722,"date":"2012-11-27T22:31:14","date_gmt":"2012-11-27T20:31:14","guid":{"rendered":"http:\/\/www.bergbau-gr.ch\/wordpress\/?page_id=1722"},"modified":"2022-07-12T15:48:51","modified_gmt":"2022-07-12T13:48:51","slug":"arosa","status":"publish","type":"page","link":"https:\/\/bergbau-gr.ch\/?page_id=1722","title":{"rendered":"Arosa"},"content":{"rendered":"<p><strong><a href=\"https:\/\/map.geo.admin.ch\/?lang=de&amp;topic=ech&amp;bgLayer=ch.swisstopo.pixelkarte-farbe&amp;layers=ch.swisstopo.zeitreihen,ch.bav.haltestellen-oev,ch.swisstopo.swisstlm3d-wanderwege,ch.swisstopo.geologie-rohstoffe-zement_abbau_verarbeitung,ch.swisstopo.geologie-rohstoffe-naturwerksteine_abbau,ch.swisstopo.geologie-rohstoffe-vererzungen&amp;layers_visibility=false,false,false,false,true,true&amp;layers_timestamp=18641231,,,,,&amp;layers_opacity=1,1,0.8,1,1,1&amp;E=2767770.00&amp;N=1179055.00&amp;zoom=7&amp;catalogNodes=532,533\" target=\"_blank\" rel=\"noopener\">Arosa:<\/a><\/strong><\/p>\n<p><strong>Fahlerz an der Westseite des Parpaner Rothorns<br \/>\n<\/strong>Lagerst\u00e4tte und Abaue westlich von Punkt 2693 auf der Seite Lenzerheide<\/p>\n<div id=\"attachment_1748\" style=\"width: 190px\" class=\"wp-caption alignright\"><a href=\"https:\/\/www.bergbau-gr.ch\/wordpress\/wp-content\/uploads\/2012\/11\/PRothorn-Ost.jpg\"><img loading=\"lazy\" decoding=\"async\" aria-describedby=\"caption-attachment-1748\" class=\" wp-image-1748 \" title=\"Parpaner Rothorn, Ostgipfel\" src=\"https:\/\/www.bergbau-gr.ch\/wordpress\/wp-content\/uploads\/2012\/11\/PRothorn-Ost-300x225.jpg\" alt=\"\" width=\"180\" height=\"135\" srcset=\"https:\/\/bergbau-gr.ch\/wordpress\/wp-content\/uploads\/2012\/11\/PRothorn-Ost-300x225.jpg 300w, https:\/\/bergbau-gr.ch\/wordpress\/wp-content\/uploads\/2012\/11\/PRothorn-Ost-400x300.jpg 400w, https:\/\/bergbau-gr.ch\/wordpress\/wp-content\/uploads\/2012\/11\/PRothorn-Ost.jpg 800w\" sizes=\"auto, (max-width: 180px) 100vw, 180px\" \/><\/a><p id=\"caption-attachment-1748\" class=\"wp-caption-text\">Parpaner Rothorn<\/p><\/div>\n<p><strong>&nbsp;<\/strong><\/p>\n<p><strong>Pyrit an der Ostseite des Parpaner Rothorns<\/strong><\/p>\n<p>&nbsp;<\/p>\n<p><strong>Bleiglanz am Guggernell, Ramoz <\/strong><br \/>\nDieses Bergwerk auf der Ramozseite am Guggernellgrat&nbsp; auf rund 2700 m \u00fc. M.&nbsp; In den steilen Felsen sind mehrere Sch\u00fcrfl\u00f6cher vorhanden.<br \/>\nAbgebaut wurden Bleiglanz- und Zinkblende.<br \/>\nDie Bergbauperiode entspricht dem <a title=\"Bleiberg\" href=\"https:\/\/www.bergbau-gr.ch\/wordpress\/?page_id=1794\">Schmittner Bleiberg<\/a>.<\/p>\n<p><strong>Eisengruben am Erzhorn <\/strong><br \/>\nIm Gebiet Erzb\u00f6den-Erztschuggen, n\u00f6rdlich des Erzhornes in ca. 2560 bis auf 2700<br \/>\nm. \u00fc.M. wurde Eisenerz (Rot- und Brauneisenstein ) im 15. Jahrhundert abgebaut.<\/p>\n<p><strong>Eisengruben Tschirpen <\/strong><br \/>\nIn zwei Gruben s\u00fcdlich unter dem Gipfel des \u201cTschirpens\u201c in zirka 2&#8217;380m \u00fc.M. wurde Eisenerz (Rot- und Brauneisenstein ) im 15. Jahrhundert abgebaut.<br \/>\nBeim \u201cSchafl\u00e4ger\u201c im Gredigs Aelpli erkennt man noch die \u00dcberreste einer alten Bergknappenh\u00fctte sowie daneben einen Sortierplatz, auf dem die Knappen das Eisen vom tauben Gestein trennten.<\/p>\n<p>ngg_shortcode_0_placeholderBilder: Peter Kuhn<\/p>\n<p>&nbsp;<\/p>\n<p><strong>Schmelze Isel:<br \/>\n<\/strong>An der Strasse vom Untersee zur ARA befindet sich die Eisenschmelze in der \u2018Yssel\u2018, wo&nbsp; von ca. 1440 bis 1560 zeitweise Eisenerz vom \u2018Tschirpen\u2018 und vom \u2018Erzhorn\u2018 verh\u00fcttet wurden. Es handelte sich um \u2018H\u00e4matit\u2018 und \u2018Roteisenstein\u2018 mit einem Eisengehalt bis zu 68%. 1928 wurden die Reste der Eisenschmelze in der Isel freigelegt. Das Eisenerz wurde auf einem mit Holzkohle betriebenen Ofen verh\u00fcttet.&nbsp; Die Lage des Schmelzofens in der Isel ergab sich aus dem Vorhandensein von gen\u00fcgend Holz und der vorhandenen Wasserkraft, in der N\u00e4he befand sich eine S\u00e4ge, deren Triebwasser hier<br \/>\ndurchgeleitet wurde.<\/p>\n<p style=\"text-align: right;\">&nbsp; &nbsp; <a title=\"Seitenanfang\" href=\"#top\">zum Seitenanfang<\/a><\/p>\n<p>Bergknappen<br \/>\n&#8211; <a title=\"BK 17\" href=\"https:\/\/www.bergbau-gr.ch\/wordpress\/wp-content\/uploads\/bk\/bk_17.pdf\" target=\"_blank\" rel=\"noopener\">BK 17 \/ 3-1981<\/a>&nbsp;&nbsp; Der Erzbergbau zwischen Arosa und dem Parpaner Rothorn<br \/>\n&#8211; <a title=\"BK 89\" href=\"https:\/\/www.bergbau-gr.ch\/wordpress\/wp-content\/uploads\/bk\/bk_89.pdf\" target=\"_blank\" rel=\"noopener\">BK 89 \/ 3-1999<\/a>&nbsp;&nbsp; Zeugen fr\u00fcheren Bergbaus im Gebiet um Arosa<br \/>\n&#8211; <a title=\"BK 90\" href=\"https:\/\/www.bergbau-gr.ch\/wordpress\/wp-content\/uploads\/bk\/bk_90.pdf\" target=\"_blank\" rel=\"noopener\">BK 90 \/ 4-1999<\/a>&nbsp;&nbsp; (Fortsetzung 1 \/ Schluss)<br \/>\n&#8211; <a title=\"BK 91\" href=\"https:\/\/www.bergbau-gr.ch\/wordpress\/wp-content\/uploads\/bk\/bk_91.pdf\" target=\"_blank\" rel=\"noopener\">BK 91 \/ 1-2000<\/a>&nbsp;&nbsp; (Fortsetzung 2 \/ Schluss &#8211; Schmelzofen in der Isel)<\/p>\n<p>&nbsp;<\/p>\n<p>&nbsp;<\/p>\n","protected":false},"excerpt":{"rendered":"<p>Arosa: Fahlerz an der Westseite des Parpaner Rothorns Lagerst\u00e4tte und Abaue westlich von Punkt 2693 auf der Seite Lenzerheide &nbsp; Pyrit an der Ostseite des Parpaner Rothorns &nbsp; Bleiglanz am Guggernell, Ramoz Dieses Bergwerk auf der Ramozseite am Guggernellgrat&nbsp; auf &hellip; <a href=\"https:\/\/bergbau-gr.ch\/?page_id=1722\">Weiterlesen <span class=\"meta-nav\">&rarr;<\/span><\/a><\/p>\n","protected":false},"author":1,"featured_media":0,"parent":1251,"menu_order":0,"comment_status":"open","ping_status":"closed","template":"showcase.php","meta":{"ngg_post_thumbnail":0,"footnotes":""},"class_list":["post-1722","page","type-page","status-publish","hentry"],"_links":{"self":[{"href":"https:\/\/bergbau-gr.ch\/index.php?rest_route=\/wp\/v2\/pages\/1722","targetHints":{"allow":["GET"]}}],"collection":[{"href":"https:\/\/bergbau-gr.ch\/index.php?rest_route=\/wp\/v2\/pages"}],"about":[{"href":"https:\/\/bergbau-gr.ch\/index.php?rest_route=\/wp\/v2\/types\/page"}],"author":[{"embeddable":true,"href":"https:\/\/bergbau-gr.ch\/index.php?rest_route=\/wp\/v2\/users\/1"}],"replies":[{"embeddable":true,"href":"https:\/\/bergbau-gr.ch\/index.php?rest_route=%2Fwp%2Fv2%2Fcomments&post=1722"}],"version-history":[{"count":27,"href":"https:\/\/bergbau-gr.ch\/index.php?rest_route=\/wp\/v2\/pages\/1722\/revisions"}],"predecessor-version":[{"id":9211,"href":"https:\/\/bergbau-gr.ch\/index.php?rest_route=\/wp\/v2\/pages\/1722\/revisions\/9211"}],"up":[{"embeddable":true,"href":"https:\/\/bergbau-gr.ch\/index.php?rest_route=\/wp\/v2\/pages\/1251"}],"wp:attachment":[{"href":"https:\/\/bergbau-gr.ch\/index.php?rest_route=%2Fwp%2Fv2%2Fmedia&parent=1722"}],"curies":[{"name":"wp","href":"https:\/\/api.w.org\/{rel}","templated":true}]}}