{"id":1751,"date":"2012-11-29T19:58:49","date_gmt":"2012-11-29T17:58:49","guid":{"rendered":"http:\/\/www.bergbau-gr.ch\/wordpress\/?page_id=1751"},"modified":"2021-06-24T17:04:31","modified_gmt":"2021-06-24T15:04:31","slug":"oberhalbsteinsurses","status":"publish","type":"page","link":"https:\/\/bergbau-gr.ch\/?page_id=1751","title":{"rendered":"Oberhalbstein\/Surses"},"content":{"rendered":"<p>Folgende Bergbaugebiete sind im Oberhalbstein \/ Surses bekannt:<\/p>\n<p><strong>Eisen-Bergwerke:<\/strong><\/p>\n<p><strong>&#8211; Cotschens <\/strong>:<a href=\"https:\/\/www.bergbau-gr.ch\/wordpress\/wp-content\/uploads\/2012\/11\/Cotschens-2.jpg\"><img loading=\"lazy\" decoding=\"async\" class=\"alignright wp-image-1764\" title=\"Cotschens 2\" src=\"https:\/\/www.bergbau-gr.ch\/wordpress\/wp-content\/uploads\/2012\/11\/Cotschens-2-224x300.jpg\" alt=\"\" width=\"94\" height=\"126\" srcset=\"https:\/\/bergbau-gr.ch\/wordpress\/wp-content\/uploads\/2012\/11\/Cotschens-2-224x300.jpg 224w, https:\/\/bergbau-gr.ch\/wordpress\/wp-content\/uploads\/2012\/11\/Cotschens-2-767x1024.jpg 767w, https:\/\/bergbau-gr.ch\/wordpress\/wp-content\/uploads\/2012\/11\/Cotschens-2.jpg 800w\" sizes=\"auto, (max-width: 94px) 100vw, 94px\" \/><\/a><a href=\"https:\/\/www.bergbau-gr.ch\/wordpress\/wp-content\/uploads\/2012\/11\/Cotschens-1.jpg\"><img loading=\"lazy\" decoding=\"async\" class=\"alignright wp-image-1763\" title=\"Cotschens 1\" src=\"https:\/\/www.bergbau-gr.ch\/wordpress\/wp-content\/uploads\/2012\/11\/Cotschens-1-300x259.jpg\" alt=\"\" width=\"144\" height=\"124\" srcset=\"https:\/\/bergbau-gr.ch\/wordpress\/wp-content\/uploads\/2012\/11\/Cotschens-1-300x259.jpg 300w, https:\/\/bergbau-gr.ch\/wordpress\/wp-content\/uploads\/2012\/11\/Cotschens-1-346x300.jpg 346w, https:\/\/bergbau-gr.ch\/wordpress\/wp-content\/uploads\/2012\/11\/Cotschens-1.jpg 800w\" sizes=\"auto, (max-width: 144px) 100vw, 144px\" \/><\/a><a href=\"https:\/\/www.bergbau-gr.ch\/wordpress\/wp-content\/uploads\/2012\/11\/Cotschens.jpg\"><img loading=\"lazy\" decoding=\"async\" class=\"alignright wp-image-1762\" title=\"Cotschens\" src=\"https:\/\/www.bergbau-gr.ch\/wordpress\/wp-content\/uploads\/2012\/11\/Cotschens-300x225.jpg\" alt=\"\" width=\"162\" height=\"122\" srcset=\"https:\/\/bergbau-gr.ch\/wordpress\/wp-content\/uploads\/2012\/11\/Cotschens-300x225.jpg 300w, https:\/\/bergbau-gr.ch\/wordpress\/wp-content\/uploads\/2012\/11\/Cotschens-400x300.jpg 400w, https:\/\/bergbau-gr.ch\/wordpress\/wp-content\/uploads\/2012\/11\/Cotschens.jpg 1024w\" sizes=\"auto, (max-width: 162px) 100vw, 162px\" \/><\/a><br \/>\nMehrere nicht befahrbare Stollen auf der linken Talseite \u00fcber dem Marmorerasee. Mundl\u00f6cher, Halden und ausgepr\u00e4gter \u201eEiserner Hut\u201c. Sehr alte Abbauten.<br \/>\nBergbauperiode nicht gesichert. &nbsp;Keine Dokumente vorhanden. BK <a title=\"BK 10\" href=\"https:\/\/www.bergbau-gr.ch\/wordpress\/wp-content\/uploads\/bk\/bk_10.pdf\">10<\/a>, <a href=\"https:\/\/sketchfab.com\/3d-models\/high-alpine-mining-landscape-cotschens-da1cdc49053c418a8d5c0e379d6e05e1\" target=\"_blank\" rel=\"noopener\">3D Modell<\/a><\/p>\n<p><strong>&#8211; Gruba (Gruoba)<a href=\"https:\/\/www.bergbau-gr.ch\/wordpress\/wp-content\/uploads\/2012\/11\/Gruoba-AlpFlix.jpg\"><img loading=\"lazy\" decoding=\"async\" class=\"alignright wp-image-1772\" title=\"Gruoba, AlpFlix\" src=\"https:\/\/www.bergbau-gr.ch\/wordpress\/wp-content\/uploads\/2012\/11\/Gruoba-AlpFlix-300x225.jpg\" alt=\"\" width=\"180\" height=\"135\" srcset=\"https:\/\/bergbau-gr.ch\/wordpress\/wp-content\/uploads\/2012\/11\/Gruoba-AlpFlix-300x225.jpg 300w, https:\/\/bergbau-gr.ch\/wordpress\/wp-content\/uploads\/2012\/11\/Gruoba-AlpFlix-400x300.jpg 400w, https:\/\/bergbau-gr.ch\/wordpress\/wp-content\/uploads\/2012\/11\/Gruoba-AlpFlix.jpg 800w\" sizes=\"auto, (max-width: 180px) 100vw, 180px\" \/><\/a><br \/>\n<\/strong>Im waldigen Gel\u00e4nde auf der rechten Talseite oberhalb des Marmorerasees.<br \/>\nAbbau von Chalkopyrit. &nbsp;Weitere Erze sind Magnetit und Pyrrhotin.<br \/>\nDas Erzlager durch kurze Stollen angefahren.<br \/>\nBergbauperiode; Mittelalter. BK <a href=\"https:\/\/www.bergbau-gr.ch\/wordpress\/wp-content\/uploads\/bk\/bk_67.pdf\">67<\/a><\/p>\n<p><strong>&#8211; Colm da Bovs \/ Ochsenalp<br \/>\n<a href=\"https:\/\/www.bergbau-gr.ch\/wordpress\/wp-content\/uploads\/2018\/07\/ColmBovs.jpg\"><img loading=\"lazy\" decoding=\"async\" class=\"alignright wp-image-7281\" src=\"https:\/\/www.bergbau-gr.ch\/wordpress\/wp-content\/uploads\/2018\/07\/ColmBovs-300x169.jpg\" alt=\"\" width=\"178\" height=\"105\"><\/a><\/strong>Auf der Ochsenalp oberhalb Tinizong gelegen.<br \/>\nVorkommen von Pyrit und Chalkopyrit.<br \/>\nAlle alten Stollen, ca. 14. bis 15. Jh. sind versch\u00fcttet. BK <a title=\"BK 65\" href=\"https:\/\/www.bergbau-gr.ch\/wordpress\/wp-content\/uploads\/bk\/bk_65.pdf\">65<\/a><br \/>\nAuch pr\u00e4historische Funde<br \/>\n<a href=\"https:\/\/sketchfab.com\/3d-models\/high-alpine-mining-landscape-avagna-501f98606e8c4f388b12907e506f52d3\" target=\"_blank\" rel=\"noopener\">3D-Modell<\/a><\/p>\n<p><strong>&#8211; Schmorrasgrat<\/strong><strong><a href=\"https:\/\/www.bergbau-gr.ch\/wordpress\/wp-content\/uploads\/2020\/07\/Schmorras_1_20.jpg\"><img loading=\"lazy\" decoding=\"async\" class=\"alignright wp-image-8245\" src=\"https:\/\/www.bergbau-gr.ch\/wordpress\/wp-content\/uploads\/2020\/07\/Schmorras_1_20-300x169.jpg\" alt=\"Schmorras_1_20\" width=\"179\" height=\"104\"><\/a><br \/>\n<\/strong> am Grat zwischen&nbsp; dem <a title=\"Schmorras\" href=\"http:\/\/naturpark-beverin.ch\/index.php?page=445#Schmorrasgrat:\" target=\"_blank\" rel=\"noopener\">Ferreratal <\/a>und dem Oberhalbstein. BK <a title=\"BK 10\" href=\"https:\/\/www.bergbau-gr.ch\/wordpress\/wp-content\/uploads\/bk\/bk_55.pdf\">55<\/a><\/p>\n<p><strong>Mangan-Bergwerke:<\/strong><br \/>\nAbbau im 19. Jh. bis 1892 sowie w\u00e4hrend des 1. Weltkrieges, d. h. von 1917-1919<br \/>\nund w\u00e4hrend des 2. Weltkrieges, d. h. von 1942-1945; BK <a href=\"https:\/\/www.bergbau-gr.ch\/wordpress\/wp-content\/uploads\/bk\/bk_66.pdf\">66<\/a><a href=\"https:\/\/www.bergbau-gr.ch\/wordpress\/wp-content\/uploads\/2018\/07\/Parsettens.jpg\"><img loading=\"lazy\" decoding=\"async\" class=\"alignright wp-image-7283\" src=\"https:\/\/www.bergbau-gr.ch\/wordpress\/wp-content\/uploads\/2018\/07\/Parsettens-300x286.jpg\" alt=\"\" width=\"180\" height=\"172\" srcset=\"https:\/\/bergbau-gr.ch\/wordpress\/wp-content\/uploads\/2018\/07\/Parsettens-300x286.jpg 300w, https:\/\/bergbau-gr.ch\/wordpress\/wp-content\/uploads\/2018\/07\/Parsettens-150x143.jpg 150w, https:\/\/bergbau-gr.ch\/wordpress\/wp-content\/uploads\/2018\/07\/Parsettens-315x300.jpg 315w, https:\/\/bergbau-gr.ch\/wordpress\/wp-content\/uploads\/2018\/07\/Parsettens.jpg 640w\" sizes=\"auto, (max-width: 180px) 100vw, 180px\" \/><\/a><\/p>\n<p><strong>&#8211; Parsettens<br \/>\n<\/strong>Auf der Alp Parsettens im Val d\u2019Err liegt dieses Manganerzvorkommen.<br \/>\nTagebau.&nbsp; Reste des Bremsberges sind noch sichtbar.<\/p>\n<p><strong>&#8211; Falotta <\/strong><br \/>\nAuf der Alp digl Plaz oberhalb Rona. W\u00e4hrend des 2. Weltkrieges wurde eine Materialseilbahn mit Zwischenstation Alp digl Platz betrieben.<\/p>\n<p><a href=\"https:\/\/www.bergbau-gr.ch\/wordpress\/wp-content\/uploads\/2012\/11\/Manganerz-Lager-Falotta.jpg\"><img loading=\"lazy\" decoding=\"async\" class=\"alignright wp-image-1771\" title=\"Manganerz-Lager Falotta\" src=\"https:\/\/www.bergbau-gr.ch\/wordpress\/wp-content\/uploads\/2012\/11\/Manganerz-Lager-Falotta-300x225.jpg\" alt=\"\" width=\"178\" height=\"137\"><\/a>Bilder: Peter Kuhn \/ Husu<\/p>\n<p><strong>Schmelze Flecs Salouf<br \/>\n<\/strong>Das im Jahre 1828 erbaute \u201cEisenwerk am Stein\u201c bestand aus einem Flossofen, einem Frischofen, zwei Hammerschmitten und Nebengeb\u00e4uden.&nbsp; Genutzt wurde die Wasserkraft des Balandegnbaches.&nbsp; Das Werk wurde 1848 eingestellt. Bis 1909 wurde es noch als Schmiede benutzt.&nbsp; Im Jahre 1930 wurde auch das Wohnhaus aufgegeben. BK: <a title=\"BK 65\" href=\"https:\/\/www.bergbau-gr.ch\/wordpress\/wp-content\/uploads\/bk\/bk_65.pdf\">65<\/a>, <a href=\"https:\/\/www.bergbau-gr.ch\/wordpress\/wp-content\/uploads\/bk\/bk_66.pdf\">66<\/a>, <a href=\"https:\/\/www.bergbau-gr.ch\/wordpress\/wp-content\/uploads\/bk\/bk_67.pdf\">67<\/a><\/p>\n<p><!-- default-view.php -->\n<div\n\tclass=\"ngg-galleryoverview default-view\n\t ngg-ajax-pagination-none\t\"\n\tid=\"ngg-gallery-1614d45140443b37fe0ac12faca86cb3-1\"\n\tdata-gallery-id=\"73\">\n\n\t\t<!-- Thumbnails -->\n\t\t\t\t<div id=\"ngg-image-0\" class=\"ngg-gallery-thumbnail-box\n\t\t\t\t\t\t\t\tngg-8-columns\t\t\t\"\n\t\t\t>\n\t\t\t\t\t\t<div class=\"ngg-gallery-thumbnail\">\n\t\t\t<a href=\"https:\/\/bergbau-gr.ch\/wordpress\/wp-content\/gallery\/flex15\/Foto-4.JPG\"\n\t\t\t\ttitle=\"Alter Talweg von der Juliabr\u00fccke\"\n\t\t\t\tdata-src=\"https:\/\/bergbau-gr.ch\/wordpress\/wp-content\/gallery\/flex15\/Foto-4.JPG\"\n\t\t\t\tdata-thumbnail=\"https:\/\/bergbau-gr.ch\/wordpress\/wp-content\/gallery\/flex15\/thumbs\/thumbs_Foto-4.JPG\"\n\t\t\t\tdata-image-id=\"1126\"\n\t\t\t\tdata-title=\"Foto 4.JPG\"\n\t\t\t\tdata-description=\"Alter Talweg von der Juliabr\u00fccke\"\n\t\t\t\tdata-image-slug=\"foto-4-jpg\"\n\t\t\t\t\t\t\t\t\t\t\t\t\t\t\t\t\t\t\t\tclass=\"shutterset_1614d45140443b37fe0ac12faca86cb3\">\n\t\t\t\t\t\t\t\t<img\n\t\t\t\t\ttitle=\"Foto 4.JPG\"\n\t\t\t\t\talt=\"Foto 4.JPG\"\n\t\t\t\t\tsrc=\"https:\/\/bergbau-gr.ch\/wordpress\/wp-content\/gallery\/flex15\/thumbs\/thumbs_Foto-4.JPG\"\n\t\t\t\t\twidth=\"100\"\n\t\t\t\t\theight=\"75\"\n\t\t\t\t\tstyle=\"max-width:100%;\"\n\t\t\t\t\/>\n\t\t\t<\/a>\n\t\t<\/div>\n\t\t\t\t\t\t\t<\/div>\n\t\t\t\n\t\t\t\t<div id=\"ngg-image-1\" class=\"ngg-gallery-thumbnail-box\n\t\t\t\t\t\t\t\tngg-8-columns\t\t\t\"\n\t\t\t>\n\t\t\t\t\t\t<div class=\"ngg-gallery-thumbnail\">\n\t\t\t<a href=\"https:\/\/bergbau-gr.ch\/wordpress\/wp-content\/gallery\/flex15\/Foto-5.JPG\"\n\t\t\t\ttitle=\"Flossofen\"\n\t\t\t\tdata-src=\"https:\/\/bergbau-gr.ch\/wordpress\/wp-content\/gallery\/flex15\/Foto-5.JPG\"\n\t\t\t\tdata-thumbnail=\"https:\/\/bergbau-gr.ch\/wordpress\/wp-content\/gallery\/flex15\/thumbs\/thumbs_Foto-5.JPG\"\n\t\t\t\tdata-image-id=\"1127\"\n\t\t\t\tdata-title=\"Foto 5.JPG\"\n\t\t\t\tdata-description=\"Flossofen\"\n\t\t\t\tdata-image-slug=\"foto-5-jpg\"\n\t\t\t\t\t\t\t\t\t\t\t\t\t\t\t\t\t\t\t\tclass=\"shutterset_1614d45140443b37fe0ac12faca86cb3\">\n\t\t\t\t\t\t\t\t<img\n\t\t\t\t\ttitle=\"Foto 5.JPG\"\n\t\t\t\t\talt=\"Foto 5.JPG\"\n\t\t\t\t\tsrc=\"https:\/\/bergbau-gr.ch\/wordpress\/wp-content\/gallery\/flex15\/thumbs\/thumbs_Foto-5.JPG\"\n\t\t\t\t\twidth=\"100\"\n\t\t\t\t\theight=\"75\"\n\t\t\t\t\tstyle=\"max-width:100%;\"\n\t\t\t\t\/>\n\t\t\t<\/a>\n\t\t<\/div>\n\t\t\t\t\t\t\t<\/div>\n\t\t\t\n\t\t\t\t<div id=\"ngg-image-2\" class=\"ngg-gallery-thumbnail-box\n\t\t\t\t\t\t\t\tngg-8-columns\t\t\t\"\n\t\t\t>\n\t\t\t\t\t\t<div class=\"ngg-gallery-thumbnail\">\n\t\t\t<a href=\"https:\/\/bergbau-gr.ch\/wordpress\/wp-content\/gallery\/flex15\/Foto-8.JPG\"\n\t\t\t\ttitle=\"Flossofen\"\n\t\t\t\tdata-src=\"https:\/\/bergbau-gr.ch\/wordpress\/wp-content\/gallery\/flex15\/Foto-8.JPG\"\n\t\t\t\tdata-thumbnail=\"https:\/\/bergbau-gr.ch\/wordpress\/wp-content\/gallery\/flex15\/thumbs\/thumbs_Foto-8.JPG\"\n\t\t\t\tdata-image-id=\"1125\"\n\t\t\t\tdata-title=\"Foto 8.JPG\"\n\t\t\t\tdata-description=\"Flossofen\"\n\t\t\t\tdata-image-slug=\"foto-8-jpg\"\n\t\t\t\t\t\t\t\t\t\t\t\t\t\t\t\t\t\t\t\tclass=\"shutterset_1614d45140443b37fe0ac12faca86cb3\">\n\t\t\t\t\t\t\t\t<img\n\t\t\t\t\ttitle=\"Foto 8.JPG\"\n\t\t\t\t\talt=\"Foto 8.JPG\"\n\t\t\t\t\tsrc=\"https:\/\/bergbau-gr.ch\/wordpress\/wp-content\/gallery\/flex15\/thumbs\/thumbs_Foto-8.JPG\"\n\t\t\t\t\twidth=\"100\"\n\t\t\t\t\theight=\"75\"\n\t\t\t\t\tstyle=\"max-width:100%;\"\n\t\t\t\t\/>\n\t\t\t<\/a>\n\t\t<\/div>\n\t\t\t\t\t\t\t<\/div>\n\t\t\t\n\t\t\t\t<div id=\"ngg-image-3\" class=\"ngg-gallery-thumbnail-box\n\t\t\t\t\t\t\t\tngg-8-columns\t\t\t\"\n\t\t\t>\n\t\t\t\t\t\t<div class=\"ngg-gallery-thumbnail\">\n\t\t\t<a href=\"https:\/\/bergbau-gr.ch\/wordpress\/wp-content\/gallery\/flex15\/Foto-7.JPG\"\n\t\t\t\ttitle=\"Flossofen\"\n\t\t\t\tdata-src=\"https:\/\/bergbau-gr.ch\/wordpress\/wp-content\/gallery\/flex15\/Foto-7.JPG\"\n\t\t\t\tdata-thumbnail=\"https:\/\/bergbau-gr.ch\/wordpress\/wp-content\/gallery\/flex15\/thumbs\/thumbs_Foto-7.JPG\"\n\t\t\t\tdata-image-id=\"1129\"\n\t\t\t\tdata-title=\"Foto 7.JPG\"\n\t\t\t\tdata-description=\"Flossofen\"\n\t\t\t\tdata-image-slug=\"foto-7-jpg\"\n\t\t\t\t\t\t\t\t\t\t\t\t\t\t\t\t\t\t\t\tclass=\"shutterset_1614d45140443b37fe0ac12faca86cb3\">\n\t\t\t\t\t\t\t\t<img\n\t\t\t\t\ttitle=\"Foto 7.JPG\"\n\t\t\t\t\talt=\"Foto 7.JPG\"\n\t\t\t\t\tsrc=\"https:\/\/bergbau-gr.ch\/wordpress\/wp-content\/gallery\/flex15\/thumbs\/thumbs_Foto-7.JPG\"\n\t\t\t\t\twidth=\"100\"\n\t\t\t\t\theight=\"75\"\n\t\t\t\t\tstyle=\"max-width:100%;\"\n\t\t\t\t\/>\n\t\t\t<\/a>\n\t\t<\/div>\n\t\t\t\t\t\t\t<\/div>\n\t\t\t\n\t\t\t\t<div id=\"ngg-image-4\" class=\"ngg-gallery-thumbnail-box\n\t\t\t\t\t\t\t\tngg-8-columns\t\t\t\"\n\t\t\t>\n\t\t\t\t\t\t<div class=\"ngg-gallery-thumbnail\">\n\t\t\t<a href=\"https:\/\/bergbau-gr.ch\/wordpress\/wp-content\/gallery\/flex15\/Foto-6.JPG\"\n\t\t\t\ttitle=\"Viva FBG\"\n\t\t\t\tdata-src=\"https:\/\/bergbau-gr.ch\/wordpress\/wp-content\/gallery\/flex15\/Foto-6.JPG\"\n\t\t\t\tdata-thumbnail=\"https:\/\/bergbau-gr.ch\/wordpress\/wp-content\/gallery\/flex15\/thumbs\/thumbs_Foto-6.JPG\"\n\t\t\t\tdata-image-id=\"1128\"\n\t\t\t\tdata-title=\"Foto 6.JPG\"\n\t\t\t\tdata-description=\"Viva FBG\"\n\t\t\t\tdata-image-slug=\"foto-6-jpg\"\n\t\t\t\t\t\t\t\t\t\t\t\t\t\t\t\t\t\t\t\tclass=\"shutterset_1614d45140443b37fe0ac12faca86cb3\">\n\t\t\t\t\t\t\t\t<img\n\t\t\t\t\ttitle=\"Foto 6.JPG\"\n\t\t\t\t\talt=\"Foto 6.JPG\"\n\t\t\t\t\tsrc=\"https:\/\/bergbau-gr.ch\/wordpress\/wp-content\/gallery\/flex15\/thumbs\/thumbs_Foto-6.JPG\"\n\t\t\t\t\twidth=\"100\"\n\t\t\t\t\theight=\"75\"\n\t\t\t\t\tstyle=\"max-width:100%;\"\n\t\t\t\t\/>\n\t\t\t<\/a>\n\t\t<\/div>\n\t\t\t\t\t\t\t<\/div>\n\t\t\t\n\t\t\t\t<div id=\"ngg-image-5\" class=\"ngg-gallery-thumbnail-box\n\t\t\t\t\t\t\t\tngg-8-columns\t\t\t\"\n\t\t\t>\n\t\t\t\t\t\t<div class=\"ngg-gallery-thumbnail\">\n\t\t\t<a href=\"https:\/\/bergbau-gr.ch\/wordpress\/wp-content\/gallery\/flex15\/Foto-12.JPG\"\n\t\t\t\ttitle=\"Frischofen\"\n\t\t\t\tdata-src=\"https:\/\/bergbau-gr.ch\/wordpress\/wp-content\/gallery\/flex15\/Foto-12.JPG\"\n\t\t\t\tdata-thumbnail=\"https:\/\/bergbau-gr.ch\/wordpress\/wp-content\/gallery\/flex15\/thumbs\/thumbs_Foto-12.JPG\"\n\t\t\t\tdata-image-id=\"1131\"\n\t\t\t\tdata-title=\"Foto 12.JPG\"\n\t\t\t\tdata-description=\"Frischofen\"\n\t\t\t\tdata-image-slug=\"foto-12-jpg\"\n\t\t\t\t\t\t\t\t\t\t\t\t\t\t\t\t\t\t\t\tclass=\"shutterset_1614d45140443b37fe0ac12faca86cb3\">\n\t\t\t\t\t\t\t\t<img\n\t\t\t\t\ttitle=\"Foto 12.JPG\"\n\t\t\t\t\talt=\"Foto 12.JPG\"\n\t\t\t\t\tsrc=\"https:\/\/bergbau-gr.ch\/wordpress\/wp-content\/gallery\/flex15\/thumbs\/thumbs_Foto-12.JPG\"\n\t\t\t\t\twidth=\"100\"\n\t\t\t\t\theight=\"75\"\n\t\t\t\t\tstyle=\"max-width:100%;\"\n\t\t\t\t\/>\n\t\t\t<\/a>\n\t\t<\/div>\n\t\t\t\t\t\t\t<\/div>\n\t\t\t\n\t\t\t\t<div id=\"ngg-image-6\" class=\"ngg-gallery-thumbnail-box\n\t\t\t\t\t\t\t\tngg-8-columns\t\t\t\"\n\t\t\t>\n\t\t\t\t\t\t<div class=\"ngg-gallery-thumbnail\">\n\t\t\t<a href=\"https:\/\/bergbau-gr.ch\/wordpress\/wp-content\/gallery\/flex15\/Foto-14.JPG\"\n\t\t\t\ttitle=\"Schlacke\"\n\t\t\t\tdata-src=\"https:\/\/bergbau-gr.ch\/wordpress\/wp-content\/gallery\/flex15\/Foto-14.JPG\"\n\t\t\t\tdata-thumbnail=\"https:\/\/bergbau-gr.ch\/wordpress\/wp-content\/gallery\/flex15\/thumbs\/thumbs_Foto-14.JPG\"\n\t\t\t\tdata-image-id=\"1130\"\n\t\t\t\tdata-title=\"Foto 14.JPG\"\n\t\t\t\tdata-description=\"Schlacke\"\n\t\t\t\tdata-image-slug=\"foto-14-jpg\"\n\t\t\t\t\t\t\t\t\t\t\t\t\t\t\t\t\t\t\t\tclass=\"shutterset_1614d45140443b37fe0ac12faca86cb3\">\n\t\t\t\t\t\t\t\t<img\n\t\t\t\t\ttitle=\"Foto 14.JPG\"\n\t\t\t\t\talt=\"Foto 14.JPG\"\n\t\t\t\t\tsrc=\"https:\/\/bergbau-gr.ch\/wordpress\/wp-content\/gallery\/flex15\/thumbs\/thumbs_Foto-14.JPG\"\n\t\t\t\t\twidth=\"100\"\n\t\t\t\t\theight=\"75\"\n\t\t\t\t\tstyle=\"max-width:100%;\"\n\t\t\t\t\/>\n\t\t\t<\/a>\n\t\t<\/div>\n\t\t\t\t\t\t\t<\/div>\n\t\t\t\n\t\n\t<br style=\"clear: both\" \/>\n\n\t\n\t\t<!-- Pagination -->\n\t\t<div class='ngg-clear'><\/div>\t<\/div>\n<br \/>\n<strong>Pr\u00e4historische Kupfergewinnung im Oberhalbstein<\/strong><br \/>\n<a href=\"https:\/\/www.researchgate.net\/publication\/318264262_Prahistorische_Kupfergewinnung_im_Oberhalbstein?_sg=9mm5NnSuhJ_EDbZwAjzcQcYbnWQVc8QU3i6hIaiBqayt3Pad3m85hTRRLMnPrNT4ZE1rDJYA_g\" target=\"_blank\" rel=\"noopener\">Pr\u00e4historische Kupfergewinnung im Oberhalbstein<\/a>, Universit\u00e4t Z\u00fcrich<br \/>\n<a href=\"http:\/\/bergbauprojekt.blogspot.de\" target=\"_blank\" rel=\"noopener\">Bergbaublog <\/a>\u00fcber die Forschungern der Universit\u00e4t Z\u00fcrich<br \/>\n<a href=\"https:\/\/vimeo.com\/145625073\" target=\"_blank\" rel=\"noopener\">Video <\/a>der Universit\u00e4t Z\u00fcrich, Institut f\u00fcr Arch\u00e4ologie des Forschungsteams von Dr. Rouven Turck \u00fcber die Arbeiten auf Alp Flix Grubas und Alp Natons.<a href=\"https:\/\/www.bergbau-gr.ch\/wordpress\/?page_id=953#Natons\" target=\"_blank\" rel=\"noopener\"> FBG Besuch 2015<br \/>\n<\/a><\/p>\n<p style=\"text-align: right;\">&nbsp;<a title=\"Seitenanfang\" href=\"https:\/\/www.bergbau-gr.ch\/wordpress\/?page_id=1251#top\">zum Seitenanfang<\/a><\/p>\n<p>Bergknappen: BK <a title=\"BK 15\" href=\"https:\/\/www.bergbau-gr.ch\/wordpress\/wp-content\/uploads\/bk\/bk_15.pdf\">15<\/a>, <a title=\"BK 26\" href=\"https:\/\/www.bergbau-gr.ch\/wordpress\/wp-content\/uploads\/bk\/bk_26.pdf\">26<\/a>, <a title=\"BK 27\" href=\"https:\/\/www.bergbau-gr.ch\/wordpress\/wp-content\/uploads\/bk\/bk_27.pdf\">27<\/a>, <a title=\"BK 35\" href=\"https:\/\/www.bergbau-gr.ch\/wordpress\/wp-content\/uploads\/bk\/bk_35.pdf\">35<\/a>, <a title=\"BK 38\" href=\"https:\/\/www.bergbau-gr.ch\/wordpress\/wp-content\/uploads\/bk\/bk_38.pdf\">38<\/a>, <a title=\"BK 43\" href=\"https:\/\/www.bergbau-gr.ch\/wordpress\/wp-content\/uploads\/bk\/bk_43.pdf\">43<\/a>, <a title=\"BK 57\" href=\"https:\/\/www.bergbau-gr.ch\/wordpress\/wp-content\/uploads\/bk\/bk_57.pdf\">57<\/a>, <a title=\"BK 58\" href=\"https:\/\/www.bergbau-gr.ch\/wordpress\/wp-content\/uploads\/bk\/bk_58.pdf\">58<\/a>, <a title=\"BK 65\" href=\"https:\/\/www.bergbau-gr.ch\/wordpress\/wp-content\/uploads\/bk\/bk_65.pdf\">65<\/a>, <a href=\"https:\/\/www.bergbau-gr.ch\/wordpress\/wp-content\/uploads\/bk\/bk_66.pdf\">66<\/a>, <a title=\"BK 67\" href=\"https:\/\/www.bergbau-gr.ch\/wordpress\/wp-content\/uploads\/bk\/bk_67.pdf\">67<\/a>, <a title=\"BK 69\" href=\"https:\/\/www.bergbau-gr.ch\/wordpress\/wp-content\/uploads\/bk\/bk_69.pdf\">69<\/a>, <a title=\"BK 70\" href=\"https:\/\/www.bergbau-gr.ch\/wordpress\/wp-content\/uploads\/bk\/bk_70.pdf\">70<\/a><\/p>\n<p>&nbsp;<\/p>\n","protected":false},"excerpt":{"rendered":"<p>Folgende Bergbaugebiete sind im Oberhalbstein \/ Surses bekannt: Eisen-Bergwerke: &#8211; Cotschens : Mehrere nicht befahrbare Stollen auf der linken Talseite \u00fcber dem Marmorerasee. Mundl\u00f6cher, Halden und ausgepr\u00e4gter \u201eEiserner Hut\u201c. Sehr alte Abbauten. Bergbauperiode nicht gesichert. &nbsp;Keine Dokumente vorhanden. BK 10, &hellip; <a href=\"https:\/\/bergbau-gr.ch\/?page_id=1751\">Weiterlesen <span class=\"meta-nav\">&rarr;<\/span><\/a><\/p>\n","protected":false},"author":1,"featured_media":0,"parent":1284,"menu_order":0,"comment_status":"open","ping_status":"closed","template":"showcase.php","meta":{"ngg_post_thumbnail":0,"footnotes":""},"class_list":["post-1751","page","type-page","status-publish","hentry"],"_links":{"self":[{"href":"https:\/\/bergbau-gr.ch\/index.php?rest_route=\/wp\/v2\/pages\/1751","targetHints":{"allow":["GET"]}}],"collection":[{"href":"https:\/\/bergbau-gr.ch\/index.php?rest_route=\/wp\/v2\/pages"}],"about":[{"href":"https:\/\/bergbau-gr.ch\/index.php?rest_route=\/wp\/v2\/types\/page"}],"author":[{"embeddable":true,"href":"https:\/\/bergbau-gr.ch\/index.php?rest_route=\/wp\/v2\/users\/1"}],"replies":[{"embeddable":true,"href":"https:\/\/bergbau-gr.ch\/index.php?rest_route=%2Fwp%2Fv2%2Fcomments&post=1751"}],"version-history":[{"count":59,"href":"https:\/\/bergbau-gr.ch\/index.php?rest_route=\/wp\/v2\/pages\/1751\/revisions"}],"predecessor-version":[{"id":8585,"href":"https:\/\/bergbau-gr.ch\/index.php?rest_route=\/wp\/v2\/pages\/1751\/revisions\/8585"}],"up":[{"embeddable":true,"href":"https:\/\/bergbau-gr.ch\/index.php?rest_route=\/wp\/v2\/pages\/1284"}],"wp:attachment":[{"href":"https:\/\/bergbau-gr.ch\/index.php?rest_route=%2Fwp%2Fv2%2Fmedia&parent=1751"}],"curies":[{"name":"wp","href":"https:\/\/api.w.org\/{rel}","templated":true}]}}