{"id":1794,"date":"2012-12-01T15:30:44","date_gmt":"2012-12-01T13:30:44","guid":{"rendered":"http:\/\/www.bergbau-gr.ch\/wordpress\/?page_id=1794"},"modified":"2018-08-08T11:03:40","modified_gmt":"2018-08-08T09:03:40","slug":"mittleres-albulatal","status":"publish","type":"page","link":"https:\/\/bergbau-gr.ch\/?page_id=1794","title":{"rendered":"Mittleres Albulatal"},"content":{"rendered":"<p>Folgende Bergbaugebiete sind im mittleren Albulatal bekannt:<\/p>\n<p><strong>Tieftobel<\/strong><strong> Schmitte<\/strong><strong><a href=\"https:\/\/www.bergbau-gr.ch\/wordpress\/wp-content\/uploads\/2012\/12\/Schmittnertobel-1.jpg\"><img loading=\"lazy\" decoding=\"async\" class=\"alignright wp-image-2028\" title=\"Schmittnertobel 2\" src=\"https:\/\/www.bergbau-gr.ch\/wordpress\/wp-content\/uploads\/2012\/12\/Schmittnertobel-1-150x150.jpg\" alt=\"\" width=\"118\" height=\"118\"><\/a>n<br \/>\n<\/strong>Die alten Stollen wurden 1978 bei Arbeiten an der Landwasserstrasse zwischen Schmitten und Wiesen angefahren.&nbsp; Es handelt sich um ein Kupfer- und Bleivorkommen.<br \/>\nBergbauperiode:&nbsp; Die Gruben sind im Verzeichnis von Christian Gadmer (Bergrichter von 1588-1618) aufgef\u00fchrt.&nbsp; In neuerer Zeit wurde kein Abbau mehr betrieben. , <a title=\"BK 82\" href=\"https:\/\/www.bergbau-gr.ch\/wordpress\/wp-content\/uploads\/bk\/bk_82.pdf\">BK 82<\/a>, <a title=\"BK 83\" href=\"https:\/\/www.bergbau-gr.ch\/wordpress\/wp-content\/uploads\/bk\/bk_83.pdf\">BK 83<\/a>ngg_shortcode_0_placeholder<a title=\"BK 82\" href=\"https:\/\/www.bergbau-gr.ch\/wordpress\/wp-content\/uploads\/bk\/bk_82.pdf\"><strong><br \/>\n<\/strong><\/a><\/p>\n<p><strong>Blei-Bergwerk, <\/strong><strong>Schmittner Blyberg<\/strong><a href=\"https:\/\/www.bergbau-gr.ch\/wordpress\/wp-content\/uploads\/2012\/12\/IMG_2913.jpg\"><img loading=\"lazy\" decoding=\"async\" class=\"alignright wp-image-1964\" title=\"Bleiberg Schmitten\" src=\"https:\/\/www.bergbau-gr.ch\/wordpress\/wp-content\/uploads\/2012\/12\/IMG_2913-300x225.jpg\" alt=\"\" width=\"173\" height=\"130\" srcset=\"https:\/\/bergbau-gr.ch\/wordpress\/wp-content\/uploads\/2012\/12\/IMG_2913-300x225.jpg 300w, https:\/\/bergbau-gr.ch\/wordpress\/wp-content\/uploads\/2012\/12\/IMG_2913-1024x768.jpg 1024w, https:\/\/bergbau-gr.ch\/wordpress\/wp-content\/uploads\/2012\/12\/IMG_2913-400x300.jpg 400w, https:\/\/bergbau-gr.ch\/wordpress\/wp-content\/uploads\/2012\/12\/IMG_2913.jpg 1600w\" sizes=\"auto, (max-width: 173px) 100vw, 173px\" \/><\/a><br \/>\nDer relativ grosse Abbau befindet auf 2546 m \u00fc. M., direkt unter dem Grat, welcher den Guggernell mit dem Tiaunhorn verbindet. Neben dem Stollen sind noch die Reste der einstigen Geb\u00e4ulichkeiten zu erkennen. Abgebaut wurden Bleiglanz- und Zinkblende-Erze. Die erste urkundliche Erw\u00e4hnung geht ins Ende des 14. Jh. zur\u00fcck.&nbsp; Das Bergwerk wurde Mitte des 19. Jh. stillgelegt.&nbsp;Besichtigungen: <a title=\"Bleiberg\" href=\"http:\/\/www.erzgruben.ch\/\" target=\"_blank\" rel=\"noopener\">Erzgruben Schmitten<\/a>;&nbsp; <a title=\"BK 12\" href=\"https:\/\/www.bergbau-gr.ch\/wordpress\/wp-content\/uploads\/bk\/bk_12.pdf\">BK 12<\/a>, <a title=\"BK 35\" href=\"https:\/\/www.bergbau-gr.ch\/wordpress\/wp-content\/uploads\/bk\/bk_35.pdf\">BK 35<\/a>, <a title=\"BK 105\" href=\"https:\/\/www.bergbau-gr.ch\/wordpress\/wp-content\/uploads\/bk\/bk_105.pdf\">BK 105<\/a> ngg_shortcode_1_placeholder<a title=\"BK 12\" href=\"https:\/\/www.bergbau-gr.ch\/wordpress\/wp-content\/uploads\/bk\/bk_12.pdf\"><strong><br \/>\n<\/strong><\/a><\/p>\n<p><strong>Fahlerz-Bergwerk Surmin<\/strong>, Filisur\/Falein,<a href=\"https:\/\/www.bergbau-gr.ch\/wordpress\/wp-content\/uploads\/2015\/01\/Surmin_-Rehm_1.jpg\"><img loading=\"lazy\" decoding=\"async\" class=\"alignright wp-image-3938\" src=\"https:\/\/www.bergbau-gr.ch\/wordpress\/wp-content\/uploads\/2015\/01\/Surmin_-Rehm_1.jpg\" alt=\"Surmin_ Rehm_1\" width=\"173\" height=\"130\" srcset=\"https:\/\/bergbau-gr.ch\/wordpress\/wp-content\/uploads\/2015\/01\/Surmin_-Rehm_1.jpg 800w, https:\/\/bergbau-gr.ch\/wordpress\/wp-content\/uploads\/2015\/01\/Surmin_-Rehm_1-300x225.jpg 300w, https:\/\/bergbau-gr.ch\/wordpress\/wp-content\/uploads\/2015\/01\/Surmin_-Rehm_1-400x300.jpg 400w\" sizes=\"auto, (max-width: 173px) 100vw, 173px\" \/><\/a> <a href=\"https:\/\/www.bergbau-gr.ch\/wordpress\/wp-content\/uploads\/2015\/01\/Surmin_-Rehm_2.jpg\"><img loading=\"lazy\" decoding=\"async\" class=\"alignright wp-image-3937\" src=\"https:\/\/www.bergbau-gr.ch\/wordpress\/wp-content\/uploads\/2015\/01\/Surmin_-Rehm_2.jpg\" alt=\"Surmin_ Rehm_2\" width=\"173\" height=\"130\" srcset=\"https:\/\/bergbau-gr.ch\/wordpress\/wp-content\/uploads\/2015\/01\/Surmin_-Rehm_2.jpg 800w, https:\/\/bergbau-gr.ch\/wordpress\/wp-content\/uploads\/2015\/01\/Surmin_-Rehm_2-300x225.jpg 300w, https:\/\/bergbau-gr.ch\/wordpress\/wp-content\/uploads\/2015\/01\/Surmin_-Rehm_2-400x300.jpg 400w\" sizes=\"auto, (max-width: 173px) 100vw, 173px\" \/><\/a><br \/>\nDas Kupfervorkommen liegt weit oberhalb der RhB-Albulalinie (Achtung: das <strong>Betreten des Bahnk\u00f6rpers ist verboten!<\/strong>), unterhalb Falein, in einer steilen Felspartie unter Surmin.&nbsp; Geschr\u00e4mmte Stollen sind erkennbar.<br \/>\nBergbauperiode:&nbsp; keine gesicherten Daten vorhanden.<br \/>\n<a title=\"BK 13\" href=\"https:\/\/www.bergbau-gr.ch\/wordpress\/wp-content\/uploads\/bk\/bk_13.pdf\">BK 13<\/a><\/p>\n<p><strong>Marienkrone<\/strong>, Filisur\/Foppas<br \/>\nAuf der linken Talseite der Albula bei Filisur in den steilen Felsen unterhalb Foppas befindet sich das Kupfervorkommen.&nbsp; Zwei Stollen sind bekannt.<br \/>\nBergbauperiode:&nbsp; keine gesicherten Daten vorhanden.<\/p>\n<p><strong>B\u00e4renb\u00fcel \/Botta digl Uors<\/strong>, Filisur\/Botta digl Uors<br \/>\nDie Blei-Zink-Lagerst\u00e4tte befindet sich SW oberhalb Filisur auf einem bewaldeten H\u00fcgel.&nbsp; Sch\u00fcrfl\u00f6cher und Abraumhalden sind erkennbar.<br \/>\nBergbauperiode:&nbsp; keine gesicherten Daten vorhanden.<\/p>\n<p><strong>St. Johann<\/strong>, ausserhalb Alvaneu<a href=\"https:\/\/www.bergbau-gr.ch\/wordpress\/wp-content\/uploads\/2012\/12\/Alvaneu-1.jpg\"><img loading=\"lazy\" decoding=\"async\" class=\"alignright wp-image-1887\" title=\"Alvaneu 1\" src=\"https:\/\/www.bergbau-gr.ch\/wordpress\/wp-content\/uploads\/2012\/12\/Alvaneu-1-224x300.jpg\" alt=\"\" width=\"117\" height=\"153\"><\/a> Bad<br \/>\nDie Abbaustelle liegt zwischen Surava und Alvaneu Bad oberhalb der Bahnlinie.<br \/>\nAchtung: das <strong>Betreten des Bahnk\u00f6rpers ist verboten!&nbsp;<\/strong><br \/>\nAbbau auf Bleiglanz, eine Abbauzeit kann nicht zuverl\u00e4ssig bestimmt werden.<br \/>\nDer Hauptstollen wurde beim Bahnbau angefahren und durch die Dammsch\u00fcttung zugedeckt.&nbsp; Der heute befahrbare Stollen im Dolomitgestein ist ca. 40 m tief (Bohrl\u00f6cher sichtbar), eine Pinge einige Meter daneben ist versch\u00fcttet. <a title=\"BK 31\" href=\"https:\/\/www.bergbau-gr.ch\/wordpress\/wp-content\/uploads\/bk\/bk_31.pdf\">BK 31<\/a> ngg_shortcode_2_placeholder<\/p>\n<p><strong>Kalkwerk Surava<br \/>\n<\/strong>Die Abbauten sowie der Kalkofen befinden sich an der Kantonsstrasse am \u00f6stlichen Dorfausgang von Surava.&nbsp; Der Ofen ist gut erhalten.&nbsp; Der Kalkstein wurde direkt hinter dem Ofen in den dortigen Felsen im Tagebau und in kurzen Stollen abgebaut. Das Werkgel\u00e4nde befindet sich in Privatbesitz und darf nicht betreten werden.<br \/>\nBergbauperiode:&nbsp; In Surava wurde schon in fr\u00fcheren Zeiten Kalkstein abgebaut und Kalk gebrannt.&nbsp; 1920 wurde eine neue Abbaukonzession vergeben.&nbsp; Das Werk stand bis zum Brand von 1948 in Betrieb. In der letzten Zeit wurden Versuche mit Steinwolle gemacht. <strong><br \/>\n<\/strong><\/p>\n<p><strong>Tgant Ladrung, Tiefencastel<\/strong><\/p>\n<p><a href=\"https:\/\/www.bergbau-gr.ch\/wordpress\/wp-content\/uploads\/2013\/04\/Ladrung-3.jpg\"><img loading=\"lazy\" decoding=\"async\" class=\" wp-image-2816 alignright\" src=\"https:\/\/www.bergbau-gr.ch\/wordpress\/wp-content\/uploads\/2013\/04\/Ladrung-3-200x300.jpg\" alt=\"\" width=\"96\" height=\"144\" srcset=\"https:\/\/bergbau-gr.ch\/wordpress\/wp-content\/uploads\/2013\/04\/Ladrung-3-200x300.jpg 200w, https:\/\/bergbau-gr.ch\/wordpress\/wp-content\/uploads\/2013\/04\/Ladrung-3.jpg 667w\" sizes=\"auto, (max-width: 96px) 100vw, 96px\" \/><\/a><\/p>\n<p><a href=\"https:\/\/www.bergbau-gr.ch\/wordpress\/wp-content\/uploads\/2013\/04\/Ladrung-2.jpg\"><img loading=\"lazy\" decoding=\"async\" class=\" wp-image-2817 alignright\" src=\"https:\/\/www.bergbau-gr.ch\/wordpress\/wp-content\/uploads\/2013\/04\/Ladrung-2-200x300.jpg\" alt=\"\" width=\"96\" height=\"144\" srcset=\"https:\/\/bergbau-gr.ch\/wordpress\/wp-content\/uploads\/2013\/04\/Ladrung-2-200x300.jpg 200w, https:\/\/bergbau-gr.ch\/wordpress\/wp-content\/uploads\/2013\/04\/Ladrung-2.jpg 667w\" sizes=\"auto, (max-width: 96px) 100vw, 96px\" \/><\/a><strong><a href=\"https:\/\/www.bergbau-gr.ch\/wordpress\/wp-content\/uploads\/2013\/04\/Ladrung-1.jpg\"><img loading=\"lazy\" decoding=\"async\" class=\"alignright wp-image-2819\" src=\"https:\/\/www.bergbau-gr.ch\/wordpress\/wp-content\/uploads\/2013\/04\/Ladrung-1-200x300.jpg\" alt=\"Ladrung 1\" width=\"96\" height=\"144\" srcset=\"https:\/\/bergbau-gr.ch\/wordpress\/wp-content\/uploads\/2013\/04\/Ladrung-1-200x300.jpg 200w, https:\/\/bergbau-gr.ch\/wordpress\/wp-content\/uploads\/2013\/04\/Ladrung-1.jpg 667w\" sizes=\"auto, (max-width: 96px) 100vw, 96px\" \/><\/a><\/strong><\/p>\n<p>Im Wald oberhalb der Kantonsstrasse zwischen Tiefenkastel und Savognin gelegen.<br \/>\nAbbau von Magnetit und Pyrit im 19. und anfangs des 20. Jh.<br \/>\nTagebau als Halde im Wald.&nbsp; Die angelegten Stollen sind versch\u00fcttet.<br \/>\nAm Alpweg noch \u00fcberwachsene Ruinen.<\/p>\n<p><strong>Gips-Bergwerk, Alvaschein:<\/strong><br \/>\nAnl\u00e4sslich der Grenzziehung zwischen den Gemeinden Alvaschein und Tiefencastel im Jahre 1697 wird das Gipslager&nbsp; als einer der Grenzpunkte genannt. Bis 1853 fand kein gr\u00f6sserer Abbau statt. Beim Bau des Bades Alvaneu wurde Gips von Alvaschein abgebaut und verwendet.<br \/>\nZwischen 1903 bis 1906 wurde weiter Gips abgebaut. Nach einem Brand wurden die bergm\u00e4nnischen Arbeiten eingestellt. 1927 entstand eine neue Gipsfabrik. &nbsp;Diese wurde von der Gipsunion AG \u00fcbernommen. Der Bergbau dauerte noch bis 1967.&nbsp; Dann wurde das Bergwerk stillgelegt. Links: Gemeinde <a title=\"Alvaschein\" href=\"http:\/\/www.alvaschein.ch\/index.php?idcatside=63\" target=\"_blank\" rel=\"noopener\">Alvaschein<\/a>, <a title=\"BK 63\" href=\"https:\/\/www.bergbau-gr.ch\/wordpress\/wp-content\/uploads\/bk\/bk_63.pdf\" target=\"_blank\" rel=\"noopener\">BK 63<\/a>, weitere Bilder von der <a title=\"FBG-Versammlung\" href=\"https:\/\/www.bergbau-gr.ch\/wordpress\/?page_id=2545\">FBG-Versammlung<\/a><strong><br \/>\n<\/strong> ngg_shortcode_3_placeholder<strong><br \/>\n<\/strong><\/p>\n<p>Bilder: Peter Kuhn<\/p>\n<p style=\"text-align: right;\">&nbsp;<a title=\"Seitenanfang\" href=\"https:\/\/www.bergbau-gr.ch\/wordpress\/?page_id=1251#top\">zum Seitenanfang<\/a><\/p>\n<p>Bergknappen: <a title=\"BK 9\" href=\"https:\/\/www.bergbau-gr.ch\/wordpress\/wp-content\/uploads\/bk\/bk_9.pdf\">BK 9<\/a>, <a title=\"BK 13\" href=\"https:\/\/www.bergbau-gr.ch\/wordpress\/wp-content\/uploads\/bk\/bk_13.pdf\">BK 13<\/a>, <a title=\"BK 31\" href=\"https:\/\/www.bergbau-gr.ch\/wordpress\/wp-content\/uploads\/bk\/bk_31.pdf\">BK 31<\/a>, <a title=\"BK 35\" href=\"https:\/\/www.bergbau-gr.ch\/wordpress\/wp-content\/uploads\/bk\/bk_35.pdf\">BK 35<\/a>, <a title=\"BK 82\" href=\"https:\/\/www.bergbau-gr.ch\/wordpress\/wp-content\/uploads\/bk\/bk_82.pdf\">BK 82<\/a>, <a title=\"BK 83\" href=\"https:\/\/www.bergbau-gr.ch\/wordpress\/wp-content\/uploads\/bk\/bk_83.pdf\">BK 83 <\/a><strong><br \/>\n<\/strong><\/p>\n","protected":false},"excerpt":{"rendered":"<p>Folgende Bergbaugebiete sind im mittleren Albulatal bekannt: Tieftobel Schmitten Die alten Stollen wurden 1978 bei Arbeiten an der Landwasserstrasse zwischen Schmitten und Wiesen angefahren.&nbsp; Es handelt sich um ein Kupfer- und Bleivorkommen. Bergbauperiode:&nbsp; Die Gruben sind im Verzeichnis von Christian &hellip; <a href=\"https:\/\/bergbau-gr.ch\/?page_id=1794\">Weiterlesen <span class=\"meta-nav\">&rarr;<\/span><\/a><\/p>\n","protected":false},"author":1,"featured_media":0,"parent":1284,"menu_order":0,"comment_status":"open","ping_status":"closed","template":"showcase.php","meta":{"ngg_post_thumbnail":0,"footnotes":""},"class_list":["post-1794","page","type-page","status-publish","hentry"],"_links":{"self":[{"href":"https:\/\/bergbau-gr.ch\/index.php?rest_route=\/wp\/v2\/pages\/1794","targetHints":{"allow":["GET"]}}],"collection":[{"href":"https:\/\/bergbau-gr.ch\/index.php?rest_route=\/wp\/v2\/pages"}],"about":[{"href":"https:\/\/bergbau-gr.ch\/index.php?rest_route=\/wp\/v2\/types\/page"}],"author":[{"embeddable":true,"href":"https:\/\/bergbau-gr.ch\/index.php?rest_route=\/wp\/v2\/users\/1"}],"replies":[{"embeddable":true,"href":"https:\/\/bergbau-gr.ch\/index.php?rest_route=%2Fwp%2Fv2%2Fcomments&post=1794"}],"version-history":[{"count":65,"href":"https:\/\/bergbau-gr.ch\/index.php?rest_route=\/wp\/v2\/pages\/1794\/revisions"}],"predecessor-version":[{"id":7376,"href":"https:\/\/bergbau-gr.ch\/index.php?rest_route=\/wp\/v2\/pages\/1794\/revisions\/7376"}],"up":[{"embeddable":true,"href":"https:\/\/bergbau-gr.ch\/index.php?rest_route=\/wp\/v2\/pages\/1284"}],"wp:attachment":[{"href":"https:\/\/bergbau-gr.ch\/index.php?rest_route=%2Fwp%2Fv2%2Fmedia&parent=1794"}],"curies":[{"name":"wp","href":"https:\/\/api.w.org\/{rel}","templated":true}]}}