{"id":1800,"date":"2012-12-01T15:42:08","date_gmt":"2012-12-01T13:42:08","guid":{"rendered":"http:\/\/www.bergbau-gr.ch\/wordpress\/?page_id=1800"},"modified":"2021-06-24T17:02:19","modified_gmt":"2021-06-24T15:02:19","slug":"oberes-albulatal","status":"publish","type":"page","link":"https:\/\/bergbau-gr.ch\/?page_id=1800","title":{"rendered":"Oberes Albulatal"},"content":{"rendered":"<p>Folgende Bergbaugebiete sind im oberen Albulatal bekannt:<\/p>\n<p><strong>Schmelze Bellaluna<a href=\"https:\/\/www.bergbau-gr.ch\/wordpress\/wp-content\/uploads\/2012\/12\/Bellaluna.jpg\"><img loading=\"lazy\" decoding=\"async\" class=\"alignright wp-image-1858\" title=\"Bellaluna\" src=\"https:\/\/www.bergbau-gr.ch\/wordpress\/wp-content\/uploads\/2012\/12\/Bellaluna-300x225.jpg\" alt=\"\" width=\"186\" height=\"140\" srcset=\"https:\/\/bergbau-gr.ch\/wordpress\/wp-content\/uploads\/2012\/12\/Bellaluna-300x225.jpg 300w, https:\/\/bergbau-gr.ch\/wordpress\/wp-content\/uploads\/2012\/12\/Bellaluna-400x300.jpg 400w, https:\/\/bergbau-gr.ch\/wordpress\/wp-content\/uploads\/2012\/12\/Bellaluna.jpg 1024w\" sizes=\"auto, (max-width: 186px) 100vw, 186px\" \/><\/a><br \/>\n<\/strong>Die Schmelze Bellaluna liegt an der Kantonsstrasse Filisur-Berg\u00fcn. Sie war im 19. Jahrhundert in Betrieb.&nbsp;&nbsp; Im Zuge des Strassenbaus von 1888&nbsp; direkt durch das verlassene Industriegel\u00e4nde wurde ein Teil der Anlagen zerst\u00f6rt. Praktisch intakt blieben das Verwaltungsgeb\u00e4ude, das heutige Restaurant Bellaluna und zwei vor einigen Jahren durch den FBG restaurierte R\u00f6st\u00f6fen. Neben den R\u00f6st\u00f6fen stehen Mauerteile des Hochofens und neben der Strasse zum Fluss hin sind weitere Ruinen zu finden.<br \/>\nZwischen der Kantonsstrasse und dem Fluss&nbsp; Albula befindet sich unter dem Wald- und Weideboden eine gr\u00f6ssere Schlackendeponie. Das Besondere an der Schmelze Bellaluna ist, dass sowohl Eisen vom Val Tisch und Plazbi, Kupfer von Surmin sowie Blei&nbsp; vom Silberberg verh\u00fcttet wurde. <a title=\"BK 15\" href=\"https:\/\/www.bergbau-gr.ch\/wordpress\/wp-content\/uploads\/bk\/bk_15.pdf\">BK 15<\/a> und <a title=\"BK 120\" href=\"https:\/\/www.bergbau-gr.ch\/wordpress\/wp-content\/uploads\/bk\/bk_120.pdf\">BK 120.<\/a><br \/>\n<a href=\"https:\/\/sketchfab.com\/3d-models\/historische-schmelzanlage-bellaluna-filisur-b8ffb5e1fd1540a0aad9f08dcffd46d0\" target=\"_blank\" rel=\"noopener\">3D-Modell<\/a><\/p>\n<p><a href=\"https:\/\/www.bergbau-gr.ch\/wordpress\/?page_id=6515\"><strong>Aktion zur Rettung, Sanierung der Ruinen Bellaluna<\/strong><\/a>!<\/p>\n<p>ngg_shortcode_0_placeholderBilder: Peter Kuhn<\/p>\n<p><strong>Eisenbergwerke:<\/strong><\/p>\n<p><strong>&#8211; Val Tisch <a href=\"https:\/\/www.bergbau-gr.ch\/wordpress\/wp-content\/uploads\/2012\/12\/Val-Tisch.jpg\"><img loading=\"lazy\" decoding=\"async\" class=\"alignright wp-image-1856\" title=\"Val Tisch\" src=\"https:\/\/www.bergbau-gr.ch\/wordpress\/wp-content\/uploads\/2012\/12\/Val-Tisch-300x225.jpg\" alt=\"\" width=\"144\" height=\"108\" srcset=\"https:\/\/bergbau-gr.ch\/wordpress\/wp-content\/uploads\/2012\/12\/Val-Tisch-300x225.jpg 300w, https:\/\/bergbau-gr.ch\/wordpress\/wp-content\/uploads\/2012\/12\/Val-Tisch-400x300.jpg 400w, https:\/\/bergbau-gr.ch\/wordpress\/wp-content\/uploads\/2012\/12\/Val-Tisch.jpg 1024w\" sizes=\"auto, (max-width: 144px) 100vw, 144px\" \/><\/a><br \/>\n<\/strong>&nbsp;Am S\u00fcdhang des Tales \u00fcber der n\u00e4chsten Gel\u00e4ndestufe nach der Alp Tisch verschiedene versch\u00fcttete Stollen sowie alte Tagebauten. Das Bergwerk auf H\u00e4matit wird in Urkunden aus dem Jahre 1568 schriftlich erw\u00e4hnt. Mit Unterbr\u00fcchen in Betrieb bis Mitte des 19. Jahrhunderts. <strong>Gefahr:<\/strong>&nbsp; Gem\u00e4ss alten Pl\u00e4nen tiefe Sch\u00e4chte<\/p>\n<p><strong>&#8211; Plazbi<a href=\"https:\/\/www.bergbau-gr.ch\/wordpress\/wp-content\/uploads\/2012\/12\/Val-Platzbi1.jpg\"><img loading=\"lazy\" decoding=\"async\" class=\"alignright wp-image-1857\" title=\"Val Platzbi1\" src=\"https:\/\/www.bergbau-gr.ch\/wordpress\/wp-content\/uploads\/2012\/12\/Val-Platzbi1-225x300.jpg\" alt=\"\" width=\"75\" height=\"100\" srcset=\"https:\/\/bergbau-gr.ch\/wordpress\/wp-content\/uploads\/2012\/12\/Val-Platzbi1-225x300.jpg 225w, https:\/\/bergbau-gr.ch\/wordpress\/wp-content\/uploads\/2012\/12\/Val-Platzbi1.jpg 576w\" sizes=\"auto, (max-width: 75px) 100vw, 75px\" \/><\/a><a href=\"https:\/\/www.bergbau-gr.ch\/wordpress\/wp-content\/uploads\/2012\/12\/Val-Plazbi.jpg\"><img loading=\"lazy\" decoding=\"async\" class=\"alignright wp-image-1855\" title=\"Val Plazbi\" src=\"https:\/\/www.bergbau-gr.ch\/wordpress\/wp-content\/uploads\/2012\/12\/Val-Plazbi-300x225.jpg\" alt=\"\" width=\"144\" height=\"108\" srcset=\"https:\/\/bergbau-gr.ch\/wordpress\/wp-content\/uploads\/2012\/12\/Val-Plazbi-300x225.jpg 300w, https:\/\/bergbau-gr.ch\/wordpress\/wp-content\/uploads\/2012\/12\/Val-Plazbi-400x300.jpg 400w, https:\/\/bergbau-gr.ch\/wordpress\/wp-content\/uploads\/2012\/12\/Val-Plazbi.jpg 1024w\" sizes=\"auto, (max-width: 144px) 100vw, 144px\" \/><\/a><br \/>\n<\/strong>Tagebaugraben am Murtel da Fier zuhinterst im Val Plazbi.&nbsp; Versch\u00fcttete Stollen sowie Ruinen einer Knappenunterkunft.&nbsp; Abbau von H\u00e4matit und Siderit. Bergbauperiode wie im Val Tisch<\/p>\n<p><strong>&#8211; Latsch&nbsp; \/ Stuls <\/strong><br \/>\nDas nicht sehr grosse Bergwerk liegt im steilen Waldgel\u00e4nde oberhalb der Strasse zwischen Latsch und Stuls.&nbsp; Eisensulfid-Vorkommen. Gearbeitet wurde an dieser Stelle vor allem w\u00e4hrend der so genannten zweiten Bergbauperiode, d. h. von 1811 bis 1860.<br \/>\n<a href=\"http:\/\/blog.ateliereisen.ch\/wp-content\/uploads\/2016\/10\/plan_fopa_gr.gif\" target=\"_blank\" rel=\"noopener\">Stollenplan<\/a>: Luisa, (<a href=\"http:\/\/blog.ateliereisen.ch\/\" target=\"_blank\" rel=\"noopener\">blog.ateliereisen<\/a>)<\/p>\n<p style=\"text-align: right;\">&nbsp;<a title=\"Seitenanfang\" href=\"https:\/\/www.bergbau-gr.ch\/wordpress\/?page_id=1251#top\">zum Seitenanfang<\/a><\/p>\n<p title=\"BK 9\">Bergknappen: <a title=\"BK 8\" href=\"https:\/\/www.bergbau-gr.ch\/wordpress\/wp-content\/uploads\/bk\/bk_8.pdf\">BK 8<\/a>, <a title=\"BK 9\" href=\"https:\/\/www.bergbau-gr.ch\/wordpress\/wp-content\/uploads\/bk\/bk_9.pdf\">BK 9<\/a>, <a title=\"BK 10\" href=\"https:\/\/www.bergbau-gr.ch\/wordpress\/wp-content\/uploads\/bk\/bk_10.pdf\">BK 10<\/a>, <a title=\"BK 13\" href=\"https:\/\/www.bergbau-gr.ch\/wordpress\/wp-content\/uploads\/bk\/bk_13.pdf\">BK 13<\/a>, <a title=\"BK 15\" href=\"https:\/\/www.bergbau-gr.ch\/wordpress\/wp-content\/uploads\/bk\/bk_15.pdf\">BK 15<\/a>,&nbsp; <a title=\"BK 118\" href=\"https:\/\/www.bergbau-gr.ch\/wordpress\/wp-content\/uploads\/bk\/bk_118.pdf\">BK 118<\/a>, <a title=\"BK 120\" href=\"https:\/\/www.bergbau-gr.ch\/wordpress\/wp-content\/uploads\/bk\/bk_120.pdf\">BK 120<\/a><\/p>\n<p>&nbsp;<\/p>\n<p><strong>&nbsp;<\/strong><\/p>\n","protected":false},"excerpt":{"rendered":"<p>Folgende Bergbaugebiete sind im oberen Albulatal bekannt: Schmelze Bellaluna Die Schmelze Bellaluna liegt an der Kantonsstrasse Filisur-Berg\u00fcn. Sie war im 19. Jahrhundert in Betrieb.&nbsp;&nbsp; Im Zuge des Strassenbaus von 1888&nbsp; direkt durch das verlassene Industriegel\u00e4nde wurde ein Teil der Anlagen &hellip; <a href=\"https:\/\/bergbau-gr.ch\/?page_id=1800\">Weiterlesen <span class=\"meta-nav\">&rarr;<\/span><\/a><\/p>\n","protected":false},"author":1,"featured_media":0,"parent":1284,"menu_order":0,"comment_status":"open","ping_status":"closed","template":"showcase.php","meta":{"ngg_post_thumbnail":0,"footnotes":""},"class_list":["post-1800","page","type-page","status-publish","hentry"],"_links":{"self":[{"href":"https:\/\/bergbau-gr.ch\/index.php?rest_route=\/wp\/v2\/pages\/1800","targetHints":{"allow":["GET"]}}],"collection":[{"href":"https:\/\/bergbau-gr.ch\/index.php?rest_route=\/wp\/v2\/pages"}],"about":[{"href":"https:\/\/bergbau-gr.ch\/index.php?rest_route=\/wp\/v2\/types\/page"}],"author":[{"embeddable":true,"href":"https:\/\/bergbau-gr.ch\/index.php?rest_route=\/wp\/v2\/users\/1"}],"replies":[{"embeddable":true,"href":"https:\/\/bergbau-gr.ch\/index.php?rest_route=%2Fwp%2Fv2%2Fcomments&post=1800"}],"version-history":[{"count":36,"href":"https:\/\/bergbau-gr.ch\/index.php?rest_route=\/wp\/v2\/pages\/1800\/revisions"}],"predecessor-version":[{"id":8584,"href":"https:\/\/bergbau-gr.ch\/index.php?rest_route=\/wp\/v2\/pages\/1800\/revisions\/8584"}],"up":[{"embeddable":true,"href":"https:\/\/bergbau-gr.ch\/index.php?rest_route=\/wp\/v2\/pages\/1284"}],"wp:attachment":[{"href":"https:\/\/bergbau-gr.ch\/index.php?rest_route=%2Fwp%2Fv2%2Fmedia&parent=1800"}],"curies":[{"name":"wp","href":"https:\/\/api.w.org\/{rel}","templated":true}]}}