{"id":1810,"date":"2012-12-01T14:41:44","date_gmt":"2012-12-01T12:41:44","guid":{"rendered":"http:\/\/www.bergbau-gr.ch\/wordpress\/?page_id=1810"},"modified":"2018-08-08T10:38:54","modified_gmt":"2018-08-08T08:38:54","slug":"prattigau","status":"publish","type":"page","link":"https:\/\/bergbau-gr.ch\/?page_id=1810","title":{"rendered":"Pr\u00e4ttigau\/Klosters"},"content":{"rendered":"<p>Folgende Bergbaugebiete sind im Pr\u00e4ttigau bekannt:<\/p>\n<p><strong>St. Jakob \/Gotschna-Casanna, Klosters, <\/strong><a title=\"Landeskarte\" href=\"http:\/\/map.geo.admin.ch\/?Y=781452.5&amp;X=193522.5&amp;zoom=7&amp;bgLayer=ch.swisstopo.pixelkarte-farbe&amp;lang=de\" target=\"_blank\" rel=\"noopener\">Landeskarte<\/a><br \/>\nIm Grubenverzeichnis von Bergrichter Christian Gadmer, welches vom 3.Januar1589 bis 1. Mai 1603 reicht, ist St. Jakob wie folgt verzeichnet<em>: &nbsp;<\/em><em>\u201c<\/em><em>St. Jacob in Casanna unter dem Wilden man<\/em>&#8222;.<br \/>\nDas Bergwerk befindet sich westlich des Casanna-Nordhanges auf ca. 2300 m \u00fc. M.<br \/>\nBergbauperiode:&nbsp; Beginn anfangs des 17. J. mit Unterbr\u00fcchen bis 1618. Einstellung des Bergbaus in Zusammenhang mit dem Bergsturz von Plurs. In den Jahren 1913\/14, 1919 und 1941 immer wieder Interesse an der Grube. Trotz Erteilung einer Konzession keine Wiederaufnahme des Betriebes. Brauneisen- und Manganerzlagerst\u00e4tte. ngg_shortcode_0_placeholder<\/p>\n<p><strong>Schmelze Erezs\u00e4ss, Conterser Schw\u00e4ndi<\/strong><br \/>\nDie Anlage im Fondei auf rund 1560 m \u00fc. M. war zu ihrer Zeit die gr\u00f6sste und wichtigste Schmelze der Region.&nbsp; Wann genau sie errichtet wurde, ist nicht bekannt&nbsp; aber sicher vor 1477.&nbsp; Danach stand sie zeitweise in Betrieb und wurde verschiedene Male auch wieder aufgegeben.&nbsp; Der letzte bekannte Wiederaufbau datiert aus dem Jahre 1542.&nbsp; Verarbeitet wurde Eisenerz, welches vermutlich auch ganz in der N\u00e4he abgebaut worden war.&nbsp; Genauere Angaben dar\u00fcber sind nicht bekannt.<\/p>\n<p><strong>Schwaderloch<\/strong><strong>, Klosters<\/strong><strong>:&nbsp;<\/strong><a title=\"Landeskarte\" href=\"http:\/\/map.geo.admin.ch\/?Y=789075&amp;X=192035&amp;zoom=8&amp;bgLayer=ch.swisstopo.pixelkarte-farbe&amp;lang=de\" target=\"_blank\" rel=\"noopener\">Landeskarte<\/a><a title=\"Landeskarte\" href=\"http:\/\/map.geo.admin.ch\/?Y=789075&amp;X=192035&amp;zoom=8&amp;bgLayer=ch.swisstopo.pixelkarte-farbe&amp;lang=de\"><strong><br \/>\n<\/strong><\/a><strong>&#8211; Inner-Chinntobel,<\/strong><strong> Tirolerloch<\/strong><br \/>\nDie Abbaustelle&nbsp; liegt im Inner-Chinntobel auf ca. 1500 m \u00fc. M. unterhalb eines Felsvorsprungs. &nbsp;Neben dem eigentlichen \u201eTirolerloch\u201c befinden sich noch weitere Sch\u00fcrfstellen. Bergbauperiode:&nbsp; alter Bergbau, keine gesicherten Daten vorhanden. Erz:&nbsp; Pyrit und Goethit (brauner Glaskopf)<br \/>\n<strong>&#8211; Usser Chinn<\/strong>, <strong>Giessenb\u00fcndi<\/strong><br \/>\nDer genaue Standort dieser Anlage ist heute nicht mehr bekannt.&nbsp; Er muss sich an einem lawinensicheren Ort auf der Giessenb\u00fcndi befunden haben.&nbsp; Im Ger\u00f6ll des Ausserchinntobels wurden Schlackenst\u00fccke gefunden.&nbsp; Es existieren keine \u00dcberreste der alten Schmelze. Erz: Pyrit, Siderit.<\/p>\n<p><strong>Schwarzsee-Alp, Klosters&nbsp;<\/strong> <a title=\"Landeskarte\" href=\"http:\/\/map.geo.admin.ch\/?Y=784647.5&amp;X=192240&amp;zoom=8&amp;bgLayer=ch.swisstopo.pixelkarte-farbe&amp;lang=de\" target=\"_blank\" rel=\"noopener\">Landeskarte<\/a><br \/>\nDie Schwarzsee-Alp, ebenfalls auf Gebiet der Gemeinde Klosters ist eher bekannt wegen der dortigen Sesselbahn.&nbsp; Der einzige bekannte Stollen befindet sich etwas oberhalb der Alp auf ca. 1930 m \u00fc. M.&nbsp; Im Gel\u00e4nde nebenan findet sich eine Sch\u00fcrfstelle.<br \/>\nW\u00e4hrend des 2. Weltkrieges wurde der heute teilweise verst\u00fcrzte Stollen vom Milit\u00e4r als Depot benutzt. Erz: Pyrit.<\/p>\n<p><strong>Gipschilchli, Klosters<\/strong> <a title=\"Landeskarte\" href=\"http:\/\/map.geo.admin.ch\/?Y=784647.5&amp;X=192240&amp;zoom=8&amp;bgLayer=ch.swisstopo.pixelkarte-farbe&amp;lang=de\" target=\"_blank\" rel=\"noopener\">Landeskarte<\/a><strong><br \/>\n<\/strong>Im &#8222;Gipschilchli&#8220; auf Gotschnaboden wurde im 19. Jahrhundert Gips in grossen Bl\u00f6cken gebrochen.&nbsp; Die Bl\u00f6cke wurden auf Schlitten zu der so genannten Gipsm\u00fchle bei den &#8222;Br\u00fcggen&#8220; in Klosters verfrachtet.&nbsp; Dort wurde der Gips gemahlen, anschliessend in F\u00e4sser verpackt und ins Unterland verkauft. Gearbeitet wurde im Tagebau. Bergbauperiode: 19. Jh.<\/p>\n<p><strong>Zinkh\u00fctte Klosters <\/strong><br \/>\nIn Klosters Platz, wo heute das Hotel Silvretta steht, wurde im Jahre 1816 ein Zinkmuffelofen errichtet.&nbsp; Es war ein Geb\u00e4ude von 47 m L\u00e4nge, 18 m Breite und 13 m H\u00f6he.&nbsp; In 6 Darr\u00f6fen wurde das f\u00fcr den Schmelzvorgang ben\u00f6tigte Holz getrocknet.&nbsp; Im Durchschnitt wurden j\u00e4hrlich 150 bis 200 t Zinkblende verarbeitet.&nbsp; Die Zinkh\u00fctte war bis in die 30er Jahre des 19. Jh. in Betrieb. Heute ist von der ehemals grossen Anlage nichts mehr vorhanden.<\/p>\n<p><strong>Eretsloch, Gr\u00fcsch <\/strong><a href=\"http:\/\/map.geo.admin.ch\/?Y=768562.50&amp;X=205107.00&amp;zoom=9&amp;bgLayer=ch.swisstopo.pixelkarte-farbe&amp;lang=de&amp;topic=ech\" target=\"_blank\" rel=\"noopener\">&nbsp; Landeskarte<strong><br \/>\n<\/strong><\/a>1540 wurde im Auftrag von Bergrichter Peter Finer von Aspermont nach Erz gegraben, aber nichts gefunden&#8230;. <!-- default-view.php -->\n<div\n\tclass=\"ngg-galleryoverview default-view\n\t ngg-ajax-pagination-none\t\"\n\tid=\"ngg-gallery-0df9322e160ead1fc377f0a1fba3c0d1-1\"\n\tdata-gallery-id=\"75\">\n\n\t\t<!-- Thumbnails -->\n\t\t\t\t<div id=\"ngg-image-0\" class=\"ngg-gallery-thumbnail-box\n\t\t\t\t\t\t\t\tngg-8-columns\t\t\t\"\n\t\t\t>\n\t\t\t\t\t\t<div class=\"ngg-gallery-thumbnail\">\n\t\t\t<a href=\"https:\/\/bergbau-gr.ch\/wordpress\/wp-content\/gallery\/eretsloch\/Erez1.JPG\"\n\t\t\t\ttitle=\"\"\n\t\t\t\tdata-src=\"https:\/\/bergbau-gr.ch\/wordpress\/wp-content\/gallery\/eretsloch\/Erez1.JPG\"\n\t\t\t\tdata-thumbnail=\"https:\/\/bergbau-gr.ch\/wordpress\/wp-content\/gallery\/eretsloch\/thumbs\/thumbs_Erez1.JPG\"\n\t\t\t\tdata-image-id=\"1142\"\n\t\t\t\tdata-title=\"Erez1.JPG\"\n\t\t\t\tdata-description=\"\"\n\t\t\t\tdata-image-slug=\"erez1-jpg\"\n\t\t\t\t\t\t\t\t\t\t\t\t\t\t\t\t\t\t\t\tclass=\"shutterset_0df9322e160ead1fc377f0a1fba3c0d1\">\n\t\t\t\t\t\t\t\t<img\n\t\t\t\t\ttitle=\"Erez1.JPG\"\n\t\t\t\t\talt=\"Erez1.JPG\"\n\t\t\t\t\tsrc=\"https:\/\/bergbau-gr.ch\/wordpress\/wp-content\/gallery\/eretsloch\/thumbs\/thumbs_Erez1.JPG\"\n\t\t\t\t\twidth=\"100\"\n\t\t\t\t\theight=\"75\"\n\t\t\t\t\tstyle=\"max-width:100%;\"\n\t\t\t\t\/>\n\t\t\t<\/a>\n\t\t<\/div>\n\t\t\t\t\t\t\t<\/div>\n\t\t\t\n\t\t\t\t<div id=\"ngg-image-1\" class=\"ngg-gallery-thumbnail-box\n\t\t\t\t\t\t\t\tngg-8-columns\t\t\t\"\n\t\t\t>\n\t\t\t\t\t\t<div class=\"ngg-gallery-thumbnail\">\n\t\t\t<a href=\"https:\/\/bergbau-gr.ch\/wordpress\/wp-content\/gallery\/eretsloch\/Erez3.JPG\"\n\t\t\t\ttitle=\"\"\n\t\t\t\tdata-src=\"https:\/\/bergbau-gr.ch\/wordpress\/wp-content\/gallery\/eretsloch\/Erez3.JPG\"\n\t\t\t\tdata-thumbnail=\"https:\/\/bergbau-gr.ch\/wordpress\/wp-content\/gallery\/eretsloch\/thumbs\/thumbs_Erez3.JPG\"\n\t\t\t\tdata-image-id=\"1138\"\n\t\t\t\tdata-title=\"Erez3.JPG\"\n\t\t\t\tdata-description=\"\"\n\t\t\t\tdata-image-slug=\"erez3-jpg\"\n\t\t\t\t\t\t\t\t\t\t\t\t\t\t\t\t\t\t\t\tclass=\"shutterset_0df9322e160ead1fc377f0a1fba3c0d1\">\n\t\t\t\t\t\t\t\t<img\n\t\t\t\t\ttitle=\"Erez3.JPG\"\n\t\t\t\t\talt=\"Erez3.JPG\"\n\t\t\t\t\tsrc=\"https:\/\/bergbau-gr.ch\/wordpress\/wp-content\/gallery\/eretsloch\/thumbs\/thumbs_Erez3.JPG\"\n\t\t\t\t\twidth=\"100\"\n\t\t\t\t\theight=\"75\"\n\t\t\t\t\tstyle=\"max-width:100%;\"\n\t\t\t\t\/>\n\t\t\t<\/a>\n\t\t<\/div>\n\t\t\t\t\t\t\t<\/div>\n\t\t\t\n\t\t\t\t<div id=\"ngg-image-2\" class=\"ngg-gallery-thumbnail-box\n\t\t\t\t\t\t\t\tngg-8-columns\t\t\t\"\n\t\t\t>\n\t\t\t\t\t\t<div class=\"ngg-gallery-thumbnail\">\n\t\t\t<a href=\"https:\/\/bergbau-gr.ch\/wordpress\/wp-content\/gallery\/eretsloch\/Erez7.JPG\"\n\t\t\t\ttitle=\"\"\n\t\t\t\tdata-src=\"https:\/\/bergbau-gr.ch\/wordpress\/wp-content\/gallery\/eretsloch\/Erez7.JPG\"\n\t\t\t\tdata-thumbnail=\"https:\/\/bergbau-gr.ch\/wordpress\/wp-content\/gallery\/eretsloch\/thumbs\/thumbs_Erez7.JPG\"\n\t\t\t\tdata-image-id=\"1139\"\n\t\t\t\tdata-title=\"Erez7.JPG\"\n\t\t\t\tdata-description=\"\"\n\t\t\t\tdata-image-slug=\"erez7-jpg\"\n\t\t\t\t\t\t\t\t\t\t\t\t\t\t\t\t\t\t\t\tclass=\"shutterset_0df9322e160ead1fc377f0a1fba3c0d1\">\n\t\t\t\t\t\t\t\t<img\n\t\t\t\t\ttitle=\"Erez7.JPG\"\n\t\t\t\t\talt=\"Erez7.JPG\"\n\t\t\t\t\tsrc=\"https:\/\/bergbau-gr.ch\/wordpress\/wp-content\/gallery\/eretsloch\/thumbs\/thumbs_Erez7.JPG\"\n\t\t\t\t\twidth=\"100\"\n\t\t\t\t\theight=\"75\"\n\t\t\t\t\tstyle=\"max-width:100%;\"\n\t\t\t\t\/>\n\t\t\t<\/a>\n\t\t<\/div>\n\t\t\t\t\t\t\t<\/div>\n\t\t\t\n\t\t\t\t<div id=\"ngg-image-3\" class=\"ngg-gallery-thumbnail-box\n\t\t\t\t\t\t\t\tngg-8-columns\t\t\t\"\n\t\t\t>\n\t\t\t\t\t\t<div class=\"ngg-gallery-thumbnail\">\n\t\t\t<a href=\"https:\/\/bergbau-gr.ch\/wordpress\/wp-content\/gallery\/eretsloch\/Erez9.JPG\"\n\t\t\t\ttitle=\"\"\n\t\t\t\tdata-src=\"https:\/\/bergbau-gr.ch\/wordpress\/wp-content\/gallery\/eretsloch\/Erez9.JPG\"\n\t\t\t\tdata-thumbnail=\"https:\/\/bergbau-gr.ch\/wordpress\/wp-content\/gallery\/eretsloch\/thumbs\/thumbs_Erez9.JPG\"\n\t\t\t\tdata-image-id=\"1141\"\n\t\t\t\tdata-title=\"Erez9.JPG\"\n\t\t\t\tdata-description=\"\"\n\t\t\t\tdata-image-slug=\"erez9-jpg\"\n\t\t\t\t\t\t\t\t\t\t\t\t\t\t\t\t\t\t\t\tclass=\"shutterset_0df9322e160ead1fc377f0a1fba3c0d1\">\n\t\t\t\t\t\t\t\t<img\n\t\t\t\t\ttitle=\"Erez9.JPG\"\n\t\t\t\t\talt=\"Erez9.JPG\"\n\t\t\t\t\tsrc=\"https:\/\/bergbau-gr.ch\/wordpress\/wp-content\/gallery\/eretsloch\/thumbs\/thumbs_Erez9.JPG\"\n\t\t\t\t\twidth=\"100\"\n\t\t\t\t\theight=\"75\"\n\t\t\t\t\tstyle=\"max-width:100%;\"\n\t\t\t\t\/>\n\t\t\t<\/a>\n\t\t<\/div>\n\t\t\t\t\t\t\t<\/div>\n\t\t\t\n\t\t\t\t<div id=\"ngg-image-4\" class=\"ngg-gallery-thumbnail-box\n\t\t\t\t\t\t\t\tngg-8-columns\t\t\t\"\n\t\t\t>\n\t\t\t\t\t\t<div class=\"ngg-gallery-thumbnail\">\n\t\t\t<a href=\"https:\/\/bergbau-gr.ch\/wordpress\/wp-content\/gallery\/eretsloch\/Erez15.JPG\"\n\t\t\t\ttitle=\"\"\n\t\t\t\tdata-src=\"https:\/\/bergbau-gr.ch\/wordpress\/wp-content\/gallery\/eretsloch\/Erez15.JPG\"\n\t\t\t\tdata-thumbnail=\"https:\/\/bergbau-gr.ch\/wordpress\/wp-content\/gallery\/eretsloch\/thumbs\/thumbs_Erez15.JPG\"\n\t\t\t\tdata-image-id=\"1137\"\n\t\t\t\tdata-title=\"Erez15.JPG\"\n\t\t\t\tdata-description=\"\"\n\t\t\t\tdata-image-slug=\"erez15-jpg\"\n\t\t\t\t\t\t\t\t\t\t\t\t\t\t\t\t\t\t\t\tclass=\"shutterset_0df9322e160ead1fc377f0a1fba3c0d1\">\n\t\t\t\t\t\t\t\t<img\n\t\t\t\t\ttitle=\"Erez15.JPG\"\n\t\t\t\t\talt=\"Erez15.JPG\"\n\t\t\t\t\tsrc=\"https:\/\/bergbau-gr.ch\/wordpress\/wp-content\/gallery\/eretsloch\/thumbs\/thumbs_Erez15.JPG\"\n\t\t\t\t\twidth=\"100\"\n\t\t\t\t\theight=\"75\"\n\t\t\t\t\tstyle=\"max-width:100%;\"\n\t\t\t\t\/>\n\t\t\t<\/a>\n\t\t<\/div>\n\t\t\t\t\t\t\t<\/div>\n\t\t\t\n\t\t\t\t<div id=\"ngg-image-5\" class=\"ngg-gallery-thumbnail-box\n\t\t\t\t\t\t\t\tngg-8-columns\t\t\t\"\n\t\t\t>\n\t\t\t\t\t\t<div class=\"ngg-gallery-thumbnail\">\n\t\t\t<a href=\"https:\/\/bergbau-gr.ch\/wordpress\/wp-content\/gallery\/eretsloch\/Erez8.JPG\"\n\t\t\t\ttitle=\"\"\n\t\t\t\tdata-src=\"https:\/\/bergbau-gr.ch\/wordpress\/wp-content\/gallery\/eretsloch\/Erez8.JPG\"\n\t\t\t\tdata-thumbnail=\"https:\/\/bergbau-gr.ch\/wordpress\/wp-content\/gallery\/eretsloch\/thumbs\/thumbs_Erez8.JPG\"\n\t\t\t\tdata-image-id=\"1140\"\n\t\t\t\tdata-title=\"Erez8.JPG\"\n\t\t\t\tdata-description=\"\"\n\t\t\t\tdata-image-slug=\"erez8-jpg\"\n\t\t\t\t\t\t\t\t\t\t\t\t\t\t\t\t\t\t\t\tclass=\"shutterset_0df9322e160ead1fc377f0a1fba3c0d1\">\n\t\t\t\t\t\t\t\t<img\n\t\t\t\t\ttitle=\"Erez8.JPG\"\n\t\t\t\t\talt=\"Erez8.JPG\"\n\t\t\t\t\tsrc=\"https:\/\/bergbau-gr.ch\/wordpress\/wp-content\/gallery\/eretsloch\/thumbs\/thumbs_Erez8.JPG\"\n\t\t\t\t\twidth=\"100\"\n\t\t\t\t\theight=\"75\"\n\t\t\t\t\tstyle=\"max-width:100%;\"\n\t\t\t\t\/>\n\t\t\t<\/a>\n\t\t<\/div>\n\t\t\t\t\t\t\t<\/div>\n\t\t\t\n\t\n\t<br style=\"clear: both\" \/>\n\n\t\n\t\t<!-- Pagination -->\n\t\t<div class='ngg-clear'><\/div>\t<\/div>\n<\/p>\n<p style=\"text-align: right;\">&nbsp; &nbsp; <a title=\"Seitenanfang\" href=\"#top\">zum Seitenanfang<\/a><\/p>\n<p><a title=\"BK 9\" href=\"https:\/\/www.bergbau-gr.ch\/wordpress\/wp-content\/uploads\/bk\/bk_9.pdf\">BK 9<\/a> (1979) Seite 20<a title=\"BK 14\" href=\"https:\/\/www.bergbau-gr.ch\/wordpress\/wp-content\/uploads\/bk\/bk_14.pdf\"><br \/>\nBK 14<\/a> (1981) Seiten 13 -17<br \/>\n<a title=\"BK 32\" href=\"https:\/\/www.bergbau-gr.ch\/wordpress\/wp-content\/uploads\/bk\/bk_32.pdf\">BK 32 <\/a>(1985) Seite 17<br \/>\n<a title=\"BK 44\" href=\"https:\/\/www.bergbau-gr.ch\/wordpress\/wp-content\/uploads\/bk\/bk_44.pdf\">BK 44 <\/a>(1988) Seite 15 und <a title=\"BK 44\" href=\"https:\/\/www.bergbau-gr.ch\/wordpress\/wp-content\/uploads\/bk\/bk_45.pdf\">BK 45<\/a><br \/>\n<a title=\"BK 63\" href=\"https:\/\/www.bergbau-gr.ch\/wordpress\/wp-content\/uploads\/bk\/bk_63.pdf\">BK 63<\/a><br \/>\n<a title=\"BK 68\" href=\"https:\/\/www.bergbau-gr.ch\/wordpress\/wp-content\/uploads\/bk\/bk_68.pdf\">BK 68<\/a> (1994) Seiten 21\/&nbsp; 22<br \/>\n<a title=\"BK 72\" href=\"https:\/\/www.bergbau-gr.ch\/wordpress\/wp-content\/uploads\/bk\/bk_72.pdf\">BK 72<\/a>, <a title=\"BK 74\" href=\"https:\/\/www.bergbau-gr.ch\/wordpress\/wp-content\/uploads\/bk\/bk_74.pdf\">74<\/a>, <a title=\"BK 75\" href=\"https:\/\/www.bergbau-gr.ch\/wordpress\/wp-content\/uploads\/bk\/bk_75.pdf\">75<\/a>, <a title=\"BK 76\" href=\"https:\/\/www.bergbau-gr.ch\/wordpress\/wp-content\/uploads\/bk\/bk_76.pdf\">76<\/a><br title=\"BK 44\"> <a title=\"BK 114\" href=\"https:\/\/www.bergbau-gr.ch\/wordpress\/wp-content\/uploads\/bk\/bk_114.pdf\">BK 114<\/a> (2009) Seite 4 -14<br \/>\n<a title=\"BK 115\" href=\"https:\/\/www.bergbau-gr.ch\/wordpress\/wp-content\/uploads\/bk\/bk_115.pdf\">BK 115<\/a> (2009) Seite 3 -10<br \/>\n<a title=\"BK 117\" href=\"https:\/\/www.bergbau-gr.ch\/wordpress\/wp-content\/uploads\/bk\/bk_117.pdf\">BK 117<\/a> (2009) Seite 6 -15<\/p>\n","protected":false},"excerpt":{"rendered":"<p>Folgende Bergbaugebiete sind im Pr\u00e4ttigau bekannt: St. Jakob \/Gotschna-Casanna, Klosters, Landeskarte Im Grubenverzeichnis von Bergrichter Christian Gadmer, welches vom 3.Januar1589 bis 1. Mai 1603 reicht, ist St. Jakob wie folgt verzeichnet: &nbsp;\u201cSt. Jacob in Casanna unter dem Wilden man&#8222;. Das &hellip; <a href=\"https:\/\/bergbau-gr.ch\/?page_id=1810\">Weiterlesen <span class=\"meta-nav\">&rarr;<\/span><\/a><\/p>\n","protected":false},"author":1,"featured_media":0,"parent":1264,"menu_order":0,"comment_status":"open","ping_status":"closed","template":"showcase.php","meta":{"ngg_post_thumbnail":0,"footnotes":""},"class_list":["post-1810","page","type-page","status-publish","hentry"],"_links":{"self":[{"href":"https:\/\/bergbau-gr.ch\/index.php?rest_route=\/wp\/v2\/pages\/1810","targetHints":{"allow":["GET"]}}],"collection":[{"href":"https:\/\/bergbau-gr.ch\/index.php?rest_route=\/wp\/v2\/pages"}],"about":[{"href":"https:\/\/bergbau-gr.ch\/index.php?rest_route=\/wp\/v2\/types\/page"}],"author":[{"embeddable":true,"href":"https:\/\/bergbau-gr.ch\/index.php?rest_route=\/wp\/v2\/users\/1"}],"replies":[{"embeddable":true,"href":"https:\/\/bergbau-gr.ch\/index.php?rest_route=%2Fwp%2Fv2%2Fcomments&post=1810"}],"version-history":[{"count":26,"href":"https:\/\/bergbau-gr.ch\/index.php?rest_route=\/wp\/v2\/pages\/1810\/revisions"}],"predecessor-version":[{"id":7356,"href":"https:\/\/bergbau-gr.ch\/index.php?rest_route=\/wp\/v2\/pages\/1810\/revisions\/7356"}],"up":[{"embeddable":true,"href":"https:\/\/bergbau-gr.ch\/index.php?rest_route=\/wp\/v2\/pages\/1264"}],"wp:attachment":[{"href":"https:\/\/bergbau-gr.ch\/index.php?rest_route=%2Fwp%2Fv2%2Fmedia&parent=1810"}],"curies":[{"name":"wp","href":"https:\/\/api.w.org\/{rel}","templated":true}]}}