{"id":1926,"date":"2012-12-08T13:45:36","date_gmt":"2012-12-08T11:45:36","guid":{"rendered":"http:\/\/www.bergbau-gr.ch\/wordpress\/?page_id=1926"},"modified":"2026-02-27T19:13:49","modified_gmt":"2026-02-27T18:13:49","slug":"bergmannslieder","status":"publish","type":"page","link":"https:\/\/bergbau-gr.ch\/?page_id=1926","title":{"rendered":"Bergmannslieder"},"content":{"rendered":"<p><strong>Der Gesang hat im Bergbau grosse Tradition:<\/strong><\/p>\n<p><strong>Steigerlied:&nbsp;<\/strong> weitere <a href=\"https:\/\/www.liederlexikon.de\/lieder\/glueck_auf_glueck_auf_der_steiger_kommt\" target=\"_blank\" rel=\"noopener\">Infos<\/a>&nbsp;<\/p>\n<p><iframe loading=\"lazy\" title=\"Steigermarsch gespielt vom Bergmusikkorps Saxonia Freiberg\" width=\"584\" height=\"329\" src=\"https:\/\/www.youtube.com\/embed\/3ysOxtHgT9k?feature=oembed\" frameborder=\"0\" allow=\"accelerometer; autoplay; clipboard-write; encrypted-media; gyroscope; picture-in-picture; web-share\" referrerpolicy=\"strict-origin-when-cross-origin\" allowfullscreen><\/iframe><\/p>\n<p>1)&nbsp;Gl\u00fcck auf, Gl\u00fcck auf! Der Steiger kommt,<br \/>\nund er hat sein helles Licht bei der Nacht,<br \/>\nund er hat sein helles Licht bei der Nacht<br \/>\nschon angez\u00fcndt, schon angez\u00fcndt.<\/p>\n<p>2)&nbsp;Hat&#8217;s angez\u00fcndt, &#8217;s wirft seinen Schein,<br \/>\nund damit so fahren wir bei der Nacht,<br \/>\nund damit so fahren wir bei der Nacht<br \/>\nins Bergwerk ein, ins Bergwerk ein.<\/p>\n<p>3) Ins Bergwerk ein, wo die Bergleut&#8216; sein,<br \/>\ndie da graben das Silber und das Gold bei der Nacht,<br \/>\ndie da graben das Silber und das Gold bei der Nacht<br \/>\naus Felsgestein, aus Felsgestein.<\/p>\n<p>4) Der eine gr\u00e4bt das Silber, der andere gr\u00e4bt das Gold.<br \/>\nUnd dem schwarzbraunen M\u00e4gdelein bei der Nacht,<br \/>\nund dem schwarzbraunen M\u00e4gdelein bei der Nacht<br \/>\ndem sein sie hold, dem sein sie hold.<\/p>\n<p>5) Ade, Ade! Herzliebste mein!<br \/>\nUnd da drunten im finsteren Schacht bei der Nacht,<br \/>\nund da drunten im finsteren Schacht bei der Nacht,<br \/>\nda denk ich dein, da denk ich dein.<\/p>\n<p>6) Und kehr&#8216; ich heim zur Liebsten mein,<br \/>\ndann erschallet des Bergmanns Gruss bei der Nacht:<br \/>\ndann erschallet des Bergmanns Gruss bei der Nacht:<br \/>\nGl\u00fcck auf! Gl\u00fcck aufl Gl\u00fcck auf! Gl\u00fcck auf!<\/p>\n<p>7) Wir Bergleut&#8216; sein&#8217;s, kreuzbrave Leut&#8216;,<br \/>\ndenn wir tragen das Leder vor dem Arsch bei der Nacht,<br \/>\ndenn wir tragen das Leder vor dem Arsch bei der Nacht,<br \/>\nund saufen Schnaps, und saufen Schnaps!<\/p>\n<p>&nbsp;<\/p>\n<p><strong>St.Barbara-Lied<\/strong> im Bergwerk Gonzen. Das Grubenlied hat Dr. Werner Manz im Januar 1923 in seiner in Bad Ragaz erschienen Schrift: Der Eisenbergbau am Gonzen ver\u00f6ffentlicht:<a href=\"https:\/\/www.bergbau-gr.ch\/wordpress\/?page_id=1912\" target=\"_blank\" rel=\"noopener\"><img loading=\"lazy\" decoding=\"async\" class=\"ngg-singlepic ngg-none alignright\" src=\"https:\/\/www.bergbau-gr.ch\/wordpress\/wp-content\/gallery\/stbarbara\/gonzen-frontag-06-06-2009-26.jpg\" alt=\"gonzen-frontag-06-06-2009-26\" width=\"326\" height=\"281\"><\/a><\/p>\n<p>1) Allein sei Gott die Ehre,<br \/>\ndem Bergmann Jesu Christ.<br \/>\nGro\u00df&#8216; Wunder kann man sehen,<br \/>\nwie es beschaffen ist<\/p>\n<p>2) Morgens m\u00fcssen wir fr\u00fch aufstehn, das Gebet haben wir verricht&#8216;.<br \/>\nDas Grubengl\u00f6cklein tuet l\u00e4uten,<br \/>\ndazu sein wir verpflicht&#8216;.<\/p>\n<p>3) Ade, mein liebes Kindlein,<br \/>\nwie auch mein liebes Weib.<br \/>\nDie Schicht mu\u00df ich erfahren,<br \/>\nich wei\u00df nicht, wo ich bleib&#8216;.<\/p>\n<p>4) Mit Pulver tuen wir schie\u00dfen,<br \/>\nzersprengen das Gestein.<br \/>\nWie mancher wird blessieret,<br \/>\nam Arme oder Bein.<\/p>\n<p>5) Mit Schl\u00e4gel und mit Eisen<br \/>\nverdienen wir das Brot.<br \/>\nVon selbsten sich&#8217;s erweiset,<br \/>\nviel hundert bleiben&#8217;s tot.<\/p>\n<p>6) Wenn&#8217;s wir ein- und ausfahren,<br \/>\nGott Vater steh&#8216; uns bei!<br \/>\nUnd wenn&#8217;s wir ein- und ausfahren,<br \/>\nSankt Barbara, steh&#8216; uns bei!<\/p>\n<p>&nbsp;<\/p>\n<p><strong>Bergmannslied:<\/strong> Version Gonzen nach der Melodie &#8222;Schon wieder t\u00f6nt&#8217;s vom Turme her&#8220;,<br \/>\nFilm: Knappenchor Bad Bleiberg(A):<\/p>\n<p><iframe loading=\"lazy\" title=\"Schon wieder t\u00f6nt vom Turme her\" width=\"584\" height=\"438\" src=\"https:\/\/www.youtube.com\/embed\/D4YqVb-5oy8?start=10&#038;feature=oembed\" frameborder=\"0\" allow=\"accelerometer; autoplay; clipboard-write; encrypted-media; gyroscope; picture-in-picture; web-share\" referrerpolicy=\"strict-origin-when-cross-origin\" allowfullscreen><\/iframe><\/p>\n<p>1) Schon wieder t\u00f6nt vom Berg zur\u00fcck;<br \/>\ndes Gl\u00f6ckleins munteres Hallen.<br \/>\nUnd jeden ruft&#8217;s zu seiner Pflicht;<br \/>\nzur Arbeit lasst uns wallen.<br \/>\nDrum holdes Liebchen, einen Kuss,<br \/>\nvers\u00e4ume nicht den Hochgenuss.<br \/>\nDas ist des Schicksals Lauf;<br \/>\nGl\u00fcck auf, Gl\u00fcck auf !<\/p>\n<p>2) Und sind wir dann im tiefen Berg,<br \/>\nan unsern Arbeitst\u00e4tten,<br \/>\nso helfe uns St. Barbara,<br \/>\ndass wir viel Gl\u00fcck auch h\u00e4tten!<br \/>\nMan h\u00f6rt des Pulvers Donnerhall,<br \/>\nder Meissel und der Bohrer Schall,<br \/>\nder Wagenr\u00e4der Lauf,<br \/>\nGl\u00fcck auf, Gl\u00fcck auf !<\/p>\n<p>3) Und sollte uns im tiefen Berg,<br \/>\ndas letztes St\u00fcndlein schlagen,<br \/>\nso helfe uns der liebe Gott,<br \/>\ndas schwere Schicksal tragen!<br \/>\nDrum holdes Liebchen, weine nicht,<br \/>\nden Tod nicht scheu&#8217;n ist Bergmannspflicht.<br \/>\nDas ist des Bergmanns Lauf;<br \/>\nGl\u00fcck auf,Gl\u00fcck auf !<\/p>\n<div dir=\"ltr\" data-angle=\"0\" data-font-name=\"g_font_11_0\" data-canvas-width=\"273.7679762649535\">&nbsp;<\/div>\n<p><strong>Songs:<br \/>\n<\/strong><a title=\"Coalmine\" href=\"http:\/\/www.youtube.com\/watch?v=EAzAucMOE0s\" target=\"_blank\" rel=\"noopener\">\u201eworking on a coal mile\u201c<\/a> von lee Dorsey<\/p>\n<p style=\"text-align: right;\"><img loading=\"lazy\" decoding=\"async\" class=\"ngg-singlepic ngg-center aligncenter\" src=\"https:\/\/www.bergbau-gr.ch\/wordpress\/wp-content\/gallery\/schlussabend\/DSC_6758.JPG\" alt=\"DSC_6758\" width=\"526\" height=\"358\">&nbsp; &nbsp; <a title=\"Seitenanfang\" href=\"#top\">zum Seitenanfang<\/a><\/p>\n","protected":false},"excerpt":{"rendered":"<p>Der Gesang hat im Bergbau grosse Tradition: Steigerlied:&nbsp; weitere Infos&nbsp; 1)&nbsp;Gl\u00fcck auf, Gl\u00fcck auf! Der Steiger kommt, und er hat sein helles Licht bei der Nacht, und er hat sein helles Licht bei der Nacht schon angez\u00fcndt, schon angez\u00fcndt. 2)&nbsp;Hat&#8217;s &hellip; <a href=\"https:\/\/bergbau-gr.ch\/?page_id=1926\">Weiterlesen <span class=\"meta-nav\">&rarr;<\/span><\/a><\/p>\n","protected":false},"author":1,"featured_media":0,"parent":67,"menu_order":0,"comment_status":"open","ping_status":"closed","template":"showcase.php","meta":{"ngg_post_thumbnail":0,"footnotes":""},"class_list":["post-1926","page","type-page","status-publish","hentry"],"_links":{"self":[{"href":"https:\/\/bergbau-gr.ch\/index.php?rest_route=\/wp\/v2\/pages\/1926","targetHints":{"allow":["GET"]}}],"collection":[{"href":"https:\/\/bergbau-gr.ch\/index.php?rest_route=\/wp\/v2\/pages"}],"about":[{"href":"https:\/\/bergbau-gr.ch\/index.php?rest_route=\/wp\/v2\/types\/page"}],"author":[{"embeddable":true,"href":"https:\/\/bergbau-gr.ch\/index.php?rest_route=\/wp\/v2\/users\/1"}],"replies":[{"embeddable":true,"href":"https:\/\/bergbau-gr.ch\/index.php?rest_route=%2Fwp%2Fv2%2Fcomments&post=1926"}],"version-history":[{"count":58,"href":"https:\/\/bergbau-gr.ch\/index.php?rest_route=\/wp\/v2\/pages\/1926\/revisions"}],"predecessor-version":[{"id":11504,"href":"https:\/\/bergbau-gr.ch\/index.php?rest_route=\/wp\/v2\/pages\/1926\/revisions\/11504"}],"up":[{"embeddable":true,"href":"https:\/\/bergbau-gr.ch\/index.php?rest_route=\/wp\/v2\/pages\/67"}],"wp:attachment":[{"href":"https:\/\/bergbau-gr.ch\/index.php?rest_route=%2Fwp%2Fv2%2Fmedia&parent=1926"}],"curies":[{"name":"wp","href":"https:\/\/api.w.org\/{rel}","templated":true}]}}