{"id":2139,"date":"2012-12-25T12:36:14","date_gmt":"2012-12-25T10:36:14","guid":{"rendered":"http:\/\/www.bergbau-gr.ch\/wordpress\/?page_id=2139"},"modified":"2013-01-06T13:41:39","modified_gmt":"2013-01-06T11:41:39","slug":"erlebnisarchiv","status":"publish","type":"page","link":"https:\/\/bergbau-gr.ch\/?page_id=2139","title":{"rendered":"Erlebnisse 2012"},"content":{"rendered":"<p><strong>Archiv vom <\/strong><span style=\"text-decoration: underline;\"><strong>2012:<\/strong><\/span><\/p>\n<p>2012, 27. Dezember: <strong><a title=\"Silvesterf\u00fchrung Gonzen\" href=\"https:\/\/www.bergbau-gr.ch\/wordpress\/?page_id=2188\">Silvesterf\u00fchrung Gonzen<\/a><\/strong><\/p>\n<p>2012, 4. Dezember: <a title=\"Barbara\" href=\"https:\/\/www.bergbau-gr.ch\/wordpress\/?page_id=1912\"><strong>Barbarafeier<\/strong><\/a><\/p>\n<p>2012, 10.\/11. November<strong>: <a title=\"Mineralienb\u00f6rse Chur 10.\/11.11.12\" href=\"https:\/\/www.bergbau-gr.ch\/wordpress\/?page_id=6\">Mineralienb\u00f6rse Chur<\/a><\/strong><\/p>\n<p>2012, 2.-7. Oktober: Besuch der B\u00fcndnerdelegation der FBG am <strong><a title=\"Workshop in Bad Bleiberg\" href=\"https:\/\/www.bergbau-gr.ch\/wordpress\/?page_id=1401\"><br \/>\n15. Montanhistorik- und Bergbau-Workshop in Bad Bleiberg<\/a><\/strong>, K\u00e4rnten (A)<strong><\/strong>, (Bilder Peter)<\/p>\n<p>2012, September: Besuch der <a title=\"Old Hundred\" href=\"https:\/\/www.bergbau-gr.ch\/wordpress\/?page_id=685\"><strong>Old Hundred Mine<\/strong> in Silverton<\/a> (CO), USA (Husu)<\/p>\n<p>2012, 28. August: Besuch des <strong><a title=\"Lochezen\" href=\"https:\/\/www.bergbau-gr.ch\/wordpress\/?page_id=1203\">Steinbruches Lochezen<\/a><\/strong>, Walenstadt. F\u00fchrung durch Geopark (Peter)<\/p>\n<p>2012, 25. August: <strong>FBG-Exkursion<\/strong>,<strong>\u00a0 <a title=\"FBG-Exkursion 25.8.12\" href=\"https:\/\/www.bergbau-gr.ch\/wordpress\/?page_id=256\">Val di Lei, Schmelzra<\/a> <\/strong>(Bilder Peter)<\/p>\n<p>2012, 17.-20.Mai: Auffahrtsexkursion<strong><a title=\"Burgberg (Allg\u00e4u)\" href=\"https:\/\/www.bergbau-gr.ch\/wordpress\/?page_id=1609\"> Burgberg<\/a><\/strong> (Allga\u00fc) mit <strong><a title=\"Burgberg (Allg\u00e4u)\" href=\"https:\/\/www.bergbau-gr.ch\/wordpress\/?page_id=1609\">Gr\u00fcnten<\/a><\/strong><\/p>\n","protected":false},"excerpt":{"rendered":"<p>Archiv vom 2012: 2012, 27. Dezember: Silvesterf\u00fchrung Gonzen 2012, 4. Dezember: Barbarafeier 2012, 10.\/11. November: Mineralienb\u00f6rse Chur 2012, 2.-7. Oktober: Besuch der B\u00fcndnerdelegation der FBG am 15. Montanhistorik- und Bergbau-Workshop in Bad Bleiberg, K\u00e4rnten (A), (Bilder Peter) 2012, September: Besuch &hellip; <a href=\"https:\/\/bergbau-gr.ch\/?page_id=2139\">Weiterlesen <span class=\"meta-nav\">&rarr;<\/span><\/a><\/p>\n","protected":false},"author":1,"featured_media":0,"parent":953,"menu_order":0,"comment_status":"open","ping_status":"closed","template":"showcase.php","meta":{"ngg_post_thumbnail":0,"footnotes":""},"class_list":["post-2139","page","type-page","status-publish","hentry"],"_links":{"self":[{"href":"https:\/\/bergbau-gr.ch\/index.php?rest_route=\/wp\/v2\/pages\/2139","targetHints":{"allow":["GET"]}}],"collection":[{"href":"https:\/\/bergbau-gr.ch\/index.php?rest_route=\/wp\/v2\/pages"}],"about":[{"href":"https:\/\/bergbau-gr.ch\/index.php?rest_route=\/wp\/v2\/types\/page"}],"author":[{"embeddable":true,"href":"https:\/\/bergbau-gr.ch\/index.php?rest_route=\/wp\/v2\/users\/1"}],"replies":[{"embeddable":true,"href":"https:\/\/bergbau-gr.ch\/index.php?rest_route=%2Fwp%2Fv2%2Fcomments&post=2139"}],"version-history":[{"count":11,"href":"https:\/\/bergbau-gr.ch\/index.php?rest_route=\/wp\/v2\/pages\/2139\/revisions"}],"predecessor-version":[{"id":2148,"href":"https:\/\/bergbau-gr.ch\/index.php?rest_route=\/wp\/v2\/pages\/2139\/revisions\/2148"}],"up":[{"embeddable":true,"href":"https:\/\/bergbau-gr.ch\/index.php?rest_route=\/wp\/v2\/pages\/953"}],"wp:attachment":[{"href":"https:\/\/bergbau-gr.ch\/index.php?rest_route=%2Fwp%2Fv2%2Fmedia&parent=2139"}],"curies":[{"name":"wp","href":"https:\/\/api.w.org\/{rel}","templated":true}]}}