{"id":2188,"date":"2012-12-28T18:23:59","date_gmt":"2012-12-28T16:23:59","guid":{"rendered":"http:\/\/www.bergbau-gr.ch\/wordpress\/?page_id=2188"},"modified":"2014-11-11T19:22:59","modified_gmt":"2014-11-11T17:22:59","slug":"silvesterfuhrung-gonzen","status":"publish","type":"page","link":"https:\/\/bergbau-gr.ch\/?page_id=2188","title":{"rendered":"Silvesterf\u00fchrung Gonzen"},"content":{"rendered":"<p>Am <strong>27.12.12<\/strong> fand im <strong>Bergwerk Gonzen die traditionelle Silvesterf\u00fchrung<\/strong> mit Stollenf\u00fchren, Knappen und den G\u00e4sten von K\u00e4pfnach, Riethof und SGHB statt.<img loading=\"lazy\" decoding=\"async\" class=\"ngg-singlepic ngg-none alignright\" src=\"https:\/\/www.bergbau-gr.ch\/wordpress\/wp-content\/gallery\/gonzensilvester12\/img_1714.jpg\" alt=\"img_1714\" width=\"288\" height=\"192\" \/><\/p>\n<p>Am Vormittag stapften wir durch den Montpertj\u00f6ris-Stollen, der wegen der kritischen Bewetterung f\u00fcr Besucher gesperrte Stollen, in Stiefeln ab. Der starke Geruch des schwefelhaltigen Wassers und die stellenweise Wasserbedeckung waren einmalig.<br \/>\nAm Nachmittag streiften wir kreuz und quer, links und rechts des Muldenbremsberges umher.ngg_shortcode_0_placeholder<\/p>\n<p>Bilder: Peter und Daniel Kuhn<\/p>\n<p>Vielen Dank den <a title=\"Gonzwnknappen\" href=\"http:\/\/www.bergwerk-gonzen.ch\/Knappenverein\/tabid\/63\/Default.aspx\" target=\"_blank\">Organisatoren <\/a>f\u00fcr das wieder einmalige Befahren von unbekannten und weniger bekannten Gonzeng\u00e4ngen, sowie f\u00fcr das gem\u00fctliche Beisammen sein.<\/p>\n<p>Gl\u00fcck auf!<\/p>\n","protected":false},"excerpt":{"rendered":"<p>Am 27.12.12 fand im Bergwerk Gonzen die traditionelle Silvesterf\u00fchrung mit Stollenf\u00fchren, Knappen und den G\u00e4sten von K\u00e4pfnach, Riethof und SGHB statt. Am Vormittag stapften wir durch den Montpertj\u00f6ris-Stollen, der wegen der kritischen Bewetterung f\u00fcr Besucher gesperrte Stollen, in Stiefeln ab. &hellip; <a href=\"https:\/\/bergbau-gr.ch\/?page_id=2188\">Weiterlesen <span class=\"meta-nav\">&rarr;<\/span><\/a><\/p>\n","protected":false},"author":1,"featured_media":0,"parent":2139,"menu_order":0,"comment_status":"open","ping_status":"closed","template":"showcase.php","meta":{"ngg_post_thumbnail":0,"footnotes":""},"class_list":["post-2188","page","type-page","status-publish","hentry"],"_links":{"self":[{"href":"https:\/\/bergbau-gr.ch\/index.php?rest_route=\/wp\/v2\/pages\/2188","targetHints":{"allow":["GET"]}}],"collection":[{"href":"https:\/\/bergbau-gr.ch\/index.php?rest_route=\/wp\/v2\/pages"}],"about":[{"href":"https:\/\/bergbau-gr.ch\/index.php?rest_route=\/wp\/v2\/types\/page"}],"author":[{"embeddable":true,"href":"https:\/\/bergbau-gr.ch\/index.php?rest_route=\/wp\/v2\/users\/1"}],"replies":[{"embeddable":true,"href":"https:\/\/bergbau-gr.ch\/index.php?rest_route=%2Fwp%2Fv2%2Fcomments&post=2188"}],"version-history":[{"count":31,"href":"https:\/\/bergbau-gr.ch\/index.php?rest_route=\/wp\/v2\/pages\/2188\/revisions"}],"predecessor-version":[{"id":3718,"href":"https:\/\/bergbau-gr.ch\/index.php?rest_route=\/wp\/v2\/pages\/2188\/revisions\/3718"}],"up":[{"embeddable":true,"href":"https:\/\/bergbau-gr.ch\/index.php?rest_route=\/wp\/v2\/pages\/2139"}],"wp:attachment":[{"href":"https:\/\/bergbau-gr.ch\/index.php?rest_route=%2Fwp%2Fv2%2Fmedia&parent=2188"}],"curies":[{"name":"wp","href":"https:\/\/api.w.org\/{rel}","templated":true}]}}