{"id":2283,"date":"2013-01-06T13:10:28","date_gmt":"2013-01-06T11:10:28","guid":{"rendered":"http:\/\/www.bergbau-gr.ch\/wordpress\/?page_id=2283"},"modified":"2013-01-06T13:10:28","modified_gmt":"2013-01-06T11:10:28","slug":"erlebnisse-201011","status":"publish","type":"page","link":"https:\/\/bergbau-gr.ch\/?page_id=2283","title":{"rendered":"Erlebnisse 2010\/11"},"content":{"rendered":"<p><strong>Archiv von 2011 und 2010:<\/strong><\/p>\n<p><span style=\"text-decoration: underline;\"><strong>2011:<\/strong><\/span><\/p>\n<p>2011, 02. \u2013 05. Juni,\u00a0Auffahrtsexkursion in den<strong> <a title=\"Schwarzwald\" href=\"https:\/\/www.bergbau-gr.ch\/wordpress\/?page_id=1368\">S\u00fcd-Schwarzwald <\/a><\/strong><\/p>\n<p>2011, 20.8. FBG-Exkursion, <a title=\"Calanda, Goldene Sonne\" href=\"https:\/\/www.bergbau-gr.ch\/wordpress\/?page_id=429\" target=\"_blank\"><strong>Goldene Sonne<\/strong><\/a>, (Seite <a title=\"Goldene Sonne\" href=\"http:\/\/www.familie-keller.ch\/bergwerke\/goldenesonne_web\/index.html\" target=\"_blank\">Hansj\u00fcrg<\/a>)<\/p>\n<p>&nbsp;<\/p>\n<p><span style=\"text-decoration: underline;\"><strong>2010:<\/strong><\/span><\/p>\n<p>2010, 21.8. <strong><a title=\"M\u00fcrtschenalp\" href=\"http:\/\/www.familie-keller.ch\/bergwerke\/muertschen4_web\/index.html\" target=\"_blank\">Exkursion M\u00fcrtschenalp<\/a><\/strong> (Seite Hansj\u00fcrg)<\/p>\n<p>2010, August: Besuch von in Betrieb stehenden Minen und historischen Bergbauspuren in <strong><a title=\"Bolivia\" href=\"https:\/\/www.bergbau-gr.ch\/wordpress\/wp-content\/uploads\/2012\/09\/Minas-in-Bolivien.pdf\">Bolivien<\/a><\/strong>. (Husu)<\/p>\n","protected":false},"excerpt":{"rendered":"<p>Archiv von 2011 und 2010: 2011: 2011, 02. \u2013 05. Juni,\u00a0Auffahrtsexkursion in den S\u00fcd-Schwarzwald 2011, 20.8. FBG-Exkursion, Goldene Sonne, (Seite Hansj\u00fcrg) &nbsp; 2010: 2010, 21.8. Exkursion M\u00fcrtschenalp (Seite Hansj\u00fcrg) 2010, August: Besuch von in Betrieb stehenden Minen und historischen Bergbauspuren &hellip; <a href=\"https:\/\/bergbau-gr.ch\/?page_id=2283\">Weiterlesen <span class=\"meta-nav\">&rarr;<\/span><\/a><\/p>\n","protected":false},"author":1,"featured_media":0,"parent":953,"menu_order":0,"comment_status":"open","ping_status":"closed","template":"showcase.php","meta":{"ngg_post_thumbnail":0,"footnotes":""},"class_list":["post-2283","page","type-page","status-publish","hentry"],"_links":{"self":[{"href":"https:\/\/bergbau-gr.ch\/index.php?rest_route=\/wp\/v2\/pages\/2283","targetHints":{"allow":["GET"]}}],"collection":[{"href":"https:\/\/bergbau-gr.ch\/index.php?rest_route=\/wp\/v2\/pages"}],"about":[{"href":"https:\/\/bergbau-gr.ch\/index.php?rest_route=\/wp\/v2\/types\/page"}],"author":[{"embeddable":true,"href":"https:\/\/bergbau-gr.ch\/index.php?rest_route=\/wp\/v2\/users\/1"}],"replies":[{"embeddable":true,"href":"https:\/\/bergbau-gr.ch\/index.php?rest_route=%2Fwp%2Fv2%2Fcomments&post=2283"}],"version-history":[{"count":5,"href":"https:\/\/bergbau-gr.ch\/index.php?rest_route=\/wp\/v2\/pages\/2283\/revisions"}],"predecessor-version":[{"id":2288,"href":"https:\/\/bergbau-gr.ch\/index.php?rest_route=\/wp\/v2\/pages\/2283\/revisions\/2288"}],"up":[{"embeddable":true,"href":"https:\/\/bergbau-gr.ch\/index.php?rest_route=\/wp\/v2\/pages\/953"}],"wp:attachment":[{"href":"https:\/\/bergbau-gr.ch\/index.php?rest_route=%2Fwp%2Fv2%2Fmedia&parent=2283"}],"curies":[{"name":"wp","href":"https:\/\/api.w.org\/{rel}","templated":true}]}}