{"id":2422,"date":"2013-01-27T15:51:40","date_gmt":"2013-01-27T13:51:40","guid":{"rendered":"http:\/\/www.bergbau-gr.ch\/wordpress\/?page_id=2422"},"modified":"2020-11-08T13:23:24","modified_gmt":"2020-11-08T11:23:24","slug":"puschlav","status":"publish","type":"page","link":"https:\/\/bergbau-gr.ch\/?page_id=2422","title":{"rendered":"Puschlav"},"content":{"rendered":"<p>Region<strong> Selva<\/strong>, westlich von Le Prese (Gemeinde Poschiavo):<strong><br \/>\n<\/strong><\/p>\n<p><strong>Talk-Nephritabbau <\/strong>in <strong>Scurtaseu, <\/strong><a title=\"Landeskarte Selva\" href=\"http:\/\/map.geo.admin.ch\/?Y=801350.0161&amp;X=130269.67031&amp;zoom=8&amp;bgLayer=ch.swisstopo.pixelkarte-farbe&amp;lang=de\" target=\"_blank\" rel=\"noopener\">Landeskarte<\/a><strong><br \/>\n<\/strong>Das Abbaugebiet liegt oberhalb der Strasse Punt &#8211; Scurtaseu &#8211; Alp Braita im unteren Teil des Val Sassella auf ca. 1580 m \u00fc.M. Mitte der vierziger Jahre wurde zun\u00e4chst manuell mit dem Talkabbau begonnen. Um 1950 wurde das Nephrit-Vorkommen im Puschlav bekannt. 1959 wurde die Grube nach einem Konzessionswechsel mechanisiert. In kurzen Stollen baute man das Talkgestein mit Pressluftbohrern und Sprengungen in zwei Linsen ab.&nbsp; Der l\u00e4ngste Stollen in der Linse A erreichte 1966 eine L\u00e4nge von 33 m. In der Linse B existierten drei kurze und ein l\u00e4ngerer Stollen. Dort erschwerte der in Talkgestein eingelagerte Nephritzug den Abbau erheblich. Als Transportmittel dienten in fr\u00fcheren Jahren Handkarren und Loren. Sp\u00e4ter wurden f\u00fcr die h\u00f6her gelegenen Stollen zwei Materialseilbahnen gebaut.<br \/>\nAb 1963 wird Nephrit (Schweizer Jade) durch das Schweiz. Heimatwerk als Schmuckstein verwertet.<br \/>\n\u00dcber das Ende des Abbaus ist nichts bekannt. Die Stollenmundl\u00f6cher sind versch\u00fcttet. BK <a href=\"https:\/\/www.bergbau-gr.ch\/wordpress\/wp-content\/uploads\/bk\/bk_38.pdf\">38<\/a>-1986, ngg_shortcode_0_placeholder<\/p>\n<p><a href=\"https:\/\/www.bergbau-gr.ch\/wordpress\/wp-content\/uploads\/2013\/01\/Asbestabbau-Quadrada-13.07.2007-02.jpg\" target=\"_blank\" rel=\"noopener\"><img loading=\"lazy\" decoding=\"async\" class=\" wp-image-2476 alignright\" src=\"https:\/\/www.bergbau-gr.ch\/wordpress\/wp-content\/uploads\/2013\/01\/Asbestabbau-Quadrada-13.07.2007-02-300x225.jpg\" alt=\"Asbestabbau oberhalb der Alp Quadrada\" width=\"216\" height=\"162\" srcset=\"https:\/\/bergbau-gr.ch\/wordpress\/wp-content\/uploads\/2013\/01\/Asbestabbau-Quadrada-13.07.2007-02-300x225.jpg 300w, https:\/\/bergbau-gr.ch\/wordpress\/wp-content\/uploads\/2013\/01\/Asbestabbau-Quadrada-13.07.2007-02-400x300.jpg 400w, https:\/\/bergbau-gr.ch\/wordpress\/wp-content\/uploads\/2013\/01\/Asbestabbau-Quadrada-13.07.2007-02.jpg 1000w\" sizes=\"auto, (max-width: 216px) 100vw, 216px\" \/><\/a><\/p>\n<p><a name=\"Quadrada\"><\/a><strong>Asbestabbau<\/strong> oberhalb der Alp <strong>Quadrada<\/strong>, <a title=\"Landeskarte Selva\" href=\"http:\/\/map.geo.admin.ch\/?Y=799900.0161&amp;X=130922.17031&amp;zoom=8&amp;bgLayer=ch.swisstopo.pixelkarte-farbe&amp;lang=de\" target=\"_blank\" rel=\"noopener\">Landeskarte<br \/>\n<\/a><a href=\"https:\/\/www.bergbau-gr.ch\/wordpress\/wp-content\/uploads\/2012\/12\/Amiantes.jpg\" target=\"_blank\" rel=\"noopener\"><img loading=\"lazy\" decoding=\"async\" class=\"alignleft wp-image-2170\" src=\"https:\/\/www.bergbau-gr.ch\/wordpress\/wp-content\/uploads\/2012\/12\/Amiantes-214x300.jpg\" alt=\"Amiantes\" width=\"82\" height=\"115\" srcset=\"https:\/\/bergbau-gr.ch\/wordpress\/wp-content\/uploads\/2012\/12\/Amiantes-214x300.jpg 214w, https:\/\/bergbau-gr.ch\/wordpress\/wp-content\/uploads\/2012\/12\/Amiantes.jpg 428w\" sizes=\"auto, (max-width: 82px) 100vw, 82px\" \/><\/a>Bereits 1878 wurde auf 2000 m \u00fc.M. in der Gegend Quadrada e Canciano nach Asbest gegraben. Nach guten Erfolgen wurde die \u201cAmiantes de Poschiavo\u201d gegr\u00fcndet, die bis zum 2. Weltkrieg t\u00e4tig war. W\u00e4hrend des Krieges wurde der Betrieb eingestellt. In den Nachkriegsjahren wurden wieder einige Versuche unternommen, doch nach kurzer Zeit aufgegeben. 1952 erfolgte die Liquidation.<\/p>\n<p><a name=\"Clef\"><\/a><strong>Clef:<\/strong><br \/>\n&#8211; <strong><a title=\"Serpentinsteinbruch Clef\" href=\"http:\/\/www.serpentin.ch\/de\" target=\"_blank\" rel=\"noopener\">Serpentinsteinbruch<\/a><\/strong> am Strassenende zwischen Clef und Quadradin, wird heute noch abgebaut,<br \/>\n<span style=\"color: #ffffff;\">&#8222;&#8222;<\/span>sehr viele alte Spuren vom Gesteinsabbau zu finden<br \/>\n&#8211; Mundloch eines Stollens an der Strasse Vamporti &#8211; Clef ngg_shortcode_1_placeholder<\/p>\n<p>&nbsp;<\/p>\n<p><strong>Brusio<\/strong>:<\/p>\n<p><a name=\"La_Sassa\"><\/a><strong>Talkgrube <\/strong>von <strong>La Sassa<\/strong>, oberhalb <strong>Selvaplana<\/strong> (Brusio) <a title=\"Miralago, La Sassa\" href=\"http:\/\/map.geo.admin.ch\/?Y=806065.0161&amp;X=128479.67031&amp;zoom=8&amp;bgLayer=ch.swisstopo.pixelkarte-farbe&amp;lang=de\" target=\"_blank\" rel=\"noopener\">Landeskarte<\/a>ngg_shortcode_2_placeholder<br \/>\nAuf Gemeindegebiet Brusio, auf der linken Talseite oberhalb von Selvaplana, in den Felsen von \u201cLa Sassa\u201c. Zum Mundloch der Grube gelangt man auf einer alten, nicht mehr gut auffindbaren Pfadspur auf ca. 1290 m \u00fc.M. Der Stollen f\u00fchrt ca. 50 m in den Berg und ist auf ca. 35 m noch befahrbar.<br \/>\nEine Grundrissskizze des Stollens wurde 1954 von D. E. Zanetti gezeichnet.<br \/>\n1932 wurden auf La Sassa die ersten Abbaue begonnen, Gewinnung des Talks war zum Teil nur mit Sprengstoff m\u00f6glich. Unentbehrlich war aber die Handarbeit, da die Talkadern sehr unregelm\u00e4ssig auftreten. Der Talk wurde nach Brusio transportiert und dort in der heutigen Molkerei zu feinem Pulver vermahlen. Das Material wurde in die Innerschweiz verkauft und fast ausschliesslich f\u00fcr pharmazeutische Zwecke verwendet. Um 1960 wurde diese Fabrik geschlossen, es war das Ende des Talkabbaus in La Sassa. &nbsp; BK <a title=\"BK 47\" href=\"https:\/\/www.bergbau-gr.ch\/wordpress\/wp-content\/uploads\/bk\/bk_47.pdf\">47<\/a>-1989&nbsp;ngg_shortcode_3_placeholder<\/p>\n<p style=\"text-align: right;\"><a title=\"Seitenanfang\" href=\"https:\/\/www.bergbau-gr.ch\/wordpress\/?page_id=1251#top\">zum Seitenanfang<\/a><\/p>\n<p>weitere Berknappen, Puschlav: <span style=\"font-family: Arial;\">BK <a title=\"BK 75\" href=\"https:\/\/www.bergbau-gr.ch\/wordpress\/wp-content\/uploads\/bk\/bk_75.pdf\" target=\"_blank\" rel=\"noopener\">75<\/a>-1996, BK <a title=\"BK 76\" href=\"https:\/\/www.bergbau-gr.ch\/wordpress\/wp-content\/uploads\/bk\/bk_76.pdf\" target=\"_blank\" rel=\"noopener\">76<\/a>-1996, und BK <a title=\"BK 77\" href=\"https:\/\/www.bergbau-gr.ch\/wordpress\/wp-content\/uploads\/bk\/bk_77.pdf\" target=\"_blank\" rel=\"noopener\">77<\/a>-1996, <strong><a title=\"Seitenanfang\" href=\"#top\"><strong>\u0394<\/strong><\/a><\/strong><br \/>\n<\/span><\/p>\n","protected":false},"excerpt":{"rendered":"<p>Region Selva, westlich von Le Prese (Gemeinde Poschiavo): Talk-Nephritabbau in Scurtaseu, Landeskarte Das Abbaugebiet liegt oberhalb der Strasse Punt &#8211; Scurtaseu &#8211; Alp Braita im unteren Teil des Val Sassella auf ca. 1580 m \u00fc.M. Mitte der vierziger Jahre wurde &hellip; <a href=\"https:\/\/bergbau-gr.ch\/?page_id=2422\">Weiterlesen <span class=\"meta-nav\">&rarr;<\/span><\/a><\/p>\n","protected":false},"author":1,"featured_media":0,"parent":889,"menu_order":0,"comment_status":"open","ping_status":"closed","template":"showcase.php","meta":{"ngg_post_thumbnail":0,"footnotes":""},"class_list":["post-2422","page","type-page","status-publish","hentry"],"_links":{"self":[{"href":"https:\/\/bergbau-gr.ch\/index.php?rest_route=\/wp\/v2\/pages\/2422","targetHints":{"allow":["GET"]}}],"collection":[{"href":"https:\/\/bergbau-gr.ch\/index.php?rest_route=\/wp\/v2\/pages"}],"about":[{"href":"https:\/\/bergbau-gr.ch\/index.php?rest_route=\/wp\/v2\/types\/page"}],"author":[{"embeddable":true,"href":"https:\/\/bergbau-gr.ch\/index.php?rest_route=\/wp\/v2\/users\/1"}],"replies":[{"embeddable":true,"href":"https:\/\/bergbau-gr.ch\/index.php?rest_route=%2Fwp%2Fv2%2Fcomments&post=2422"}],"version-history":[{"count":72,"href":"https:\/\/bergbau-gr.ch\/index.php?rest_route=\/wp\/v2\/pages\/2422\/revisions"}],"predecessor-version":[{"id":8343,"href":"https:\/\/bergbau-gr.ch\/index.php?rest_route=\/wp\/v2\/pages\/2422\/revisions\/8343"}],"up":[{"embeddable":true,"href":"https:\/\/bergbau-gr.ch\/index.php?rest_route=\/wp\/v2\/pages\/889"}],"wp:attachment":[{"href":"https:\/\/bergbau-gr.ch\/index.php?rest_route=%2Fwp%2Fv2%2Fmedia&parent=2422"}],"curies":[{"name":"wp","href":"https:\/\/api.w.org\/{rel}","templated":true}]}}