{"id":2545,"date":"2013-03-12T22:13:28","date_gmt":"2013-03-12T20:13:28","guid":{"rendered":"http:\/\/www.bergbau-gr.ch\/wordpress\/?page_id=2545"},"modified":"2015-05-15T12:37:14","modified_gmt":"2015-05-15T10:37:14","slug":"vereinsversammlung-16-3-13-tiefencastel","status":"publish","type":"page","link":"https:\/\/bergbau-gr.ch\/?page_id=2545","title":{"rendered":"Vereinsversammlung, 16.3.13 Tiefencastel"},"content":{"rendered":"<p><strong><a href=\"https:\/\/www.bergbau-gr.ch\/wordpress\/wp-content\/uploads\/bk\/Einladung-Vereinsversammlung_16_3_13.pdf\" rel=\"attachment wp-att-304\"><img loading=\"lazy\" decoding=\"async\" class=\"alignleft\" src=\"https:\/\/www.bergbau-gr.ch\/wordpress\/wp-content\/uploads\/2012\/03\/Logo-schwarz.jpg\" alt=\"Logo schwarz\" width=\"91\" height=\"83\" \/><\/a><span style=\"text-decoration: underline;\">Sa 16. M\u00e4rz<\/span><span style=\"text-decoration: underline;\"> 2013<\/span>,<\/strong> <strong>Vereinsversammlung<\/strong><strong> <a href=\"https:\/\/www.bergbau-gr.ch\/wordpress\/wp-content\/uploads\/bk\/Einladung-Vereinsversammlung_16_3_13.pdf\" rel=\"attachment wp-att-304\"><img loading=\"lazy\" decoding=\"async\" class=\"alignright\" src=\"https:\/\/www.bergbau-gr.ch\/wordpress\/wp-content\/uploads\/2012\/03\/Logo-schwarz.jpg\" alt=\"Logo schwarz\" width=\"91\" height=\"83\" \/><\/a><br \/>\n<\/strong>11:00 Uhr Hotel Albula in Tiefencastel<br \/>\n14:30 Uhr Exkursion zum Gipswerk <a title=\"Gipswerk Alvaschein\" href=\"http:\/\/www.alvaschein.ch\/index.php?idcatside=63\" target=\"_blank\">Alvaschein<\/a><br \/>\nDanke f\u00fcr die Teilnahme,<\/p>\n<p>Bildergalerie vom Gipswerk von Daniel Kuhn:ngg_shortcode_0_placeholder<\/p>\n<p><a title=\"Bergwerke Hansj\u00fcrg\" href=\"http:\/\/www.familie-keller.ch\/bergwerke\/alvaschein\/index.html\" target=\"_blank\">Bildergalerie von Hansj\u00fcrg <\/a>auf <a title=\"Keller Bergwerke\" href=\"http:\/\/www.familie-keller.ch\/bergwerke\/\" target=\"_blank\">Bergwerke-<\/a><a title=\"Keller Bergwerke\" href=\"http:\/\/www.familie-keller.ch\/bergwerke\/\" target=\"_blank\">Familie Keller<\/a>, Hansj\u00fcrg hat uns auch die Nachstollenkaffeerunde spendiert! Ganz, ganz herzlichen Dank!<\/p>\n<p><a title=\"Matti Alvaschein\" href=\"http:\/\/www.matthias-keller.ch\/gipsbergwerk-alvaschein\/index.html\" target=\"_blank\">Bildergalerie von Matthias<\/a><br \/>\n<b>[google-map-v3 width=&#8220;800&#8243; height=&#8220;400&#8243; zoom=&#8220;12&#8243; maptype=&#8220;roadmap&#8220; mapalign=&#8220;center&#8220; directionhint=&#8220;false&#8220; language=&#8220;default&#8220; poweredby=&#8220;false&#8220; maptypecontrol=&#8220;true&#8220; pancontrol=&#8220;true&#8220; zoomcontrol=&#8220;true&#8220; scalecontrol=&#8220;true&#8220; streetviewcontrol=&#8220;true&#8220; scrollwheelcontrol=&#8220;false&#8220; draggable=&#8220;true&#8220; tiltfourtyfive=&#8220;false&#8220; addmarkermashupbubble=&#8220;false&#8220; addmarkermashupbubble=&#8220;false&#8220; addmarkerlist=&#8220;Hotel Albula Tie<b>f<\/b>encastel{}home.png{}Hotel Albula, #http:\/\/www.albula-julier.ch\/sites\/index.php?PID=7#|<b>Gipsm\u00fchle<\/b>, Alvaschein{}mine-2.png{}Gi<b>p<\/b>swerk, #http:\/\/www.alvaschein.ch\/index.php?idcatside=63#|Bahnhof, Tiefencastel{}steamtrain-2.png{}Bahnhof, #<b>http:\/<\/b>\/sbb.ch#&#8220; bubbleautopan=&#8220;true&#8220; showbike=&#8220;false&#8220; showtraffic=&#8220;false&#8220; showpanoramio=&#8220;false&#8220;]<\/b><\/p>\n","protected":false},"excerpt":{"rendered":"<p>Sa 16. M\u00e4rz 2013, Vereinsversammlung 11:00 Uhr Hotel Albula in Tiefencastel 14:30 Uhr Exkursion zum Gipswerk Alvaschein Danke f\u00fcr die Teilnahme, Bildergalerie vom Gipswerk von Daniel Kuhn: Bildergalerie von Hansj\u00fcrg auf Bergwerke-Familie Keller, Hansj\u00fcrg hat uns auch die Nachstollenkaffeerunde spendiert! &hellip; <a href=\"https:\/\/bergbau-gr.ch\/?page_id=2545\">Weiterlesen <span class=\"meta-nav\">&rarr;<\/span><\/a><\/p>\n","protected":false},"author":1,"featured_media":0,"parent":3010,"menu_order":0,"comment_status":"open","ping_status":"closed","template":"showcase.php","meta":{"ngg_post_thumbnail":0,"footnotes":""},"class_list":["post-2545","page","type-page","status-publish","hentry"],"_links":{"self":[{"href":"https:\/\/bergbau-gr.ch\/index.php?rest_route=\/wp\/v2\/pages\/2545","targetHints":{"allow":["GET"]}}],"collection":[{"href":"https:\/\/bergbau-gr.ch\/index.php?rest_route=\/wp\/v2\/pages"}],"about":[{"href":"https:\/\/bergbau-gr.ch\/index.php?rest_route=\/wp\/v2\/types\/page"}],"author":[{"embeddable":true,"href":"https:\/\/bergbau-gr.ch\/index.php?rest_route=\/wp\/v2\/users\/1"}],"replies":[{"embeddable":true,"href":"https:\/\/bergbau-gr.ch\/index.php?rest_route=%2Fwp%2Fv2%2Fcomments&post=2545"}],"version-history":[{"count":17,"href":"https:\/\/bergbau-gr.ch\/index.php?rest_route=\/wp\/v2\/pages\/2545\/revisions"}],"predecessor-version":[{"id":4519,"href":"https:\/\/bergbau-gr.ch\/index.php?rest_route=\/wp\/v2\/pages\/2545\/revisions\/4519"}],"up":[{"embeddable":true,"href":"https:\/\/bergbau-gr.ch\/index.php?rest_route=\/wp\/v2\/pages\/3010"}],"wp:attachment":[{"href":"https:\/\/bergbau-gr.ch\/index.php?rest_route=%2Fwp%2Fv2%2Fmedia&parent=2545"}],"curies":[{"name":"wp","href":"https:\/\/api.w.org\/{rel}","templated":true}]}}