{"id":318,"date":"2012-08-22T14:31:52","date_gmt":"2012-08-22T12:31:52","guid":{"rendered":"http:\/\/www.bergbau-gr.ch\/wordpress\/?page_id=318"},"modified":"2018-08-08T10:47:04","modified_gmt":"2018-08-08T08:47:04","slug":"berninapass","status":"publish","type":"page","link":"https:\/\/bergbau-gr.ch\/?page_id=318","title":{"rendered":"Berninapass"},"content":{"rendered":"<p><strong>Val Minor <\/strong><a href=\"https:\/\/www.bergbau-gr.ch\/wordpress\/wp-content\/uploads\/2012\/08\/Minor1.jpg\"><img loading=\"lazy\" decoding=\"async\" class=\"alignright wp-image-328\" title=\"Minor\" src=\"https:\/\/www.bergbau-gr.ch\/wordpress\/wp-content\/uploads\/2012\/08\/Minor1.jpg\" alt=\"\" width=\"174\" height=\"131\"><\/a><br \/>\nMehrere Stollen am steilen Berghang \u00fcber dem Lej Minor. Die meisten Stollen aber versch\u00fcttet und schwer zug\u00e4nglich. Bergbauperiode ca.11.&nbsp; bis 17. Jahrhundert. Erstmalige Erw\u00e4hnung in den so genannten Gamertinger-Vertr\u00e4gen von 1139.<br \/>\n<a title=\"Karte\" href=\"http:\/\/map.geo.admin.ch\/?Y=799755.0161&amp;X=146237.17031&amp;zoom=8&amp;bgLayer=ch.swisstopo.pixelkarte-farbe&amp;lang=de\" target=\"_blank\" rel=\"noopener\">&#8211; Landeskarte<\/a><br \/>\n<a title=\"Besucherbergwerke GR\" href=\"https:\/\/www.bergbau-gr.ch\/wordpress\/?page_id=821\">&#8211; F\u00fchrungen<\/a><br \/>\n&#8211; <a title=\"Val Minor\" href=\"http:\/\/www.familie-keller.ch\/bergwerke\/minor_web\/index.html\" target=\"_blank\" rel=\"noopener\">1997 (Hansj\u00fcrg)<\/a><\/p>\n<p><strong>Camino <\/strong>oder Camin<strong>:<a href=\"https:\/\/www.bergbau-gr.ch\/wordpress\/wp-content\/uploads\/2012\/09\/Camino1.jpg\"><img loading=\"lazy\" decoding=\"async\" class=\"alignright wp-image-1153\" title=\"Camino\" src=\"https:\/\/www.bergbau-gr.ch\/wordpress\/wp-content\/uploads\/2012\/09\/Camino1-225x300.jpg\" alt=\"\" width=\"126\" height=\"168\" srcset=\"https:\/\/bergbau-gr.ch\/wordpress\/wp-content\/uploads\/2012\/09\/Camino1-225x300.jpg 225w, https:\/\/bergbau-gr.ch\/wordpress\/wp-content\/uploads\/2012\/09\/Camino1.jpg 576w\" sizes=\"auto, (max-width: 126px) 100vw, 126px\" \/><\/a><br \/>\n<\/strong>Im Gel\u00e4nde s\u00fcdlich der Passh\u00f6he, bereits auf Gebiet der Gemeinde Poschiavo zwei kleine Stollen sowie Sch\u00fcrfstellen. Bergbauperiode 12.\/13. Jahrhundert. Im Pachtvertrag zwischen Egino von Matsch und der Gemeinde Poschiavo vom 28. Mai 1200 sind Abbaurechte f\u00fcr alle Erze im Valle Poschiavo erw\u00e4hnt.<br \/>\n<a title=\"Karte\" href=\"http:\/\/map.geo.admin.ch\/?Y=799195.0161&amp;X=143044.67031&amp;zoom=8&amp;bgLayer=ch.swisstopo.pixelkarte-farbe&amp;lang=dehttp:\/\/\" target=\"_blank\" rel=\"noopener\">&#8211; Landeskarte<\/a><br \/>\n<a title=\"Besucherbergwerke GR\" href=\"https:\/\/www.bergbau-gr.ch\/wordpress\/?page_id=821\">&#8211; F\u00fchrungen<\/a><br \/>\n&#8211; <a title=\"Val Minor\" href=\"http:\/\/www.familie-keller.ch\/bergwerke\/camino_web\/index.html\" target=\"_blank\" rel=\"noopener\">1997 (Hansj\u00fcrg)<\/a><\/p>\n<p><strong>La Motta:<br \/>\n<\/strong>Gegen\u00fcber der H\u00e4usergruppe von La Motta zieht sich auf der linken Seite der Pass-Strasse&nbsp; eine Mulde schr\u00e4g aufw\u00e4rts gegen Norden.&nbsp; Seit dem 13. Jh. mit Unterbr\u00fcchen Abbau von arsenkieshaltigem Pyrit. Tagebau und Sch\u00fcrfungen.<\/p>\n<p>Bergknappen; BK <a title=\"BK 20\" href=\"https:\/\/www.bergbau-gr.ch\/wordpress\/wp-content\/uploads\/bk\/bk_19.pdf\" target=\"_blank\" rel=\"noopener\">19<\/a>-1982, BK <a title=\"BK 20\" href=\"https:\/\/www.bergbau-gr.ch\/wordpress\/wp-content\/uploads\/bk\/bk_20.pdf\" target=\"_blank\" rel=\"noopener\">20<\/a>-1982, BK <a title=\"BK 23\" href=\"https:\/\/www.bergbau-gr.ch\/wordpress\/wp-content\/uploads\/bk\/bk_23.pdf\" target=\"_blank\" rel=\"noopener\">23<\/a>-1983, BK <a href=\"https:\/\/www.bergbau-gr.ch\/wordpress\/wp-content\/uploads\/bk\/bk_24.pdf\" target=\"_blank\" rel=\"noopener\">24<\/a>-1983, BK <a href=\"https:\/\/www.bergbau-gr.ch\/wordpress\/wp-content\/uploads\/bk\/bk_25.pdf\" target=\"_blank\" rel=\"noopener\">25<\/a>-1983, Lehrpfad BK <a href=\"https:\/\/www.bergbau-gr.ch\/wordpress\/wp-content\/uploads\/bk\/bk_74.pdf\" target=\"_blank\" rel=\"noopener\">74<\/a>-1996, BK <a href=\"https:\/\/www.bergbau-gr.ch\/wordpress\/wp-content\/uploads\/bk\/bk_75.pdf\" target=\"_blank\" rel=\"noopener\">75<\/a>-1996, BK <a title=\"BK 84\" href=\"https:\/\/www.bergbau-gr.ch\/wordpress\/wp-content\/uploads\/bk\/bk_84.pdf\" target=\"_blank\" rel=\"noopener\">84<\/a>-1998, Exkursion BK <a href=\"https:\/\/www.bergbau-gr.ch\/wordpress\/wp-content\/uploads\/bk\/bk_98.pdf\" target=\"_blank\" rel=\"noopener\">98<\/a>&#8211; 2001<\/p>\n<p style=\"text-align: right;\"><a title=\"Seitenanfang\" href=\"https:\/\/www.bergbau-gr.ch\/wordpress\/?page_id=1251#top\">zum Seitenanfang<\/a><\/p>\n","protected":false},"excerpt":{"rendered":"<p>Val Minor Mehrere Stollen am steilen Berghang \u00fcber dem Lej Minor. Die meisten Stollen aber versch\u00fcttet und schwer zug\u00e4nglich. Bergbauperiode ca.11.&nbsp; bis 17. Jahrhundert. Erstmalige Erw\u00e4hnung in den so genannten Gamertinger-Vertr\u00e4gen von 1139. &#8211; Landeskarte &#8211; F\u00fchrungen &#8211; 1997 (Hansj\u00fcrg) &hellip; <a href=\"https:\/\/bergbau-gr.ch\/?page_id=318\">Weiterlesen <span class=\"meta-nav\">&rarr;<\/span><\/a><\/p>\n","protected":false},"author":1,"featured_media":0,"parent":889,"menu_order":0,"comment_status":"open","ping_status":"open","template":"showcase.php","meta":{"ngg_post_thumbnail":0,"footnotes":""},"class_list":["post-318","page","type-page","status-publish","hentry"],"_links":{"self":[{"href":"https:\/\/bergbau-gr.ch\/index.php?rest_route=\/wp\/v2\/pages\/318","targetHints":{"allow":["GET"]}}],"collection":[{"href":"https:\/\/bergbau-gr.ch\/index.php?rest_route=\/wp\/v2\/pages"}],"about":[{"href":"https:\/\/bergbau-gr.ch\/index.php?rest_route=\/wp\/v2\/types\/page"}],"author":[{"embeddable":true,"href":"https:\/\/bergbau-gr.ch\/index.php?rest_route=\/wp\/v2\/users\/1"}],"replies":[{"embeddable":true,"href":"https:\/\/bergbau-gr.ch\/index.php?rest_route=%2Fwp%2Fv2%2Fcomments&post=318"}],"version-history":[{"count":55,"href":"https:\/\/bergbau-gr.ch\/index.php?rest_route=\/wp\/v2\/pages\/318\/revisions"}],"predecessor-version":[{"id":7367,"href":"https:\/\/bergbau-gr.ch\/index.php?rest_route=\/wp\/v2\/pages\/318\/revisions\/7367"}],"up":[{"embeddable":true,"href":"https:\/\/bergbau-gr.ch\/index.php?rest_route=\/wp\/v2\/pages\/889"}],"wp:attachment":[{"href":"https:\/\/bergbau-gr.ch\/index.php?rest_route=%2Fwp%2Fv2%2Fmedia&parent=318"}],"curies":[{"name":"wp","href":"https:\/\/api.w.org\/{rel}","templated":true}]}}