{"id":3640,"date":"2014-11-07T11:39:05","date_gmt":"2014-11-07T09:39:05","guid":{"rendered":"http:\/\/www.bergbau-gr.ch\/wordpress\/?page_id=3640"},"modified":"2015-02-02T19:47:33","modified_gmt":"2015-02-02T17:47:33","slug":"edi-brun","status":"publish","type":"page","link":"https:\/\/bergbau-gr.ch\/?page_id=3640","title":{"rendered":"Edi Brun"},"content":{"rendered":"<p><strong>In Gedenken an Edi Brun<a href=\"https:\/\/www.bergbau-gr.ch\/wordpress\/wp-content\/uploads\/2015\/02\/Edi-Brun_5.jpg\"><img loading=\"lazy\" decoding=\"async\" class=\"alignright size-medium wp-image-4021\" src=\"https:\/\/www.bergbau-gr.ch\/wordpress\/wp-content\/uploads\/2015\/02\/Edi-Brun_5-216x300.jpg\" alt=\"Edi-Brun_5\" width=\"216\" height=\"300\" srcset=\"https:\/\/bergbau-gr.ch\/wordpress\/wp-content\/uploads\/2015\/02\/Edi-Brun_5-216x300.jpg 216w, https:\/\/bergbau-gr.ch\/wordpress\/wp-content\/uploads\/2015\/02\/Edi-Brun_5.jpg 405w\" sizes=\"auto, (max-width: 216px) 100vw, 216px\" \/><\/a><\/strong><\/p>\n<p>(JR) Edi Brun starb am Sonntag, 31. August 2014 nach kurzem Aufenthalt in der Pflegeabteilung Tertianum in Uster. Mit ihm verliert der FBG ein Mitglied der ersten Stunde. In der Stadt Luzern geboren und aufgewachsen, geh\u00f6rten in seinem Leben schon fr\u00fch Berg- und Skitouren zu seinen Lieblingsbesch\u00e4ftigungen in der Freizeit. Beruflich war er nach einer Mechanikerlehre in der Fliegerei t\u00e4tig. Sp\u00e4ter wechselte er zur amerikanischen Chemiefirma 3M, f\u00fcr die er die Schweizer Niederlassung aufbaute. Seit den 60er Jahren des letzten Jahrhunderts verbrachte er die Skiferien mit seiner Familie im Oberhalbstein. Nach dem Kauf einer Ferienwohnung in Savognin wurden es dann auch Sommerferien. Interessiert wie er war, stellte er bald einmal fest, dass er in einem alten Bergbaugebiet gelandet war. Dies faszinierte ihn. Er begann sich intensiv mit den Erzgruben des Oberhalbsteins zu besch\u00e4ftigen. Dabei kam er auch in Kontakt mit Hans Kr\u00e4henb\u00fchl dem Hauptinitianten und ersten Pr\u00e4sidenten des FBG. Er wurde Mitglied im Verein, Regionalgruppenleiter im Oberhalbstein und etwas sp\u00e4ter wurde er auch in den Stiftungsrat des Bergbaumuseums Graub\u00fcnden Schmelzboden, Davos, berufen. Unter seiner Leitung wurde die Schmelze Flecs-Salouf am Balandegnbach aus dem Schutt ausgegraben und restauriert. Sein umfangreiches Wissen \u00fcber den Bergbau im Oberhalbstein fasste er in dem 1986 erschienen Band \u201eGeschichte des Bergbaus im Oberhalbstein\u201c zusammen. Damit er in Ruhe an seinem Buch arbeiten konnte, liess er sich mit 62 Jahren pensionieren. Er kam auch als Experte in der B\u00fcndner Bergbauforschung zum Zuge. Im Jahre 1991 schrieb mein Sohn Christian Rehm eine Maturaarbeit mit dem Titel: St. Michael \u2013 Schutzpatron der Bergknappen am Silberberg, Davos: neueste Forschungen\u201c. Diese Arbeit wurde im Rahmen des Wettbewerbs \u201eSchweizer Jugend forscht\u201c von den beiden Experten Hans Kr\u00e4henb\u00fchl und Edi Brun beurteilt.<\/p>\n<p><a href=\"https:\/\/www.bergbau-gr.ch\/wordpress\/wp-content\/uploads\/2015\/02\/Edi-Brun_90Jahre.jpg\"><img loading=\"lazy\" decoding=\"async\" class=\"alignright  wp-image-4020\" src=\"https:\/\/www.bergbau-gr.ch\/wordpress\/wp-content\/uploads\/2015\/02\/Edi-Brun_90Jahre-225x300.jpg\" alt=\"Edi-Brun_90Jahre\" width=\"223\" height=\"293\" \/><\/a>In den sp\u00e4teren Jahren nahm Ed Brun wann immer er konnte, von seiner Ehefrau Trudy an den Generalversammlungen des FBG teil. Es war interessant, mit ihm zu diskutieren. Im November 2006 erkrankte er und von dieser Krankheit erholte er sich nicht mehr recht. Zwei Jahre sp\u00e4ter verlor er seine Ehefrau Trudy. Bis zu seinem Eintritt ins Spital lebte er daheim in seinem Haus in D\u00fcbendorf. Er war bis zum Schluss interessiert am Weltgeschehen und unternahm noch fast t\u00e4glich Spazierg\u00e4nge. Zum Bergbau reichte es aber nicht mehr. Seine \u00c4mter in Verein und Stiftung hatte er bereits fr\u00fcher niedergelegt.<\/p>\n<p>Lieber Edi, die Erinnerung an Deine lebhafte Art und an Deine Freundschaft bleibt.<\/p>\n<p>Gl\u00fcck auf.<\/p>\n<p>Jann Rehm<\/p>\n<p style=\"text-align: right;\">Bilder Familie Brun<\/p>\n","protected":false},"excerpt":{"rendered":"<p>In Gedenken an Edi Brun (JR) Edi Brun starb am Sonntag, 31. August 2014 nach kurzem Aufenthalt in der Pflegeabteilung Tertianum in Uster. Mit ihm verliert der FBG ein Mitglied der ersten Stunde. In der Stadt Luzern geboren und aufgewachsen, &hellip; <a href=\"https:\/\/bergbau-gr.ch\/?page_id=3640\">Weiterlesen <span class=\"meta-nav\">&rarr;<\/span><\/a><\/p>\n","protected":false},"author":1,"featured_media":0,"parent":92,"menu_order":0,"comment_status":"open","ping_status":"closed","template":"showcase.php","meta":{"ngg_post_thumbnail":0,"footnotes":""},"class_list":["post-3640","page","type-page","status-publish","hentry"],"_links":{"self":[{"href":"https:\/\/bergbau-gr.ch\/index.php?rest_route=\/wp\/v2\/pages\/3640","targetHints":{"allow":["GET"]}}],"collection":[{"href":"https:\/\/bergbau-gr.ch\/index.php?rest_route=\/wp\/v2\/pages"}],"about":[{"href":"https:\/\/bergbau-gr.ch\/index.php?rest_route=\/wp\/v2\/types\/page"}],"author":[{"embeddable":true,"href":"https:\/\/bergbau-gr.ch\/index.php?rest_route=\/wp\/v2\/users\/1"}],"replies":[{"embeddable":true,"href":"https:\/\/bergbau-gr.ch\/index.php?rest_route=%2Fwp%2Fv2%2Fcomments&post=3640"}],"version-history":[{"count":6,"href":"https:\/\/bergbau-gr.ch\/index.php?rest_route=\/wp\/v2\/pages\/3640\/revisions"}],"predecessor-version":[{"id":4022,"href":"https:\/\/bergbau-gr.ch\/index.php?rest_route=\/wp\/v2\/pages\/3640\/revisions\/4022"}],"up":[{"embeddable":true,"href":"https:\/\/bergbau-gr.ch\/index.php?rest_route=\/wp\/v2\/pages\/92"}],"wp:attachment":[{"href":"https:\/\/bergbau-gr.ch\/index.php?rest_route=%2Fwp%2Fv2%2Fmedia&parent=3640"}],"curies":[{"name":"wp","href":"https:\/\/api.w.org\/{rel}","templated":true}]}}