{"id":4036,"date":"2015-03-03T19:14:13","date_gmt":"2015-03-03T17:14:13","guid":{"rendered":"http:\/\/www.bergbau-gr.ch\/wordpress\/?page_id=4036"},"modified":"2015-09-30T21:03:33","modified_gmt":"2015-09-30T19:03:33","slug":"workshop-programm","status":"publish","type":"page","link":"https:\/\/bergbau-gr.ch\/?page_id=4036","title":{"rendered":"Workshop Programm"},"content":{"rendered":"<p><strong><a href=\"https:\/\/www.bergbau-gr.ch\/wordpress\/?page_id=3045\"><img loading=\"lazy\" decoding=\"async\" class=\"aligncenter size-full wp-image-5040\" src=\"https:\/\/www.bergbau-gr.ch\/wordpress\/wp-content\/uploads\/2015\/09\/Workshop-2015.jpg\" alt=\"Workshop 2015\" width=\"962\" height=\"106\" srcset=\"https:\/\/bergbau-gr.ch\/wordpress\/wp-content\/uploads\/2015\/09\/Workshop-2015.jpg 962w, https:\/\/bergbau-gr.ch\/wordpress\/wp-content\/uploads\/2015\/09\/Workshop-2015-300x33.jpg 300w, https:\/\/bergbau-gr.ch\/wordpress\/wp-content\/uploads\/2015\/09\/Workshop-2015-500x55.jpg 500w\" sizes=\"auto, (max-width: 962px) 100vw, 962px\" \/><\/a>Programm:<\/strong> (\u00c4nderungen vorbehalten)<\/p>\n<p>Montag, 28. September 2015:<br \/>\n12:30-17:00\u00a0\u00a0\u00a0\u00a0\u00a0\u00a0\u00a0\u00a0\u00a0\u00a0\u00a0\u00a0 Vorexkursion <a href=\"https:\/\/www.bergbau-gr.ch\/wordpress\/wp-content\/uploads\/Ex15\/V41.pdf\" target=\"_blank\">Bahnbetriebswerk Rh\u00e4tische Bahn<\/a> Landquart<span style=\"color: #ffffff;\">&#8230;&#8230;&#8230;&#8230;&#8230;&#8230;&#8230;&#8230;.<\/span><\/p>\n<p><strong>Dienstag, 29. September 2015:<\/strong><br \/>\n09:00-16:00\u00a0\u00a0\u00a0\u00a0\u00a0\u00a0\u00a0\u00a0\u00a0\u00a0\u00a0\u00a0 Vorexkursioen <a href=\"https:\/\/www.bergbau-gr.ch\/wordpress\/wp-content\/uploads\/Ex15\/V42.pdf\" target=\"_blank\">Gonzenbergwerk<\/a>, Sargans<br \/>\nab 16.00 h\u00a0\u00a0\u00a0\u00a0\u00a0\u00a0\u00a0\u00a0\u00a0\u00a0\u00a0\u00a0\u00a0\u00a0 Tagungsb\u00fcro ge\u00f6ffnet, Registrierung und Abgabe der Tagungsdokumentation<br \/>\n<span style=\"color: #ff0000;\"><strong>18.00<\/strong><\/span>\u00a0\u00a0\u00a0 \u00a0\u00a0 \u00a0\u00a0\u00a0\u00a0\u00a0\u00a0\u00a0\u00a0\u00a0\u00a0\u00a0\u00a0\u00a0\u00a0\u00a0\u00a0 <strong>Er\u00f6ffnungsfeier<\/strong> mit anschliessendem Ap\u00e9ro<\/p>\n<p><strong>Mittwoch, 30. September 2015<\/strong><br \/>\n08.30\u00a0 bis\u00a0 12.00\u00a0\u00a0\u00a0\u00a0 <strong><a href=\"https:\/\/www.bergbau-gr.ch\/wordpress\/wp-content\/uploads\/2015\/08\/Vortraege1.08.15.pdf\" target=\"_blank\">Vortr\u00e4ge <\/a><\/strong>der Referenten<br \/>\n13.15\u00a0 bis\u00a0 17.30\u00a0\u00a0\u00a0\u00a0 <strong><a title=\"Halbtagesexkursionen\" href=\"https:\/\/www.bergbau-gr.ch\/wordpress\/?page_id=3863\" target=\"_blank\">Halbtagesexkursion <\/a><\/strong>in die Bergbaugebiete des Kantons<br \/>\n20.45 \u00a0\u00a0 \u00a0\u00a0 \u00a0\u00a0\u00a0\u00a0\u00a0\u00a0\u00a0\u00a0\u00a0\u00a0\u00a0\u00a0\u00a0\u00a0\u00a0 <a href=\"https:\/\/www.bergbau-gr.ch\/wordpress\/?page_id=4535\">Vortrag<\/a> Die Geschichte der Familie Riedhauser<\/p>\n<p><strong>Donnerstag, 1. Oktober 2015<br \/>\n<\/strong>08.30\u00a0 bis\u00a0 12.00\u00a0\u00a0\u00a0\u00a0\u00a0 <strong><a href=\"https:\/\/www.bergbau-gr.ch\/wordpress\/wp-content\/uploads\/2015\/08\/Vortraege1.08.15.pdf\" target=\"_blank\">Vortr\u00e4ge<\/a><\/strong> der Referenten<br \/>\n13.15\u00a0 bis\u00a0 17.30\u00a0\u00a0\u00a0\u00a0\u00a0 <strong><a title=\"Halbtagesexkursionen\" href=\"https:\/\/www.bergbau-gr.ch\/wordpress\/?page_id=3863\" target=\"_blank\">Halbtagesexkursion <\/a><\/strong>in die Bergbaugebiete des Kantons<\/p>\n<p><strong>Freitag, 2. Oktober 2015<br \/>\n<\/strong>08.30 (teilweise 8:00)\u00a0 bis\u00a0 ca. 18.00 <strong><a title=\"Tagesexkursionen\" href=\"https:\/\/www.bergbau-gr.ch\/wordpress\/?page_id=3930\" target=\"_blank\">Tagesexkursionen <\/a><\/strong>in die Bergbaugebiete des Kantons<\/p>\n<p><strong>Samstag, 3. Oktober 2015<br \/>\n<\/strong>08.30\u00a0 bis\u00a0 12.00\u00a0\u00a0\u00a0\u00a0\u00a0\u00a0\u00a0 <strong><a href=\"https:\/\/www.bergbau-gr.ch\/wordpress\/wp-content\/uploads\/2015\/08\/Vortraege1.08.15.pdf\">Vortr\u00e4ge<\/a><\/strong> der Referenten<br \/>\n12.45\u00a0 bis\u00a0 17.00 \u00a0\u00a0\u00a0\u00a0\u00a0\u00a0 <strong><a title=\"Halbtagesexkursionen\" href=\"https:\/\/www.bergbau-gr.ch\/wordpress\/?page_id=3863\" target=\"_blank\">Halbtagesexkursion <\/a><\/strong>in die Bergbaugebiete des Kantons<br \/>\n19.00\u00a0\u00a0\u00a0\u00a0\u00a0\u00a0\u00a0\u00a0\u00a0\u00a0\u00a0\u00a0\u00a0\u00a0\u00a0\u00a0\u00a0\u00a0\u00a0\u00a0\u00a0\u00a0\u00a0\u00a0\u00a0 <strong>Gottesdienst<\/strong> in der Kirche,<strong><br \/>\n<span style=\"color: #ffffff;\">&#8230;&#8230;&#8230;&#8230;&#8230;&#8230;&#8230;&#8230;&#8230;&#8230;<\/span>Umzug mit Geleucht <\/strong>von der Kirche zur Tagungsst\u00e4tte, begleitet von der Blasmusik Andeer<strong><br \/>\n<span style=\"color: #ffffff;\">&#8230;&#8230;&#8230;&#8230;&#8230;&#8230;&#8230;&#8230;&#8230;&#8230;<\/span>Abschlussabend mit Bankett<br \/>\n<\/strong><\/p>\n<p><strong>Sonntag, 4. Oktober 2015<\/strong><br \/>\n\u2013\u00a0\u00a0\u00a0\u00a0\u00a0\u00a0 Individuelle Abreise der Teilnehmer<br \/>\n\u2013\u00a0\u00a0\u00a0\u00a0\u00a0\u00a0 M\u00f6glichkeit f\u00fcr <a href=\"https:\/\/www.bergbau-gr.ch\/wordpress\/?page_id=4255\">Nachexkursion <\/a>in der weiteren Region: <a href=\"https:\/\/www.bergbau-gr.ch\/wordpress\/wp-content\/uploads\/Ex15\/N43.pdf\" target=\"_blank\">S-charl<\/a> und <a href=\"https:\/\/www.bergbau-gr.ch\/wordpress\/wp-content\/uploads\/Ex15\/N44.pdf\" target=\"_blank\">K\u00e4pfnach<\/a><\/p>\n<p>Beschreibungen der:<br \/>\n&#8211; <a title=\"Halbtagesexkursionen\" href=\"https:\/\/www.bergbau-gr.ch\/wordpress\/?page_id=3863\" target=\"_blank\"><strong>Halbtagesexkursionen<\/strong><\/a><br \/>\n&#8211; <a title=\"Tagesexkursionen\" href=\"https:\/\/www.bergbau-gr.ch\/wordpress\/?page_id=3930\" target=\"_blank\"><strong>Tagesexkursion<\/strong><\/a><br \/>\n&#8211; <strong><a title=\"Liste\" href=\"https:\/\/www.bergbau-gr.ch\/wordpress\/wp-content\/uploads\/Ex15\/Exkursionen.pdf\" target=\"_blank\">Exkursionsliste<\/a><\/strong><br \/>\n&#8211; <a href=\"https:\/\/www.bergbau-gr.ch\/wordpress\/?page_id=4255\">Vor- und Nachexkursionen<\/a><br \/>\n<span style=\"text-decoration: underline;\">Aktualisierungen und Ausf\u00e4lle am 24.9.15 mutiert!<\/span><br \/>\nAchtung! Die Exkursionen finden im Gebirge statt! <a href=\"https:\/\/www.bergbau-gr.ch\/wordpress\/wp-content\/uploads\/2015\/03\/Absturz.jpg\"><img loading=\"lazy\" decoding=\"async\" class=\"alignright  wp-image-4152\" src=\"https:\/\/www.bergbau-gr.ch\/wordpress\/wp-content\/uploads\/2015\/03\/Absturz-224x300.jpg\" alt=\"Absturz\" width=\"137\" height=\"180\" \/><\/a><br \/>\nDazu ist entsprechende Ausr\u00fcstung notwendig:<br \/>\nGutes, festes Schuhwerk, Outdoorbekleidung; wie Regen-, Wind- und K\u00e4lteschutz. Ersatzkleidung nach dem Zwiebelnprinzip, um sich nach schweisstreibenden oder verregneten Aufstiegen umziehen zu k\u00f6nnen.<br \/>\nEinige Exkursionen verlangen sehr gute Kondition und f\u00fchren durch schwieriges Gel\u00e4nde. Bitte Beschreibungen beachten. Bei schlechten Witterungsverh\u00e4ltnissen (z.B. Schnee) k\u00f6nnen einzelne Exkursionen nicht durchgef\u00fchrt werden.<\/p>\n<p><a href=\"https:\/\/www.bergbau-gr.ch\/wordpress\/wp-content\/uploads\/2015\/08\/Vortraege1.08.15.pdf\" target=\"_blank\">Vortragsliste, 24.09.15 aktualisiert!!!<\/a><\/p>\n","protected":false},"excerpt":{"rendered":"<p>Programm: (\u00c4nderungen vorbehalten) Montag, 28. September 2015: 12:30-17:00\u00a0\u00a0\u00a0\u00a0\u00a0\u00a0\u00a0\u00a0\u00a0\u00a0\u00a0\u00a0 Vorexkursion Bahnbetriebswerk Rh\u00e4tische Bahn Landquart&#8230;&#8230;&#8230;&#8230;&#8230;&#8230;&#8230;&#8230;. Dienstag, 29. September 2015: 09:00-16:00\u00a0\u00a0\u00a0\u00a0\u00a0\u00a0\u00a0\u00a0\u00a0\u00a0\u00a0\u00a0 Vorexkursioen Gonzenbergwerk, Sargans ab 16.00 h\u00a0\u00a0\u00a0\u00a0\u00a0\u00a0\u00a0\u00a0\u00a0\u00a0\u00a0\u00a0\u00a0\u00a0 Tagungsb\u00fcro ge\u00f6ffnet, Registrierung und Abgabe der Tagungsdokumentation 18.00\u00a0\u00a0\u00a0 \u00a0\u00a0 \u00a0\u00a0\u00a0\u00a0\u00a0\u00a0\u00a0\u00a0\u00a0\u00a0\u00a0\u00a0\u00a0\u00a0\u00a0\u00a0 Er\u00f6ffnungsfeier mit anschliessendem Ap\u00e9ro Mittwoch, 30. &hellip; <a href=\"https:\/\/bergbau-gr.ch\/?page_id=4036\">Weiterlesen <span class=\"meta-nav\">&rarr;<\/span><\/a><\/p>\n","protected":false},"author":1,"featured_media":0,"parent":3045,"menu_order":0,"comment_status":"open","ping_status":"closed","template":"showcase.php","meta":{"ngg_post_thumbnail":0,"footnotes":""},"class_list":["post-4036","page","type-page","status-publish","hentry"],"_links":{"self":[{"href":"https:\/\/bergbau-gr.ch\/index.php?rest_route=\/wp\/v2\/pages\/4036","targetHints":{"allow":["GET"]}}],"collection":[{"href":"https:\/\/bergbau-gr.ch\/index.php?rest_route=\/wp\/v2\/pages"}],"about":[{"href":"https:\/\/bergbau-gr.ch\/index.php?rest_route=\/wp\/v2\/types\/page"}],"author":[{"embeddable":true,"href":"https:\/\/bergbau-gr.ch\/index.php?rest_route=\/wp\/v2\/users\/1"}],"replies":[{"embeddable":true,"href":"https:\/\/bergbau-gr.ch\/index.php?rest_route=%2Fwp%2Fv2%2Fcomments&post=4036"}],"version-history":[{"count":50,"href":"https:\/\/bergbau-gr.ch\/index.php?rest_route=\/wp\/v2\/pages\/4036\/revisions"}],"predecessor-version":[{"id":5098,"href":"https:\/\/bergbau-gr.ch\/index.php?rest_route=\/wp\/v2\/pages\/4036\/revisions\/5098"}],"up":[{"embeddable":true,"href":"https:\/\/bergbau-gr.ch\/index.php?rest_route=\/wp\/v2\/pages\/3045"}],"wp:attachment":[{"href":"https:\/\/bergbau-gr.ch\/index.php?rest_route=%2Fwp%2Fv2%2Fmedia&parent=4036"}],"curies":[{"name":"wp","href":"https:\/\/api.w.org\/{rel}","templated":true}]}}