{"id":4192,"date":"2015-03-30T19:31:45","date_gmt":"2015-03-30T17:31:45","guid":{"rendered":"http:\/\/www.bergbau-gr.ch\/wordpress\/?page_id=4192"},"modified":"2017-06-21T19:17:06","modified_gmt":"2017-06-21T17:17:06","slug":"vereinsversammlung-2015","status":"publish","type":"page","link":"https:\/\/bergbau-gr.ch\/?page_id=4192","title":{"rendered":"Vereinsversammlung 2015"},"content":{"rendered":"<article id=\"post-2978\" class=\"post-2978 page type-page status-publish hentry intro\">\n<div class=\"entry-content\">\n<p><strong><a href=\"https:\/\/www.bergbau-gr.ch\/wordpress\/wp-content\/uploads\/2012\/03\/Logo-schwarz.jpg\"><img loading=\"lazy\" decoding=\"async\" class=\"alignright size-full wp-image-304\" src=\"https:\/\/www.bergbau-gr.ch\/wordpress\/wp-content\/uploads\/2012\/03\/Logo-schwarz.jpg\" alt=\"Logo schwarz\" width=\"91\" height=\"83\"><\/a><a href=\"https:\/\/www.bergbau-gr.ch\/wordpress\/wp-content\/uploads\/2012\/03\/Logo-schwarz.jpg\"><img loading=\"lazy\" decoding=\"async\" class=\" size-full wp-image-304 alignleft\" src=\"https:\/\/www.bergbau-gr.ch\/wordpress\/wp-content\/uploads\/2012\/03\/Logo-schwarz.jpg\" alt=\"Logo schwarz\" width=\"91\" height=\"83\"><\/a>39. Vereinsversammlung Freunde des Bergbaus in Graub\u00fcnden FBG <\/strong><br \/>\n<strong>vom 14. M\u00e4rz 2014&nbsp; in Klosters<\/strong><\/p>\n<p>mit <a href=\"#vortrag\">anschliessendem Vortrag<\/a> von J\u00fcrg Probst \u00fcber die<a href=\"#vortrag\"><strong> \u201eSchatzkiste Landquart\u201c<\/strong><\/a><\/p>\n<p>Jann Rehm, Celerina<\/p>\n<h4>Die Vereinsversammlung der Freunde des Bergbaus in Graub\u00fcnden FBG ist auch bereits wieder Geschichte. Sie fand am 14. M\u00e4rz 2015 im Hotel Cresta in Klosters statt. Mit der Anwesenheit von 27 Mitgliedern wurde sie im \u00fcblichen Rahmen besucht.<\/h4>\n<h4>Zu Beginn berichtet die Pr\u00e4sidentin im <strong><a title=\"Jahresbericht 2014\" href=\"https:\/\/www.bergbau-gr.ch\/wordpress\/wp-content\/uploads\/2015\/03\/Jahresbericht-15.pdf\" target=\"_blank\" rel=\"noopener\">Jahresbericht 2014<\/a><\/strong> \u00fcber das vergangene Vereinsjahr, dabei&nbsp; wurde die Erinnerung an die beiden im letzten Jahr verstorbenen aktiven Mitglieder <a title=\"Toni Thaller\" href=\"https:\/\/www.bergbau-gr.ch\/wordpress\/?page_id=3143\">Toni Thaller<\/a> und <a title=\"Edi Brun\" href=\"https:\/\/www.bergbau-gr.ch\/wordpress\/?page_id=3640\">Edi Brun<\/a> wach gerufen. Beide Verstorbenen hinterlassen L\u00fccken im Verein.<\/h4>\n<p>Die Jahresrechnung 2014 wurde ohne Diskussion zur Kenntnis genommen und genehmigt, obwohl die Pr\u00e4sidentin Elsbeth Rehm einen Aufwand\u00fcberschuss von CHF 2587.01 vertreten musste. Immerhin betr\u00e4gt das Vereinsverm\u00f6gen rund CHF 32\u2018000.00. Die gr\u00f6ssten Ausgaben verursachen jedes Jahr Druck und Versand des BERGKNAPPE. Auch f\u00fcr das Jahr 2015 muss nochmals mit einem Aufwand\u00fcberschuss gerechnet werden. Budgetiert sind Einnahmen von CHF 19\u2018900.00 und Ausgaben von CHF 22\u2018820.00. Der Mitgliederbeitrag bleibt unver\u00e4ndert auf<\/p>\n<ul>\n<li>50.00 f\u00fcr ordentliche Mitglieder<\/li>\n<li>20.00 Sch\u00fcler, Studenten und Lehrlinge<\/li>\n<\/ul>\n<p>Dieses Jahr standen auch die ordentlichen Wahlen auf der Traktandenliste. Die Pr\u00e4sidentin Elsbeth Rehm wurde mit Akklamation wieder gew\u00e4hlt.<br \/>\nAus dem Vorstand ist Peter Kuhn, Chur, zur\u00fcckgetreten. Er wird durch Beat Hofmann, Scuol ersetzt. Der <a title=\"Vorstand\" href=\"https:\/\/www.bergbau-gr.ch\/wordpress\/?page_id=92\">Vorstand <\/a>setzt sich wie folgt zusammen:<br \/>\nElsbeth Rehm, Celerina&nbsp;&nbsp;&nbsp;&nbsp;&nbsp;&nbsp;&nbsp;&nbsp; Pr\u00e4sidentin<br \/>\nCristian Conradin, M\u00fcstair<br \/>\nPeder Rauch, Scuol<br \/>\nJann Rehm, Celerina<br \/>\nHansueli Suter, Landquart<br \/>\nHans J\u00f6rg Tr\u00fcb, Chur<br \/>\nBeat Hofmann, Scuol<br \/>\nDie bisherigen Rechnungsrevisoren, n\u00e4mlich Norbert Jud und Hans Peter Schenk wurden ebenfalls wieder gew\u00e4hlt.<\/p>\n<p>Der FBG wird auch dieses Jahr wieder eine <strong>Exkursion<\/strong> ausschreiben. Sie findet am <strong>Samstag, 29. August 2015<\/strong> statt. Dieses Mal geht es ins B\u00fcndner Oberland nach Rueun\/Ruis, wo es direkt am Ufer des Vorderrheins ein sehr sch\u00f6nes Bergwerk hat. Erzvorkommen sind Bleiglanz und Zinkblende mit Einschl\u00fcssen von Kupferkies. Abgebaut wurde vom Mittelalter mit verschiedenen Unterbr\u00fcchen bis ins Jahr 1918.&nbsp;&nbsp; Wie jedes Jahr werden die Vereinsmitglieder rechtzeitig ein Anmeldeformular mit allen Hinweisen zur Exkursion erhalten.<\/p>\n<p>Das gr\u00f6sste Ereignis im Jahr 2015 wird der <strong><a title=\"Workshop 2015\" href=\"https:\/\/www.bergbau-gr.ch\/wordpress\/?page_id=3045\">18. Internationale Bergbau- und Montanhistorik Workshop<\/a><\/strong> werden. Wie bereits mehrfach berichtet, wird der Workshop in der Zeit vom 29. September bis 3. Oktober 2015 in Andeer durchgef\u00fchrt. Die <a title=\"Halbtagesexkursionen\" href=\"https:\/\/www.bergbau-gr.ch\/wordpress\/?page_id=3863\">Exkursionen <\/a>sind bereits im Internet aufgeschaltet, wo auch alle <a title=\"Workshop 2015\" href=\"https:\/\/www.bergbau-gr.ch\/wordpress\/?page_id=3045\">Informationen <\/a>\u00fcber den Workshop zu finden sind.&nbsp;&nbsp; Der BERGKNAPPE erscheint als <a title=\"BK 126\/127 2015\" href=\"https:\/\/www.bergbau-gr.ch\/wordpress\/?page_id=3668\">Tagungsband<\/a>. Die Pr\u00e4sidentin ruft auch die Vereinsmitglieder zur Teilnahme am Workshop auf. Sie berichtet, dass die Suche nach Sponsoren eine m\u00fchselige Angelegenheit ist. Neben erfreulichen Zusagen sind leider auch viele Absagen zu verzeichnen. Erfreulicherweise unterst\u00fctzen alle Partnervereine und auch die Stiftung Bergbaumuseum Graub\u00fcnden Schmelzboden Davos den Workshop mit willkommenen Beitr\u00e4gen.<br \/>\n<a name=\"vortrag\"><\/a><\/p>\n<p><!-- default-view.php -->\n<div\n\tclass=\"ngg-galleryoverview default-view\n\t ngg-ajax-pagination-none\t\"\n\tid=\"ngg-gallery-0053dda7f79ca7c2da88594b961ecba8-1\"\n\tdata-gallery-id=\"72\">\n\n\t\t<!-- Thumbnails -->\n\t\t\t\t<div id=\"ngg-image-0\" class=\"ngg-gallery-thumbnail-box\n\t\t\t\t\t\t\t\tngg-5-columns\t\t\t\"\n\t\t\t>\n\t\t\t\t\t\t<div class=\"ngg-gallery-thumbnail\">\n\t\t\t<a href=\"https:\/\/bergbau-gr.ch\/wordpress\/wp-content\/gallery\/gv2015\/Dsc00501.jpg\"\n\t\t\t\ttitle=\"Vortrag\"\n\t\t\t\tdata-src=\"https:\/\/bergbau-gr.ch\/wordpress\/wp-content\/gallery\/gv2015\/Dsc00501.jpg\"\n\t\t\t\tdata-thumbnail=\"https:\/\/bergbau-gr.ch\/wordpress\/wp-content\/gallery\/gv2015\/thumbs\/thumbs_Dsc00501.jpg\"\n\t\t\t\tdata-image-id=\"1121\"\n\t\t\t\tdata-title=\"Dsc00501\"\n\t\t\t\tdata-description=\"Vortrag\"\n\t\t\t\tdata-image-slug=\"dsc00501\"\n\t\t\t\t\t\t\t\t\t\t\t\t\t\t\t\t\t\t\t\tclass=\"shutterset_0053dda7f79ca7c2da88594b961ecba8\">\n\t\t\t\t\t\t\t\t<img\n\t\t\t\t\ttitle=\"Dsc00501\"\n\t\t\t\t\talt=\"Dsc00501\"\n\t\t\t\t\tsrc=\"https:\/\/bergbau-gr.ch\/wordpress\/wp-content\/gallery\/gv2015\/thumbs\/thumbs_Dsc00501.jpg\"\n\t\t\t\t\twidth=\"100\"\n\t\t\t\t\theight=\"75\"\n\t\t\t\t\tstyle=\"max-width:100%;\"\n\t\t\t\t\/>\n\t\t\t<\/a>\n\t\t<\/div>\n\t\t\t\t\t\t\t<\/div>\n\t\t\t\n\t\t\t\t<div id=\"ngg-image-1\" class=\"ngg-gallery-thumbnail-box\n\t\t\t\t\t\t\t\tngg-5-columns\t\t\t\"\n\t\t\t>\n\t\t\t\t\t\t<div class=\"ngg-gallery-thumbnail\">\n\t\t\t<a href=\"https:\/\/bergbau-gr.ch\/wordpress\/wp-content\/gallery\/gv2015\/Dsc00503.jpg\"\n\t\t\t\ttitle=\"Zuh\u00f6rer\"\n\t\t\t\tdata-src=\"https:\/\/bergbau-gr.ch\/wordpress\/wp-content\/gallery\/gv2015\/Dsc00503.jpg\"\n\t\t\t\tdata-thumbnail=\"https:\/\/bergbau-gr.ch\/wordpress\/wp-content\/gallery\/gv2015\/thumbs\/thumbs_Dsc00503.jpg\"\n\t\t\t\tdata-image-id=\"1122\"\n\t\t\t\tdata-title=\"Dsc00503\"\n\t\t\t\tdata-description=\"Zuh\u00f6rer\"\n\t\t\t\tdata-image-slug=\"dsc00503\"\n\t\t\t\t\t\t\t\t\t\t\t\t\t\t\t\t\t\t\t\tclass=\"shutterset_0053dda7f79ca7c2da88594b961ecba8\">\n\t\t\t\t\t\t\t\t<img\n\t\t\t\t\ttitle=\"Dsc00503\"\n\t\t\t\t\talt=\"Dsc00503\"\n\t\t\t\t\tsrc=\"https:\/\/bergbau-gr.ch\/wordpress\/wp-content\/gallery\/gv2015\/thumbs\/thumbs_Dsc00503.jpg\"\n\t\t\t\t\twidth=\"100\"\n\t\t\t\t\theight=\"75\"\n\t\t\t\t\tstyle=\"max-width:100%;\"\n\t\t\t\t\/>\n\t\t\t<\/a>\n\t\t<\/div>\n\t\t\t\t\t\t\t<\/div>\n\t\t\t\n\t\t\t\t<div id=\"ngg-image-2\" class=\"ngg-gallery-thumbnail-box\n\t\t\t\t\t\t\t\tngg-5-columns\t\t\t\"\n\t\t\t>\n\t\t\t\t\t\t<div class=\"ngg-gallery-thumbnail\">\n\t\t\t<a href=\"https:\/\/bergbau-gr.ch\/wordpress\/wp-content\/gallery\/gv2015\/Dsc00504.jpg\"\n\t\t\t\ttitle=\"Zuh\u00f6rer\"\n\t\t\t\tdata-src=\"https:\/\/bergbau-gr.ch\/wordpress\/wp-content\/gallery\/gv2015\/Dsc00504.jpg\"\n\t\t\t\tdata-thumbnail=\"https:\/\/bergbau-gr.ch\/wordpress\/wp-content\/gallery\/gv2015\/thumbs\/thumbs_Dsc00504.jpg\"\n\t\t\t\tdata-image-id=\"1123\"\n\t\t\t\tdata-title=\"Dsc00504\"\n\t\t\t\tdata-description=\"Zuh\u00f6rer\"\n\t\t\t\tdata-image-slug=\"dsc00504\"\n\t\t\t\t\t\t\t\t\t\t\t\t\t\t\t\t\t\t\t\tclass=\"shutterset_0053dda7f79ca7c2da88594b961ecba8\">\n\t\t\t\t\t\t\t\t<img\n\t\t\t\t\ttitle=\"Dsc00504\"\n\t\t\t\t\talt=\"Dsc00504\"\n\t\t\t\t\tsrc=\"https:\/\/bergbau-gr.ch\/wordpress\/wp-content\/gallery\/gv2015\/thumbs\/thumbs_Dsc00504.jpg\"\n\t\t\t\t\twidth=\"100\"\n\t\t\t\t\theight=\"75\"\n\t\t\t\t\tstyle=\"max-width:100%;\"\n\t\t\t\t\/>\n\t\t\t<\/a>\n\t\t<\/div>\n\t\t\t\t\t\t\t<\/div>\n\t\t\t\n\t\t\t\t<div id=\"ngg-image-3\" class=\"ngg-gallery-thumbnail-box\n\t\t\t\t\t\t\t\tngg-5-columns\t\t\t\"\n\t\t\t>\n\t\t\t\t\t\t<div class=\"ngg-gallery-thumbnail\">\n\t\t\t<a href=\"https:\/\/bergbau-gr.ch\/wordpress\/wp-content\/gallery\/gv2015\/Dsc00507.jpg\"\n\t\t\t\ttitle=\"Capo da S-charl\"\n\t\t\t\tdata-src=\"https:\/\/bergbau-gr.ch\/wordpress\/wp-content\/gallery\/gv2015\/Dsc00507.jpg\"\n\t\t\t\tdata-thumbnail=\"https:\/\/bergbau-gr.ch\/wordpress\/wp-content\/gallery\/gv2015\/thumbs\/thumbs_Dsc00507.jpg\"\n\t\t\t\tdata-image-id=\"1124\"\n\t\t\t\tdata-title=\"Dsc00507\"\n\t\t\t\tdata-description=\"Capo da S-charl\"\n\t\t\t\tdata-image-slug=\"dsc00507\"\n\t\t\t\t\t\t\t\t\t\t\t\t\t\t\t\t\t\t\t\tclass=\"shutterset_0053dda7f79ca7c2da88594b961ecba8\">\n\t\t\t\t\t\t\t\t<img\n\t\t\t\t\ttitle=\"Dsc00507\"\n\t\t\t\t\talt=\"Dsc00507\"\n\t\t\t\t\tsrc=\"https:\/\/bergbau-gr.ch\/wordpress\/wp-content\/gallery\/gv2015\/thumbs\/thumbs_Dsc00507.jpg\"\n\t\t\t\t\twidth=\"100\"\n\t\t\t\t\theight=\"75\"\n\t\t\t\t\tstyle=\"max-width:100%;\"\n\t\t\t\t\/>\n\t\t\t<\/a>\n\t\t<\/div>\n\t\t\t\t\t\t\t<\/div>\n\t\t\t\n\t\t\t\t<div id=\"ngg-image-4\" class=\"ngg-gallery-thumbnail-box\n\t\t\t\t\t\t\t\tngg-5-columns\t\t\t\"\n\t\t\t>\n\t\t\t\t\t\t<div class=\"ngg-gallery-thumbnail\">\n\t\t\t<a href=\"https:\/\/bergbau-gr.ch\/wordpress\/wp-content\/gallery\/gv2015\/Dsc00509.jpg\"\n\t\t\t\ttitle=\"Steine...\"\n\t\t\t\tdata-src=\"https:\/\/bergbau-gr.ch\/wordpress\/wp-content\/gallery\/gv2015\/Dsc00509.jpg\"\n\t\t\t\tdata-thumbnail=\"https:\/\/bergbau-gr.ch\/wordpress\/wp-content\/gallery\/gv2015\/thumbs\/thumbs_Dsc00509.jpg\"\n\t\t\t\tdata-image-id=\"1120\"\n\t\t\t\tdata-title=\"Dsc00509\"\n\t\t\t\tdata-description=\"Steine...\"\n\t\t\t\tdata-image-slug=\"dsc00509\"\n\t\t\t\t\t\t\t\t\t\t\t\t\t\t\t\t\t\t\t\tclass=\"shutterset_0053dda7f79ca7c2da88594b961ecba8\">\n\t\t\t\t\t\t\t\t<img\n\t\t\t\t\ttitle=\"Dsc00509\"\n\t\t\t\t\talt=\"Dsc00509\"\n\t\t\t\t\tsrc=\"https:\/\/bergbau-gr.ch\/wordpress\/wp-content\/gallery\/gv2015\/thumbs\/thumbs_Dsc00509.jpg\"\n\t\t\t\t\twidth=\"100\"\n\t\t\t\t\theight=\"75\"\n\t\t\t\t\tstyle=\"max-width:100%;\"\n\t\t\t\t\/>\n\t\t\t<\/a>\n\t\t<\/div>\n\t\t\t\t\t\t\t<\/div>\n\t\t\t\n\t\n\t<br style=\"clear: both\" \/>\n\n\t\n\t\t<!-- Pagination -->\n\t\t<div class='ngg-clear'><\/div>\t<\/div>\n<\/p>\n<p>Nach dem Mittagessen folgte der <strong>Vortrag von J\u00fcrg Probst<\/strong>, Regionalgruppenleiter Klosters-Pr\u00e4ttigau, Serneus, mit dem Titel <strong>\u201eSchatzkiste Landquart\u201c<\/strong>. Erstaunlich, was f\u00fcr eine Vielzahl von Mineralien und Erzen der Referent im Flussbett zwischen Klosters und Serneus gefunden hat. Ein gutes Auge, viel Geduld und wohl auch ein stabiler grosser Rucksack sind einige der Voraussetzungen f\u00fcr das Anlegen einer so sch\u00f6nen Sammlung. J\u00fcrg Probst brachte eine gr\u00f6ssere Anzahlt Belegst\u00fccke mit. Erstaunlich ist, wie rohe Steinbrocken nach dem Anschleifen zu Schmuckst\u00fccken werden. (Bilder Hansj\u00fcrg Keller)<\/p>\n<\/div>\n<\/article>\n","protected":false},"excerpt":{"rendered":"<p>39. Vereinsversammlung Freunde des Bergbaus in Graub\u00fcnden FBG vom 14. M\u00e4rz 2014&nbsp; in Klosters mit anschliessendem Vortrag von J\u00fcrg Probst \u00fcber die \u201eSchatzkiste Landquart\u201c Jann Rehm, Celerina Die Vereinsversammlung der Freunde des Bergbaus in Graub\u00fcnden FBG ist auch bereits wieder &hellip; <a href=\"https:\/\/bergbau-gr.ch\/?page_id=4192\">Weiterlesen <span class=\"meta-nav\">&rarr;<\/span><\/a><\/p>\n","protected":false},"author":1,"featured_media":0,"parent":5492,"menu_order":0,"comment_status":"open","ping_status":"closed","template":"showcase.php","meta":{"ngg_post_thumbnail":0,"footnotes":""},"class_list":["post-4192","page","type-page","status-publish","hentry"],"_links":{"self":[{"href":"https:\/\/bergbau-gr.ch\/index.php?rest_route=\/wp\/v2\/pages\/4192","targetHints":{"allow":["GET"]}}],"collection":[{"href":"https:\/\/bergbau-gr.ch\/index.php?rest_route=\/wp\/v2\/pages"}],"about":[{"href":"https:\/\/bergbau-gr.ch\/index.php?rest_route=\/wp\/v2\/types\/page"}],"author":[{"embeddable":true,"href":"https:\/\/bergbau-gr.ch\/index.php?rest_route=\/wp\/v2\/users\/1"}],"replies":[{"embeddable":true,"href":"https:\/\/bergbau-gr.ch\/index.php?rest_route=%2Fwp%2Fv2%2Fcomments&post=4192"}],"version-history":[{"count":21,"href":"https:\/\/bergbau-gr.ch\/index.php?rest_route=\/wp\/v2\/pages\/4192\/revisions"}],"predecessor-version":[{"id":6762,"href":"https:\/\/bergbau-gr.ch\/index.php?rest_route=\/wp\/v2\/pages\/4192\/revisions\/6762"}],"up":[{"embeddable":true,"href":"https:\/\/bergbau-gr.ch\/index.php?rest_route=\/wp\/v2\/pages\/5492"}],"wp:attachment":[{"href":"https:\/\/bergbau-gr.ch\/index.php?rest_route=%2Fwp%2Fv2%2Fmedia&parent=4192"}],"curies":[{"name":"wp","href":"https:\/\/api.w.org\/{rel}","templated":true}]}}