{"id":4255,"date":"2015-04-18T21:05:31","date_gmt":"2015-04-18T19:05:31","guid":{"rendered":"http:\/\/www.bergbau-gr.ch\/wordpress\/?page_id=4255"},"modified":"2015-09-28T22:01:58","modified_gmt":"2015-09-28T20:01:58","slug":"vor-und-nachexkursionen","status":"publish","type":"page","link":"https:\/\/bergbau-gr.ch\/?page_id=4255","title":{"rendered":"Vor- und Nachexkursionen"},"content":{"rendered":"<p><strong><a href=\"https:\/\/www.bergbau-gr.ch\/wordpress\/?page_id=3045\"><img loading=\"lazy\" decoding=\"async\" class=\"aligncenter size-full wp-image-5040\" src=\"https:\/\/www.bergbau-gr.ch\/wordpress\/wp-content\/uploads\/2015\/09\/Workshop-2015.jpg\" alt=\"Workshop 2015\" width=\"962\" height=\"106\" srcset=\"https:\/\/bergbau-gr.ch\/wordpress\/wp-content\/uploads\/2015\/09\/Workshop-2015.jpg 962w, https:\/\/bergbau-gr.ch\/wordpress\/wp-content\/uploads\/2015\/09\/Workshop-2015-300x33.jpg 300w, https:\/\/bergbau-gr.ch\/wordpress\/wp-content\/uploads\/2015\/09\/Workshop-2015-500x55.jpg 500w\" sizes=\"auto, (max-width: 962px) 100vw, 962px\" \/><\/a>Vor- und Nachexkursionen<\/strong><\/p>\n<p>f\u00fcr Workshopteilnehmer, die definitiv angemeldet sind, k\u00f6nnen wir noch folgende Vor-, bzw. Nachexkursionen anbieten: Vorexkursionen bitte unbedingt anmelden. Anmeldungen unter Kommentare oder an <a href=\"mailto:workshop15@bergbau-gr.ch\">workshop15@bergbau-gr.ch<\/a><\/p>\n<p>F\u00fcr G\u00e4ste, die bereits Anfang Woche anreisen:<\/p>\n<p><strong>Sonntag, 27. September<br \/>\n<\/strong><a href=\"https:\/\/www.rhb.ch\/de\/unternehmen\/projekte-dossiers\/neubau-albulatunnel\/baustellenfuehrungen\" target=\"_blank\">Baustellenf\u00fchrung Albulatunnel<\/a>, bitte direkt bei der RhB anmelden<\/p>\n<p><strong>Montag, 28. September<a href=\"https:\/\/www.bergbau-gr.ch\/wordpress\/wp-content\/uploads\/2015\/04\/107.jpg\"><img loading=\"lazy\" decoding=\"async\" class=\"alignright  wp-image-4270\" src=\"https:\/\/www.bergbau-gr.ch\/wordpress\/wp-content\/uploads\/2015\/04\/107-278x300.jpg\" alt=\"107\" width=\"127\" height=\"136\" srcset=\"https:\/\/bergbau-gr.ch\/wordpress\/wp-content\/uploads\/2015\/04\/107-278x300.jpg 278w, https:\/\/bergbau-gr.ch\/wordpress\/wp-content\/uploads\/2015\/04\/107-947x1024.jpg 947w, https:\/\/bergbau-gr.ch\/wordpress\/wp-content\/uploads\/2015\/04\/107.jpg 1184w\" sizes=\"auto, (max-width: 127px) 100vw, 127px\" \/><\/a><\/strong><br \/>\n<a href=\"https:\/\/www.bergbau-gr.ch\/wordpress\/wp-content\/uploads\/Ex15\/V41.pdf\" target=\"_blank\"><strong>V<\/strong><strong> 41<\/strong> \u00dcT<\/a>\u00a0\u00a0 <strong>Bahnbetriebswerk der Rh\u00e4tischen Bahn<\/strong> Landquart<br \/>\n<strong><br \/>\n<\/strong>Mit 12 Teilnehmer an der ersten Exkursion ist der Workshop bereits erfolgreich gestartet!<\/p>\n<p><strong>Dienstag, 29. September<br \/>\n<a href=\"https:\/\/www.bergbau-gr.ch\/wordpress\/wp-content\/uploads\/Ex15\/V42.pdf\" target=\"_blank\">V 42 UT<\/a> <\/strong><a href=\"http:\/\/www.bergwerk-gonzen.ch\/\" target=\"_blank\">Schaubergwerk<\/a><strong> Gonzenbergwerk<\/strong>, Sargans<br \/>\n<strong>Treffpunkt 10:00 Eingang Gonzenbergwerk, Sargans Vild<\/strong><br \/>\n<span style=\"text-decoration: underline;\">Eine <a href=\"mailto:workshop15@bergbau-gr.ch\" target=\"_blank\">Anmeldung <\/a>im Voraus ist <\/span><strong><a href=\"https:\/\/www.bergbau-gr.ch\/wordpress\/wp-content\/uploads\/2015\/04\/P9060058.jpg\"><img loading=\"lazy\" decoding=\"async\" class=\"alignright  wp-image-4269\" src=\"https:\/\/www.bergbau-gr.ch\/wordpress\/wp-content\/uploads\/2015\/04\/P9060058-300x225.jpg\" alt=\"Gonzenansicht\" width=\"178\" height=\"136\" \/><\/a><\/strong><span style=\"text-decoration: underline;\">zwingend erforderlich<\/span><br \/>\nWeitere Angaben folgen<br \/>\nca. 1 Stunde Fahrzeit mit PW von Andeer<\/p>\n<p>&nbsp;<\/p>\n<p>F\u00fcr die Abreise:<\/p>\n<p><strong>Sonntag, 4. Oktober<br \/>\n<\/strong>Anmeldung im Tagungsb\u00fcro erforderlich<\/p>\n<p><a href=\"https:\/\/www.bergbau-gr.ch\/wordpress\/wp-content\/uploads\/Ex15\/N43.pdf\" target=\"_blank\"><strong>N 43 UT<\/strong><\/a><a href=\"http:\/\/www.schmelzra.ch\/1\/bergbau\/\" target=\"_blank\"> Besucherbergwerk<\/a><br \/>\n&#8222;Miniers da S-charl&#8220; <strong>Mot Madlain<\/strong> S-charl (Unterengadin)<\/p>\n<p><strong><a href=\"https:\/\/www.bergbau-gr.ch\/wordpress\/wp-content\/uploads\/Ex15\/N44.pdf\" target=\"_blank\">N 44 UT <\/a><\/strong><a href=\"http:\/\/www.bergwerk-kaepfnach.ch\/\" target=\"_blank\">Besucherbergwerk<\/a> <strong>K\u00e4pfnach<\/strong> am Z\u00fcrichsee<br \/>\nKohlebergbau<\/p>\n<p>&nbsp;<\/p>\n<div id=\"inner-shortcode-dialog\"><b><\/b><\/p>\n<div id=\"inner-shortcode-dialog\"><b>[google-map-v3 shortcodeid=&#8220;TO_BE_GENERATED&#8220; width=&#8220;800&#8243; height=&#8220;600&#8243; zoom=&#8220;12&#8243; maptype=&#8220;roadmap&#8220; mapalign=&#8220;center&#8220; directionhint=&#8220;false&#8220; language=&#8220;de&#8220; poweredby=&#8220;false&#8220; maptypecontrol=&#8220;true&#8220; pancontrol=&#8220;true&#8220; zoomcontrol=&#8220;true&#8220; scalecontrol=&#8220;true&#8220; streetviewcontrol=&#8220;true&#8220; scrollwheelcontrol=&#8220;false&#8220; draggable=&#8220;true&#8220; tiltfourtyfive=&#8220;false&#8220; enablegeolocationmarker=&#8220;false&#8220; enablemarkerclustering=&#8220;false&#8220; addmarkermashup=&#8220;false&#8220; addmarkermashupbubble=&#8220;false&#8220; addmarkerlist=&#8220;S-charl{}mine-2.png{}Schmelzra, Mot Madlain, #https:\/\/www.bergbau-gr.ch\/wordpress\/wp-content\/uploads\/Ex15\/N43.pdf#|<\/b><b>Vild<\/b>, <b>Sargans{}mine-2.png{}<\/b><b>Eisenbergwerk Gonzen<\/b><b>#https:\/\/www.bergbau-gr.ch\/wordpress\/wp-content\/uploads\/Ex15\/V42.pdf#|Adresse: Bergwerkstrasse 27, Horgen{}mine-2.png{}Kohlen-Berwerk K\u00e4pfnach, , #https:\/\/www.bergbau-gr.ch\/wordpress\/wp-content\/uploads\/Ex15\/N44.pdf#|Preda{}underground.png{}Albulatunnel, #https:\/\/www.rhb.ch\/de\/unternehmen\/projekte-dossiers\/neubau-albulatunnel\/baustellenfuehrungen#|Andeer{}mine.png{}Tagungsort#https:\/\/www.bergbau-gr.ch\/wordpress\/?page_id=3978#|Bahnhof Landquart{}steamtrain-2.png{}Betriebswerkst\u00e4tte der Rh\u00e4tischen Bahn#https:\/\/www.bergbau-gr.ch\/wordpress\/wp-content\/uploads\/Ex15\/V41.pdf#&#8220; bubbleautopan=&#8220;true&#8220; distanceunits=&#8220;miles&#8220; showbike=&#8220;false&#8220; showtraffic=&#8220;false&#8220; showpanoramio=&#8220;false&#8220;]<\/b><\/div>\n<\/div>\n","protected":false},"excerpt":{"rendered":"<p>Vor- und Nachexkursionen f\u00fcr Workshopteilnehmer, die definitiv angemeldet sind, k\u00f6nnen wir noch folgende Vor-, bzw. Nachexkursionen anbieten: Vorexkursionen bitte unbedingt anmelden. Anmeldungen unter Kommentare oder an workshop15@bergbau-gr.ch F\u00fcr G\u00e4ste, die bereits Anfang Woche anreisen: Sonntag, 27. September Baustellenf\u00fchrung Albulatunnel, bitte &hellip; <a href=\"https:\/\/bergbau-gr.ch\/?page_id=4255\">Weiterlesen <span class=\"meta-nav\">&rarr;<\/span><\/a><\/p>\n","protected":false},"author":1,"featured_media":0,"parent":3045,"menu_order":0,"comment_status":"open","ping_status":"closed","template":"showcase.php","meta":{"ngg_post_thumbnail":0,"footnotes":""},"class_list":["post-4255","page","type-page","status-publish","hentry"],"_links":{"self":[{"href":"https:\/\/bergbau-gr.ch\/index.php?rest_route=\/wp\/v2\/pages\/4255","targetHints":{"allow":["GET"]}}],"collection":[{"href":"https:\/\/bergbau-gr.ch\/index.php?rest_route=\/wp\/v2\/pages"}],"about":[{"href":"https:\/\/bergbau-gr.ch\/index.php?rest_route=\/wp\/v2\/types\/page"}],"author":[{"embeddable":true,"href":"https:\/\/bergbau-gr.ch\/index.php?rest_route=\/wp\/v2\/users\/1"}],"replies":[{"embeddable":true,"href":"https:\/\/bergbau-gr.ch\/index.php?rest_route=%2Fwp%2Fv2%2Fcomments&post=4255"}],"version-history":[{"count":39,"href":"https:\/\/bergbau-gr.ch\/index.php?rest_route=\/wp\/v2\/pages\/4255\/revisions"}],"predecessor-version":[{"id":5097,"href":"https:\/\/bergbau-gr.ch\/index.php?rest_route=\/wp\/v2\/pages\/4255\/revisions\/5097"}],"up":[{"embeddable":true,"href":"https:\/\/bergbau-gr.ch\/index.php?rest_route=\/wp\/v2\/pages\/3045"}],"wp:attachment":[{"href":"https:\/\/bergbau-gr.ch\/index.php?rest_route=%2Fwp%2Fv2%2Fmedia&parent=4255"}],"curies":[{"name":"wp","href":"https:\/\/api.w.org\/{rel}","templated":true}]}}