{"id":429,"date":"2012-08-26T12:07:35","date_gmt":"2012-08-26T10:07:35","guid":{"rendered":"http:\/\/www.bergbau-gr.ch\/wordpress\/?page_id=429"},"modified":"2025-05-13T18:30:20","modified_gmt":"2025-05-13T16:30:20","slug":"calanda-goldene-sonne","status":"publish","type":"page","link":"https:\/\/bergbau-gr.ch\/?page_id=429","title":{"rendered":"Calanda, Goldene Sonne"},"content":{"rendered":"<p><a href=\"https:\/\/map.geo.admin.ch\/?lang=de&amp;topic=ech&amp;bgLayer=ch.swisstopo.pixelkarte-farbe&amp;layers=ch.swisstopo.zeitreihen,ch.bav.haltestellen-oev,ch.swisstopo.swisstlm3d-wanderwege,ch.swisstopo.geologie-rohstoffe-zement_abbau_verarbeitung,ch.swisstopo.geologie-rohstoffe-naturwerksteine_abbau,ch.swisstopo.geologie-rohstoffe-vererzungen&amp;layers_visibility=false,false,false,false,true,true&amp;layers_timestamp=18641231,,,,,&amp;layers_opacity=1,1,0.8,1,1,1&amp;E=2756683.96&amp;N=1195963.83&amp;zoom=5&amp;catalogNodes=532,533\" target=\"_blank\" rel=\"noopener\"><strong>Calanda:<\/strong><\/a><\/p>\n<p><strong>\u201c<span style=\"text-decoration: underline;\">Goldene Sonne<\/span>\u201c am Calanda bei Felsberg<\/strong><\/p>\n<p><a href=\"https:\/\/www.bergbau-gr.ch\/wordpress\/wp-content\/uploads\/2012\/08\/Logo-goldene-Sonne.jpg\"><img loading=\"lazy\" decoding=\"async\" class=\"alignleft size-thumbnail wp-image-436\" title=\"Logo goldene Sonne\" src=\"https:\/\/www.bergbau-gr.ch\/wordpress\/wp-content\/uploads\/2012\/08\/Logo-goldene-Sonne-150x150.jpg\" alt=\"\" width=\"150\" height=\"150\"><\/a>Es gibt Anzeichen, dass am Calanda bei Felsberg bereits die Kelten und R\u00f6mer nach Bodensch\u00e4tzen gesch\u00fcrft haben, sicher aber wurde im Mittelalter und zu Beginn der Neuzeit in dieser Gegend gesch\u00fcrft. Bis 1800 fehlen irgendwelche Urkunden. Erste Abbauzeit 1803-1822, es wurden 5 Stollen mit 3 Sch\u00e4chten gebaut. Zweite Abbauzeit 1856-1861, verschiedene Abbauversuche zwischen 1876 und 1885.<br \/>\n1939 und 1958 letzte Versuche auf Goldabbau ohne Erfolg.<\/p>\n<p><a title=\"um den Calanda\" href=\"https:\/\/www.bergbau-gr.ch\/wordpress\/?page_id=473\">Weitere Bergbaugebiete am Calanda: &#8222;Taminser Gr\u00fcebli&#8220;, &#8222;Calannaluz&#8220;, &#8222;Gnapperchopf&#8220;<\/a><\/p>\n<p>&nbsp;<\/p>\n<p><strong>Grube \u201cFliden\u201c oder \u201cobere Gruob\u201c auf 1\u2018295m \u00fc.M.<\/strong><\/p>\n<p><strong><a href=\"https:\/\/www.bergbau-gr.ch\/wordpress\/wp-content\/uploads\/2012\/08\/Flieden.jpg\"><img loading=\"lazy\" decoding=\"async\" class=\"alignright size-thumbnail wp-image-440\" title=\"Flieden\" src=\"https:\/\/www.bergbau-gr.ch\/wordpress\/wp-content\/uploads\/2012\/08\/Flieden-150x150.jpg\" alt=\"\" width=\"150\" height=\"150\"><\/a><\/strong>Um 1809 wurde ein horizontaler Stollen in den Berg getrieben, nach 22m stiess man auf eine goldf\u00fchrende Ader. Der \u201cKnapperweg\u201c wurde erstellt. 1810 Bau eines stattlichen Hauses f\u00fcr die Arbeiter, ein Pochwerk und eine M\u00fchle.<br \/>\nIn den ersten vier Jahren sollen rund 2.5 kg Gold gewonnen worden sein. 1813 wurden 72 B\u00fcndner Dublonen mit einem Wert von 16 alten Schweizer Fr. gepr\u00e4gt. Die Grube liegt in einer Doggerschicht, <span style=\"text-decoration: underline;\">einziges Vorkommen von gediegenem Gold<\/span>. Stollen, verschiedene Strecken und Abbauten auf ca. 80m L\u00e4nge und 40m Tiefe.<\/p>\n<p>&nbsp;<\/p>\n<p><strong>Grube \u201cTschengels\u201c oder \u201cmittlere Gruob\u201c auf 1\u2018210m \u00fc.M.<a href=\"https:\/\/www.bergbau-gr.ch\/wordpress\/wp-content\/uploads\/2012\/08\/Tschengels.jpg\"><img loading=\"lazy\" decoding=\"async\" class=\"alignright size-thumbnail wp-image-443\" title=\"Tschengels\" src=\"https:\/\/www.bergbau-gr.ch\/wordpress\/wp-content\/uploads\/2012\/08\/Tschengels-150x150.jpg\" alt=\"\" width=\"150\" height=\"150\"><\/a><\/strong><\/p>\n<p>Vor allem in der zweiten Abbauzeit ab 1856 betrieben, Bau eines Scheidhauses f\u00fcr die Arbeiter, ein kleines Pochwerk sowie ein R\u00f6st- und Schmelzofen mit Blasebalg.<br \/>\nDie Grube liegt in der Triasformation, Fundort von Pyrit (Schwefelkies) und etwas Fahlerz aber <span style=\"text-decoration: underline;\">kein<\/span> gediegenes Gold! Der Stollen ist 80m lang, nach 40m eine Vergabelung.<\/p>\n<p>&nbsp;<\/p>\n<p><strong>\u201cuntere Gruob\u201c auf 1\u2018040m \u00fc.M.<a href=\"https:\/\/www.bergbau-gr.ch\/wordpress\/wp-content\/uploads\/2012\/08\/untere-Gruob.jpg\"><img loading=\"lazy\" decoding=\"async\" class=\"alignright size-thumbnail wp-image-450\" title=\"untere Gruob\" src=\"https:\/\/www.bergbau-gr.ch\/wordpress\/wp-content\/uploads\/2012\/08\/untere-Gruob-150x150.jpg\" alt=\"\" width=\"150\" height=\"150\"><\/a><\/strong><\/p>\n<p>\u00d6rtlichkeit von einer Hellseherin um 1814 angegeben. Es wurde ein 120m langer horizontaler Stollen in den Berg getrieben, in der Mitte \u00fcberdies ein 17m tiefer vertikaler Schacht. Vorgetrieben im tauben R\u00f6ti-Dolomit.<\/p>\n<p>&nbsp;<\/p>\n<p><strong>\u201cChupfergr\u00fcebli\u201c auf 1\u2018080m \u00fc.M.&nbsp; <a href=\"https:\/\/www.bergbau-gr.ch\/wordpress\/wp-content\/uploads\/2012\/08\/Chupfergrueb.jpg\"><img loading=\"lazy\" decoding=\"async\" class=\"alignright size-thumbnail wp-image-461\" title=\"Chupfergrueb\" src=\"https:\/\/www.bergbau-gr.ch\/wordpress\/wp-content\/uploads\/2012\/08\/Chupfergrueb-150x150.jpg\" alt=\"\" width=\"150\" height=\"150\"><\/a><br \/>\n<\/strong><\/p>\n<p>ca. 700m \u00f6stlich der \u201cGoldenen Sonne\u201c im Lascheintobel.<br \/>\nKurzer, geschr\u00e4mmter Stollen im Trias-Dolomit mit goldf\u00fchrendem Fahlerz, sowie Azurit und Malachit<\/p>\n<p>&nbsp;<\/p>\n<p>Verweise:<br \/>\n&#8211; Der historische Bergbau in Graub\u00fcnden &#8211; FBG 1984<br \/>\n&#8211; Bergbau in Graub\u00fcnden &#8211; Terra Grischuna Nr. 2 &#8211; 1980 sowie Calanda Nr. 5 &#8211; 1984<br \/>\n&#8211; Calanda: Bergknappen; <a title=\"BK 20\" href=\"https:\/\/www.bergbau-gr.ch\/wordpress\/wp-content\/uploads\/bk\/bk_38.pdf\" target=\"_blank\" rel=\"noopener\">Nr. 38<\/a>-1986, <a title=\"BK 23\" href=\"https:\/\/www.bergbau-gr.ch\/wordpress\/wp-content\/uploads\/bk\/bk_55.pdf\" target=\"_blank\" rel=\"noopener\">Nr. 55<\/a>-1991, <a href=\"https:\/\/www.bergbau-gr.ch\/wordpress\/wp-content\/uploads\/bk\/bk_92.pdf\" target=\"_blank\" rel=\"noopener\">Nr. 92,&nbsp;<\/a> <a title=\"BK 20\" href=\"https:\/\/www.bergbau-gr.ch\/wordpress\/wp-content\/uploads\/bk\/bk_93.pdf\" target=\"_blank\" rel=\"noopener\">Nr. 93<\/a>-2000, <a title=\"BK 23\" href=\"https:\/\/www.bergbau-gr.ch\/wordpress\/wp-content\/uploads\/bk\/bk_112.pdf\" target=\"_blank\" rel=\"noopener\">Nr. 112<\/a>-2008<\/p>\n<p>Bilder: Peter Kuhn<\/p>\n<p style=\"text-align: right;\">&nbsp; &nbsp; <a title=\"Seitenanfang\" href=\"#top\">zum Seitenanfang<\/a><\/p>\n<p>Links:<br \/>\n&#8211; <a title=\"Keller\" href=\"http:\/\/www.familie-keller.ch\/bergwerke\/goldenesonne_web\/index.html\" target=\"_blank\" rel=\"noopener\">Fam. Keller mit Exkursion FBG 2011<br \/>\n<\/a>&#8211; <a title=\"Felsberg\" href=\"http:\/\/www.felsberg.ch\/de\/vereine\/sehenswuerdigkeiten\/welcome.php?action=showobject&amp;object_id=1107\" target=\"_blank\" rel=\"noopener\">Gemeinde Felsberg<\/a><a title=\"Keller\" href=\"http:\/\/www.familie-keller.ch\/bergwerke\/goldenesonne_web\/index.html\" target=\"_blank\" rel=\"noopener\"><br \/>\n<\/a><\/p>\n<p><a title=\"Karte\" href=\"http:\/\/map.geo.admin.ch\/?Y=752382.5161&amp;X=190482.17031&amp;zoom=8&amp;bgLayer=ch.swisstopo.pixelkarte-farbe&amp;lang=de\" target=\"_blank\" rel=\"noopener\">&#8211; Landeskarte<\/a><\/p>\n<p><strong>FBG-Exkursion 20.8.11:<\/strong>ngg_shortcode_0_placeholder<a title=\"Seitenanfang\" href=\"#top\"><strong>\u0394<\/strong><\/a><a title=\"Keller\" href=\"http:\/\/www.familie-keller.ch\/bergwerke\/goldenesonne_web\/index.html\" target=\"_blank\" rel=\"noopener\"><br \/>\n<\/a><a title=\"Keller\" href=\"http:\/\/www.familie-keller.ch\/bergwerke\/goldenesonne_web\/index.html\" target=\"_blank\" rel=\"noopener\"><br \/>\n<\/a><\/p>\n<p>&nbsp;<\/p>\n<p>&nbsp;<\/p>\n<p>&nbsp;<\/p>\n","protected":false},"excerpt":{"rendered":"<p>Calanda: \u201cGoldene Sonne\u201c am Calanda bei Felsberg Es gibt Anzeichen, dass am Calanda bei Felsberg bereits die Kelten und R\u00f6mer nach Bodensch\u00e4tzen gesch\u00fcrft haben, sicher aber wurde im Mittelalter und zu Beginn der Neuzeit in dieser Gegend gesch\u00fcrft. Bis 1800 &hellip; <a href=\"https:\/\/bergbau-gr.ch\/?page_id=429\">Weiterlesen <span class=\"meta-nav\">&rarr;<\/span><\/a><\/p>\n","protected":false},"author":1,"featured_media":0,"parent":1251,"menu_order":0,"comment_status":"open","ping_status":"closed","template":"showcase.php","meta":{"ngg_post_thumbnail":0,"footnotes":""},"class_list":["post-429","page","type-page","status-publish","hentry"],"_links":{"self":[{"href":"https:\/\/bergbau-gr.ch\/index.php?rest_route=\/wp\/v2\/pages\/429","targetHints":{"allow":["GET"]}}],"collection":[{"href":"https:\/\/bergbau-gr.ch\/index.php?rest_route=\/wp\/v2\/pages"}],"about":[{"href":"https:\/\/bergbau-gr.ch\/index.php?rest_route=\/wp\/v2\/types\/page"}],"author":[{"embeddable":true,"href":"https:\/\/bergbau-gr.ch\/index.php?rest_route=\/wp\/v2\/users\/1"}],"replies":[{"embeddable":true,"href":"https:\/\/bergbau-gr.ch\/index.php?rest_route=%2Fwp%2Fv2%2Fcomments&post=429"}],"version-history":[{"count":75,"href":"https:\/\/bergbau-gr.ch\/index.php?rest_route=\/wp\/v2\/pages\/429\/revisions"}],"predecessor-version":[{"id":10916,"href":"https:\/\/bergbau-gr.ch\/index.php?rest_route=\/wp\/v2\/pages\/429\/revisions\/10916"}],"up":[{"embeddable":true,"href":"https:\/\/bergbau-gr.ch\/index.php?rest_route=\/wp\/v2\/pages\/1251"}],"wp:attachment":[{"href":"https:\/\/bergbau-gr.ch\/index.php?rest_route=%2Fwp%2Fv2%2Fmedia&parent=429"}],"curies":[{"name":"wp","href":"https:\/\/api.w.org\/{rel}","templated":true}]}}