{"id":4665,"date":"2015-06-16T09:56:28","date_gmt":"2015-06-16T07:56:28","guid":{"rendered":"http:\/\/www.bergbau-gr.ch\/wordpress\/?page_id=4665"},"modified":"2022-08-07T09:11:41","modified_gmt":"2022-08-07T07:11:41","slug":"raetsel","status":"publish","type":"page","link":"https:\/\/bergbau-gr.ch\/?page_id=4665","title":{"rendered":"R\u00e4tsel"},"content":{"rendered":"\n<p><strong>In loser Folge m\u00f6chte ich Euch R\u00e4tsel stellen:<\/strong><\/p>\n\n\n<div class=\"wp-block-image\">\n<figure class=\"alignright\"><a href=\"https:\/\/bergbau-gr.ch\/wordpress\/wp-content\/uploads\/2022\/08\/20220801_Biene.jpg\"><img loading=\"lazy\" decoding=\"async\" width=\"209\" height=\"300\" src=\"https:\/\/bergbau-gr.ch\/wordpress\/wp-content\/uploads\/2022\/08\/20220801_Biene-209x300.jpg\" alt=\"\" class=\"wp-image-9291\" srcset=\"https:\/\/bergbau-gr.ch\/wordpress\/wp-content\/uploads\/2022\/08\/20220801_Biene-209x300.jpg 209w, https:\/\/bergbau-gr.ch\/wordpress\/wp-content\/uploads\/2022\/08\/20220801_Biene-104x150.jpg 104w, https:\/\/bergbau-gr.ch\/wordpress\/wp-content\/uploads\/2022\/08\/20220801_Biene.jpg 640w\" sizes=\"auto, (max-width: 209px) 100vw, 209px\" \/><\/a><\/figure>\n<\/div>\n\n\n<p>Was haben fleissige <strong>Bienen<\/strong> mit Bergbau zu tun? Wo krabbelt eine ganze Bienenreihe von 1902 um einen Bergbaueingang? Kleine Hilfe: Die Bienenreihe wurde von einem Schulhaus in ein viel \u00e4lteres Bergbaugeb\u00e4ude versetzt, das durch einen Hochwassermurgang schwer besch\u00e4digt wurde und heute nur noch zur H\u00e4lfte steht.<br><a href=\"https:\/\/bergbau-gr.ch\/wordpress\/wp-content\/uploads\/2022\/08\/20220801_Tuere.jpg\">L\u00f6sungshilfe<\/a><br><a href=\"https:\/\/bergbau-gr.ch\/wordpress\/wp-content\/uploads\/2022\/08\/20220801_Eingang.jpg\">L\u00f6sung \ud83d\ude42<\/a><br>Gl\u00fcck auf! Hoffnung auf dieser Au!<\/p>\n\n\n\n<hr class=\"wp-block-separator has-alpha-channel-opacity\"\/>\n\n\n<div class=\"wp-block-image\">\n<figure class=\"aligncenter\"><a href=\"https:\/\/www.bergbau-gr.ch\/wordpress\/wp-content\/uploads\/2015\/06\/Foto-2.jpg\"><img loading=\"lazy\" decoding=\"async\" width=\"1024\" height=\"765\" src=\"https:\/\/www.bergbau-gr.ch\/wordpress\/wp-content\/uploads\/2015\/06\/Foto-2-1024x765.jpg\" alt=\"Wo ist das?\" class=\"wp-image-4668\" srcset=\"https:\/\/bergbau-gr.ch\/wordpress\/wp-content\/uploads\/2015\/06\/Foto-2-1024x765.jpg 1024w, https:\/\/bergbau-gr.ch\/wordpress\/wp-content\/uploads\/2015\/06\/Foto-2-300x224.jpg 300w, https:\/\/bergbau-gr.ch\/wordpress\/wp-content\/uploads\/2015\/06\/Foto-2-402x300.jpg 402w, https:\/\/bergbau-gr.ch\/wordpress\/wp-content\/uploads\/2015\/06\/Foto-2.jpg 1296w\" sizes=\"auto, (max-width: 1024px) 100vw, 1024px\" \/><\/a><figcaption>Wo ist das?<\/figcaption><\/figure>\n<\/div>\n\n\n<p>Wo ist dieser <strong>Tunnel\/Strasse<\/strong>, Tunnel gebaut 1939<br>Ganz in der N\u00e4he stehen die Ruinen einer historischen Schmelze.<br>Die &#8222;alte&#8220; Strasse ist durch ein Gittertor gesperrt und kann nicht einfach so befahren werden&#8230;<\/p>\n\n\n\n<hr class=\"wp-block-separator has-alpha-channel-opacity\"\/>\n\n\n<div class=\"wp-block-image\">\n<figure class=\"alignright\"><a href=\"https:\/\/www.bergbau-gr.ch\/wordpress\/wp-content\/uploads\/2015\/08\/Wappen.jpg\"><img loading=\"lazy\" decoding=\"async\" width=\"690\" height=\"738\" src=\"https:\/\/www.bergbau-gr.ch\/wordpress\/wp-content\/uploads\/2015\/08\/Wappen.jpg\" alt=\"Wappen\" class=\"wp-image-4851\" srcset=\"https:\/\/bergbau-gr.ch\/wordpress\/wp-content\/uploads\/2015\/08\/Wappen.jpg 690w, https:\/\/bergbau-gr.ch\/wordpress\/wp-content\/uploads\/2015\/08\/Wappen-280x300.jpg 280w\" sizes=\"auto, (max-width: 690px) 100vw, 690px\" \/><\/a><\/figure>\n<\/div>\n\n<div class=\"wp-block-image\">\n<figure class=\"alignleft\"><a href=\"https:\/\/www.bergbau-gr.ch\/wordpress\/wp-content\/uploads\/2015\/12\/R_Cypius.jpg\"><img loading=\"lazy\" decoding=\"async\" width=\"300\" height=\"69\" src=\"https:\/\/www.bergbau-gr.ch\/wordpress\/wp-content\/uploads\/2015\/12\/R_Cypius-300x69.jpg\" alt=\"R_Cypius\" class=\"wp-image-5552\" srcset=\"https:\/\/bergbau-gr.ch\/wordpress\/wp-content\/uploads\/2015\/12\/R_Cypius-300x69.jpg 300w, https:\/\/bergbau-gr.ch\/wordpress\/wp-content\/uploads\/2015\/12\/R_Cypius-500x116.jpg 500w, https:\/\/bergbau-gr.ch\/wordpress\/wp-content\/uploads\/2015\/12\/R_Cypius.jpg 640w\" sizes=\"auto, (max-width: 300px) 100vw, 300px\" \/><\/a><\/figure>\n<\/div>\n\n\n<p><strong>Weiblicher Bergbau?<\/strong><br>Was bedeutet dieses Wappen?<br>Von welcher Gemeinde ist dieses Wappen?<br>Kleiner Tip: Es ist nicht in der Schweiz,<br>es ist aber ein UNESCO-Kulturerbeort mit grosser Bergbauvergangenheit<br><\/p>\n\n\n\n<p>Danke Matti, Du hast das R\u00e4tsel gel\u00f6st: <a href=\"http:\/\/www.rorosmuseet.no\/museet_en\" target=\"_blank\" rel=\"noopener\"><strong>R\u00f8ros, Norwegen<!-- default-view.php -->\n<div\n\tclass=\"ngg-galleryoverview default-view\n\t ngg-ajax-pagination-none\t\"\n\tid=\"ngg-gallery-d40d4b62bfaeaa2ab42f1b06099b0ea6-1\"\n\tdata-gallery-id=\"92\">\n\n\t\t<!-- Thumbnails -->\n\t\t\t\t<div id=\"ngg-image-0\" class=\"ngg-gallery-thumbnail-box\n\t\t\t\t\t\t\t\tngg-8-columns\t\t\t\"\n\t\t\t>\n\t\t\t\t\t\t<div class=\"ngg-gallery-thumbnail\">\n\t\t\t<a href=\"https:\/\/bergbau-gr.ch\/wordpress\/wp-content\/gallery\/roros\/R_Deckel.jpg\"\n\t\t\t\ttitle=\"\"\n\t\t\t\tdata-src=\"https:\/\/bergbau-gr.ch\/wordpress\/wp-content\/gallery\/roros\/R_Deckel.jpg\"\n\t\t\t\tdata-thumbnail=\"https:\/\/bergbau-gr.ch\/wordpress\/wp-content\/gallery\/roros\/thumbs\/thumbs_R_Deckel.jpg\"\n\t\t\t\tdata-image-id=\"1375\"\n\t\t\t\tdata-title=\"R_Deckel\"\n\t\t\t\tdata-description=\"\"\n\t\t\t\tdata-image-slug=\"r_deckel\"\n\t\t\t\t\t\t\t\t\t\t\t\t\t\t\t\t\t\t\t\tclass=\"shutterset_d40d4b62bfaeaa2ab42f1b06099b0ea6\">\n\t\t\t\t\t\t\t\t<img\n\t\t\t\t\ttitle=\"R_Deckel\"\n\t\t\t\t\talt=\"R_Deckel\"\n\t\t\t\t\tsrc=\"https:\/\/bergbau-gr.ch\/wordpress\/wp-content\/gallery\/roros\/thumbs\/thumbs_R_Deckel.jpg\"\n\t\t\t\t\twidth=\"100\"\n\t\t\t\t\theight=\"75\"\n\t\t\t\t\tstyle=\"max-width:100%;\"\n\t\t\t\t\/>\n\t\t\t<\/a>\n\t\t<\/div>\n\t\t\t\t\t\t\t<\/div>\n\t\t\t\n\t\t\t\t<div id=\"ngg-image-1\" class=\"ngg-gallery-thumbnail-box\n\t\t\t\t\t\t\t\tngg-8-columns\t\t\t\"\n\t\t\t>\n\t\t\t\t\t\t<div class=\"ngg-gallery-thumbnail\">\n\t\t\t<a href=\"https:\/\/bergbau-gr.ch\/wordpress\/wp-content\/gallery\/roros\/R_Knappen.jpg\"\n\t\t\t\ttitle=\"\"\n\t\t\t\tdata-src=\"https:\/\/bergbau-gr.ch\/wordpress\/wp-content\/gallery\/roros\/R_Knappen.jpg\"\n\t\t\t\tdata-thumbnail=\"https:\/\/bergbau-gr.ch\/wordpress\/wp-content\/gallery\/roros\/thumbs\/thumbs_R_Knappen.jpg\"\n\t\t\t\tdata-image-id=\"1379\"\n\t\t\t\tdata-title=\"R_Knappen\"\n\t\t\t\tdata-description=\"\"\n\t\t\t\tdata-image-slug=\"r_knappen\"\n\t\t\t\t\t\t\t\t\t\t\t\t\t\t\t\t\t\t\t\tclass=\"shutterset_d40d4b62bfaeaa2ab42f1b06099b0ea6\">\n\t\t\t\t\t\t\t\t<img\n\t\t\t\t\ttitle=\"R_Knappen\"\n\t\t\t\t\talt=\"R_Knappen\"\n\t\t\t\t\tsrc=\"https:\/\/bergbau-gr.ch\/wordpress\/wp-content\/gallery\/roros\/thumbs\/thumbs_R_Knappen.jpg\"\n\t\t\t\t\twidth=\"100\"\n\t\t\t\t\theight=\"75\"\n\t\t\t\t\tstyle=\"max-width:100%;\"\n\t\t\t\t\/>\n\t\t\t<\/a>\n\t\t<\/div>\n\t\t\t\t\t\t\t<\/div>\n\t\t\t\n\t\t\t\t<div id=\"ngg-image-2\" class=\"ngg-gallery-thumbnail-box\n\t\t\t\t\t\t\t\tngg-8-columns\t\t\t\"\n\t\t\t>\n\t\t\t\t\t\t<div class=\"ngg-gallery-thumbnail\">\n\t\t\t<a href=\"https:\/\/bergbau-gr.ch\/wordpress\/wp-content\/gallery\/roros\/R_Kirche.jpg\"\n\t\t\t\ttitle=\"\"\n\t\t\t\tdata-src=\"https:\/\/bergbau-gr.ch\/wordpress\/wp-content\/gallery\/roros\/R_Kirche.jpg\"\n\t\t\t\tdata-thumbnail=\"https:\/\/bergbau-gr.ch\/wordpress\/wp-content\/gallery\/roros\/thumbs\/thumbs_R_Kirche.jpg\"\n\t\t\t\tdata-image-id=\"1378\"\n\t\t\t\tdata-title=\"R_Kirche\"\n\t\t\t\tdata-description=\"\"\n\t\t\t\tdata-image-slug=\"r_kirche\"\n\t\t\t\t\t\t\t\t\t\t\t\t\t\t\t\t\t\t\t\tclass=\"shutterset_d40d4b62bfaeaa2ab42f1b06099b0ea6\">\n\t\t\t\t\t\t\t\t<img\n\t\t\t\t\ttitle=\"R_Kirche\"\n\t\t\t\t\talt=\"R_Kirche\"\n\t\t\t\t\tsrc=\"https:\/\/bergbau-gr.ch\/wordpress\/wp-content\/gallery\/roros\/thumbs\/thumbs_R_Kirche.jpg\"\n\t\t\t\t\twidth=\"100\"\n\t\t\t\t\theight=\"75\"\n\t\t\t\t\tstyle=\"max-width:100%;\"\n\t\t\t\t\/>\n\t\t\t<\/a>\n\t\t<\/div>\n\t\t\t\t\t\t\t<\/div>\n\t\t\t\n\t\t\t\t<div id=\"ngg-image-3\" class=\"ngg-gallery-thumbnail-box\n\t\t\t\t\t\t\t\tngg-8-columns\t\t\t\"\n\t\t\t>\n\t\t\t\t\t\t<div class=\"ngg-gallery-thumbnail\">\n\t\t\t<a href=\"https:\/\/bergbau-gr.ch\/wordpress\/wp-content\/gallery\/roros\/R_Bach.jpg\"\n\t\t\t\ttitle=\"\"\n\t\t\t\tdata-src=\"https:\/\/bergbau-gr.ch\/wordpress\/wp-content\/gallery\/roros\/R_Bach.jpg\"\n\t\t\t\tdata-thumbnail=\"https:\/\/bergbau-gr.ch\/wordpress\/wp-content\/gallery\/roros\/thumbs\/thumbs_R_Bach.jpg\"\n\t\t\t\tdata-image-id=\"1374\"\n\t\t\t\tdata-title=\"R_Bach\"\n\t\t\t\tdata-description=\"\"\n\t\t\t\tdata-image-slug=\"r_bach\"\n\t\t\t\t\t\t\t\t\t\t\t\t\t\t\t\t\t\t\t\tclass=\"shutterset_d40d4b62bfaeaa2ab42f1b06099b0ea6\">\n\t\t\t\t\t\t\t\t<img\n\t\t\t\t\ttitle=\"R_Bach\"\n\t\t\t\t\talt=\"R_Bach\"\n\t\t\t\t\tsrc=\"https:\/\/bergbau-gr.ch\/wordpress\/wp-content\/gallery\/roros\/thumbs\/thumbs_R_Bach.jpg\"\n\t\t\t\t\twidth=\"100\"\n\t\t\t\t\theight=\"75\"\n\t\t\t\t\tstyle=\"max-width:100%;\"\n\t\t\t\t\/>\n\t\t\t<\/a>\n\t\t<\/div>\n\t\t\t\t\t\t\t<\/div>\n\t\t\t\n\t\t\t\t<div id=\"ngg-image-4\" class=\"ngg-gallery-thumbnail-box\n\t\t\t\t\t\t\t\tngg-8-columns\t\t\t\"\n\t\t\t>\n\t\t\t\t\t\t<div class=\"ngg-gallery-thumbnail\">\n\t\t\t<a href=\"https:\/\/bergbau-gr.ch\/wordpress\/wp-content\/gallery\/roros\/R_Dorf.jpg\"\n\t\t\t\ttitle=\"\"\n\t\t\t\tdata-src=\"https:\/\/bergbau-gr.ch\/wordpress\/wp-content\/gallery\/roros\/R_Dorf.jpg\"\n\t\t\t\tdata-thumbnail=\"https:\/\/bergbau-gr.ch\/wordpress\/wp-content\/gallery\/roros\/thumbs\/thumbs_R_Dorf.jpg\"\n\t\t\t\tdata-image-id=\"1376\"\n\t\t\t\tdata-title=\"R_Dorf\"\n\t\t\t\tdata-description=\"\"\n\t\t\t\tdata-image-slug=\"r_dorf\"\n\t\t\t\t\t\t\t\t\t\t\t\t\t\t\t\t\t\t\t\tclass=\"shutterset_d40d4b62bfaeaa2ab42f1b06099b0ea6\">\n\t\t\t\t\t\t\t\t<img\n\t\t\t\t\ttitle=\"R_Dorf\"\n\t\t\t\t\talt=\"R_Dorf\"\n\t\t\t\t\tsrc=\"https:\/\/bergbau-gr.ch\/wordpress\/wp-content\/gallery\/roros\/thumbs\/thumbs_R_Dorf.jpg\"\n\t\t\t\t\twidth=\"100\"\n\t\t\t\t\theight=\"75\"\n\t\t\t\t\tstyle=\"max-width:100%;\"\n\t\t\t\t\/>\n\t\t\t<\/a>\n\t\t<\/div>\n\t\t\t\t\t\t\t<\/div>\n\t\t\t\n\t\t\t\t<div id=\"ngg-image-5\" class=\"ngg-gallery-thumbnail-box\n\t\t\t\t\t\t\t\tngg-8-columns\t\t\t\"\n\t\t\t>\n\t\t\t\t\t\t<div class=\"ngg-gallery-thumbnail\">\n\t\t\t<a href=\"https:\/\/bergbau-gr.ch\/wordpress\/wp-content\/gallery\/roros\/R_Halde.jpg\"\n\t\t\t\ttitle=\"\"\n\t\t\t\tdata-src=\"https:\/\/bergbau-gr.ch\/wordpress\/wp-content\/gallery\/roros\/R_Halde.jpg\"\n\t\t\t\tdata-thumbnail=\"https:\/\/bergbau-gr.ch\/wordpress\/wp-content\/gallery\/roros\/thumbs\/thumbs_R_Halde.jpg\"\n\t\t\t\tdata-image-id=\"1377\"\n\t\t\t\tdata-title=\"R_Halde\"\n\t\t\t\tdata-description=\"\"\n\t\t\t\tdata-image-slug=\"r_halde\"\n\t\t\t\t\t\t\t\t\t\t\t\t\t\t\t\t\t\t\t\tclass=\"shutterset_d40d4b62bfaeaa2ab42f1b06099b0ea6\">\n\t\t\t\t\t\t\t\t<img\n\t\t\t\t\ttitle=\"R_Halde\"\n\t\t\t\t\talt=\"R_Halde\"\n\t\t\t\t\tsrc=\"https:\/\/bergbau-gr.ch\/wordpress\/wp-content\/gallery\/roros\/thumbs\/thumbs_R_Halde.jpg\"\n\t\t\t\t\twidth=\"100\"\n\t\t\t\t\theight=\"75\"\n\t\t\t\t\tstyle=\"max-width:100%;\"\n\t\t\t\t\/>\n\t\t\t<\/a>\n\t\t<\/div>\n\t\t\t\t\t\t\t<\/div>\n\t\t\t\n\t\t\t\t<div id=\"ngg-image-6\" class=\"ngg-gallery-thumbnail-box\n\t\t\t\t\t\t\t\tngg-8-columns\t\t\t\"\n\t\t\t>\n\t\t\t\t\t\t<div class=\"ngg-gallery-thumbnail\">\n\t\t\t<a href=\"https:\/\/bergbau-gr.ch\/wordpress\/wp-content\/gallery\/roros\/R_Kupfer.jpg\"\n\t\t\t\ttitle=\"\"\n\t\t\t\tdata-src=\"https:\/\/bergbau-gr.ch\/wordpress\/wp-content\/gallery\/roros\/R_Kupfer.jpg\"\n\t\t\t\tdata-thumbnail=\"https:\/\/bergbau-gr.ch\/wordpress\/wp-content\/gallery\/roros\/thumbs\/thumbs_R_Kupfer.jpg\"\n\t\t\t\tdata-image-id=\"1380\"\n\t\t\t\tdata-title=\"R_Kupfer\"\n\t\t\t\tdata-description=\"\"\n\t\t\t\tdata-image-slug=\"r_kupfer\"\n\t\t\t\t\t\t\t\t\t\t\t\t\t\t\t\t\t\t\t\tclass=\"shutterset_d40d4b62bfaeaa2ab42f1b06099b0ea6\">\n\t\t\t\t\t\t\t\t<img\n\t\t\t\t\ttitle=\"R_Kupfer\"\n\t\t\t\t\talt=\"R_Kupfer\"\n\t\t\t\t\tsrc=\"https:\/\/bergbau-gr.ch\/wordpress\/wp-content\/gallery\/roros\/thumbs\/thumbs_R_Kupfer.jpg\"\n\t\t\t\t\twidth=\"100\"\n\t\t\t\t\theight=\"75\"\n\t\t\t\t\tstyle=\"max-width:100%;\"\n\t\t\t\t\/>\n\t\t\t<\/a>\n\t\t<\/div>\n\t\t\t\t\t\t\t<\/div>\n\t\t\t\n\t\t\t\t<div id=\"ngg-image-7\" class=\"ngg-gallery-thumbnail-box\n\t\t\t\t\t\t\t\tngg-8-columns\t\t\t\"\n\t\t\t>\n\t\t\t\t\t\t<div class=\"ngg-gallery-thumbnail\">\n\t\t\t<a href=\"https:\/\/bergbau-gr.ch\/wordpress\/wp-content\/gallery\/roros\/R_Schmelze.jpg\"\n\t\t\t\ttitle=\"\"\n\t\t\t\tdata-src=\"https:\/\/bergbau-gr.ch\/wordpress\/wp-content\/gallery\/roros\/R_Schmelze.jpg\"\n\t\t\t\tdata-thumbnail=\"https:\/\/bergbau-gr.ch\/wordpress\/wp-content\/gallery\/roros\/thumbs\/thumbs_R_Schmelze.jpg\"\n\t\t\t\tdata-image-id=\"1382\"\n\t\t\t\tdata-title=\"R_Schmelze\"\n\t\t\t\tdata-description=\"\"\n\t\t\t\tdata-image-slug=\"r_schmelze\"\n\t\t\t\t\t\t\t\t\t\t\t\t\t\t\t\t\t\t\t\tclass=\"shutterset_d40d4b62bfaeaa2ab42f1b06099b0ea6\">\n\t\t\t\t\t\t\t\t<img\n\t\t\t\t\ttitle=\"R_Schmelze\"\n\t\t\t\t\talt=\"R_Schmelze\"\n\t\t\t\t\tsrc=\"https:\/\/bergbau-gr.ch\/wordpress\/wp-content\/gallery\/roros\/thumbs\/thumbs_R_Schmelze.jpg\"\n\t\t\t\t\twidth=\"100\"\n\t\t\t\t\theight=\"75\"\n\t\t\t\t\tstyle=\"max-width:100%;\"\n\t\t\t\t\/>\n\t\t\t<\/a>\n\t\t<\/div>\n\t\t\t\t\t\t\t<\/div>\n\t\t\t\n\t\t\t\t<div id=\"ngg-image-8\" class=\"ngg-gallery-thumbnail-box\n\t\t\t\t\t\t\t\tngg-8-columns\t\t\t\"\n\t\t\t>\n\t\t\t\t\t\t<div class=\"ngg-gallery-thumbnail\">\n\t\t\t<a href=\"https:\/\/bergbau-gr.ch\/wordpress\/wp-content\/gallery\/roros\/R_Mast.jpg\"\n\t\t\t\ttitle=\"\"\n\t\t\t\tdata-src=\"https:\/\/bergbau-gr.ch\/wordpress\/wp-content\/gallery\/roros\/R_Mast.jpg\"\n\t\t\t\tdata-thumbnail=\"https:\/\/bergbau-gr.ch\/wordpress\/wp-content\/gallery\/roros\/thumbs\/thumbs_R_Mast.jpg\"\n\t\t\t\tdata-image-id=\"1381\"\n\t\t\t\tdata-title=\"R_Mast\"\n\t\t\t\tdata-description=\"\"\n\t\t\t\tdata-image-slug=\"r_mast\"\n\t\t\t\t\t\t\t\t\t\t\t\t\t\t\t\t\t\t\t\tclass=\"shutterset_d40d4b62bfaeaa2ab42f1b06099b0ea6\">\n\t\t\t\t\t\t\t\t<img\n\t\t\t\t\ttitle=\"R_Mast\"\n\t\t\t\t\talt=\"R_Mast\"\n\t\t\t\t\tsrc=\"https:\/\/bergbau-gr.ch\/wordpress\/wp-content\/gallery\/roros\/thumbs\/thumbs_R_Mast.jpg\"\n\t\t\t\t\twidth=\"100\"\n\t\t\t\t\theight=\"75\"\n\t\t\t\t\tstyle=\"max-width:100%;\"\n\t\t\t\t\/>\n\t\t\t<\/a>\n\t\t<\/div>\n\t\t\t\t\t\t\t<\/div>\n\t\t\t\n\t\t\t\t<div id=\"ngg-image-9\" class=\"ngg-gallery-thumbnail-box\n\t\t\t\t\t\t\t\tngg-8-columns\t\t\t\"\n\t\t\t>\n\t\t\t\t\t\t<div class=\"ngg-gallery-thumbnail\">\n\t\t\t<a href=\"https:\/\/bergbau-gr.ch\/wordpress\/wp-content\/gallery\/roros\/R_Seilbahn.jpg\"\n\t\t\t\ttitle=\"\"\n\t\t\t\tdata-src=\"https:\/\/bergbau-gr.ch\/wordpress\/wp-content\/gallery\/roros\/R_Seilbahn.jpg\"\n\t\t\t\tdata-thumbnail=\"https:\/\/bergbau-gr.ch\/wordpress\/wp-content\/gallery\/roros\/thumbs\/thumbs_R_Seilbahn.jpg\"\n\t\t\t\tdata-image-id=\"1383\"\n\t\t\t\tdata-title=\"R_Seilbahn\"\n\t\t\t\tdata-description=\"\"\n\t\t\t\tdata-image-slug=\"r_seilbahn\"\n\t\t\t\t\t\t\t\t\t\t\t\t\t\t\t\t\t\t\t\tclass=\"shutterset_d40d4b62bfaeaa2ab42f1b06099b0ea6\">\n\t\t\t\t\t\t\t\t<img\n\t\t\t\t\ttitle=\"R_Seilbahn\"\n\t\t\t\t\talt=\"R_Seilbahn\"\n\t\t\t\t\tsrc=\"https:\/\/bergbau-gr.ch\/wordpress\/wp-content\/gallery\/roros\/thumbs\/thumbs_R_Seilbahn.jpg\"\n\t\t\t\t\twidth=\"100\"\n\t\t\t\t\theight=\"75\"\n\t\t\t\t\tstyle=\"max-width:100%;\"\n\t\t\t\t\/>\n\t\t\t<\/a>\n\t\t<\/div>\n\t\t\t\t\t\t\t<\/div>\n\t\t\t\n\t\t\t\t<div id=\"ngg-image-10\" class=\"ngg-gallery-thumbnail-box\n\t\t\t\t\t\t\t\tngg-8-columns\t\t\t\"\n\t\t\t>\n\t\t\t\t\t\t<div class=\"ngg-gallery-thumbnail\">\n\t\t\t<a href=\"https:\/\/bergbau-gr.ch\/wordpress\/wp-content\/gallery\/roros\/R_Storawitz.jpg\"\n\t\t\t\ttitle=\"\"\n\t\t\t\tdata-src=\"https:\/\/bergbau-gr.ch\/wordpress\/wp-content\/gallery\/roros\/R_Storawitz.jpg\"\n\t\t\t\tdata-thumbnail=\"https:\/\/bergbau-gr.ch\/wordpress\/wp-content\/gallery\/roros\/thumbs\/thumbs_R_Storawitz.jpg\"\n\t\t\t\tdata-image-id=\"1384\"\n\t\t\t\tdata-title=\"R_Storawitz\"\n\t\t\t\tdata-description=\"\"\n\t\t\t\tdata-image-slug=\"r_storawitz\"\n\t\t\t\t\t\t\t\t\t\t\t\t\t\t\t\t\t\t\t\tclass=\"shutterset_d40d4b62bfaeaa2ab42f1b06099b0ea6\">\n\t\t\t\t\t\t\t\t<img\n\t\t\t\t\ttitle=\"R_Storawitz\"\n\t\t\t\t\talt=\"R_Storawitz\"\n\t\t\t\t\tsrc=\"https:\/\/bergbau-gr.ch\/wordpress\/wp-content\/gallery\/roros\/thumbs\/thumbs_R_Storawitz.jpg\"\n\t\t\t\t\twidth=\"100\"\n\t\t\t\t\theight=\"75\"\n\t\t\t\t\tstyle=\"max-width:100%;\"\n\t\t\t\t\/>\n\t\t\t<\/a>\n\t\t<\/div>\n\t\t\t\t\t\t\t<\/div>\n\t\t\t\n\t\t\t\t<div id=\"ngg-image-11\" class=\"ngg-gallery-thumbnail-box\n\t\t\t\t\t\t\t\tngg-8-columns\t\t\t\"\n\t\t\t>\n\t\t\t\t\t\t<div class=\"ngg-gallery-thumbnail\">\n\t\t\t<a href=\"https:\/\/bergbau-gr.ch\/wordpress\/wp-content\/gallery\/roros\/R_Abspann.jpg\"\n\t\t\t\ttitle=\"\"\n\t\t\t\tdata-src=\"https:\/\/bergbau-gr.ch\/wordpress\/wp-content\/gallery\/roros\/R_Abspann.jpg\"\n\t\t\t\tdata-thumbnail=\"https:\/\/bergbau-gr.ch\/wordpress\/wp-content\/gallery\/roros\/thumbs\/thumbs_R_Abspann.jpg\"\n\t\t\t\tdata-image-id=\"1385\"\n\t\t\t\tdata-title=\"R_Abspann\"\n\t\t\t\tdata-description=\"\"\n\t\t\t\tdata-image-slug=\"r_abspann\"\n\t\t\t\t\t\t\t\t\t\t\t\t\t\t\t\t\t\t\t\tclass=\"shutterset_d40d4b62bfaeaa2ab42f1b06099b0ea6\">\n\t\t\t\t\t\t\t\t<img\n\t\t\t\t\ttitle=\"R_Abspann\"\n\t\t\t\t\talt=\"R_Abspann\"\n\t\t\t\t\tsrc=\"https:\/\/bergbau-gr.ch\/wordpress\/wp-content\/gallery\/roros\/thumbs\/thumbs_R_Abspann.jpg\"\n\t\t\t\t\twidth=\"100\"\n\t\t\t\t\theight=\"75\"\n\t\t\t\t\tstyle=\"max-width:100%;\"\n\t\t\t\t\/>\n\t\t\t<\/a>\n\t\t<\/div>\n\t\t\t\t\t\t\t<\/div>\n\t\t\t\n\t\n\t<br style=\"clear: both\" \/>\n\n\t\n\t\t<!-- Pagination -->\n\t\t<div class='ngg-clear'><\/div>\t<\/div>\n<\/strong><\/a><\/p>\n","protected":false},"excerpt":{"rendered":"<p>In loser Folge m\u00f6chte ich Euch R\u00e4tsel stellen: Was haben fleissige Bienen mit Bergbau zu tun? Wo krabbelt eine ganze Bienenreihe von 1902 um einen Bergbaueingang? Kleine Hilfe: Die Bienenreihe wurde von einem Schulhaus in ein viel \u00e4lteres Bergbaugeb\u00e4ude versetzt, &hellip; <a href=\"https:\/\/bergbau-gr.ch\/?page_id=4665\">Weiterlesen <span class=\"meta-nav\">&rarr;<\/span><\/a><\/p>\n","protected":false},"author":1,"featured_media":0,"parent":106,"menu_order":0,"comment_status":"open","ping_status":"closed","template":"","meta":{"ngg_post_thumbnail":0,"footnotes":""},"class_list":["post-4665","page","type-page","status-publish","hentry"],"_links":{"self":[{"href":"https:\/\/bergbau-gr.ch\/index.php?rest_route=\/wp\/v2\/pages\/4665","targetHints":{"allow":["GET"]}}],"collection":[{"href":"https:\/\/bergbau-gr.ch\/index.php?rest_route=\/wp\/v2\/pages"}],"about":[{"href":"https:\/\/bergbau-gr.ch\/index.php?rest_route=\/wp\/v2\/types\/page"}],"author":[{"embeddable":true,"href":"https:\/\/bergbau-gr.ch\/index.php?rest_route=\/wp\/v2\/users\/1"}],"replies":[{"embeddable":true,"href":"https:\/\/bergbau-gr.ch\/index.php?rest_route=%2Fwp%2Fv2%2Fcomments&post=4665"}],"version-history":[{"count":22,"href":"https:\/\/bergbau-gr.ch\/index.php?rest_route=\/wp\/v2\/pages\/4665\/revisions"}],"predecessor-version":[{"id":9300,"href":"https:\/\/bergbau-gr.ch\/index.php?rest_route=\/wp\/v2\/pages\/4665\/revisions\/9300"}],"up":[{"embeddable":true,"href":"https:\/\/bergbau-gr.ch\/index.php?rest_route=\/wp\/v2\/pages\/106"}],"wp:attachment":[{"href":"https:\/\/bergbau-gr.ch\/index.php?rest_route=%2Fwp%2Fv2%2Fmedia&parent=4665"}],"curies":[{"name":"wp","href":"https:\/\/api.w.org\/{rel}","templated":true}]}}