{"id":528,"date":"2012-08-30T16:37:09","date_gmt":"2012-08-30T14:37:09","guid":{"rendered":"http:\/\/www.bergbau-gr.ch\/wordpress\/?page_id=528"},"modified":"2019-10-02T14:06:49","modified_gmt":"2019-10-02T12:06:49","slug":"bergknappe-7-14-1978-1980","status":"publish","type":"page","link":"https:\/\/bergbau-gr.ch\/?page_id=528","title":{"rendered":"BK  7 -14  1978-1980"},"content":{"rendered":"<p>Ausgabe Nr.&nbsp; 7-14 1978-1980, digitalisiert in pdf durch Walter Good<br \/>\nAb der siebten Ausgabe erscheint der Bergknappe im charakteristischen Umschlag<a href=\"https:\/\/www.bergbau-gr.ch\/wordpress\/wp-content\/uploads\/2012\/08\/BKUmschlag.jpg\"><img loading=\"lazy\" decoding=\"async\" class=\"aligncenter size-full wp-image-671\" title=\"BKUmschlag\" src=\"https:\/\/www.bergbau-gr.ch\/wordpress\/wp-content\/uploads\/2012\/08\/BKUmschlag.jpg\" alt=\"\" width=\"1187\" height=\"219\" srcset=\"https:\/\/bergbau-gr.ch\/wordpress\/wp-content\/uploads\/2012\/08\/BKUmschlag.jpg 1187w, https:\/\/bergbau-gr.ch\/wordpress\/wp-content\/uploads\/2012\/08\/BKUmschlag-300x55.jpg 300w, https:\/\/bergbau-gr.ch\/wordpress\/wp-content\/uploads\/2012\/08\/BKUmschlag-1024x188.jpg 1024w, https:\/\/bergbau-gr.ch\/wordpress\/wp-content\/uploads\/2012\/08\/BKUmschlag-500x92.jpg 500w\" sizes=\"auto, (max-width: 1187px) 100vw, 1187px\" \/><\/a><\/p>\n<p><span style=\"font-family: Arial;\"><a href=\"https:\/\/www.bergbau-gr.ch\/wordpress\/wp-content\/uploads\/bk\/bk_7.pdf\" target=\"_blank\" rel=\"noopener\">Bergknappe Nr. 7<\/a>, Oktober 1978:<br \/>\n&#8211; Die Schmelzanlagen von Flecs\/Salouf<br \/>\n&#8211; Bergbau am Ofenpass<br \/>\n&#8211; Wolframsuche in Graub\u00fcnden<br \/>\n&#8211; Exkursion Munt Buffalora<br \/>\n&#8211; Verschiedenes<\/span><\/p>\n<p><span style=\"font-family: Arial;\"><a href=\"https:\/\/www.bergbau-gr.ch\/wordpress\/wp-content\/uploads\/bk\/bk_8.pdf\" target=\"_blank\" rel=\"noopener\">Bergknappe Nr. 8<\/a>, M\u00e4rz 1979:<br \/>\n&#8211; Erzvorkommen, Bergbau und Lagerst\u00e4ttenforschung in der Schweiz<br \/>\n&#8211; Eisenlagerst\u00e4tten der Gemeinde Berg\u00fcn<br \/>\n&#8211; Wiederentdeckung alter Erzstollen bei Sils-Baselgia<br \/>\n&#8211; Verschiedenes<\/span><\/p>\n<p><span style=\"font-family: Arial;\"><a href=\"https:\/\/www.bergbau-gr.ch\/wordpress\/wp-content\/uploads\/bk\/bk_9.pdf\" target=\"_blank\" rel=\"noopener\">Bergknappe Nr. 9<\/a>, Juni 1979:<br \/>\n&#8211; Er\u00f6ffnung des Bergbaumuseums Graub\u00fcnden im Schmelzboden, Davos<br \/>\n&#8211; Johannes Strub, 1884-1967, Ein Leben f\u00fcr den Silberberg<br \/>\n&#8211; Eisenlagerst\u00e4tten der Gemeinde Berg\u00fcn ( 2. Teil)<br \/>\n&#8211; Bergbau und Bergwerke in Graub\u00fcnden im 16. und 17. Jahrhundert<br \/>\n&#8211; Der Klosterser Bergbau<br \/>\n&#8211; Verschiedenes<\/span><\/p>\n<p><span style=\"font-family: Arial;\"><a href=\"https:\/\/www.bergbau-gr.ch\/wordpress\/wp-content\/uploads\/bk\/bk_10.pdf\" target=\"_blank\" rel=\"noopener\">Bergknappe Nr. 10<\/a>, November 1979:<br \/>\n&#8211; Der Bergbau im Oberhalbstein<br \/>\n&#8211; T\u00e4tigkeitsberichte der Regionalgruppen Hinterrhein und Oberhalbstein<br \/>\n&#8211; Die Walser und der Bergbau<br \/>\n&#8211; Der alte Kupferbergbau im Sultanat Oman<br \/>\n&#8211; Exkursion Val Tisch<br \/>\n&#8211; Verschiedenes<\/span><\/p>\n<p><span style=\"font-family: Arial;\"><a href=\"https:\/\/www.bergbau-gr.ch\/wordpress\/wp-content\/uploads\/bk\/bk_11.pdf\" target=\"_blank\" rel=\"noopener\">Bergknappe Nr. 11<\/a>, <\/span><span style=\"font-family: Arial;\">April 1980: <\/span><span style=\"font-family: Arial;\"><strong>Bergbauheft <a title=\"Terra Grischuna\" href=\"http:\/\/www.terragrischuna.ch\/\" target=\"_blank\" rel=\"noopener\">Terra Grischuna<\/a><\/strong> (Nr. 2;&nbsp; 39. Jahrgang)<br \/>\n&#8211; Der fr\u00fchere Bergbau in Graub\u00fcnden<br \/>\n&#8211; Bergbau im Hinterrheingebiet. Das ,,Eisenwerk am Stein&#8220;<br \/>\n&#8211; Die Mangangruben des Oberhalbsteins<br \/>\n&#8211; Die Minas da Fier bei Berg\u00fcn<br \/>\n&#8211; Die Minen von Mot Madlain im S-charltal<br \/>\n&#8211; Auf den Spuren alter Bergwerke im s\u00fcd\u00f6stlichen Graub\u00fcnden<br \/>\n&#8211; Der Bergbau in der Surselva im Mittelalter und in der Neuzeit<br \/>\n&#8211; Die ,,perckwercken obe und under der erde&#8220; von Klosters<br \/>\n&#8211; Das alte Blei-Zink-Bergwerk am Silberberg zu Davos<br \/>\n&#8211; Die roten H\u00f6rner von Arosa, Parpan und Lenz<br \/>\n&#8211; Der Verein der Freunde des Bergbaues in Graub\u00fcnden<br \/>\n&#8211; Blick ins Bergbaumuseum Schmelzboden Davos<\/span><\/p>\n<p><span style=\"font-family: Arial;\"><a href=\"https:\/\/www.bergbau-gr.ch\/wordpress\/wp-content\/uploads\/bk\/bk_12.pdf\" target=\"_blank\" rel=\"noopener\">Bergknappe Nr. 12<\/a>, Juni 1980:<br \/>\n&#8211; Endbronzezeitlicher Bergbau in Timna am Roten Meer<br \/>\n&#8211; Der alte Bergbau am Bleiberg bei Schmitten im Albulatal<br \/>\n&#8211; Der Eiserne Hut<br \/>\n&#8211; Ueber die Zinkgewinnung und das Zinkschmelz-Verfahren zu Beginn des 19. Jahrhunderts in Graub\u00fcnden<br \/>\n&#8211; Exkursion in die Mangangruben des Val d&#8217;Err<br \/>\n&#8211; Verschiedenes<\/span><\/p>\n<p><span style=\"font-family: Arial;\"><a href=\"https:\/\/www.bergbau-gr.ch\/wordpress\/wp-content\/uploads\/bk\/bk_13.pdf\" target=\"_blank\" rel=\"noopener\">Bergknappe Nr. 13<\/a>, September 1980:<br \/>\n&#8211; Gewinnung und Verarbeitung von Gold im alten Aegypten<br \/>\n&#8211; der Beginn des Metallbergbaues \u00fcberhaupt<br \/>\n&#8211; Die alten Eisengruben von Latsch sind wieder entdeckt worden<br \/>\n&#8211; Neuigkeiten aus der Grube Surmin<br \/>\n&#8211; Reglement des Berg-und H\u00fcttenwerkes Hoffnungsau Davos<br \/>\n&#8211; Das Fahlerz-und Bleiglanzvorkommen am Gnapperkopf bei V\u00e4ttis<br \/>\n&#8211; Metallhaltige Mineralien im Oberengadin und Bergell<br \/>\n&#8211; In Bellaluna tut sich was<br \/>\n&#8211; Verschiedenes<\/span><\/p>\n<p><span style=\"font-family: Arial;\"><a href=\"https:\/\/www.bergbau-gr.ch\/wordpress\/wp-content\/uploads\/bk\/bk_14.pdf\" target=\"_blank\" rel=\"noopener\">Bergknappe Nr. 14<\/a>, November 1980:<br \/>\n&#8211; Endbronzezeitlicher Bergbau in Timna am Roten Meer (Fortsetzung)<br \/>\n&#8211; Eine bronzezeitliche Siedlung auf dem Padnal bei Savognin<br \/>\n&#8211; Grube St. Jakob, Gotschna-Casanna<br \/>\n&#8211; Verschiedenes<\/span><\/p>\n<p><a title=\"Bergknappe\" href=\"https:\/\/www.bergbau-gr.ch\/wordpress\/?page_id=61\">Zum Anfang Bergknappe<\/a><\/p>\n","protected":false},"excerpt":{"rendered":"<p>Ausgabe Nr.&nbsp; 7-14 1978-1980, digitalisiert in pdf durch Walter Good Ab der siebten Ausgabe erscheint der Bergknappe im charakteristischen Umschlag Bergknappe Nr. 7, Oktober 1978: &#8211; Die Schmelzanlagen von Flecs\/Salouf &#8211; Bergbau am Ofenpass &#8211; Wolframsuche in Graub\u00fcnden &#8211; Exkursion &hellip; <a href=\"https:\/\/bergbau-gr.ch\/?page_id=528\">Weiterlesen <span class=\"meta-nav\">&rarr;<\/span><\/a><\/p>\n","protected":false},"author":1,"featured_media":0,"parent":61,"menu_order":0,"comment_status":"open","ping_status":"closed","template":"showcase.php","meta":{"ngg_post_thumbnail":0,"footnotes":""},"class_list":["post-528","page","type-page","status-publish","hentry"],"_links":{"self":[{"href":"https:\/\/bergbau-gr.ch\/index.php?rest_route=\/wp\/v2\/pages\/528","targetHints":{"allow":["GET"]}}],"collection":[{"href":"https:\/\/bergbau-gr.ch\/index.php?rest_route=\/wp\/v2\/pages"}],"about":[{"href":"https:\/\/bergbau-gr.ch\/index.php?rest_route=\/wp\/v2\/types\/page"}],"author":[{"embeddable":true,"href":"https:\/\/bergbau-gr.ch\/index.php?rest_route=\/wp\/v2\/users\/1"}],"replies":[{"embeddable":true,"href":"https:\/\/bergbau-gr.ch\/index.php?rest_route=%2Fwp%2Fv2%2Fcomments&post=528"}],"version-history":[{"count":30,"href":"https:\/\/bergbau-gr.ch\/index.php?rest_route=\/wp\/v2\/pages\/528\/revisions"}],"predecessor-version":[{"id":7985,"href":"https:\/\/bergbau-gr.ch\/index.php?rest_route=\/wp\/v2\/pages\/528\/revisions\/7985"}],"up":[{"embeddable":true,"href":"https:\/\/bergbau-gr.ch\/index.php?rest_route=\/wp\/v2\/pages\/61"}],"wp:attachment":[{"href":"https:\/\/bergbau-gr.ch\/index.php?rest_route=%2Fwp%2Fv2%2Fmedia&parent=528"}],"curies":[{"name":"wp","href":"https:\/\/api.w.org\/{rel}","templated":true}]}}