{"id":543,"date":"2012-08-30T17:18:40","date_gmt":"2012-08-30T15:18:40","guid":{"rendered":"http:\/\/www.bergbau-gr.ch\/wordpress\/?page_id=543"},"modified":"2019-10-02T14:05:45","modified_gmt":"2019-10-02T12:05:45","slug":"bergknappe-15-30-1981-85","status":"publish","type":"page","link":"https:\/\/bergbau-gr.ch\/?page_id=543","title":{"rendered":"BK 15-30  1981-1985"},"content":{"rendered":"<p><span style=\"font-family: Arial;\">Ausgabe Nr. 15-30, 1981-1984, digitalisiert in pdf durch Walter Good<br \/>\n<\/span><\/p>\n<p><span style=\"font-family: Arial;\"><a href=\"https:\/\/www.bergbau-gr.ch\/wordpress\/wp-content\/uploads\/bk\/bk_15.pdf\" target=\"_blank\" rel=\"noopener\">Bergknappe Nr. 15<\/a>, M\u00e4rz 1981:<br \/>\n&#8211; Der fr\u00fchere Erzabbau im Malcantone, Tessin<br \/>\n&#8211; Petroarch\u00e4ologische Untersuchungen von Grossm\u00e4hrischen Schlacken<br \/>\n&#8211; Erzvorkommen und erster urgeschichtlicher Bergbau im B\u00fcndner Oberland<br \/>\n&#8211; Sanierung des Eisenwerkes am Stein<br \/>\n&#8211; Sommerarbeitslager Bellaluna\/Filisur<\/span><\/p>\n<p><span style=\"font-family: Arial;\"><a href=\"https:\/\/www.bergbau-gr.ch\/wordpress\/wp-content\/uploads\/bk\/bk_16.pdf\" target=\"_blank\" rel=\"noopener\">Bergknappe Nr. 16<\/a>, Juni 1981:<br \/>\n&#8211; Die Grossindustrie der Etrusker<br \/>\n&#8211; Gewinnung und Verarbeitung <\/span><span style=\"font-family: Arial;\">von Lavez in alten Zeiten<br \/>\n&#8211; Von Kienspan zur Kopfleuchte<br \/>\n&#8211; Exkursion an den Silberberg<br \/>\n&#8211; Verschiedenes<\/span><\/p>\n<p><span style=\"font-family: Arial;\"><a href=\"https:\/\/www.bergbau-gr.ch\/wordpress\/wp-content\/uploads\/bk\/bk_17.pdf\" target=\"_blank\" rel=\"noopener\">Bergknappe Nr. 17<\/a>, September 1981:<br \/>\n&#8211; Der Erzbergbau zwischen Arosa und dem Parpaner Rothorn und dessen<br \/>\n&#8211; Bedeutung f\u00fcr Arosa<br \/>\n&#8211; Bergbau in den Berner Alpen<br \/>\n&#8211; Primitiver Bergbau, auch im 20. Jahrhundert<br \/>\n&#8211; Die Beziehungen des Bergbaus in Graub\u00fcnden zum S\u00e4chsischen (Freiberg) Bergbau<br \/>\n&#8211; Verschiedenes<\/span><\/p>\n<p><span style=\"font-family: Arial;\"><a href=\"https:\/\/www.bergbau-gr.ch\/wordpress\/wp-content\/uploads\/bk\/bk_18.pdf\" target=\"_blank\" rel=\"noopener\">Bergknappe Nr. 18,<\/a> November 1981:<br \/>\n&#8211; Die fr\u00fcheste Montanindustrie im Alpenraum unter den \u00f6sterreichischen Herz\u00f6gen im 15. und 16. Jahrhundert<br \/>\nChristian Gadmer, Bergrichter zu Davos und sein Grubenverzeichnis, 1588-1618<br \/>\n&#8211; Auf den Spuren Herodots<br \/>\n&#8211; Die reichen Bergherren von Plurs<br \/>\n&#8211; Salzbergbau in Berchtesgaden<br \/>\n&#8211; Feuersteinbergwerk an den L\u00e4gern im Limmattal<br \/>\n&#8211; Verschiedenes<\/span><\/p>\n<p><span style=\"font-family: Arial;\"><a href=\"https:\/\/www.bergbau-gr.ch\/wordpress\/wp-content\/uploads\/bk\/bk_19.pdf\" target=\"_blank\" rel=\"noopener\">Bergknappe Nr. 19<\/a>,&nbsp; 1\/1982,&nbsp; Februar<br \/>\n&#8211; Der Bergbau im Val Minor, Bernina<br \/>\n&#8211; Die Pionierleistung des deutschen Forschers Karl Mauch im s\u00fcd\u00f6stlichen Afrika 1837-1875<br \/>\n&#8211; Johannes Hitz und seine Nachkommen<br \/>\n&#8211; Bergbau in alter Zeit<br \/>\n&#8211; Verschiedenes<br \/>\n&#8211; Der Bergknappe hilft<\/span><\/p>\n<p><span style=\"font-family: Arial;\"><a href=\"https:\/\/www.bergbau-gr.ch\/wordpress\/wp-content\/uploads\/bk\/bk_20.pdf\" target=\"_blank\" rel=\"noopener\">Bergknappe Nr. 20,<\/a> 2\/1982, Mai<br \/>\n&#8211; Der Bergbau im Val Minor, Bernina ( Fortsetzung 1)<br \/>\n&#8211; Die Pionierleistung des deutschen Geologen Karl Mauch im s\u00fcd\u00f6stlichen Afrika 1837-1875 (Schluss)<br \/>\n&#8211; Auf Entdeckungen im alten Eisenbergwerk auf Guppen im Kanton Glarus<br \/>\n&#8211; Der Bergknappe hilft<br \/>\n&#8211; Verschiedenes<\/span><\/p>\n<p><span style=\"font-family: Arial;\"><a href=\"https:\/\/www.bergbau-gr.ch\/wordpress\/wp-content\/uploads\/bk\/bk_21.pdf\" target=\"_blank\" rel=\"noopener\">Bergknappe Nr. 21<\/a>, 3\/1982, August<br \/>\n&#8211; Die Erzvorkommen und Lagerst\u00e4tten Graub\u00fcndens und der ehemalige Bergbau<br \/>\n&#8211; Die Bodensch\u00e4tze des Wallis<br \/>\n&#8211; Die heilige Barbara-Schutzpatronin der Bergknappen<br \/>\n&#8211; Wolfram-Bergbau im Felbertal,<\/span><span style=\"font-family: Arial;\">Pinzgau<br \/>\n&#8211; Verschiedenes<\/span><\/p>\n<p><span style=\"font-family: Arial;\"><a href=\"https:\/\/www.bergbau-gr.ch\/wordpress\/wp-content\/uploads\/bk\/bk_22.pdf\" target=\"_blank\" rel=\"noopener\">Bergknappe Nr. 22<\/a>, 4\/1982, November<br \/>\n&#8211; Die Eisen-und Kupferkieslager der Nordseite des Piz Mondin im Unterengadin<br \/>\n&#8211; Das ehemalige Goldbergwerk Gondo-Zwischenbergen, Kt. Wallis<br \/>\n&#8211; Auf Entdeckungen im alten Eisenbergwerk auf Guppen im Kt Glarus (Fortsetzung)<br \/>\n&#8211; Der Bergknappe hilft<br \/>\n&#8211; Verschiedenes<\/span><\/p>\n<p><span style=\"font-family: Arial;\"><a href=\"https:\/\/www.bergbau-gr.ch\/wordpress\/wp-content\/uploads\/bk\/bk_23.pdf\" target=\"_blank\" rel=\"noopener\">Bergknappe Nr. 23<\/a>, 1\/1983. Februar<br \/>\n&#8211; Der Bergbau im Val Minor, Bernina (Fortsetzung 2)<br \/>\n&#8211; Die fr\u00fchere Schmelzanlage Bellaluna im Albulatal<br \/>\n&#8211; Die Familie Versell- drei Generationen Bergbau und Schmiedetradition<br \/>\n&#8211; Exkursion zu den Erzgruben im Val Minor, Bernina<br \/>\n&#8211; Verschiedenes<\/span><\/p>\n<p><span style=\"font-family: Arial;\"><a href=\"https:\/\/www.bergbau-gr.ch\/wordpress\/wp-content\/uploads\/bk\/bk_24.pdf\" target=\"_blank\" rel=\"noopener\">Bergknappe Nr. 24<\/a>, 2\/1983, Mai<br \/>\n&#8211; Der Bergbau im Val Minor, Bernina (Fortsetzung 3)<br \/>\n&#8211; Der Blei-und Zinkbergbau am Silberberg bei Davos Monstein<br \/>\n&#8211; Gustav Weinmann, ein unbekannter Bergwerksunternehmer<br \/>\n&#8211; Im Reiche der heiligen Barbara<br \/>\n-. Verschiedenes<\/span><\/p>\n<p><span style=\"font-family: Arial;\"><a href=\"https:\/\/www.bergbau-gr.ch\/wordpress\/wp-content\/uploads\/bk\/bk_25.pdf\" target=\"_blank\" rel=\"noopener\">Bergknappe Nr. 25<\/a>, 3\/1983,&nbsp; August<br \/>\n&#8211; Der Bergbau im Val Minor, Bernina (Schluss)<br \/>\n&#8211; Die Bergbausiedlung Schmelzboden- Hoffnungsau am Silberberg Davos<br \/>\n&#8211; Molybd\u00e4n, ein toxischer Faktor in einem Schweizer Alpental<br \/>\n&#8211; Ein aussergew\u00f6hnlicher Schlackenfund bei S-charl im Unterengadin<br \/>\n&#8211; Bergbauaufzeichnungen aus dem 13. Jahrhundert von Albertus Magnus<br \/>\n&#8211; Verschiedenes<\/span><\/p>\n<p><span style=\"font-family: Arial;\"><a href=\"https:\/\/www.bergbau-gr.ch\/wordpress\/wp-content\/uploads\/bk\/bk_26.pdf\" target=\"_blank\" rel=\"noopener\">Bergknappe Nr. 26<\/a>, 4\/1983, November<br \/>\n&#8211; Die Blei-und Zinkgewinnung zu Beginn des 19. Jh. am Silberberg Davos und in Klosters<br \/>\n&#8211; 3500 Jahre Bergbau und Verh\u00fcttung im Oberhalbstein<br \/>\n&#8211; R\u00f6mische Schmiedegruben in Riom GR<br \/>\n&#8211; Das Schmelzbuch des Hans St\u00f6ckl<br \/>\n&#8211; Die Kupfervererzung von Blaunca, Sils\/Oberengadin<br \/>\n&#8211; Exkursion zur Blei-und Zinklagerst\u00e4tte im S-charltal<br \/>\n&#8211; Verschiedenes<\/span><\/p>\n<p><span style=\"font-family: Arial;\"><a href=\"https:\/\/www.bergbau-gr.ch\/wordpress\/wp-content\/uploads\/bk\/bk_27.pdf\" target=\"_blank\" rel=\"noopener\">Bergknappe Nr. 27<\/a>, 1\/1984, Februar<br \/>\n&#8211; Die Blei-und Zinkgewinnung zu Beginn des 19. Jh. am Silberberg Davos und in Klosters (Fortsetzung1)<br \/>\n&#8211; Die Schlackenhalden des Oberhalbsteins<br \/>\n&#8211; Reisen auf den Spuren der Ph\u00f6nizier und des Zinnhandels in der Bronzezeit<br \/>\n&#8211; Georgius Agricola, 1494-1555, der Verfasser des ersten gr\u00f6sseren Buchwerkes \u00fcber den Bergbau<br \/>\n&#8211; Der Bergknappe hilft<br \/>\n&#8211; Verschiedenes<\/span><\/p>\n<p><span style=\"font-family: Arial;\"><a href=\"https:\/\/www.bergbau-gr.ch\/wordpress\/wp-content\/uploads\/bk\/bk_28.pdf\" target=\"_blank\" rel=\"noopener\">Bergknappe Nr. 28<\/a>, 2\/1984, Mai<br \/>\n&#8211; Zusammensetzung und Mikrogef\u00fcge von Schlacken aus dem Oberhalbstein<br \/>\n&#8211; Die Blei-und Zinkgewinnung zu Beginn des 19. Jh. am Silberberg Davos und in Klosters (Fortsetzung 2)<br \/>\n&#8211; Die Gewinnung von Kalk f\u00fcr Bauzwecke und alte Kalk\u00f6fen in Graub\u00fcnden<br \/>\n&#8211; Die Fugger aus Augsburg<br \/>\n&#8211; Verschiedenes<\/span><\/p>\n<p><span style=\"font-family: Arial;\"><a href=\"https:\/\/www.bergbau-gr.ch\/wordpress\/wp-content\/uploads\/bk\/bk_29.pdf\" target=\"_blank\" rel=\"noopener\">Bergknappe Nr. 29<\/a>, 3\/1984, August<br \/>\n&#8211; Die Blei-und Zinkgewinnung zu Beginn des 19. Jh. am Silberberg und in Klosters (Fortsetzung 3)<br \/>\n&#8211; Die Gewinnung von Kalk f\u00fcr Bauzwecke und alte Kalk\u00f6fen in Graub\u00fcnden (Schluss)<br \/>\n&#8211; die \u00e4lteste Bergwerkskarte der Welt, ein \u00e4gyptischer Papyrus aus der Zeit Ramses II., 1290-1224 v. Chr.<br \/>\n&#8211; Bergrichter und Knappen<br \/>\n&#8211; Exkursion Blei- Zink- gruben Bleiberg- Schmitten<br \/>\n&#8211; Verschiedenes<\/span><\/p>\n<p><span style=\"font-family: Arial;\"><a href=\"https:\/\/www.bergbau-gr.ch\/wordpress\/wp-content\/uploads\/bk\/bk_30.pdf\" target=\"_blank\" rel=\"noopener\">Bergknappe Nr. 30<\/a>, 4\/1984, November<br \/>\n&#8211; Der fr\u00fchere Bergbau im Sertigtal, Davos: Die Blei-Zinkgruben am Mittaghorn<br \/>\n&#8211; Die Blei-und Zinkgewinnung zu Beginn des 19. Jh. am Silberberg und in Klosters (Schluss)<br \/>\n&#8211; Erfindung und Ausbreitung der Sprengarbeit im Bergbau<br \/>\n&#8211; Die bronzezeitlichen Kupferschmelzer bewahren (noch) ihre Geheimnisse<br \/>\n&#8211; Verschiedenes<\/span><\/p>\n<p><a title=\"Bergknappe\" href=\"https:\/\/www.bergbau-gr.ch\/wordpress\/?page_id=61\">Zum Anfang Bergknappe<\/a><\/p>\n","protected":false},"excerpt":{"rendered":"<p>Ausgabe Nr. 15-30, 1981-1984, digitalisiert in pdf durch Walter Good Bergknappe Nr. 15, M\u00e4rz 1981: &#8211; Der fr\u00fchere Erzabbau im Malcantone, Tessin &#8211; Petroarch\u00e4ologische Untersuchungen von Grossm\u00e4hrischen Schlacken &#8211; Erzvorkommen und erster urgeschichtlicher Bergbau im B\u00fcndner Oberland &#8211; Sanierung des &hellip; <a href=\"https:\/\/bergbau-gr.ch\/?page_id=543\">Weiterlesen <span class=\"meta-nav\">&rarr;<\/span><\/a><\/p>\n","protected":false},"author":1,"featured_media":0,"parent":61,"menu_order":0,"comment_status":"open","ping_status":"closed","template":"showcase.php","meta":{"ngg_post_thumbnail":0,"footnotes":""},"class_list":["post-543","page","type-page","status-publish","hentry"],"_links":{"self":[{"href":"https:\/\/bergbau-gr.ch\/index.php?rest_route=\/wp\/v2\/pages\/543","targetHints":{"allow":["GET"]}}],"collection":[{"href":"https:\/\/bergbau-gr.ch\/index.php?rest_route=\/wp\/v2\/pages"}],"about":[{"href":"https:\/\/bergbau-gr.ch\/index.php?rest_route=\/wp\/v2\/types\/page"}],"author":[{"embeddable":true,"href":"https:\/\/bergbau-gr.ch\/index.php?rest_route=\/wp\/v2\/users\/1"}],"replies":[{"embeddable":true,"href":"https:\/\/bergbau-gr.ch\/index.php?rest_route=%2Fwp%2Fv2%2Fcomments&post=543"}],"version-history":[{"count":26,"href":"https:\/\/bergbau-gr.ch\/index.php?rest_route=\/wp\/v2\/pages\/543\/revisions"}],"predecessor-version":[{"id":7984,"href":"https:\/\/bergbau-gr.ch\/index.php?rest_route=\/wp\/v2\/pages\/543\/revisions\/7984"}],"up":[{"embeddable":true,"href":"https:\/\/bergbau-gr.ch\/index.php?rest_route=\/wp\/v2\/pages\/61"}],"wp:attachment":[{"href":"https:\/\/bergbau-gr.ch\/index.php?rest_route=%2Fwp%2Fv2%2Fmedia&parent=543"}],"curies":[{"name":"wp","href":"https:\/\/api.w.org\/{rel}","templated":true}]}}