{"id":5749,"date":"2016-04-03T14:24:39","date_gmt":"2016-04-03T12:24:39","guid":{"rendered":"http:\/\/www.bergbau-gr.ch\/wordpress\/?page_id=5749"},"modified":"2018-10-22T18:42:47","modified_gmt":"2018-10-22T16:42:47","slug":"bk-128-2016","status":"publish","type":"page","link":"https:\/\/bergbau-gr.ch\/?page_id=5749","title":{"rendered":"BK 128-133 2016-2018"},"content":{"rendered":"<p>Die neuste Ausgabe wird nur auf <a href=\"mailto:admin@bergbau-gr.ch\" target=\"_blank\" rel=\"noopener\">Anfrage <\/a>elektronischer Form angeboten<\/p>\n<p><strong>Ein Inserat im<\/strong> <strong>BERGKNAPPE<br \/>\n<\/strong>w\u00e4re doch eine gute Idee!<\/p>\n<p>F\u00fcr weitere Ausk\u00fcnfte und f\u00fcr die Aufgabe eines Inserates:<br \/>\nFreunde des Bergbaus in Graub\u00fcnden FBG<br \/>\nFrau Elsbeth Rehm, Pr\u00e4sidentin<br \/>\nVia Prad\u00e8 24, 7505 Celerina, Telefon 081 833 45 82 \/ 079 203 77 84<br \/>\nE-Mail <a href=\"mailto:redaktion@bergbau-gr.ch\">redaktion@bergbau-gr.ch<\/a><\/p>\n<p>Ausgabe Nr. 128 &#8211; 133 , 2016 &#8211; 2018<\/p>\n<p><strong><a href=\"https:\/\/www.bergbau-gr.ch\/wordpress\/wp-content\/uploads\/bk\/bk_128.pdf\" target=\"_blank\" rel=\"noopener\">Bergknappe Nr. 128<\/a>, 1\/2016,&nbsp; April<\/strong><br \/>\n\u2013 Impressum<br \/>\n\u2013 Wort der Pr\u00e4sidentin<br \/>\n\u2013 18. Internationaler Bergbau- und Montanhistorik Workshop 2015, Nachlese<br \/>\n\u2013 19. Internationaler Bergbau- und Montanhistorik Workshop 2016, Vorschau<br \/>\n\u2013 Kupfer, das Gold der Eisenzeit<br \/>\n\u2013 Die Schmelze Bellaluna<br \/>\n\u2013 Besuch am Schmittner Bleiberg<br \/>\n\u2013 Die Cava Sul Rhein bei Rueun \/ Ilanz<br \/>\n\u2013 250 Jahre Bergakademie Freiberg<br \/>\n\u2013 Deutsche Bergleute im Val d\u2019Ayas<br \/>\n\u2013 FBG Vereinsversammlung vom 12. M\u00e4rz 2016 in Filisur<br \/>\n\u2013 FBG-Exkursion 2016, Zus\u00e4tzliche Exkursion: Gemeinschaftskraftwerk Inn<br \/>\n\u2013 BSD Vereinsversammlung vom 13. Februar 2016 in Davos<br \/>\n\u2013 EHR Vereinsversammlung vom 4. M\u00e4rz 2016 in Andeer<br \/>\n\u2013 Schweizerische Gesellschaft f\u00fcr historische Bergbauforschung, Das neue Minaria<br \/>\n\u2013 Aus der Presse<br \/>\n\u2013 Ein neues Buch<br \/>\n\u2013 Bergbau-Aktivit\u00e4ten in Graub\u00fcnden 2016<br \/>\n\u2013 Mitglied werden im FBG<br \/>\n\u2013 Jahresbeitr\u00e4ge 2016<\/p>\n<p><strong><a href=\"https:\/\/www.bergbau-gr.ch\/wordpress\/wp-content\/uploads\/bk\/bk_129.pdf\" target=\"_blank\" rel=\"noopener\">Bergknappe Nr. 129<\/a>, 2\/2016,&nbsp; Oktober<\/strong><br \/>\n\u2013 Impressum<br \/>\n\u2013 Wort der Pr\u00e4sidentin<br \/>\n\u2013 Die Landquart und der Bergbau auf Casanna<br \/>\n\u2013 Ein bemerkenswertes Erzst\u00fcck vom Marmorerasee im Oberhalbstein\/Graub\u00fcnden<br \/>\n\u2013 Strategischer Rohstoffe \u2013 Thesen zur Versorgungssituation in Europa<br \/>\n\u2013 Alexander von Humboldt<br \/>\n\u2013 Zum 100. Geburtstag von Arno Hermann M\u00fcller<br \/>\n\u2013 Neubau Gemeinschaftskraftwerk Inn<br \/>\n\u2013 Ein Besuch auf der Alp Taspin\/Taspegn<br \/>\n\u2013 FBG \u2013 Exkursion 2016 an den Landesplattenberg Engi<br \/>\n\u2013 Stiftung Bergbaumuseum Graub\u00fcnden, Schmelzboden Davos<br \/>\n\u2013 In eigener Sache<br \/>\n\u2013 Mitgliederbeitr\u00e4ge FBG 2016<\/p>\n<p><strong><a href=\"https:\/\/www.bergbau-gr.ch\/wordpress\/wp-content\/uploads\/bk\/bk_130.pdf\" target=\"_blank\" rel=\"noopener\">Bergknappe Nr. 130<\/a>, 1\/2017,&nbsp; April<br \/>\n<\/strong>\u2013 Impressum<br \/>\n\u2013 Wort der Pr\u00e4sidentin<strong><br \/>\n<\/strong>\u2013 Der Bergbau im Val Tisch<br \/>\n\u2013 Sanierung der Schmelzh\u00fctte Bellaluna<br \/>\n\u2013 19. Internationaler Bergbau- und Montanhistorik-Workshop 2016<br \/>\n\u2013 Kiruna, eine Stadt zieht um<br \/>\n\u2013 Friedrich Leutwein 1911 bis 1974<br \/>\n\u2013 Silvesterf\u00fchrung 2016 im Gonzenbergwerk<br \/>\n\u2013 FBG Vereinsversammlung<br \/>\n\u2013 BSD Vereinsversammlung<br \/>\n\u2013 EHR Vereinsversammlung<br \/>\n\u2013 20. Internationaler Bergbau- und Montanhistorik Workshop 2017<br \/>\n\u2013 Vorschau FBG-Exkursion 2017<br \/>\n\u2013 Das neue Minaria<br \/>\n\u2013 Aus der Presse<br \/>\n\u2013 Bergbau-Aktivit\u00e4ten in Graub\u00fcnden 2017<br \/>\n\u2013 Mitgliederbeitr\u00e4ge und Mitglied werden im FBG<\/p>\n<p><strong><a href=\"https:\/\/www.bergbau-gr.ch\/wordpress\/wp-content\/uploads\/bk\/bk_131.pdf\">Bergknappe Nr. 131<\/a>, 2\/2017,&nbsp; Oktober<br \/>\n<\/strong>\u2013 Impressum<br \/>\n\u2013 Wort der Pr\u00e4sidentin<br \/>\n\u2013 Schmelzh\u00fctte Bellaluna<br \/>\n\u2013 Gesteine des hinteren Pr\u00e4ttigaus und ihre m\u00f6gliche Verwendung<br \/>\n\u2013 In pr\u00e4historischer Zeit Steinwerkzeuge in S\u00fcdb\u00fcnden<br \/>\n\u2013 Pr\u00e4historische Verh\u00fcttung im Avers<br \/>\n\u2013 Mineralien in Segl\/Sils und im Val Minor<br \/>\n\u2013 Aus dem Bergbaumuseum Graub\u00fcnden<br \/>\n\u2013 FBG-Exkursion 2017 an das Bergwerk Silberberg Davos<br \/>\n\u2013 Zum 200. Todestag von Abraham Gottlob Werner<br \/>\n\u2013 Kurzbericht \u00fcber den Einsatz im Bergwerk Cotschens bei Bivio<br \/>\n\u2013 Buchbesprechung<br \/>\n\u2013 In eigener Sache<\/p>\n<p><strong><a href=\"https:\/\/www.bergbau-gr.ch\/wordpress\/wp-content\/uploads\/bk\/bk_132.pdf\" target=\"_blank\" rel=\"noopener\">Bergknappe Nr. 132<\/a>, 1\/2018,&nbsp; April<\/strong><br \/>\n&#8211; Impressum<br \/>\n&#8211; Wort der Pr\u00e4sidentin<br \/>\n&#8211; Gibt das Bergwerk Cotschens sein Geheimnis preis?<br \/>\n&#8211; Sanierung der Schmelzh\u00fctte Bellaluna<br \/>\n&#8211; Ein pochendes Herz aus Eisenerz<br \/>\n&#8211; Das grosse Schmittner Blybergfest<br \/>\n&#8211; Zum 275. Geburtstag von Johann Friedrich Mende<br \/>\n&#8211; Neuigkeiten aus dem Bergbaumuseum Graub\u00fcnden<br \/>\n&#8211; Ein etwas anderer Blick auf den Bergbau<br \/>\n&#8211; Bericht von der 42. Vereinsversammlung FBG vom 17. Februar 2018 in Andeer<br \/>\n&#8211; Die BSD-Generalversammlung vom 10. Februar 2018 in Davos<br \/>\n&#8211; Die EHR-Versammlung 33 vom 2. M\u00e4rz 2018 in Innerferrera<br \/>\n&#8211; 700 Jahre Bergbau in S-charl<br \/>\n&#8211; Vorschau auf die FBG-Exkursion 2018<br \/>\n&#8211; SGHB-Versammlung im Binntal, Oktober 2017<br \/>\n&#8211; Bericht vom 20. Internationalen Bergbau und Montanhistorik Workshop<br \/>\n&#8211; Bergbauaktivit\u00e4ten 2018 in Graub\u00fcnden<br \/>\n&#8211; Mitglied werden im FBG<br \/>\n&#8211; Die Jahresbeitr\u00e4ge 2018 sind f\u00e4llig<\/p>\n<p><strong><a href=\"https:\/\/www.bergbau-gr.ch\/wordpress\/wp-content\/uploads\/bk\/bk_133.pdf\" target=\"_blank\" rel=\"noopener\">Bergknappe Nr. 133<\/a>, 2\/2018,&nbsp; Oktober<\/strong><\/p>\n<p>&#8211; Impressum<br \/>\n&#8211; Wort der Pr\u00e4sidentin<br \/>\n&#8211; Sanierung der Schmelzh\u00fctte Bellaluna<br \/>\n&#8211; Die Mineralien der Kupferlagerst\u00e4tte Ursera<br \/>\n&#8211; Von Kalk zum Beton<br \/>\n&#8211; Zum 75. Todestag von Friedrich Ludwig Wilhelm Kolbeck<br \/>\n&#8211; Das Bergwerk Gonzen und die Familie Neher<br \/>\n&#8211; Neuigkeiten aus dem Bergbaumuseum Graub\u00fcnden<br \/>\n&#8211; Frontage Eisenh\u00fctte Flecs-Salouf<br \/>\n&#8211; Miniers da S-charl, Radunanza generala e festa da giubileum<br \/>\n&#8211; FBG-Exkursion 2018, Buffalora am Ofenpass<br \/>\n&#8211; Die Cheva Plattas da Fex bei Segl\/Sils<br \/>\n&#8211; Neuerscheinungen im B\u00fcchermarkt<\/p>\n<p><a title=\"Bergknappe\" href=\"https:\/\/www.bergbau-gr.ch\/wordpress\/?page_id=61\">Zum Anfang Bergknappe<\/a><\/p>\n","protected":false},"excerpt":{"rendered":"<p>Die neuste Ausgabe wird nur auf Anfrage elektronischer Form angeboten Ein Inserat im BERGKNAPPE w\u00e4re doch eine gute Idee! F\u00fcr weitere Ausk\u00fcnfte und f\u00fcr die Aufgabe eines Inserates: Freunde des Bergbaus in Graub\u00fcnden FBG Frau Elsbeth Rehm, Pr\u00e4sidentin Via Prad\u00e8 &hellip; <a href=\"https:\/\/bergbau-gr.ch\/?page_id=5749\">Weiterlesen <span class=\"meta-nav\">&rarr;<\/span><\/a><\/p>\n","protected":false},"author":1,"featured_media":0,"parent":61,"menu_order":0,"comment_status":"closed","ping_status":"closed","template":"showcase.php","meta":{"ngg_post_thumbnail":0,"footnotes":""},"class_list":["post-5749","page","type-page","status-publish","hentry"],"_links":{"self":[{"href":"https:\/\/bergbau-gr.ch\/index.php?rest_route=\/wp\/v2\/pages\/5749","targetHints":{"allow":["GET"]}}],"collection":[{"href":"https:\/\/bergbau-gr.ch\/index.php?rest_route=\/wp\/v2\/pages"}],"about":[{"href":"https:\/\/bergbau-gr.ch\/index.php?rest_route=\/wp\/v2\/types\/page"}],"author":[{"embeddable":true,"href":"https:\/\/bergbau-gr.ch\/index.php?rest_route=\/wp\/v2\/users\/1"}],"replies":[{"embeddable":true,"href":"https:\/\/bergbau-gr.ch\/index.php?rest_route=%2Fwp%2Fv2%2Fcomments&post=5749"}],"version-history":[{"count":27,"href":"https:\/\/bergbau-gr.ch\/index.php?rest_route=\/wp\/v2\/pages\/5749\/revisions"}],"predecessor-version":[{"id":7491,"href":"https:\/\/bergbau-gr.ch\/index.php?rest_route=\/wp\/v2\/pages\/5749\/revisions\/7491"}],"up":[{"embeddable":true,"href":"https:\/\/bergbau-gr.ch\/index.php?rest_route=\/wp\/v2\/pages\/61"}],"wp:attachment":[{"href":"https:\/\/bergbau-gr.ch\/index.php?rest_route=%2Fwp%2Fv2%2Fmedia&parent=5749"}],"curies":[{"name":"wp","href":"https:\/\/api.w.org\/{rel}","templated":true}]}}