{"id":578,"date":"2012-08-30T16:42:58","date_gmt":"2012-08-30T14:42:58","guid":{"rendered":"http:\/\/www.bergbau-gr.ch\/wordpress\/?page_id=578"},"modified":"2019-10-02T13:57:05","modified_gmt":"2019-10-02T11:57:05","slug":"bergknappe-43-58-1988-91","status":"publish","type":"page","link":"https:\/\/bergbau-gr.ch\/?page_id=578","title":{"rendered":"BK 43-58 1988-1991"},"content":{"rendered":"<p>Ausgabe Nr. 43-58, 1988-1991, digitalisiert in pdf durch Walter Good<\/p>\n<p><span style=\"font-family: Arial;\"><a href=\"https:\/\/www.bergbau-gr.ch\/wordpress\/wp-content\/uploads\/bk\/bk_43.pdf\" target=\"_blank\" rel=\"noopener\">Bergknappe Nr. 43<\/a>, 1\/1988, Februar<br \/>\n&#8211; \u00dcber die Forschung von Joh. Strub (1884-1967) am Silberberg bei Davos (Forts. 4)<br \/>\n&#8211; Der Bergbau im S-charltal vom Mittelalter bis in die Neuzeit: Neueste Untersuchungen (Forts. 4)<br \/>\n&#8211; Die Bronzezeit- Siedlung auf dem Padnal, Savognin<br \/>\n&#8211; Die Kobalt-Nickel-Vorkommen im Wallis<br \/>\n&#8211; Bischof Tello, sein Testament und der Bergbau in Graub\u00fcnden<br \/>\n&#8211; Verschiedenes<\/span><\/p>\n<p><span style=\"font-family: Arial;\"><a href=\"https:\/\/www.bergbau-gr.ch\/wordpress\/wp-content\/uploads\/bk\/bk_44.pdf\" target=\"_blank\" rel=\"noopener\">Bergknappe Nr. 44<\/a>, 2\/1988, Mai<br \/>\n&#8211; Er\u00f6ffnung des Gesteinslehrpfades in der Z\u00fcgenschlucht bei Davos 1988<br \/>\n&#8211; \u00dcber die Forschung von Joh. Strub (1884- 1967) am Silberberg bei Davos (Forts.5)<br \/>\n&#8211; Bergbau im S-charltal vom Mittelalter bis in die Neuzeit: Saurierf\u00e4hrten (Schluss)<br \/>\n&#8211; Die historischen Bergwerke im Pr\u00e4ttigau<br \/>\n&#8211; Walliser Smaragdit im Z\u00fcrichsee<br \/>\n&#8211; Die Molybd\u00e4nlagerst\u00e4tte im Baltschiedertal, Kt. Wallis<br \/>\n&#8211; Verschiedenes<\/span><\/p>\n<p><span style=\"font-family: Arial;\"><a href=\"https:\/\/www.bergbau-gr.ch\/wordpress\/wp-content\/uploads\/bk\/bk_45.pdf\" target=\"_blank\" rel=\"noopener\">Bergknappe Nr. 45<\/a>, 3\/1988, August<br \/>\n&#8211; Willkommen in Davos, SGHB-Tagung<br \/>\n&#8211; \u00dcber die Forschung von Joh. Strub (1884-1967) am Silberberg bei Davos ( Forts. 6)<br \/>\n&#8211; Die historischen Bergwerke im Pr\u00e4ttigau (Forts. 1)<br \/>\n&#8211; Bergbau auf dem H\u00fcttenberger Erzberg in K\u00e4rnten<br \/>\n&#8211; Die Magnetitvorkommen im Binntal und Umgebung<br \/>\n&#8211; Harzbrennereien und Pech\u00f6fen<br \/>\n&#8211; Verschiedenes<\/span><\/p>\n<p><span style=\"font-family: Arial;\"><a href=\"https:\/\/www.bergbau-gr.ch\/wordpress\/wp-content\/uploads\/bk\/bk_46.pdf\" target=\"_blank\" rel=\"noopener\">Bergknappe Nr. 46<\/a>, 4\/1988, November<br \/>\n&#8211; \u00dcber die Forschung von Joh. Strub (1884- 1967) am Silberberg bei Davos (Forts. 7)<br \/>\n&#8211; Der historische Bergbau am Ofenpass-Valdera<br \/>\n&#8211; Die Nickelvererzung bei Palagnedra im Centovalli, Tessin<br \/>\n&#8211; Norisches Eisen- der Stahl der R\u00f6mer<br \/>\n&#8211; Bernsteinvorkommen in der Schweiz<br \/>\n&#8211; Verschiedenes<\/span><\/p>\n<p><span style=\"font-family: Arial;\"><a href=\"https:\/\/www.bergbau-gr.ch\/wordpress\/wp-content\/uploads\/bk\/bk_47.pdf\" target=\"_blank\" rel=\"noopener\">Bergknappe Nr. 47<\/a>, 1\/1989, Februar<br \/>\n&#8211; Der historische Bergbau am Ofenpass-Valdera (Forts. 1)<br \/>\n&#8211; \u00dcber die Forschung von Joh. Strub (1884- 1967) am Silberberg bei Davos (Forts. 8)<br \/>\n&#8211; Der Fricktaler Erzbergbau<br \/>\n&#8211; \u00dcber Wassertrommelgebl\u00e4se im fr\u00fcheren Bergbau<br \/>\n&#8211; Die Talkgrube von La Sassa im Puschlav<br \/>\n&#8211; Verschiedenes<\/span><\/p>\n<p><span style=\"font-family: Arial;\"><a href=\"https:\/\/www.bergbau-gr.ch\/wordpress\/wp-content\/uploads\/bk\/bk_48.pdf\" target=\"_blank\" rel=\"noopener\">Bergknappe Nr. 48<\/a>, 2\/1989, Mai<br \/>\n&#8211; Der historische Bergbau am Ofenpass-Valdera (Forts. 2)<br \/>\n&#8211; \u00dcber die Forschung von Joh. Strub (1S84-1967) am Silberberg bei Davos (Forts. 9)<br \/>\n&#8211; Eisen- Schmiede und Hammerschmieden<br \/>\n&#8211; Wo befinden sich die legend\u00e4ren Goldl\u00e4nder Punt und Ophir der Antike ?<br \/>\n&#8211; Grubenlampen vom Altertum bis zur Gegenwart<br \/>\n&#8211; Bergbau- Monumente, Zeugnisse unseres kulturellen Erbes<br \/>\n&#8211; Verschiedenes<\/span><\/p>\n<p><span style=\"font-family: Arial;\"><a href=\"https:\/\/www.bergbau-gr.ch\/wordpress\/wp-content\/uploads\/bk\/bk_49.pdf\" target=\"_blank\" rel=\"noopener\">Bergknappe Nr. 49<\/a>, 3\/1989, August<br \/>\n&#8211; Der historische Bergbau am Ofenpass-Valdera, (Schluss)<br \/>\n&#8211; \u00dcber die Forschung von Joh. Strub (1884-1967) am Silberberg bei Davos, (Forts. 10)<br \/>\n&#8211; Eisen-, Schmiede und Hammerschmieden, (Forts. 1)<br \/>\n&#8211; Wo befinden sich die legend\u00e4ren Goldl\u00e4nder Punt und Ophir der Antike, (Forts. 1)<br \/>\n&#8211; Verschiedenes<\/span><\/p>\n<p><span style=\"font-family: Arial;\"><a href=\"https:\/\/www.bergbau-gr.ch\/wordpress\/wp-content\/uploads\/bk\/bk_50.pdf\" target=\"_blank\" rel=\"noopener\">Bergknappe Nr. 50<\/a>,&nbsp; 4\/1989, November<br \/>\n&#8211; 50. Ausgabe unserer Zeitschrift ,Bergknappe<br \/>\n&#8211; \u00dcber die Forschung von Joh. Strub (1884- 1967) am Silberberg bei Davos, (Forts. 11)<br \/>\n&#8211; Bergbau im Schams und Ferreratal: Taspin-Zillis<br \/>\n&#8211; Wo befinden sich die legend\u00e4ren Goldl\u00e4nder Punt und Ophir der Antike ? (Forts. 2)<br \/>\n&#8211; Neueste Erkenntnisse der Erforschung der &#8222;Schmelzra&#8220; in S-charl, Unterengadin<br \/>\n&#8211; Verschiedenes<\/span><\/p>\n<p><span style=\"font-family: Arial;\"><a href=\"https:\/\/www.bergbau-gr.ch\/wordpress\/wp-content\/uploads\/bk\/bk_51.pdf\" target=\"_blank\" rel=\"noopener\">Bergknappe Nr. 51<\/a>, 1\/1990, Februar<br \/>\n&#8211; Der Bergbau im Schams und Ferreratal: Die &#8218;Sufner Schmelzi&#8216;, (Forts. 1)<br \/>\n&#8211; \u00dcber die Forschung von Joh. Strub (1884-1967) am Silberberg bei Davos, (Forts. 12)<br \/>\n&#8211; Die Blei-Zink-Baryt-Lagerst\u00e4tte im Lauterbrunnental, Berner Oberl.<br \/>\n&#8211; Agricola in China<br \/>\n&#8211; Verschiedenes<\/span><\/p>\n<p><span style=\"font-family: Arial;\"><a href=\"https:\/\/www.bergbau-gr.ch\/wordpress\/wp-content\/uploads\/bk\/bk_52.pdf\" target=\"_blank\" rel=\"noopener\">Bergknappe Nr. 52<\/a>, 2\/1990, Mai<br \/>\n&#8211; Der Bergbau im Schams u. Ferreratal: Die Kupferlagerst\u00e4tte der Alp Ursera-Andeer (Forts. 2)<br \/>\n&#8211; \u00dcber die Forschung von Joh. Strub.&nbsp; (1884-1967) Schluss<br \/>\n&#8211; Zweihundert Jahre Uran: Ein hist. Ueberblick<br \/>\n&#8211; Verschiedenes<\/span><\/p>\n<p><span style=\"font-family: Arial;\"><a href=\"https:\/\/www.bergbau-gr.ch\/wordpress\/wp-content\/uploads\/bk\/bk_53.pdf\" target=\"_blank\" rel=\"noopener\">Bergknappe Nr. 53<\/a>, 3\/1990, August<br \/>\n&#8211; Bergbau im Schams u. Ferreratal: Weitere Erzabbaustellen, (Forts. 3)<br \/>\n&#8211; Neuberg an der M\u00fcrz- ein hist. Bergbau- u. H\u00fcttenort in der Steiermark<br \/>\n&#8211; Silber, vom Erz zur M\u00fcnze<br \/>\n&#8211; Die Anf\u00e4nge der Sprengtechnik im Bergbau der Schweiz<br \/>\n&#8211; Die Bedeutung der Holzkohle f\u00fcr die H\u00fcttenwerke und Industrie in Graub\u00fcnden<br \/>\n&#8211; Verschiedenes<\/span><\/p>\n<p><span style=\"font-family: Arial;\"><a href=\"https:\/\/www.bergbau-gr.ch\/wordpress\/wp-content\/uploads\/bk\/bk_54.pdf\" target=\"_blank\" rel=\"noopener\">Bergknappe Nr. 54<\/a>, 4\/1990, November<br \/>\n&#8211; Der Bergbau im Schams u. Ferreratal: Weitere Abbaustellen, (Forts. 4)<br \/>\n&#8211; Vom. Silber zur M\u00fcnze (Forts.1)<br \/>\n&#8211; Die Bedeutung der Holzkohle f\u00fcr die H\u00fcttenwerke u. Industrie in Graub\u00fcnden (Forts. 1)<br \/>\n&#8211; Feuersteingewinnung, der fr\u00fcheste Bergbau<br \/>\n&#8211; Das Waffen-u. Hammerschmiedegeschlecht der Schorno in Schwyz<br \/>\n&#8211; Neuberg an der M\u00fcrz- ein hist. Bergbau- u.H\u00fcttenort in der Steiermark ( Forts. 1)<br \/>\n&#8211; Verschiedenes<\/span><\/p>\n<p><span style=\"font-family: Arial;\"><a href=\"https:\/\/www.bergbau-gr.ch\/wordpress\/wp-content\/uploads\/bk\/bk_55.pdf\" target=\"_blank\" rel=\"noopener\">Bergknappe Nr. 55<\/a>, 1\/1991,&nbsp;&nbsp; Februar<br \/>\n&#8211; Teil stammte aus einer Waffenschmiede- u. Armbrustmacher- Sippe<br \/>\n&#8211; Bergbau im Schams u. Ferreratal: Weitere Abbaustellen, (Schluss)<br \/>\n&#8211; \u00dcber den Golderzbergbau der alten Aegypter<br \/>\n&#8211; Georg Wilhelm Capeller und das Bergwerk &#8222;Zur Goldenen Sonne&#8220;<\/span><span style=\"font-family: Arial;\">in Felsberg<br \/>\n&#8211; Alexander von Humboldt (1769-1859) und der Bergbau<br \/>\n&#8211; Verschiedenes<\/span><\/p>\n<p><span style=\"font-family: Arial;\"><a href=\"https:\/\/www.bergbau-gr.ch\/wordpress\/wp-content\/uploads\/bk\/bk_56.pdf\" target=\"_blank\" rel=\"noopener\">Bergknappe Nr. 56<\/a>, 2\/1991, Mai<br \/>\n&#8211; F\u00fcnfzehn Jahre Verein der Freunde des Bergbaues in Graub\u00fcnden<br \/>\n&#8211; Montanarch\u00e4ologie<br \/>\n&#8211; Die Blei-u. Silberverh\u00fcttung von S-charl<br \/>\n&#8211; Jenisberg und das Bergwerk am Silberberg<br \/>\n&#8211; Die Bedeutung der Holzkohle f\u00fcr die H\u00fcttenwerke u. Industrie<br \/>\n&#8211; Der R\u00f6stprozess in den beiden restaurierten R\u00f6st\u00f6fen in Bellaluna<br \/>\n&#8211; Verschiedenes<\/span><\/p>\n<p><span style=\"font-family: Arial;\"><a href=\"https:\/\/www.bergbau-gr.ch\/wordpress\/wp-content\/uploads\/bk\/bk_57.pdf\" target=\"_blank\" rel=\"noopener\">Bergknappe Nr. 57<\/a>, 3\/1991, August<br \/>\n&#8211; Montanarch\u00e4ologie (Forts. 1)<br \/>\n&#8211; Eine pr\u00e4historische Verh\u00fcttungsanlage in Stierva-Tiragn<br \/>\n&#8211; vom Silber zur M\u00fcnze (Forts. 3)<br \/>\n&#8211; Die Erfindung des Porzellans in Europa<br \/>\n&#8211; Kl\u00fcfte- Kristallsucher in den Alpen, der erste Bergbau<br \/>\n&#8211; Verschiedenes<\/span><\/p>\n<p><span style=\"font-family: Arial;\"><a href=\"https:\/\/www.bergbau-gr.ch\/wordpress\/wp-content\/uploads\/bk\/bk_58.pdf\" target=\"_blank\" rel=\"noopener\">Bergknappe Nr. 58<\/a>, 4\/1991, November<br \/>\n&#8211; Montanarch\u00e4ologie (Forts. 2)<br \/>\n&#8211; Eine pr\u00e4historische Verh\u00fcttungsanlage in Stierva-Tiragn 2.Teil<br \/>\n&#8211; Vom Silber zur M\u00fcnze (Forts. 4)<br \/>\n&#8211; Kl\u00fcfte-Kristallsucher in den Alpen, der erste Bergbau (Forts.1)<br \/>\n&#8211; Verschiedenes<\/span><\/p>\n<p><a title=\"Bergknappe\" href=\"https:\/\/www.bergbau-gr.ch\/wordpress\/?page_id=61\">Zum Anfang Bergknappe<\/a><\/p>\n","protected":false},"excerpt":{"rendered":"<p>Ausgabe Nr. 43-58, 1988-1991, digitalisiert in pdf durch Walter Good Bergknappe Nr. 43, 1\/1988, Februar &#8211; \u00dcber die Forschung von Joh. Strub (1884-1967) am Silberberg bei Davos (Forts. 4) &#8211; Der Bergbau im S-charltal vom Mittelalter bis in die Neuzeit: &hellip; <a href=\"https:\/\/bergbau-gr.ch\/?page_id=578\">Weiterlesen <span class=\"meta-nav\">&rarr;<\/span><\/a><\/p>\n","protected":false},"author":1,"featured_media":0,"parent":61,"menu_order":0,"comment_status":"open","ping_status":"closed","template":"showcase.php","meta":{"ngg_post_thumbnail":0,"footnotes":""},"class_list":["post-578","page","type-page","status-publish","hentry"],"_links":{"self":[{"href":"https:\/\/bergbau-gr.ch\/index.php?rest_route=\/wp\/v2\/pages\/578","targetHints":{"allow":["GET"]}}],"collection":[{"href":"https:\/\/bergbau-gr.ch\/index.php?rest_route=\/wp\/v2\/pages"}],"about":[{"href":"https:\/\/bergbau-gr.ch\/index.php?rest_route=\/wp\/v2\/types\/page"}],"author":[{"embeddable":true,"href":"https:\/\/bergbau-gr.ch\/index.php?rest_route=\/wp\/v2\/users\/1"}],"replies":[{"embeddable":true,"href":"https:\/\/bergbau-gr.ch\/index.php?rest_route=%2Fwp%2Fv2%2Fcomments&post=578"}],"version-history":[{"count":19,"href":"https:\/\/bergbau-gr.ch\/index.php?rest_route=\/wp\/v2\/pages\/578\/revisions"}],"predecessor-version":[{"id":7981,"href":"https:\/\/bergbau-gr.ch\/index.php?rest_route=\/wp\/v2\/pages\/578\/revisions\/7981"}],"up":[{"embeddable":true,"href":"https:\/\/bergbau-gr.ch\/index.php?rest_route=\/wp\/v2\/pages\/61"}],"wp:attachment":[{"href":"https:\/\/bergbau-gr.ch\/index.php?rest_route=%2Fwp%2Fv2%2Fmedia&parent=578"}],"curies":[{"name":"wp","href":"https:\/\/api.w.org\/{rel}","templated":true}]}}