{"id":61,"date":"2012-03-20T09:06:48","date_gmt":"2012-03-20T09:06:48","guid":{"rendered":"http:\/\/bergbau.mindblow.ch\/?page_id=61"},"modified":"2025-10-05T14:39:44","modified_gmt":"2025-10-05T12:39:44","slug":"bergknappe","status":"publish","type":"page","link":"https:\/\/bergbau-gr.ch\/?page_id=61","title":{"rendered":"Bergknappe"},"content":{"rendered":"\n<p><strong>Fachzeitschrift\/Mitteilungsblatt<\/strong> der Freunde des Bergbaus in Graub\u00fcnden<\/p>\n\n\n<div class=\"wp-block-image\">\n<figure class=\"alignleft\"><img loading=\"lazy\" decoding=\"async\" width=\"300\" height=\"90\" src=\"https:\/\/www.bergbau-gr.ch\/wordpress\/wp-content\/uploads\/2012\/08\/Bergknappe-300x90.jpg\" alt=\"\" class=\"wp-image-283\" title=\"Bergknappe\" srcset=\"https:\/\/bergbau-gr.ch\/wordpress\/wp-content\/uploads\/2012\/08\/Bergknappe-300x90.jpg 300w, https:\/\/bergbau-gr.ch\/wordpress\/wp-content\/uploads\/2012\/08\/Bergknappe.jpg 359w\" sizes=\"auto, (max-width: 300px) 100vw, 300px\" \/><\/figure>\n<\/div>\n\n\n<p><\/p>\n\n\n<div class=\"wp-block-image\">\n<figure class=\"alignright\"><a href=\"https:\/\/www.bergbau-gr.ch\/wordpress\/wp-content\/uploads\/2012\/08\/BKZwerg.jpg\"><img loading=\"lazy\" decoding=\"async\" width=\"150\" height=\"150\" src=\"https:\/\/www.bergbau-gr.ch\/wordpress\/wp-content\/uploads\/2012\/08\/BKZwerg-150x150.jpg\" alt=\"\" class=\"wp-image-523\" title=\"BKZwerg\" srcset=\"https:\/\/bergbau-gr.ch\/wordpress\/wp-content\/uploads\/2012\/08\/BKZwerg-150x150.jpg 150w, https:\/\/bergbau-gr.ch\/wordpress\/wp-content\/uploads\/2012\/08\/BKZwerg.jpg 221w\" sizes=\"auto, (max-width: 150px) 100vw, 150px\" \/><\/a><\/figure>\n<\/div>\n\n\n<p>Erscheint in der Regel zweimal j\u00e4hrlich.<\/p>\n\n\n\n<p>&nbsp;<\/p>\n\n\n\n<p>&nbsp;<\/p>\n\n\n\n<p><strong><a href=\"mailto:redaktion@bergbau-gr.ch\">Redaktionskommission:<br><\/a><br><\/strong><a href=\"mailto:redaktion@bergbau-gr.ch\">Elsbeth Rehm, Hansueli Suter,<\/a> Beat Hoffmann<\/p>\n\n\n<div class=\"wp-block-image\">\n<figure class=\"alignright\"><a href=\"https:\/\/www.bergbau-gr.ch\/wordpress\/wp-content\/uploads\/2017\/06\/DSC_3419-2.jpg\"><img loading=\"lazy\" decoding=\"async\" width=\"3247\" height=\"2428\" src=\"https:\/\/www.bergbau-gr.ch\/wordpress\/wp-content\/uploads\/2017\/06\/DSC_3419-2.jpg\" alt=\"\" class=\"wp-image-6661\" srcset=\"https:\/\/bergbau-gr.ch\/wordpress\/wp-content\/uploads\/2017\/06\/DSC_3419-2.jpg 3247w, https:\/\/bergbau-gr.ch\/wordpress\/wp-content\/uploads\/2017\/06\/DSC_3419-2-300x224.jpg 300w, https:\/\/bergbau-gr.ch\/wordpress\/wp-content\/uploads\/2017\/06\/DSC_3419-2-768x574.jpg 768w, https:\/\/bergbau-gr.ch\/wordpress\/wp-content\/uploads\/2017\/06\/DSC_3419-2-1024x766.jpg 1024w, https:\/\/bergbau-gr.ch\/wordpress\/wp-content\/uploads\/2017\/06\/DSC_3419-2-401x300.jpg 401w\" sizes=\"auto, (max-width: 3247px) 100vw, 3247px\" \/><\/a><\/figure>\n<\/div>\n\n\n<p>&nbsp;<\/p>\n\n\n\n<figure class=\"wp-block-table\"><table class=\"has-fixed-layout\"><tbody><tr><td><a href=\"https:\/\/www.bergbau-gr.ch\/wordpress\/?page_id=520\">Bergknappe<\/a><\/td><td><a href=\"https:\/\/www.bergbau-gr.ch\/wordpress\/?page_id=520\">1 &#8211; 6<\/a><\/td><td>&nbsp;<\/td><td>1977\/1978<\/td><\/tr><tr><td><a href=\"https:\/\/www.bergbau-gr.ch\/wordpress\/?page_id=528\" target=\"_blank\" rel=\"noreferrer noopener\">Bergknappe<\/a><\/td><td><a href=\"https:\/\/www.bergbau-gr.ch\/wordpress\/?page_id=528\">&nbsp;7-14<\/a><\/td><td>&nbsp;<\/td><td>1979-1980<\/td><\/tr><tr><td><a href=\"https:\/\/www.bergbau-gr.ch\/wordpress\/?page_id=543\">Bergknappe<\/a><\/td><td><a href=\"https:\/\/www.bergbau-gr.ch\/wordpress\/?page_id=543\">15-30<\/a><\/td><td>&nbsp;<\/td><td>1981-1984<\/td><\/tr><tr><td><a href=\"https:\/\/www.bergbau-gr.ch\/wordpress\/?page_id=558\">Bergknappe<\/a><\/td><td><a href=\"https:\/\/www.bergbau-gr.ch\/wordpress\/?page_id=558\">31-42<\/a><\/td><td>&nbsp;<\/td><td>1985-1987<\/td><\/tr><tr><td><a href=\"https:\/\/www.bergbau-gr.ch\/wordpress\/?page_id=578\">Bergknappe<\/a><\/td><td><a href=\"https:\/\/www.bergbau-gr.ch\/wordpress\/?page_id=578\">43-58<\/a><\/td><td>&nbsp;<\/td><td>1988-1991<\/td><\/tr><tr><td><a href=\"https:\/\/www.bergbau-gr.ch\/wordpress\/?page_id=706\">Bergknappe<\/a><\/td><td><a href=\"https:\/\/www.bergbau-gr.ch\/wordpress\/?page_id=706\">59-70<\/a><\/td><td>&nbsp;<\/td><td>1992-1994<\/td><\/tr><tr><td><a href=\"https:\/\/www.bergbau-gr.ch\/wordpress\/?page_id=730\">Bergknappe<\/a><\/td><td><a href=\"https:\/\/www.bergbau-gr.ch\/wordpress\/?page_id=730\">71-86<\/a><\/td><td>&nbsp;<\/td><td>1995-1998<\/td><\/tr><tr><td><a href=\"https:\/\/www.bergbau-gr.ch\/wordpress\/?page_id=742\">Bergknappe<\/a><\/td><td><a href=\"https:\/\/www.bergbau-gr.ch\/wordpress\/?page_id=742\">87-100<\/a><\/td><td>&nbsp;<\/td><td>1999-2002<\/td><\/tr><tr><td><a href=\"https:\/\/www.bergbau-gr.ch\/wordpress\/?page_id=748\">Bergknappe<\/a><\/td><td><a href=\"https:\/\/www.bergbau-gr.ch\/wordpress\/?page_id=748\">101-115<\/a><\/td><td>&nbsp;<\/td><td>2002-2009<\/td><\/tr><tr><td><a href=\"https:\/\/www.bergbau-gr.ch\/wordpress\/?page_id=760\">Bergknappe<\/a><\/td><td><a href=\"https:\/\/www.bergbau-gr.ch\/wordpress\/?page_id=760\">116-125<\/a><\/td><td>&nbsp;<\/td><td>2010-2014<\/td><\/tr><tr><td><a href=\"https:\/\/www.bergbau-gr.ch\/wordpress\/?page_id=3668\">Bergknappe<\/a><\/td><td><a href=\"https:\/\/www.bergbau-gr.ch\/wordpress\/?page_id=3668\">125\/126<\/a><\/td><td>Montanhistorik<\/td><td>2015, Tagungsband<\/td><\/tr><tr><td><a href=\"https:\/\/www.bergbau-gr.ch\/wordpress\/?page_id=5749\">Bergknappe<\/a><\/td><td><a href=\"https:\/\/www.bergbau-gr.ch\/wordpress\/?page_id=5749\">128-133<\/a><\/td><td>&nbsp;<\/td><td>2016-2018<\/td><\/tr><tr><td><a href=\"https:\/\/www.bergbau-gr.ch\/wordpress\/?page_id=7721\">Bergknappe<\/a><\/td><td><a href=\"https:\/\/www.bergbau-gr.ch\/wordpress\/?page_id=7721\">134-137<\/a><\/td><td>&nbsp;<\/td><td>2019-2021<\/td><\/tr><tr><td><a href=\"https:\/\/bergbau-gr.ch\/?page_id=8496\">Bergknappe<\/a><\/td><td><a href=\"https:\/\/bergbau-gr.ch\/?page_id=8496\">138-143<\/a><\/td><td>&nbsp;<\/td><td>2021-2023<\/td><\/tr><tr><td><a href=\"https:\/\/bergbau-gr.ch\/?page_id=10218\">Bergknappe<\/a><\/td><td><a href=\"https:\/\/bergbau-gr.ch\/?page_id=10218\" target=\"_blank\" rel=\"noreferrer noopener\">144 -147<\/a><\/td><td><\/td><td>2024-2025<\/td><\/tr><tr><td>Bergknappe<\/td><td>148<\/td><td>50. Jahrgang<\/td><td>2026, Jubil\u00e4um<\/td><\/tr><\/tbody><\/table><\/figure>\n\n\n\n<p>Die neuste Ausgabe wird allenfalls f\u00fcr Mitglieder, nur auf Anfrage, in elektronischer Form angeboten<\/p>\n\n\n\n<p><strong>Ein Inserat im<\/strong> <strong>BERGKNAPPE<br><\/strong>w\u00e4re doch eine gute Idee!<\/p>\n\n\n\n<p>F\u00fcr weitere Ausk\u00fcnfte und f\u00fcr die Aufgabe eines Inserates:<br>Freunde des Bergbaus in Graub\u00fcnden FBG<br>Redaktion Elsbeth Rehm<br>Via Prad\u00e8 24, 7505 Celerina, Telefon 081 833 45 82 \/ 079 203 77 84<br>E-Mail <a href=\"mailto:redaktion@bergbau-gr.ch\">redaktion@bergbau-gr.ch<\/a><\/p>\n\n\n\n<p>Die gut 40j\u00e4rige Redaktion des \u201eBERGKNAPPE\u201c (<strong>Fachzeitschrift\/Mitteilungsblatt<\/strong> der Freunde des Bergbaus in Graub\u00fcnden) wurde im <a href=\"https:\/\/www.bergbau-museum.ch\/neue-ausstellung-redaktion-bergknappe\/\" target=\"_blank\" rel=\"noopener\">Bergbaumuseum Graub\u00fcnden <\/a>eingerichtet und steht ab sofort zur Besichtigung bereit.<\/p>\n\n\n\n<figure class=\"wp-block-image size-large\"><img decoding=\"async\" src=\"https:\/\/www.bergbau-museum.ch\/wordpress\/wp-content\/uploads\/2020\/06\/RedaktionBergknappe-1024x683.jpg\" alt=\"\" class=\"wp-image-603\"\/><\/figure>\n","protected":false},"excerpt":{"rendered":"<p>Fachzeitschrift\/Mitteilungsblatt der Freunde des Bergbaus in Graub\u00fcnden Erscheint in der Regel zweimal j\u00e4hrlich. &nbsp; &nbsp; Redaktionskommission:Elsbeth Rehm, Hansueli Suter, Beat Hoffmann &nbsp; Bergknappe 1 &#8211; 6 &nbsp; 1977\/1978 Bergknappe &nbsp;7-14 &nbsp; 1979-1980 Bergknappe 15-30 &nbsp; 1981-1984 Bergknappe 31-42 &nbsp; 1985-1987 &hellip; <a href=\"https:\/\/bergbau-gr.ch\/?page_id=61\">Weiterlesen <span class=\"meta-nav\">&rarr;<\/span><\/a><\/p>\n","protected":false},"author":1,"featured_media":0,"parent":0,"menu_order":0,"comment_status":"open","ping_status":"open","template":"showcase.php","meta":{"ngg_post_thumbnail":0,"footnotes":""},"class_list":["post-61","page","type-page","status-publish","hentry"],"_links":{"self":[{"href":"https:\/\/bergbau-gr.ch\/index.php?rest_route=\/wp\/v2\/pages\/61","targetHints":{"allow":["GET"]}}],"collection":[{"href":"https:\/\/bergbau-gr.ch\/index.php?rest_route=\/wp\/v2\/pages"}],"about":[{"href":"https:\/\/bergbau-gr.ch\/index.php?rest_route=\/wp\/v2\/types\/page"}],"author":[{"embeddable":true,"href":"https:\/\/bergbau-gr.ch\/index.php?rest_route=\/wp\/v2\/users\/1"}],"replies":[{"embeddable":true,"href":"https:\/\/bergbau-gr.ch\/index.php?rest_route=%2Fwp%2Fv2%2Fcomments&post=61"}],"version-history":[{"count":61,"href":"https:\/\/bergbau-gr.ch\/index.php?rest_route=\/wp\/v2\/pages\/61\/revisions"}],"predecessor-version":[{"id":11311,"href":"https:\/\/bergbau-gr.ch\/index.php?rest_route=\/wp\/v2\/pages\/61\/revisions\/11311"}],"wp:attachment":[{"href":"https:\/\/bergbau-gr.ch\/index.php?rest_route=%2Fwp%2Fv2%2Fmedia&parent=61"}],"curies":[{"name":"wp","href":"https:\/\/api.w.org\/{rel}","templated":true}]}}