{"id":6515,"date":"2017-02-21T10:15:48","date_gmt":"2017-02-21T08:15:48","guid":{"rendered":"http:\/\/www.bergbau-gr.ch\/wordpress\/?page_id=6515"},"modified":"2017-06-28T18:48:49","modified_gmt":"2017-06-28T16:48:49","slug":"bellaluna","status":"publish","type":"page","link":"https:\/\/bergbau-gr.ch\/?page_id=6515","title":{"rendered":"Aktion Bellaluna"},"content":{"rendered":"<p><strong>Aktion zur Rettung, Sanierung der Ruinen Bellaluna<\/strong>,<\/p>\n<p><a href=\"https:\/\/www.bergbau-gr.ch\/wordpress\/wp-content\/uploads\/2012\/12\/Bellaluna.jpg\"><img loading=\"lazy\" decoding=\"async\" class=\"alignright size-medium wp-image-1858\" src=\"https:\/\/www.bergbau-gr.ch\/wordpress\/wp-content\/uploads\/2012\/12\/Bellaluna-300x225.jpg\" alt=\"\" width=\"300\" height=\"225\" srcset=\"https:\/\/bergbau-gr.ch\/wordpress\/wp-content\/uploads\/2012\/12\/Bellaluna-300x225.jpg 300w, https:\/\/bergbau-gr.ch\/wordpress\/wp-content\/uploads\/2012\/12\/Bellaluna-400x300.jpg 400w, https:\/\/bergbau-gr.ch\/wordpress\/wp-content\/uploads\/2012\/12\/Bellaluna.jpg 1024w\" sizes=\"auto, (max-width: 300px) 100vw, 300px\" \/><\/a><br \/>\nDas erste Industriezentrum in Graub\u00fcnden. Gr\u00f6sste und bedeutendste historische Verh\u00fcttungsanlage des Kantons<br \/>\nInformationen:<br \/>\n<a href=\"https:\/\/www.bergbau-gr.ch\/wordpress\/wp-content\/uploads\/2017\/02\/flyer_bellaluna_web.pdf\" target=\"_blank\" rel=\"noopener\">Flyer<\/a>,&nbsp;<br \/>\n<a href=\"https:\/\/www.bergbau-gr.ch\/wordpress\/wp-content\/uploads\/2017\/02\/bellaluna_broschuere_web.pdf\" target=\"_blank\" rel=\"noopener\">Beschreibung der Anlagen und Geschichte<\/a><br \/>\nund<br \/>\n<a href=\"https:\/\/www.bergbau-gr.ch\/wordpress\/wp-content\/uploads\/2017\/02\/MM_Rettung_Bellaluna.pdf\" target=\"_blank\" rel=\"noopener\">Medienmitteilung vom 20.02.2017<\/a>,<br \/>\nInfos\/Mitteilung <a href=\"http:\/\/www.parc-ela.ch\/?id=4771&amp;tx_ttnews[tt_news]=558&amp;cHash=1bb91f73e9d31ea2830a5e73ce3ed328\" target=\"_blank\" rel=\"noopener\">Parc Ela<\/a>,<br \/>\n<a href=\"https:\/\/www.bergbau-gr.ch\/wordpress\/wp-content\/uploads\/2017\/02\/2017-02-21_SO_Seite6.pdf\" target=\"_blank\" rel=\"noopener\">S\u00fcdostschweiz Graub\u00fcnden<\/a> (21.7.17)<\/p>\n<p>Der Verein Freunde des Bergbaus in Graub\u00fcnden FBG hat nun gemeinsam mit dem Verein <a href=\"http:\/\/www.parc-ela.ch\/?id=4771&amp;tx_ttnews[tt_news]=558&amp;cHash=1bb91f73e9d31ea2830a5e73ce3ed328\" target=\"_blank\" rel=\"noopener\">Parc Ela<\/a> und der <a href=\"https:\/\/www.filisur.ch\/\" target=\"_blank\" rel=\"noopener\">Gemeinde Filisur<\/a> die Initiative ergriffen, um die fehlenden Mittel zu sammeln.<\/p>\n<p>Spendenkonto der Freunde des Bergbaus in Graub\u00fcnden:&nbsp; IBAN CH 39 0077 4010 3348 0510 0 . Wir danken f\u00fcr die Unterst\u00fctzung!<\/p>\n<p>S\u00e4uberungsarbeiten in der Schmelze Bellaluna Mai 2017: ngg_shortcode_0_placeholder<\/p>\n<div style=\"width: 584px\" class=\"wp-caption aligncenter\"><img loading=\"lazy\" decoding=\"async\" class=\"\" src=\"https:\/\/www.bergbau-gr.ch\/wordpress\/wp-content\/gallery\/gv16\/GV16_3.jpg\" width=\"574\" height=\"387\"><p class=\"wp-caption-text\">Ruine am 12.3.16<\/p><\/div>\n<p>ngg_shortcode_1_placeholderGalerie: Peter Kuhn<\/p>\n<div id=\"inner-shortcode-dialog\"><strong>[google-map-v3 width=&#8220;800&#8243; height=&#8220;600&#8243; zoom=&#8220;12&#8243; maptype=&#8220;terrain&#8220; mapalign=&#8220;center&#8220; directionhint=&#8220;false&#8220; language=&#8220;de&#8220; poweredby=&#8220;false&#8220; maptypecontrol=&#8220;true&#8220; pancontrol=&#8220;true&#8220; zoomcontrol=&#8220;true&#8220; scalecontrol=&#8220;true&#8220; streetviewcontrol=&#8220;true&#8220; scrollwheelcontrol=&#8220;false&#8220; draggable=&#8220;true&#8220; tiltfourtyfive=&#8220;false&#8220; addmarkermashupbubble=&#8220;false&#8220; addmarkermashupbubble=&#8220;false&#8220; addmarkerlist=&#8220;<\/strong><strong>Bellaluna, Filisur{}museum<\/strong><strong>_industry<\/strong><strong>.png{}Schmelzofen, Verh\u00fcttung, #https:\/\/www.bergbau-gr.ch\/wordpress\/?page_id=1800#<\/strong><strong>&#8220; bubbleautopan=&#8220;true&#8220; showbike=&#8220;false&#8220; showtraffic=&#8220;false&#8220; showpanoramio=&#8220;false&#8220;]<\/strong><\/div>\n","protected":false},"excerpt":{"rendered":"<p>Aktion zur Rettung, Sanierung der Ruinen Bellaluna, Das erste Industriezentrum in Graub\u00fcnden. Gr\u00f6sste und bedeutendste historische Verh\u00fcttungsanlage des Kantons Informationen: Flyer,&nbsp; Beschreibung der Anlagen und Geschichte und Medienmitteilung vom 20.02.2017, Infos\/Mitteilung Parc Ela, S\u00fcdostschweiz Graub\u00fcnden (21.7.17) Der Verein Freunde des &hellip; <a href=\"https:\/\/bergbau-gr.ch\/?page_id=6515\">Weiterlesen <span class=\"meta-nav\">&rarr;<\/span><\/a><\/p>\n","protected":false},"author":1,"featured_media":0,"parent":1658,"menu_order":0,"comment_status":"closed","ping_status":"closed","template":"showcase.php","meta":{"ngg_post_thumbnail":0,"footnotes":""},"class_list":["post-6515","page","type-page","status-publish","hentry"],"_links":{"self":[{"href":"https:\/\/bergbau-gr.ch\/index.php?rest_route=\/wp\/v2\/pages\/6515","targetHints":{"allow":["GET"]}}],"collection":[{"href":"https:\/\/bergbau-gr.ch\/index.php?rest_route=\/wp\/v2\/pages"}],"about":[{"href":"https:\/\/bergbau-gr.ch\/index.php?rest_route=\/wp\/v2\/types\/page"}],"author":[{"embeddable":true,"href":"https:\/\/bergbau-gr.ch\/index.php?rest_route=\/wp\/v2\/users\/1"}],"replies":[{"embeddable":true,"href":"https:\/\/bergbau-gr.ch\/index.php?rest_route=%2Fwp%2Fv2%2Fcomments&post=6515"}],"version-history":[{"count":11,"href":"https:\/\/bergbau-gr.ch\/index.php?rest_route=\/wp\/v2\/pages\/6515\/revisions"}],"predecessor-version":[{"id":6814,"href":"https:\/\/bergbau-gr.ch\/index.php?rest_route=\/wp\/v2\/pages\/6515\/revisions\/6814"}],"up":[{"embeddable":true,"href":"https:\/\/bergbau-gr.ch\/index.php?rest_route=\/wp\/v2\/pages\/1658"}],"wp:attachment":[{"href":"https:\/\/bergbau-gr.ch\/index.php?rest_route=%2Fwp%2Fv2%2Fmedia&parent=6515"}],"curies":[{"name":"wp","href":"https:\/\/api.w.org\/{rel}","templated":true}]}}