{"id":6690,"date":"2017-06-18T15:25:51","date_gmt":"2017-06-18T13:25:51","guid":{"rendered":"http:\/\/www.bergbau-gr.ch\/wordpress\/?page_id=6690"},"modified":"2022-05-08T16:38:54","modified_gmt":"2022-05-08T14:38:54","slug":"flyer-2017","status":"publish","type":"page","link":"https:\/\/bergbau-gr.ch\/?page_id=6690","title":{"rendered":"Flyer FBG"},"content":{"rendered":"<p><a href=\"https:\/\/www.bergbau-gr.ch\/wordpress\/wp-content\/uploads\/2017\/06\/flyer_bergbau.pdf\" target=\"_blank\" rel=\"noopener\"><img loading=\"lazy\" decoding=\"async\" class=\"alignleft wp-image-6697\" src=\"https:\/\/www.bergbau-gr.ch\/wordpress\/wp-content\/uploads\/2017\/06\/Seite01.jpg\" alt=\"\" width=\"225\" height=\"428\"><\/a>Der&nbsp;<a href=\"https:\/\/bergbau-gr.ch\/wordpress\/wp-content\/uploads\/2022\/05\/Flyer2022.pdf\" target=\"_blank\" rel=\"noopener\"><strong> FBG Flyer<\/strong><\/a> wurde aktualisiert und gibt einen \u00dcberblick \u00fcber die T\u00e4tigkeiten und F\u00fchrungen bez\u00fcglich Bergbau in Graub\u00fcnden:<\/p>\n<ul>\n<li>Freunde des Bergbaus in Graub\u00fcnden, FBG<\/li>\n<li>Bergbauverein Silberberg Davos, BSD<\/li>\n<li>Bergbaumuseum Graub\u00fcnden<\/li>\n<li>Miniers da S-charl, MdS<\/li>\n<li>Verein Erzminen Hinterrhein, VEH<\/li>\n<li>Amis da las minieras Val M\u00fcstair<\/li>\n<li>Val Minor, Blyberg Schmitten, Plategna, Obersaxen<\/li>\n<li>Schmelze Bellaluna Filisur, Schmelze Flecs Salouf<\/li>\n<li>Der BERGKNAPPE, Publikationsorgan FBG<\/li>\n<\/ul>\n<p>Ausgedruckte <a href=\"https:\/\/bergbau-gr.ch\/wordpress\/wp-content\/uploads\/2022\/05\/Flyer2022.pdf\" target=\"_blank\" rel=\"noopener\">Flyer <\/a>k\u00f6nnen im <a href=\"https:\/\/www.bergbau-gr.ch\/wordpress\/?page_id=4570\" target=\"_blank\" rel=\"noopener\">Bergbaumuseum Graub\u00fcnden<\/a> oder <br><a href=\"mailto:fbg@bergbau-gr.ch\">fbg@bergbau-gr.ch<\/a> bezogen werden.<\/p>\n<p>&nbsp;<\/p>\n<p>Flyer als Bildgalerie:<\/p>\n\n\nngg_shortcode_0_placeholder\n","protected":false},"excerpt":{"rendered":"<p>Der&nbsp; FBG Flyer wurde aktualisiert und gibt einen \u00dcberblick \u00fcber die T\u00e4tigkeiten und F\u00fchrungen bez\u00fcglich Bergbau in Graub\u00fcnden: Freunde des Bergbaus in Graub\u00fcnden, FBG Bergbauverein Silberberg Davos, BSD Bergbaumuseum Graub\u00fcnden Miniers da S-charl, MdS Verein Erzminen Hinterrhein, VEH Amis da &hellip; <a href=\"https:\/\/bergbau-gr.ch\/?page_id=6690\">Weiterlesen <span class=\"meta-nav\">&rarr;<\/span><\/a><\/p>\n","protected":false},"author":1,"featured_media":0,"parent":67,"menu_order":0,"comment_status":"closed","ping_status":"closed","template":"showcase.php","meta":{"ngg_post_thumbnail":0,"footnotes":""},"class_list":["post-6690","page","type-page","status-publish","hentry"],"_links":{"self":[{"href":"https:\/\/bergbau-gr.ch\/index.php?rest_route=\/wp\/v2\/pages\/6690","targetHints":{"allow":["GET"]}}],"collection":[{"href":"https:\/\/bergbau-gr.ch\/index.php?rest_route=\/wp\/v2\/pages"}],"about":[{"href":"https:\/\/bergbau-gr.ch\/index.php?rest_route=\/wp\/v2\/types\/page"}],"author":[{"embeddable":true,"href":"https:\/\/bergbau-gr.ch\/index.php?rest_route=\/wp\/v2\/users\/1"}],"replies":[{"embeddable":true,"href":"https:\/\/bergbau-gr.ch\/index.php?rest_route=%2Fwp%2Fv2%2Fcomments&post=6690"}],"version-history":[{"count":18,"href":"https:\/\/bergbau-gr.ch\/index.php?rest_route=\/wp\/v2\/pages\/6690\/revisions"}],"predecessor-version":[{"id":9081,"href":"https:\/\/bergbau-gr.ch\/index.php?rest_route=\/wp\/v2\/pages\/6690\/revisions\/9081"}],"up":[{"embeddable":true,"href":"https:\/\/bergbau-gr.ch\/index.php?rest_route=\/wp\/v2\/pages\/67"}],"wp:attachment":[{"href":"https:\/\/bergbau-gr.ch\/index.php?rest_route=%2Fwp%2Fv2%2Fmedia&parent=6690"}],"curies":[{"name":"wp","href":"https:\/\/api.w.org\/{rel}","templated":true}]}}