{"id":67,"date":"2012-03-20T09:17:41","date_gmt":"2012-03-20T09:17:41","guid":{"rendered":"http:\/\/bergbau.mindblow.ch\/?page_id=67"},"modified":"2026-04-15T08:40:47","modified_gmt":"2026-04-15T06:40:47","slug":"home","status":"publish","type":"page","link":"https:\/\/bergbau-gr.ch\/","title":{"rendered":"Home"},"content":{"rendered":"<div class=\"wp-block-image\">\n<figure class=\"alignright is-resized\"><a href=\"https:\/\/www.bergbau-gr.ch\/wordpress\/wp-content\/uploads\/2015\/06\/Schlegel_Eisen_logo_FBG_invert.jpg\"><img loading=\"lazy\" decoding=\"async\" width=\"300\" height=\"138\" src=\"https:\/\/www.bergbau-gr.ch\/wordpress\/wp-content\/uploads\/2015\/06\/Schlegel_Eisen_logo_FBG_invert-300x138.jpg\" alt=\"Schlegel_Eisen_logo_FBG_invert\" class=\"wp-image-4620\" style=\"width:157px;height:73px\" srcset=\"https:\/\/bergbau-gr.ch\/wordpress\/wp-content\/uploads\/2015\/06\/Schlegel_Eisen_logo_FBG_invert-300x138.jpg 300w, https:\/\/bergbau-gr.ch\/wordpress\/wp-content\/uploads\/2015\/06\/Schlegel_Eisen_logo_FBG_invert-1024x470.jpg 1024w, https:\/\/bergbau-gr.ch\/wordpress\/wp-content\/uploads\/2015\/06\/Schlegel_Eisen_logo_FBG_invert-500x230.jpg 500w\" sizes=\"auto, (max-width: 300px) 100vw, 300px\" \/><\/a><\/figure>\n<\/div>\n\n\n<p>Willkommen bei den Freunden des Bergbaus Graub\u00fcnden&nbsp;<br><br>Ein <strong>herzliches &#8222;Gl\u00fcck auf!&#8220;<\/strong><\/p>\n\n\n\n<hr class=\"wp-block-separator has-alpha-channel-opacity\"\/>\n\n\n<div class=\"wp-block-image\">\n<figure class=\"aligncenter is-resized\"><a href=\"https:\/\/bergbau-gr.ch\/wordpress\/wp-content\/uploads\/2025\/09\/LOGO.png\"><img loading=\"lazy\" decoding=\"async\" width=\"150\" height=\"73\" src=\"https:\/\/bergbau-gr.ch\/wordpress\/wp-content\/uploads\/2025\/09\/LOGO-150x73.png\" alt=\"\" class=\"wp-image-11236\" style=\"aspect-ratio:1.8707129257577935;width:202px;height:auto\" srcset=\"https:\/\/bergbau-gr.ch\/wordpress\/wp-content\/uploads\/2025\/09\/LOGO-150x73.png 150w, https:\/\/bergbau-gr.ch\/wordpress\/wp-content\/uploads\/2025\/09\/LOGO-300x146.png 300w, https:\/\/bergbau-gr.ch\/wordpress\/wp-content\/uploads\/2025\/09\/LOGO-500x244.png 500w, https:\/\/bergbau-gr.ch\/wordpress\/wp-content\/uploads\/2025\/09\/LOGO.png 709w\" sizes=\"auto, (max-width: 150px) 100vw, 150px\" \/><\/a><\/figure>\n<\/div>\n\n<p><a href=\"https:\/\/bergbau-gr.ch\/wordpress\/wp-content\/uploads\/2026\/01\/Miniplakat-1.jpg\"><img loading=\"lazy\" decoding=\"async\" class=\"alignright size-thumbnail wp-image-11466\" src=\"https:\/\/bergbau-gr.ch\/wordpress\/wp-content\/uploads\/2026\/01\/Miniplakat-1-109x150.jpg\" alt=\"\" width=\"109\" height=\"150\" srcset=\"https:\/\/bergbau-gr.ch\/wordpress\/wp-content\/uploads\/2026\/01\/Miniplakat-1-109x150.jpg 109w, https:\/\/bergbau-gr.ch\/wordpress\/wp-content\/uploads\/2026\/01\/Miniplakat-1-218x300.jpg 218w, https:\/\/bergbau-gr.ch\/wordpress\/wp-content\/uploads\/2026\/01\/Miniplakat-1.jpg 387w\" sizes=\"auto, (max-width: 109px) 100vw, 109px\" \/><\/a>Wir feiern unseren 50. Geburtstag des Vereins&nbsp; <strong>Freunde des Bergbaus in Graub\u00fcnden<\/strong>, am Nachmittag <strong>Sa 6.6.26 14:00-17:00<\/strong> \u00f6ffentlich im <strong>Bergbaumuseum Graub\u00fcnden<\/strong>.<br>Das Museum ist an diesem Nachmittag f\u00fcr alle offen. Alle Interessierte sind herzlich zu einem Museumsbesuch mit Musik, Zvieri, Kaffee und Kuchen eingeladen. <a href=\"https:\/\/bergbau-gr.ch\/wordpress\/wp-content\/uploads\/2026\/01\/Plakat8_neu.pdf\" target=\"_blank\" rel=\"noopener\">Plakat.<\/a><br>Wir freuen uns auf Ihren Besuch mit einem<br>herzlichen &#8222;Gl\u00fcck Auf!&#8220;<\/p>\n<p>&nbsp;<\/p>\n<p><strong><a href=\"https:\/\/bergbau-gr.ch\/wordpress\/wp-content\/uploads\/2025\/04\/Davos2026.jpg\"><img loading=\"lazy\" decoding=\"async\" class=\"alignright size-thumbnail wp-image-10852\" src=\"https:\/\/bergbau-gr.ch\/wordpress\/wp-content\/uploads\/2025\/04\/Davos2026-150x113.jpg\" alt=\"\" width=\"150\" height=\"113\" srcset=\"https:\/\/bergbau-gr.ch\/wordpress\/wp-content\/uploads\/2025\/04\/Davos2026-150x113.jpg 150w, https:\/\/bergbau-gr.ch\/wordpress\/wp-content\/uploads\/2025\/04\/Davos2026-300x225.jpg 300w, https:\/\/bergbau-gr.ch\/wordpress\/wp-content\/uploads\/2025\/04\/Davos2026-400x300.jpg 400w, https:\/\/bergbau-gr.ch\/wordpress\/wp-content\/uploads\/2025\/04\/Davos2026.jpg 680w\" sizes=\"auto, (max-width: 150px) 100vw, 150px\" \/><\/a>Generalversammlung FBG 2026:<br><\/strong>50 Jahre nach der <a href=\"https:\/\/www.bergbau-gr.ch\/wordpress\/wp-content\/uploads\/bk\/Gruendungsprotokoll.pdf\" target=\"_blank\" rel=\"noopener\">Gr\u00fcndungsversammlung<\/a>! findet die Generalversammlung am <br><strong>Samstag 6. Juni 2026 <\/strong>um <strong>9:45 <\/strong>wieder in der ehrw\u00fcrdigen <strong>Rathausstube <\/strong><strong>Davos<\/strong> statt. Aufgund der aktualisierten Brandschutzvorschriften ist die Teilnehmerzahl beschr\u00e4nkt, darum unbedingt anmelden.<\/p>\n\n\n<p class=\"has-text-align-left\">Danach Mittagessen im Hotel GRISCHA und am<br><br>Nachmittag feiern wir im <strong>Bergbaumuseum Graub\u00fcnden<\/strong> (siehe oben)<\/p>\n\n\n<p><a href=\"https:\/\/bergbau-gr.ch\/wordpress\/wp-content\/uploads\/2026\/01\/Wasserrad.jpg\"><img loading=\"lazy\" decoding=\"async\" class=\"alignright size-thumbnail wp-image-11473\" src=\"https:\/\/bergbau-gr.ch\/wordpress\/wp-content\/uploads\/2026\/01\/Wasserrad-150x150.jpg\" alt=\"\" width=\"150\" height=\"150\" srcset=\"https:\/\/bergbau-gr.ch\/wordpress\/wp-content\/uploads\/2026\/01\/Wasserrad-150x150.jpg 150w, https:\/\/bergbau-gr.ch\/wordpress\/wp-content\/uploads\/2026\/01\/Wasserrad.jpg 300w\" sizes=\"auto, (max-width: 150px) 100vw, 150px\" \/><\/a>Am <strong>Sonntag 7.6.26<\/strong> stehen vier verschiedene Befahrungen am <a href=\"https:\/\/silberberg-davos.ch\/galerie\/#galerie\" target=\"_blank\" rel=\"noreferrer noopener\"><strong>Silberberg<\/strong><\/a>\/ Z\u00fcgenschlucht zum Besuch offen:<\/p>\n\n\n<ul class=\"wp-block-list\">\n<li>Bergbauhaus Monstein &#8211; Rosalienstollen<\/li>\n\n\n\n<li>Z\u00fcgenschlucht und Wiesnerviadukt<\/li>\n\n\n\n<li>Bergbauhaus &#8211; Langer Michael &#8211; Dalvazzerstollen<\/li>\n\n\n\n<li>Langer Michael &#8211; Dalvazzerstollen &#8211; Andreasstollen<\/li>\n<\/ul>\n\n\n\n<p>Pers\u00f6nliche <a href=\"https:\/\/bergbau-gr.ch\/wordpress\/wp-content\/uploads\/2026\/02\/Einladung-Vereinsversammlung-2026_02_09H.pdf\" target=\"_blank\" rel=\"noreferrer noopener\">Einladungen und Detailprogramm<\/a>.<br>Bitte bis Mitte April anmelden, wenn m\u00f6glich mit <a href=\"https:\/\/bergbau-gr.ch\/?page_id=11415\" target=\"_blank\" rel=\"noreferrer noopener\"><strong>online Anmeldeformular.<\/strong><\/a><\/p>\n\n\n\n<hr class=\"wp-block-separator has-alpha-channel-opacity\"\/>\n\n\n\n<p>Weitere <strong>Bergbau-<a href=\"https:\/\/www.bergbau-gr.ch\/wordpress\/?page_id=1658\">Veranstaltungen<\/a> 2026:<\/strong> unter <a href=\"https:\/\/bergbau-gr.ch\/?page_id=1658\" data-type=\"page\" data-id=\"1658\">Veranstaltungen<\/a><br><a href=\"https:\/\/bergbau-gr.ch\/?page_id=10782\" target=\"_blank\" rel=\"noreferrer noopener\"><strong>Vergangene <em>Veranstaltungen<\/em><\/strong> unter Erlebnisse<\/a><br><\/p>\n\n\n\n<hr class=\"wp-block-separator has-alpha-channel-opacity\"\/>\n\n\n<p><strong><a href=\"https:\/\/bergbau-gr.ch\/wordpress\/wp-content\/uploads\/2025\/06\/20250609_104528.jpg\"><img loading=\"lazy\" decoding=\"async\" class=\"alignright size-thumbnail wp-image-11108\" src=\"https:\/\/bergbau-gr.ch\/wordpress\/wp-content\/uploads\/2025\/06\/20250609_104528-112x150.jpg\" alt=\"\" width=\"112\" height=\"150\" srcset=\"https:\/\/bergbau-gr.ch\/wordpress\/wp-content\/uploads\/2025\/06\/20250609_104528-112x150.jpg 112w, https:\/\/bergbau-gr.ch\/wordpress\/wp-content\/uploads\/2025\/06\/20250609_104528-225x300.jpg 225w, https:\/\/bergbau-gr.ch\/wordpress\/wp-content\/uploads\/2025\/06\/20250609_104528-768x1024.jpg 768w, https:\/\/bergbau-gr.ch\/wordpress\/wp-content\/uploads\/2025\/06\/20250609_104528-1152x1536.jpg 1152w, https:\/\/bergbau-gr.ch\/wordpress\/wp-content\/uploads\/2025\/06\/20250609_104528-1536x2048.jpg 1536w, https:\/\/bergbau-gr.ch\/wordpress\/wp-content\/uploads\/2025\/06\/20250609_104528.jpg 1691w\" sizes=\"auto, (max-width: 112px) 100vw, 112px\" \/><\/a><a href=\"https:\/\/www.bergbau-museum.ch\/\" target=\"_blank\" rel=\"noopener\">Bergbaumuseum Graub\u00fcnden<\/a><br \/><\/strong>Das Museum ist \u00fcber Winter geschlossen und \u00f6ffnet nur f\u00fcr Ausnahmebesuche. <strong>Wiederer\u00f6ffnung 16. Juni 2026<\/strong><\/p>\n\n\n<hr class=\"wp-block-separator has-alpha-channel-opacity\"\/>\n\n\n<p><a href=\"https:\/\/bergbau-gr.ch\/?page_id=10782\" target=\"_blank\" rel=\"noopener\"><strong>Vergangene <em>Veranstaltungen<\/em><\/strong> unter Erlebnisse<\/a><\/p>\n\n\n<hr class=\"wp-block-separator has-alpha-channel-opacity\"\/>\n\n\n<blockquote>\n<p><em><img loading=\"lazy\" decoding=\"async\" class=\"alignright wp-image-8414 size-medium\" src=\"https:\/\/bergbau-gr.ch\/wordpress\/wp-content\/uploads\/2020\/12\/Schera2020-214x300.jpg\" alt=\"\" width=\"214\" height=\"300\" srcset=\"https:\/\/bergbau-gr.ch\/wordpress\/wp-content\/uploads\/2020\/12\/Schera2020-214x300.jpg 214w, https:\/\/bergbau-gr.ch\/wordpress\/wp-content\/uploads\/2020\/12\/Schera2020-107x150.jpg 107w, https:\/\/bergbau-gr.ch\/wordpress\/wp-content\/uploads\/2020\/12\/Schera2020.jpg 479w\" sizes=\"auto, (max-width: 214px) 100vw, 214px\" \/>&#8222;Durch des Stollen weite L\u00e4nge,<\/em><br \/><em>Durch das Labyrinth der G\u00e4nge<\/em><br \/><em>Wandern wir den sichern Weg.<\/em><br \/><em>\u00dcber nie erforschte Gr\u00fcnde,<\/em><br \/><em>\u00dcber dunkle H\u00f6llenschl\u00fcnde<\/em><br \/><em>Leitet schwankend uns der Steg.<\/em><br \/><em>Ohne Grauen, ohne Zaudern<\/em><br \/><em>Dringen wir in&#8217;s d\u00fcstre Reich,<\/em><br \/><em>F\u00fchren auf metallne W\u00e4nde<\/em><br \/><em>Jauchzend den gewalt&#8217;gen Streich&#8220;<br \/><\/em>C. T. K\u00f6rner<\/p>\n<\/blockquote>\n\n\n<p><\/p>\n\n\n\n<p><\/p>\n\n\n<div class=\"wp-block-image\">\n<figure class=\"aligncenter\"><a href=\"https:\/\/www.bergbau-gr.ch\/wordpress\/wp-content\/uploads\/2012\/08\/silberberg1.jpg\"><img loading=\"lazy\" decoding=\"async\" width=\"1277\" height=\"523\" src=\"https:\/\/www.bergbau-gr.ch\/wordpress\/wp-content\/uploads\/2012\/08\/silberberg1.jpg\" alt=\"\" class=\"wp-image-175\" title=\"silberberg1\" srcset=\"https:\/\/bergbau-gr.ch\/wordpress\/wp-content\/uploads\/2012\/08\/silberberg1.jpg 1277w, https:\/\/bergbau-gr.ch\/wordpress\/wp-content\/uploads\/2012\/08\/silberberg1-300x122.jpg 300w, https:\/\/bergbau-gr.ch\/wordpress\/wp-content\/uploads\/2012\/08\/silberberg1-1024x419.jpg 1024w, https:\/\/bergbau-gr.ch\/wordpress\/wp-content\/uploads\/2012\/08\/silberberg1-500x204.jpg 500w\" sizes=\"auto, (max-width: 1277px) 100vw, 1277px\" \/><\/a><\/figure>\n<\/div>\n\n<\/p>\n\n\n<p><\/p>\n\n\n<\/p>\n\n\n<ul class=\"wp-block-list\">\n<li><a href=\"https:\/\/www.bergbau-gr.ch\/wordpress\/wp-content\/uploads\/2015\/06\/Schlegel_Eisen_logo_FBG.jpg\"><img loading=\"lazy\" decoding=\"async\" width=\"300\" height=\"138\" class=\"alignright wp-image-4619\" style=\"width: undefinedpx;\" src=\"https:\/\/www.bergbau-gr.ch\/wordpress\/wp-content\/uploads\/2015\/06\/Schlegel_Eisen_logo_FBG-300x138.jpg\" alt=\"Schlegel_Eisen_logo_FBG\" srcset=\"https:\/\/bergbau-gr.ch\/wordpress\/wp-content\/uploads\/2015\/06\/Schlegel_Eisen_logo_FBG-300x138.jpg 300w, https:\/\/bergbau-gr.ch\/wordpress\/wp-content\/uploads\/2015\/06\/Schlegel_Eisen_logo_FBG-1024x470.jpg 1024w, https:\/\/bergbau-gr.ch\/wordpress\/wp-content\/uploads\/2015\/06\/Schlegel_Eisen_logo_FBG-500x230.jpg 500w\" sizes=\"auto, (max-width: 300px) 100vw, 300px\" \/><\/a>das Interesse f\u00fcr den historischen Bergbau in Graub\u00fcnden wecken, f\u00f6rdern und vertreten;<\/li>\n\n\n\n<li>dem breiten Publikum die Zeugen der ersten Industrie zug\u00e4nglich machen und besonders Erhaltungsw\u00fcrdiges unter Denkmalschutz stellen lassen;<\/li>\n\n\n\n<li>Forschungsergebnisse, historische und aktuelle Beitr\u00e4ge zum Bergbau in der periodisch erscheinenden Fachzeitschrift <a title=\"Bergknappe\" href=\"https:\/\/www.bergbau-gr.ch\/wordpress\/?page_id=61\" target=\"_blank\" rel=\"noopener noreferrer\">BERGKNAPPE <\/a>ver\u00f6ffentlichen;<\/li>\n\n\n\n<li>Unterst\u00fctzung der in Graub\u00fcnden t\u00e4tigen <a title=\"Regionen\" href=\"https:\/\/www.bergbau-gr.ch\/wordpress\/?page_id=97\">Regionalgruppen <\/a>und regionalen <a title=\"Regionen\" href=\"https:\/\/www.bergbau-gr.ch\/wordpress\/?page_id=97\">Partnervereine<\/a>.<\/li>\n\n\n\n<li><strong><a href=\"https:\/\/www.bergbau-gr.ch\/wordpress\/?page_id=6690\" target=\"_blank\" rel=\"noopener noreferrer\">FBG <img loading=\"lazy\" decoding=\"async\" class=\"wp-image-6697 alignright\" src=\"https:\/\/www.bergbau-gr.ch\/wordpress\/wp-content\/uploads\/2017\/06\/Seite01.jpg\" alt=\"\" width=\"126\" height=\"240\">Flyer<\/a><\/strong><\/li>\n<\/ul>\n\n\n\n<p><\/p>\n\n\n\n<hr class=\"wp-block-separator has-alpha-channel-opacity\"\/>\n\n\n\n<p><strong>Spenden und Unterst\u00fctzungen:<\/strong><\/p>\n\n\n\n<p>Verein Freunde des Bergbaus in Graub\u00fcnden, FBG<br>PostFinance, Bern<br>BIC\/Swift POFICHBEXXX,<br><a href=\"https:\/\/bergbau-gr.ch\/wordpress\/wp-content\/uploads\/2023\/06\/qr-CH4609000000700102056.pdf\" target=\"_blank\" rel=\"noreferrer noopener\">IBAN CH46 0900 0000 7001 0205 6<\/a><\/p>\n\n\n\n<p><\/p>\n\n\n\n<p class=\"has-text-align-right\"><\/p>\n\n\n\n<hr class=\"wp-block-separator has-alpha-channel-opacity\"\/>\n","protected":false},"excerpt":{"rendered":"<p>Willkommen bei den Freunden des Bergbaus Graub\u00fcnden&nbsp; Ein herzliches &#8222;Gl\u00fcck auf!&#8220; Wir feiern unseren 50. Geburtstag des Vereins&nbsp; Freunde des Bergbaus in Graub\u00fcnden, am Nachmittag Sa 6.6.26 14:00-17:00 \u00f6ffentlich im Bergbaumuseum Graub\u00fcnden.Das Museum ist an diesem Nachmittag f\u00fcr alle offen. &hellip; <a href=\"https:\/\/bergbau-gr.ch\/\">Weiterlesen <span class=\"meta-nav\">&rarr;<\/span><\/a><\/p>\n","protected":false},"author":1,"featured_media":0,"parent":0,"menu_order":0,"comment_status":"open","ping_status":"open","template":"showcase.php","meta":{"ngg_post_thumbnail":0,"footnotes":""},"class_list":["post-67","page","type-page","status-publish","hentry"],"_links":{"self":[{"href":"https:\/\/bergbau-gr.ch\/index.php?rest_route=\/wp\/v2\/pages\/67","targetHints":{"allow":["GET"]}}],"collection":[{"href":"https:\/\/bergbau-gr.ch\/index.php?rest_route=\/wp\/v2\/pages"}],"about":[{"href":"https:\/\/bergbau-gr.ch\/index.php?rest_route=\/wp\/v2\/types\/page"}],"author":[{"embeddable":true,"href":"https:\/\/bergbau-gr.ch\/index.php?rest_route=\/wp\/v2\/users\/1"}],"replies":[{"embeddable":true,"href":"https:\/\/bergbau-gr.ch\/index.php?rest_route=%2Fwp%2Fv2%2Fcomments&post=67"}],"version-history":[{"count":559,"href":"https:\/\/bergbau-gr.ch\/index.php?rest_route=\/wp\/v2\/pages\/67\/revisions"}],"predecessor-version":[{"id":11563,"href":"https:\/\/bergbau-gr.ch\/index.php?rest_route=\/wp\/v2\/pages\/67\/revisions\/11563"}],"wp:attachment":[{"href":"https:\/\/bergbau-gr.ch\/index.php?rest_route=%2Fwp%2Fv2%2Fmedia&parent=67"}],"curies":[{"name":"wp","href":"https:\/\/api.w.org\/{rel}","templated":true}]}}