{"id":685,"date":"2012-09-24T13:44:12","date_gmt":"2012-09-24T11:44:12","guid":{"rendered":"http:\/\/www.bergbau-gr.ch\/wordpress\/?page_id=685"},"modified":"2015-05-15T11:28:23","modified_gmt":"2015-05-15T09:28:23","slug":"old-hundred","status":"publish","type":"page","link":"https:\/\/bergbau-gr.ch\/?page_id=685","title":{"rendered":"Old Hundred"},"content":{"rendered":"<p style=\"text-align: left;\">W\u00e4hrend des Goldrush entstanden in den USA unz\u00e4hlige Bergbaugebiete, u.a. auch im s\u00fcdwestlichen Colorado. In der Gegend um <a title=\"Silverton\" href=\"http:\/\/www.silvertoncolorado.com\/history.asp\" target=\"_blank\">Silverton <\/a>in den <a title=\"San Juan\" href=\"http:\/\/www.sanjuanbackcountry.com\/index.html\" target=\"_blank\">San Juan Bergen<\/a> wurden ganze Bergz\u00fcge angegraben und zur Erschliessung <a title=\"RR\" href=\"http:\/\/www.durangosilvertonrailroad.com\/durango-train\/train-history\" target=\"_blank\">Eisenbahnen <\/a>gebaut. Die <a title=\"Mining\" href=\"http:\/\/www.westernmininghistory.com\/articles\/77\/page1\/\" target=\"_blank\">Ausbeute<\/a> an Gold und Silber ist wohl Brutto sehr beachtlich, stand aber in keinem Verh\u00e4ltnis zum Aufwand, war also im Ganzen unrentabel. Erst als auch Zinn, Zink, Blei und Kupfer\u00a0 gewonnen wurde, konnte kurzzeitig\u00a0 gewinnbringend Bergbau betrieben werden. Heute sind alle Minen stillgelegt und die Infrastruktur am zerfallen. Einzelne Bergwerke werden f\u00fcr Besichtigungen jetzt gesichert, so zum Beispiel die <a title=\"Old Hundret\" href=\"http:\/\/www.minetour.com\/\" target=\"_blank\">Old Hundred Mine<\/a>. Weiter sind im ganzen Tal <a title=\"Mayflower\" href=\"http:\/\/www.silvertonmagazine.com\/history\/Mayflower_Mine.html\" target=\"_blank\">Ruinen<\/a> von Brecheranlagen (Mill) und Lorenseilbahnen (Tramway) zu sehen.<\/p>\n<div id=\"inner-shortcode-dialog\">\n<div id=\"inner-shortcode-dialog\"><strong>[google-map-v3 width=&#8220;600&#8243; height=&#8220;350&#8243; zoom=&#8220;12&#8243; maptype=&#8220;terrain&#8220; mapalign=&#8220;center&#8220; directionhint=&#8220;false&#8220; language=&#8220;default&#8220; poweredby=&#8220;false&#8220; maptypecontrol=&#8220;true&#8220; pancontrol=&#8220;true&#8220; zoomcontrol=&#8220;true&#8220; scalecontrol=&#8220;true&#8220; streetviewcontrol=&#8220;true&#8220; scrollwheelcontrol=&#8220;false&#8220; draggable=&#8220;true&#8220; tiltfourtyfive=&#8220;false&#8220; addmarkermashupbubble=&#8220;false&#8220; addmarkermashupbubble=&#8220;false&#8220; addmarkerlist=&#8220;Durango, Depot{}steamtrain.png{}Trainstation|Silverton (CO){}steamtrain.png{}Town|Old Hundred (CO){}mine.png{}Mine&#8220; bubbleautopan=&#8220;true&#8220; showbike=&#8220;false&#8220; showtraffic=&#8220;false&#8220; showpanoramio=&#8220;false&#8220;]<\/strong><\/div>\n<div>ngg_shortcode_0_placeholder<\/div>\n<\/div>\n","protected":false},"excerpt":{"rendered":"<p>W\u00e4hrend des Goldrush entstanden in den USA unz\u00e4hlige Bergbaugebiete, u.a. auch im s\u00fcdwestlichen Colorado. In der Gegend um Silverton in den San Juan Bergen wurden ganze Bergz\u00fcge angegraben und zur Erschliessung Eisenbahnen gebaut. Die Ausbeute an Gold und Silber ist &hellip; <a href=\"https:\/\/bergbau-gr.ch\/?page_id=685\">Weiterlesen <span class=\"meta-nav\">&rarr;<\/span><\/a><\/p>\n","protected":false},"author":1,"featured_media":0,"parent":2283,"menu_order":0,"comment_status":"open","ping_status":"closed","template":"","meta":{"ngg_post_thumbnail":0,"footnotes":""},"class_list":["post-685","page","type-page","status-publish","hentry"],"_links":{"self":[{"href":"https:\/\/bergbau-gr.ch\/index.php?rest_route=\/wp\/v2\/pages\/685","targetHints":{"allow":["GET"]}}],"collection":[{"href":"https:\/\/bergbau-gr.ch\/index.php?rest_route=\/wp\/v2\/pages"}],"about":[{"href":"https:\/\/bergbau-gr.ch\/index.php?rest_route=\/wp\/v2\/types\/page"}],"author":[{"embeddable":true,"href":"https:\/\/bergbau-gr.ch\/index.php?rest_route=\/wp\/v2\/users\/1"}],"replies":[{"embeddable":true,"href":"https:\/\/bergbau-gr.ch\/index.php?rest_route=%2Fwp%2Fv2%2Fcomments&post=685"}],"version-history":[{"count":35,"href":"https:\/\/bergbau-gr.ch\/index.php?rest_route=\/wp\/v2\/pages\/685\/revisions"}],"predecessor-version":[{"id":4420,"href":"https:\/\/bergbau-gr.ch\/index.php?rest_route=\/wp\/v2\/pages\/685\/revisions\/4420"}],"up":[{"embeddable":true,"href":"https:\/\/bergbau-gr.ch\/index.php?rest_route=\/wp\/v2\/pages\/2283"}],"wp:attachment":[{"href":"https:\/\/bergbau-gr.ch\/index.php?rest_route=%2Fwp%2Fv2%2Fmedia&parent=685"}],"curies":[{"name":"wp","href":"https:\/\/api.w.org\/{rel}","templated":true}]}}