{"id":730,"date":"2012-09-24T17:28:20","date_gmt":"2012-09-24T15:28:20","guid":{"rendered":"http:\/\/www.bergbau-gr.ch\/wordpress\/?page_id=730"},"modified":"2019-10-02T13:52:50","modified_gmt":"2019-10-02T11:52:50","slug":"bergknappe-71-86-1995-98","status":"publish","type":"page","link":"https:\/\/bergbau-gr.ch\/?page_id=730","title":{"rendered":"BK 71-86 1995-1998"},"content":{"rendered":"<p>Ausgabe Nr. 71-86, 1995-1998, digitalisiert in pdf durch Walter Good<\/p>\n<p><span style=\"font-family: Arial;\"><a href=\"https:\/\/www.bergbau-gr.ch\/wordpress\/wp-content\/uploads\/bk\/bk_71.pdf\" target=\"_blank\" rel=\"noopener\">Bergknappe Nr. 71<\/a>, 1\/1995, Februar<br \/>\n&#8211; Bergleute sind wie Seeleute- Zum 90. Geburtstag von Herbert Sommerlatte<br \/>\n&#8211; Ein Blei-Zink-Kupfervorkommen im Engstligental, Berner-Oberland<br \/>\n&#8211; Das ehemalige Goldbergwerk Gondo-Zwischenberg, Kt. Wallis<br \/>\n&#8211; Hauwerkzeuge des Bergmanns, (Forts. 2)<br \/>\n&#8211; Die Planta und der Bergbau im Engadin<br \/>\n&#8211; Bergmannsleben im 19. Jahrh. und ein Knappenhaus im Blockhausstil<br \/>\n&#8211; Schmelze K\u00fcblis zur Zeit der Oesterreicher, (Forts. 2)<br \/>\n&#8211; Freunde des Bergbaus unterwegs<br \/>\n&#8211; Eisenerzblock aus Starlera f\u00fcr die Muma<br \/>\n&#8211; Mitteilungen<\/span><\/p>\n<p><span style=\"font-family: Arial;\"><a href=\"https:\/\/www.bergbau-gr.ch\/wordpress\/wp-content\/uploads\/bk\/bk_72.pdf\" target=\"_blank\" rel=\"noopener\">Bergknappe Nr. 72<\/a>, 2\/1995, Mai<br \/>\n&#8211; St. Michael- Schutzpatron der Bergknappen am Silberberg Davos, neueste Forschungen<br \/>\n&#8211; Der eisenzeitliche Bergbau und die Eisengewinnung am Ofenpass<br \/>\n&#8211; Die Schmelze K\u00fcblis zur Zeit der Oesterreicher, (Forts.3)<br \/>\n&#8211; Ein altes Gewerbe neu entdeckt: Lavezstein, Soazza-Misox\/ Disentis B\u00fcndner Oberland<br \/>\n&#8211; Ein Schweizer Bergbaufachmann im 20. Jahrhundert, Hans Fehlmann<br \/>\n&#8211; Schwermetallpflanzen im Harz und Albrecht von Haller, Bern<br \/>\n&#8211; Kieselgur- ein bemerkenswerter Rohstoff<br \/>\n&#8211; Herkunft des Namens Salz<br \/>\n&#8211; GV des VFBG<br \/>\n&#8211; Mitteilungen<\/span><\/p>\n<p><span style=\"font-family: Arial;\"><a href=\"https:\/\/www.bergbau-gr.ch\/wordpress\/wp-content\/uploads\/bk\/bk_73.pdf\" target=\"_blank\" rel=\"noopener\">Bergknappe Nr. 73<\/a>, 3\/1995, August<br \/>\n&#8211; St. Michael- Schutzpatron der Bergknappen am Silberberg Davos, neueste Forschungen (Forts. 1)<br \/>\n&#8211; Schamser Bergbau im Dienste des italienischen Freiheitskampfes<br \/>\n&#8211; Schweizer Jugend forscht<br \/>\n&#8211; Die Schmelze K\u00fcblis zur Zeit der Oesterreicher, (Forts.4)<br \/>\n&#8211; Ein altes Gewerbe neu entdeckt: Lavezstein im Bergell, S\u00fcdb\u00fcnden (Forts. 1)<br \/>\n&#8211; Entdecker und Erforscher des afrikanischen Goldes<br \/>\n&#8211; Agricola und die technikgeschichtliche Tagung in der Eisenbibliothek Schaffhausen<br \/>\n&#8211; Rettung einer der bedeutendsten Bergbauzeugen im Wallis<br \/>\n&#8211; Vergiftungserscheinungen durch Cadmium<br \/>\n&#8211; Wo sind die Erzabbaustellen im Dischma?<br \/>\n&#8211; Mitteilungen<\/span><\/p>\n<p><span style=\"font-family: Arial;\"><a href=\"https:\/\/www.bergbau-gr.ch\/wordpress\/wp-content\/uploads\/bk\/bk_74.pdf\" target=\"_blank\" rel=\"noopener\">Bergknappe Nr. 74<\/a>, 4\/1995, November<br \/>\n&#8211; Schamser Bergbau im Dienste des italienischen Freiheitskampfes (Schluss)<br \/>\n&#8211; St. Michael- Schutzpatron der Bergknappen am Silberberg Davos, neueste Forschungen (Forts.2)<br \/>\n&#8211; Bergbau als Antrieb f\u00fcr die Migration eines Davoser Geschlechtes<br \/>\n&#8211; Ein altes Gewerbe neu entdeckt: Lavezstein und dessen Mineralien (Forts. 2)<br \/>\n&#8211; Bergbauhistorischer Lehrpfad Val Minor, Bernina<br \/>\n&#8211; Die Schmelze K\u00fcblis zur Zeit der Oesterreicher, (Forts.5)<br \/>\n&#8211; Instruktives Geschenk f\u00fcr unser Bergbaumuseum<br \/>\n&#8211; Entdecker und Erforscher des afrikanischen Goldes, (Forts.1)<br \/>\n&#8211; Mitteilungen<\/span><\/p>\n<p><span style=\"font-family: Arial;\"><a href=\"https:\/\/www.bergbau-gr.ch\/wordpress\/wp-content\/uploads\/bk\/bk_75.pdf\" target=\"_blank\" rel=\"noopener\">Bergknappe Nr. 75<\/a>, 1\/1996, Februar<br \/>\n&#8211; Unser Verein VFBG ist zwanzigj\u00e4hrig, 1976- 1996<br \/>\n&#8211; St. Michael-Schutzpatron der Bergknappen am Silberberg Davos, neueste Forschungen (Schluss)<br \/>\n&#8211; Die Schmelze K\u00fcblis zur Zeit der Oesterreicher, (Forts.6)<br \/>\n&#8211; Erzvorkommen im Puschlav<br \/>\n&#8211; Die Schorno-Waffen- und Hammerschmiede<br \/>\n&#8211; Blei- Silber- Verh\u00fcttung Trachsellauenen, Berner Oberland<br \/>\n&#8211; Versuche zur Wiedergew\u00e4ltigung eines alten Goldbergwerkes im G\u00f6ssnitztal bei Heiligenblut, K\u00e4rnten<br \/>\n&#8211; Damaszenerstahl, Mythos- Geschichte- Technik<br \/>\n&#8211; Entdecker und Erforscher des Afrikanischen Goldes, (Forts.2)<br \/>\n&#8211; Mitteilungen<\/span><\/p>\n<p><a href=\"https:\/\/www.bergbau-gr.ch\/wordpress\/wp-content\/uploads\/bk\/BK_1_75.PDF\">Inhaltsverzeichnis<\/a> Bergknappen 1-75 nur Bildformat<\/p>\n<p><span style=\"font-family: Arial;\"><a href=\"https:\/\/www.bergbau-gr.ch\/wordpress\/wp-content\/uploads\/bk\/bk_76.pdf\" target=\"_blank\" rel=\"noopener\">Bergknappe Nr. 76,<\/a> 2\/1996, Mai<br \/>\n&#8211; Programm Jubil\u00e4umsfeier vom 22.\/23.6.96<br \/>\n&#8211; Gedanken zum 20 Jahr Jubil\u00e4um<br \/>\n&#8211; Tagesf\u00fchrungen in das Bergbaugebiet Silberberg und das Bergbaumuseum<br \/>\n&#8211; Erzvorkommen im Puschlav (Fortsetzung 1)<br \/>\n&#8211; Blei &#8211; Silber &#8211; Verh\u00fcttung Trachsellauenen (Fortsetzung 1)<br \/>\n&#8211; Bleibergbau und Verh\u00fcttung in der Antike<br \/>\n&#8211; Entdecker und Erforscher des afrikanischen Goldes (Fortsetzung 3)<br \/>\n&#8211; Die Schmelze K\u00fcblis zur Zeit der Oesterreicher (Fortsetzung 7)<br \/>\n&#8211; Bericht \u00fcber 20. Generalversammlung<br \/>\n&#8211; Mitteilungen<\/span><\/p>\n<p><span style=\"font-family: Arial;\"><a href=\"https:\/\/www.bergbau-gr.ch\/wordpress\/wp-content\/uploads\/bk\/bk_77.pdf\" target=\"_blank\" rel=\"noopener\">Bergknappe Nr. 77<\/a>, 3\/1996, August<br \/>\n&#8211; Gedanken zum 20 Jahr-Jubil\u00e4um (Fortsetzung 1\/ Schluss)<br \/>\n&#8211; Bleibergbau und Verh\u00fcttung in der Antike (Fortsetzung 1)<br \/>\n&#8211; Entdecker und Erforscher des afrikanischen Goldes (Schluss)<br \/>\n&#8211; Blei &#8211; Silber &#8211; Verh\u00fcttung Trachsellauen (Fortsetzung 2)<br \/>\n&#8211; Erzvorkommen im Puschlav (Schluss)<br \/>\n&#8211; Die Schmelze K\u00fcblis zur Zeit der Oesterreicher (Fortsetzung 8)<br \/>\n&#8211; Mitteilungen<\/span><\/p>\n<p><span style=\"font-family: Arial;\"><a href=\"https:\/\/www.bergbau-gr.ch\/wordpress\/wp-content\/uploads\/bk\/bk_78.pdf\" target=\"_blank\" rel=\"noopener\">Bergknappe Nr. 78<\/a>, 4\/1996, November<br \/>\n&#8211; Vergangene Epochen lebendig erhalten Jubil\u00e4umsfeier 1996<br \/>\n&#8211; Blei &#8211; Silber &#8211; Verh\u00fcttung Trachsellauen (Fortsetzung 3\/ Schluss)<br \/>\n&#8211; Damaszenerstahl- Mythos &#8211; Geschichte &#8211; Technik (Fortsetzung 1)<br \/>\n&#8211; Die Schmelze K\u00fcblis zur Zeit der Oesterreicher (Schluss)<br \/>\n&#8211; Bleibergbau und Verh\u00fcttung in der Antike (Fortsetzung 2)<br \/>\n&#8211; Eisen s\u00fcdlich des Tschadsees<br \/>\n&#8211; Archaische Schmiede und Schmelzer<br \/>\n&#8211; Mitteilungen<\/span><\/p>\n<p><span style=\"font-family: Arial;\"><a href=\"https:\/\/www.bergbau-gr.ch\/wordpress\/wp-content\/uploads\/bk\/bk_79.pdf\" target=\"_blank\" rel=\"noopener\">Bergknappe Nr. 79<\/a>, 1\/1997, Februar<br \/>\n&#8211; Die Bergbaudynastie von Salis in Mittelb\u00fcnden und im Engadin<br \/>\n&#8211; Johannes Strubs unver\u00f6ffentlichte Forschungen und Korrespondenz<br \/>\n&#8211; Bergbau im Hinterrheingebiet &#8211; in 13 Bildern<br \/>\n&#8211; Die Rohstoffe der Schweiz<br \/>\n&#8211; Damaszenerstahl &#8211; Mythos &#8211; Geschichte &#8211; Technik (Fortsetzung 2\/ Schluss)<br \/>\n&#8211; Bleibergbau und Verh\u00fcttung in der Antike (Fortsetzung 3)<br \/>\n&#8211; Archaische Schmiede und Schmelzer (Fortsetzung 1)<br \/>\n&#8211; Der Stein der Weisen<br \/>\n&#8211; Mitteilungen<\/span><\/p>\n<p><span style=\"font-family: Arial;\"><a href=\"https:\/\/www.bergbau-gr.ch\/wordpress\/wp-content\/uploads\/bk\/bk_80.pdf\" target=\"_blank\" rel=\"noopener\">Bergknappe Nr. 80<\/a>, 2\/1997, Mai<br \/>\n&#8211; Die Bergbaudynastie von Salis in Mittelb\u00fcnden und im Engadin (Fortsetzung 1)<br \/>\n&#8211; Johannes Strubs unver\u00f6ffentlichte Forschungen und Korrespondenzen (Fortsetzung 1\/ Schluss)<br \/>\n&#8211; Die Rohstoffe der Schweiz (Fortsetzung 1)<br \/>\n&#8211; Einfluss der Bergakademie Freiberg auf den Bergbau in Graub\u00fcnden und der \u00fcbrigen Schweiz<br \/>\n&#8211; Bleibergbau und Verh\u00fcttung in der Antike (Fortsetzung 4)<br \/>\n&#8211; Archaische Schmiede und Schmelzer (Fortsetzung 2)<br \/>\n&#8211; Mitteilungen<\/span><\/p>\n<p><span style=\"font-family: Arial;\"><a href=\"https:\/\/www.bergbau-gr.ch\/wordpress\/wp-content\/uploads\/bk\/bk_81.pdf\" target=\"_blank\" rel=\"noopener\">Bergknappe Nr. 81<\/a>, 3\/1997, August<br \/>\n&#8211; Die Rohstoffe der Schweiz (Fortsetzung 2)<br \/>\n&#8211; Der Einfluss der Bergakademie Freiberg auf den Bergbau in Graub\u00fcnden und der \u00fcbrigen Schweiz (Fortsetzung 1)<br \/>\n&#8211; Das Schneeberg-Bergwerk der Superlative<br \/>\n&#8211; Bleibergbau und Verh\u00fcttung in der Antike (Fortsetzung 5)<br \/>\n&#8211; Archaische Schmiede und Schmelzer (Fortsetzung 3\/ Schluss)<br \/>\n&#8211; Ins Bergwerk verurteilt<br \/>\n&#8211; Die Bergbaudynastie der Salis in Mittelb\u00fcnden und im Engadin (Fortsetzung 2\/ Schluss)<br \/>\n&#8211; Mitteilungen<\/span><\/p>\n<p><span style=\"font-family: Arial;\"><a href=\"https:\/\/www.bergbau-gr.ch\/wordpress\/wp-content\/uploads\/bk\/bk_82.pdf\" target=\"_blank\" rel=\"noopener\">Bergknappe Nr. 82<\/a>, 4\/1997, November<br \/>\n&#8211; Bleibergbau und Verh\u00fcttung in der Antike (Fortsetzung 6)<br \/>\n&#8211; Der Einfluss der Bergakademie Freiberg auf den Bergbau in Graub\u00fcnden und der \u00fcbrigen Schweiz (Fortsetzung 2)<br \/>\n&#8211; Das Schneeberg-Bergwerk der Superlative (Fortsetzung 1\/ Schluss)<br \/>\n&#8211; Augenzeugenbericht \u00fcber die H\u00fcttenarbeit am Gonzen um 1795<br \/>\n&#8211; Die Sekund\u00e4rmineralien der Blei-Kupfer-Vererzung im Tieftobel bei Schmitten GR<br \/>\n&#8211; Berthold Schwarz &#8211; das Schwarzpulver und die Feuerwaffen<br \/>\n&#8211; Georgius Agricola, ein Anherr der Geowissenschaften, der Umwelt und des Arbeitsschutzes<br \/>\n&#8211; Mitteilungen<\/span><\/p>\n<p><span style=\"font-family: Arial;\"><a href=\"https:\/\/www.bergbau-gr.ch\/wordpress\/wp-content\/uploads\/bk\/bk_83.pdf\" target=\"_blank\" rel=\"noopener\">Bergknappe Nr. 83<\/a>, 1\/1998, Februar<br \/>\n&#8211; Ausstellung 150 Jahre Bundesstaat &#8211; 150 Jahre Industriekultur. Herbst 1998 in Davos<br \/>\n&#8211; Bleibergbau und Verh\u00fcttung in der Antike (Fortsetzung 7)<br \/>\n&#8211; Georgius Agricola, ein Anherr der Geowissenschaften, des Umwelt- und Arbeitsschutzes (Fortsetzung 1\/ Schluss)<br \/>\n&#8211; Berthold Schwarz &#8211; das Schwarzpulver und die Feuerwaffen (Fortsetzung 1)<br \/>\n&#8211; Nachbarlicher Bergbau \u00fcber der Grenze- Bergbau im Montafon<br \/>\n&#8211; Der Einfluss der Bergakademie Freiberg auf den Bergbau in Graub\u00fcnden und der \u00fcbrigen Schweiz (F3 &#8211; Schluss)<br \/>\n&#8211; Die Sekund\u00e4rmineralien der Blei-Kupfer-Vererzung im Tieftobel bei Schmitten GR (Fortsetzung 1\/ Schluss)<br \/>\n&#8211; Mitteilungen<\/span><\/p>\n<p><span style=\"font-family: Arial;\"><a href=\"https:\/\/www.bergbau-gr.ch\/wordpress\/wp-content\/uploads\/bk\/bk_84.pdf\" target=\"_blank\" rel=\"noopener\">Bergknappe Nr. 84<\/a>, 2\/1998, Mai<br \/>\n&#8211; Fossilien-Grabung im Ducangebiet bei Davos<br \/>\n&#8211; W. A. Lampadius untersuchte Erzproben aus Graub\u00fcnden<br \/>\n&#8211; Der Bernina-Bergwerkprozess aus den Jahren 1459-1462, Familie Planta &#8211; Bischof von Chur<br \/>\n&#8211; Bergbau auf Ton am Monte Caslano, Tessin<br \/>\n&#8211; Die Eisenschmelze in Seer\u00fcti, Kl\u00f6ntal Kt Glarus<br \/>\n&#8211; Berthold Schwarz &#8211; das Schwarzpulver und die Feuerwaffen (Fortsetzung 2\/ Schluss)<br \/>\n&#8211; Bleibergbau und Verh\u00fcttung in der Antike ( Fortsetzung 8)<br \/>\n&#8211; Mitteilungen<\/span><\/p>\n<p><span style=\"font-family: Arial;\"><a href=\"https:\/\/www.bergbau-gr.ch\/wordpress\/wp-content\/uploads\/bk\/bk_85.pdf\" target=\"_blank\" rel=\"noopener\">Bergknappe Nr. 85<\/a>, 3\/1998, August<br \/>\n&#8211; Auseinandersetzung mit Industriekultur mitten in den Bergen<br \/>\n&#8211; Die Gletscher als Bef\u00f6rderer der Findlinge &#8211; erratischen Gesteinsbrocken<br \/>\n&#8211; Bergrichter, Bergordnung und Bergknappen<br \/>\n&#8211; Bergbau auf Raseneisenerz in Thon bei Grafenstein (K\u00e4rnten)<br \/>\n&#8211; Bleibergbau und Verh\u00fcttung in der Antike (Fortsetzung 9)<br \/>\n&#8211; Der Bernina-Bergwerksprozess aus den Jahren 1459 &#8211; 1462 Familie Planta und dem Bischof von Chur (Schluss)<br \/>\n&#8211; Mitteilungen<\/span><\/p>\n<p><span style=\"font-family: Arial;\"><a href=\"https:\/\/www.bergbau-gr.ch\/wordpress\/wp-content\/uploads\/bk\/bk_86.pdf\" target=\"_blank\" rel=\"noopener\">Bergknappe Nr. 86<\/a>, 4\/1998, November<br \/>\n&#8211; Die Familie von Salis &#8211; Samedan und die Bergwerke<br \/>\n&#8211; Kupfer &#8211; Blei Vererzung am Gnapperkopf bei V\u00e4ttis, Kanton St. Gallen<br \/>\n&#8211; Die Eisenverarbeitung im Gebiete des Monte Torri, Kanton Tessin<br \/>\n&#8211; Bleibergbau und Verh\u00fcttung in der Antike (Fortsetzung 10)<br \/>\n&#8211; Die Metallanalysenverfahren im Dienste der Arch\u00e4ologie<br \/>\n&#8211; Das Gold der Aegypter &#8211; Wahrheit und Legende? Betrachtungen eines Bergingenieurs zu einem alten Thema<br \/>\n&#8211; Mitteilungen<\/span><\/p>\n<p><a title=\"Bergknappe\" href=\"https:\/\/www.bergbau-gr.ch\/wordpress\/?page_id=61\">Zum Anfang Bergknappe<\/a><\/p>\n","protected":false},"excerpt":{"rendered":"<p>Ausgabe Nr. 71-86, 1995-1998, digitalisiert in pdf durch Walter Good Bergknappe Nr. 71, 1\/1995, Februar &#8211; Bergleute sind wie Seeleute- Zum 90. Geburtstag von Herbert Sommerlatte &#8211; Ein Blei-Zink-Kupfervorkommen im Engstligental, Berner-Oberland &#8211; Das ehemalige Goldbergwerk Gondo-Zwischenberg, Kt. Wallis &#8211; &hellip; <a href=\"https:\/\/bergbau-gr.ch\/?page_id=730\">Weiterlesen <span class=\"meta-nav\">&rarr;<\/span><\/a><\/p>\n","protected":false},"author":1,"featured_media":0,"parent":61,"menu_order":0,"comment_status":"open","ping_status":"closed","template":"showcase.php","meta":{"ngg_post_thumbnail":0,"footnotes":""},"class_list":["post-730","page","type-page","status-publish","hentry"],"_links":{"self":[{"href":"https:\/\/bergbau-gr.ch\/index.php?rest_route=\/wp\/v2\/pages\/730","targetHints":{"allow":["GET"]}}],"collection":[{"href":"https:\/\/bergbau-gr.ch\/index.php?rest_route=\/wp\/v2\/pages"}],"about":[{"href":"https:\/\/bergbau-gr.ch\/index.php?rest_route=\/wp\/v2\/types\/page"}],"author":[{"embeddable":true,"href":"https:\/\/bergbau-gr.ch\/index.php?rest_route=\/wp\/v2\/users\/1"}],"replies":[{"embeddable":true,"href":"https:\/\/bergbau-gr.ch\/index.php?rest_route=%2Fwp%2Fv2%2Fcomments&post=730"}],"version-history":[{"count":20,"href":"https:\/\/bergbau-gr.ch\/index.php?rest_route=\/wp\/v2\/pages\/730\/revisions"}],"predecessor-version":[{"id":7977,"href":"https:\/\/bergbau-gr.ch\/index.php?rest_route=\/wp\/v2\/pages\/730\/revisions\/7977"}],"up":[{"embeddable":true,"href":"https:\/\/bergbau-gr.ch\/index.php?rest_route=\/wp\/v2\/pages\/61"}],"wp:attachment":[{"href":"https:\/\/bergbau-gr.ch\/index.php?rest_route=%2Fwp%2Fv2%2Fmedia&parent=730"}],"curies":[{"name":"wp","href":"https:\/\/api.w.org\/{rel}","templated":true}]}}