{"id":742,"date":"2012-09-24T17:20:53","date_gmt":"2012-09-24T15:20:53","guid":{"rendered":"http:\/\/www.bergbau-gr.ch\/wordpress\/?page_id=742"},"modified":"2019-10-02T13:50:23","modified_gmt":"2019-10-02T11:50:23","slug":"bergknappe-87-100-99-02","status":"publish","type":"page","link":"https:\/\/bergbau-gr.ch\/?page_id=742","title":{"rendered":"BK 87-100 1999-2002"},"content":{"rendered":"<p>Ausgabe Nr. 87-100, 1999-2002, bis BK94, 96 digitalisiert in pdf durch Walter Good<\/p>\n<p><span style=\"font-family: Arial;\"><a href=\"https:\/\/www.bergbau-gr.ch\/wordpress\/wp-content\/uploads\/bk\/bk_87.pdf\" target=\"_blank\" rel=\"noopener\">Bergknappe Nr. 87<\/a>, 1\/1999, Februar<br \/>\n&#8211; 150 Jahrfeier in Davos &#8211; ein voller Erfolg<br \/>\n&#8211; Die Familie von Salis &#8211; Samedan und die Bergwerke (Fortsetzung 1\/ Schluss)<br \/>\n&#8211; Die Metallanalysenverfahren im Dienste der arch\u00e4ologischen Forschung (Fortsetzung 1\/ Schluss)<br \/>\n&#8211; Die Sicherheit der begehbaren Bergwerksstollen am Silberberg bei Davos<br \/>\n&#8211; Das Gold der Aegypter &#8211; Wahrheit und Legende? (Fortsetzung 1)<br \/>\n&#8211; Mitteilungen<\/span><\/p>\n<p><span style=\"font-family: Arial;\"><a href=\"https:\/\/www.bergbau-gr.ch\/wordpress\/wp-content\/uploads\/bk\/bk_88.pdf\" target=\"_blank\" rel=\"noopener\">Bergknappe Nr. 88,<\/a> 2\/1999, Mai<br \/>\n&#8211; 3000 Jahre Bergbaugeschichte im Oberhalbstein, Graub\u00fcnden<br \/>\n&#8211; Johannes Strub aus Jenisberg war auch Sprachforscher<br \/>\n&#8211; Das Gold der Aegypter &#8211; Wahrheit und Legende? (Fortsetzung 2)<br \/>\n&#8211; Symmetrie in Natur und Kunst<br \/>\n&#8211; Mitteilungen<\/span><\/p>\n<p><span style=\"font-family: Arial;\"><a href=\"https:\/\/www.bergbau-gr.ch\/wordpress\/wp-content\/uploads\/bk\/bk_89.pdf\" target=\"_blank\" rel=\"noopener\">Bergknappe Nr. 89<\/a>, 3\/1999, August<br \/>\n&#8211; Zeugen fr\u00fcheren Bergbaus im Gebiet um Arosa<br \/>\n&#8211; Bergbau einmal anders. Die Meyerschen Stollen in Aarau<br \/>\n&#8211; Der Schwazer Bergbau und sein Bergbuch<br \/>\n&#8211; Das Gold der Aegypter &#8211; Wahrheit und Legende? (Fortsetzung 3)<br \/>\n&#8211; Warum John Hitz nicht Minister wurde<br \/>\n&#8211; Die Verantwortung des Unternehmers aus geschichtlicher Sicht und heute<br \/>\n&#8211; Mitteilungen<\/span><\/p>\n<p><span style=\"font-family: Arial;\"><a href=\"https:\/\/www.bergbau-gr.ch\/wordpress\/wp-content\/uploads\/bk\/bk_90.pdf\" target=\"_blank\" rel=\"noopener\">Bergknappe Nr. 90<\/a>, 4\/1999, November<br \/>\n&#8211; Zeugen fr\u00fcheren Bergbaus im Gebiet um Arosa (Fortsetzung 1)<br \/>\n&#8211; Karte der Vorkommen mineralischer Rohstoffe der Schweiz 1:200 000 &#8222;Wallis &#8211; Berner Oberland&#8220;, Blatt2<br \/>\n&#8211; Die Freiherren von Vaz und die Besiedlung von Davos<br \/>\n&#8211; Ein prominenter Nachkomme von Joh., Hitz besuchte vor 50 Jahren Klosters und Davos<br \/>\n&#8211; Das Gold der Aegypter &#8211; Wahrheit und Legende?&nbsp; (Fortsetzung 4)<br \/>\n&#8211; Hanff\u00f6rderseile im 18. Bis 19. Jahrhundert<br \/>\n&#8211; Die weltweite Entwicklung und Verbreitung der Metallgewinnung<br \/>\n&#8211; Tempel, Kl\u00f6ster und Bergbau<br \/>\n&#8211; Mitteilungen<\/span><\/p>\n<p><span style=\"font-family: Arial;\"><a href=\"https:\/\/www.bergbau-gr.ch\/wordpress\/wp-content\/uploads\/bk\/bk_91.pdf\" target=\"_blank\" rel=\"noopener\">Bergknappe Nr. 91<\/a>, 1\/2000, Februar<br \/>\n&#8211; Der Verein der Freunde des Bergbaus in Graub\u00fcnden beginnt die Jahrtausendwende mit neuen j\u00fcngeren Kr\u00e4ften<br \/>\n&#8211; Zeugen fr\u00fcheren Bergbaus im Gebiet um Arosa (Fortsetzung 2\/ Schluss)<br \/>\n&#8211; Die weltweite Entwicklung und Verbreitung der Metallgewinnung im Zusammenh\u00e4nge der Sprache und Ortsbezeichnungen (Fortsetzung 2, Schluss)<br \/>\n&#8211; Verh\u00fcttungspl\u00e4tze und Schmelzanlagen nach dem Verzeichnis von Joh,. Strub, Jenisberg<br \/>\n&#8211; Hanff\u00f6rderseile im 18. &#8211; 19. Jahrhundert, Herstellung und Festigkeit (Fortsetzung 1)<br \/>\n&#8211; Das Gold der Aegypter &#8211; Wahrheit und Legende?<br \/>\n&#8211; Betrachtungen eines Bergingenieurs zu einem alten Thema (Fortsetzung 5\/ Schluss)<br \/>\n&#8211; Das Blei\u00f6feli von Joh. Strub am Silberberg &#8211; ein Kalkbrennofen<br \/>\n&#8211; Kupfer- und Silbergewinnung in Japan zur Zeit Karls des Grossen und Agricolas<br \/>\n&#8211; Mitteilungen<\/span><\/p>\n<p><span style=\"font-family: Arial;\"><a href=\"https:\/\/www.bergbau-gr.ch\/wordpress\/wp-content\/uploads\/bk\/bk_92.pdf\" target=\"_blank\" rel=\"noopener\">Bergknappe Nr. 92<\/a>, 2\/2000, Mai<br \/>\n&#8211; Von Menschen, Erzen und W\u00e4ldern in Graub\u00fcnden<br \/>\n&#8211; Der alte Goldbergbau an der &#8222;Goldenen Sonne&#8220; am Calanda bei Chur<br \/>\n&#8211; Die ersten Bergbauspezialisten in Europa, die Venediger<br \/>\n&#8211; Kupfer- und Silbergewinnung in Japan zur Zeit Karls des Grossen und Agricolas (Fortsetzung 1\/Schluss)<br \/>\n&#8211; Hanff\u00f6rderseile im 18. &#8211; 19. Jahrhundert, Herstellung und Festigkeit (Fortsetzung 2\/ Schluss)<br \/>\n&#8211; Mitteilungen<\/span><\/p>\n<p><span style=\"font-family: Arial;\"><a href=\"https:\/\/www.bergbau-gr.ch\/wordpress\/wp-content\/uploads\/bk\/bk_93.pdf\" target=\"_blank\" rel=\"noopener\">Bergknappe Nr. 93<\/a>, 3\/2000, August<br \/>\n&#8211; Der alte Goldbergbau an der &#8222;Goldenen Sonne&#8220; am Calanda bei Chur (Fortsetzung 1)<br \/>\n&#8211; Bergbau- Wasserwirtschaft im Harz und Erzgebirge<br \/>\n&#8211; Schwefel- Vitriol- und Alaun- Gewinnung auch in der Schweiz<br \/>\n&#8211; Topographische Kartierung der Schmelzra in S-charl, Graub\u00fcnden<br \/>\n&#8211; Beurteilung der Schmelzra in S-charl durch einen H\u00fcttenmann<br \/>\n&#8211; Hat es Zinnvorkommen in Graub\u00fcnden?<br \/>\n&#8211; Mitteilungen<\/span><\/p>\n<p><span style=\"font-family: Arial;\"><a href=\"https:\/\/www.bergbau-gr.ch\/wordpress\/wp-content\/uploads\/bk\/bk_94.pdf\" target=\"_blank\" rel=\"noopener\">Bergknappe Nr 94<\/a>, 4\/2000, November<br \/>\n&#8211; Bergbau &#8211; Wasserwirtschaft im Harz und Erzgebirge&nbsp; (Fortsetzung 1\/Schluss)<br \/>\n&#8211; Schwefel-, Vitriol- und Alaun- Gewinnung auch in der Schweiz (Fortsetzung 1)<br \/>\n&#8211; Bedeutung des Waldes f\u00fcr die Verh\u00fcttung von Erzen<br \/>\n&#8211; Ein erstaunliches Ingenieurkunstwerk der Antike auf Samos, Griechenland<br \/>\n&#8211; Vom Vermessungswesen im 16. Jahrhundert<br \/>\n&#8211; Mitteilungen<\/span><\/p>\n<p><span style=\"font-family: Arial;\"><a href=\"https:\/\/www.bergbau-gr.ch\/wordpress\/wp-content\/uploads\/bk\/bk_95.pdf\" target=\"_blank\" rel=\"noopener\">Bergknappe Nr. 95<\/a>, 1\/2001, Februar<br \/>\n&#8211; 25 Jahre Freunde des Bergbaus in Graub\u00fcnden<br \/>\n&#8211; Schwefel-, Vitriol- und Alaun- Gewinnung auch in der Schweiz (Fortsetzung 2)<br \/>\n&#8211; Von der Steinzeit zur Metallzeit (Fortsetzung 1)<br \/>\n&#8211; Der Bergbau &#8211; Vorreiter der technischen Entwicklung in Europa<br \/>\n&#8211; Bakterien als Helfer im Bergbau &#8211; eine alte Geschichte<br \/>\n&#8211; Ein erstaunliches Ingenieurkunstwerk der Antike auf Samos, Griechenland (Fortsetzung 1)<br \/>\n&#8211; Die Bedeutung des Waldes f\u00fcr die Verh\u00fcttung von Erzen (Fortsetzung 1)<br \/>\n&#8211; Vorfahren des Churer Geschlechts der Abys und ein Nachkomme als Bergbauunternehmer in GR im 19. Jahrhundert<br \/>\n&#8211; Mitteilungen<\/span><\/p>\n<p><span style=\"font-family: Arial;\"><a href=\"https:\/\/www.bergbau-gr.ch\/wordpress\/wp-content\/uploads\/bk\/bk_96.pdf\" target=\"_blank\" rel=\"noopener\">Bergknappe Nr. 96<\/a>, 2\/2001, Mai<br \/>\n&#8211; Einweihung Calcit- Kabinett Hess<br \/>\n&#8211; Schwefel-, Vitriol- und Alaun- Gewinnung auch in der Schweiz (Fortsetzung 3\/Schluss)<br \/>\n&#8211; Der Bergbau &#8211; Vorreiter der technischen Entwicklung in Europa<br \/>\n&#8211; Schweizer Absolventen der Bergakademie Freiberg: Heinrich Schopfer<br \/>\n&#8211; Von der Steinzeit zur Metallzeit (Schluss)<br \/>\n&#8211; Die Bedeutung des Waldes f\u00fcr die Verh\u00fcttung von Erzen (Fortsetzung 2\/Schluss)<br \/>\n&#8211; Ein erstaunliches Ingenieurkunstwerk der Antike auf Samos, Griechenland (Fortsetzung 2\/Schluss)<br \/>\n&#8211; Neue Erkenntnisse zu den Jahreszahlen im Hilfsstollen St. Michael am Silberberg<br \/>\n&#8211; Mitteilungen<\/span><\/p>\n<p><span style=\"font-family: Arial;\"><a href=\"https:\/\/www.bergbau-gr.ch\/wordpress\/wp-content\/uploads\/bk\/bk_97.pdf\" target=\"_blank\" rel=\"noopener\">Bergknappe Nr.&nbsp; 97<\/a>, 3\/2001, August<br \/>\n&#8211; Die Verh\u00fcttung der Blei &#8211; Silber &#8211; Erze in S-charl &#8211; Anzeichen und Spuren<br \/>\n&#8211; Der Eisenerzabbau am Piz Alv im Oberhalbstein, GR<br \/>\n&#8211; Der Bergbau &#8211; Vorreiter der technischen Entwicklung in Europa (Fortsetzung 2)<br \/>\n&#8211; Der Ur &#8211; und Fr\u00fchgeschichtliche Zinnerzbergbau und die Bronzezeit<br \/>\n&#8211; Mitteilungen<\/span><\/p>\n<p><span style=\"font-family: Arial;\"><a href=\"https:\/\/www.bergbau-gr.ch\/wordpress\/wp-content\/uploads\/bk\/bk_98.pdf\" target=\"_blank\" rel=\"noopener\">Bergknappe Nr. 98<\/a>, 4\/2001, November<br \/>\n&#8211; Joh. Georg Landthaler, Bergmeister am Silberberg, Davos<br \/>\n&#8211; Der Bergbau &#8211; Vorreiter der technischen Entwicklung in Europa (Fortsetzung 3)<br \/>\n&#8211; Das historische Bergbaugebiet Ursera im Schams und die PRO GRUOBA<br \/>\n&#8211; Vom Leben und Sterben einer aussergew\u00f6hnlichen Frau im Albulatal<br \/>\n&#8211; Der Ur &#8211; und Fr\u00fchgeschichtliche Zinnerzbergbau und die Bronzezeit (Fortsetzung 1)<br \/>\n&#8211; Plinius der \u00c4ltere &#8211; \u00dcber Kupfer und Kupferlegierungen<br \/>\n&#8211; Mitteilungen<\/span><\/p>\n<p lang=\"de-CH\"><span style=\"font-family: Arial;\"><a href=\"https:\/\/www.bergbau-gr.ch\/wordpress\/wp-content\/uploads\/bk\/bk_99.pdf\" target=\"_blank\" rel=\"noopener\">Bergknappe Nr. 99<\/a>, 1\/2002, Februar<br \/>\n&#8211; Die Verbreitung des Trioler Bergbaus und sein Einfluss auf Graub\u00fcnden<br \/>\n&#8211; Der Ur &#8211; und Fr\u00fchgeschichtliche Zinnerzbergbau und die Bronzezeit (Fortsetzung 2)<br \/>\n&#8211; Der Bergbau &#8211; Vorreiter der technischen Entwicklung in Europa (Fortsetzung 4)<br \/>\n&#8211; Kusch und das Gold der Pharaonen<br \/>\n&#8211; Ein Augenschein im Eupalinos-Tunnel<br \/>\n&#8211; Mitteilungen <\/span><\/p>\n<p><span style=\"font-family: Arial;\"><a href=\"https:\/\/www.bergbau-gr.ch\/wordpress\/wp-content\/uploads\/bk\/bk_100.pdf\" target=\"_blank\" rel=\"noopener\">Bergknappe Nr. 100<\/a>, 2\/2002, Mai<br \/>\n&#8211; 25 Jahre Bergknappe &#8211; 100. Ausgabe unserer Zeitschrift<br \/>\n&#8211; Die Verbreitung des Tiroler Bergbaus und sein Einfluss auf Graub\u00fcnden (Fortsetzung 1)<br \/>\n&#8211; Der Ur &#8211; und Fr\u00fchgeschichtliche Zinnerzbergbau und die Bronzezeit (Fortsetzung 3)<br \/>\n&#8211; Der Bergbau &#8211; Vorreiter der technischen Entwicklung in Europa (Fortsetzung 5 \/ Schluss)<br \/>\n&#8211; Kusch und das Gold der Pharaonen (Fortsetzung 1 \/ Schluss)<br \/>\n&#8211; Bernstein, ein fossiles Harz<br \/>\n&#8211; Mitteilungen<\/span><\/p>\n<p><a title=\"Bergknappe\" href=\"https:\/\/www.bergbau-gr.ch\/wordpress\/?page_id=61\">Zum Anfang Bergknappe<\/a><\/p>\n","protected":false},"excerpt":{"rendered":"<p>Ausgabe Nr. 87-100, 1999-2002, bis BK94, 96 digitalisiert in pdf durch Walter Good Bergknappe Nr. 87, 1\/1999, Februar &#8211; 150 Jahrfeier in Davos &#8211; ein voller Erfolg &#8211; Die Familie von Salis &#8211; Samedan und die Bergwerke (Fortsetzung 1\/ Schluss) &hellip; <a href=\"https:\/\/bergbau-gr.ch\/?page_id=742\">Weiterlesen <span class=\"meta-nav\">&rarr;<\/span><\/a><\/p>\n","protected":false},"author":1,"featured_media":0,"parent":61,"menu_order":0,"comment_status":"open","ping_status":"closed","template":"showcase.php","meta":{"ngg_post_thumbnail":0,"footnotes":""},"class_list":["post-742","page","type-page","status-publish","hentry"],"_links":{"self":[{"href":"https:\/\/bergbau-gr.ch\/index.php?rest_route=\/wp\/v2\/pages\/742","targetHints":{"allow":["GET"]}}],"collection":[{"href":"https:\/\/bergbau-gr.ch\/index.php?rest_route=\/wp\/v2\/pages"}],"about":[{"href":"https:\/\/bergbau-gr.ch\/index.php?rest_route=\/wp\/v2\/types\/page"}],"author":[{"embeddable":true,"href":"https:\/\/bergbau-gr.ch\/index.php?rest_route=\/wp\/v2\/users\/1"}],"replies":[{"embeddable":true,"href":"https:\/\/bergbau-gr.ch\/index.php?rest_route=%2Fwp%2Fv2%2Fcomments&post=742"}],"version-history":[{"count":15,"href":"https:\/\/bergbau-gr.ch\/index.php?rest_route=\/wp\/v2\/pages\/742\/revisions"}],"predecessor-version":[{"id":7976,"href":"https:\/\/bergbau-gr.ch\/index.php?rest_route=\/wp\/v2\/pages\/742\/revisions\/7976"}],"up":[{"embeddable":true,"href":"https:\/\/bergbau-gr.ch\/index.php?rest_route=\/wp\/v2\/pages\/61"}],"wp:attachment":[{"href":"https:\/\/bergbau-gr.ch\/index.php?rest_route=%2Fwp%2Fv2%2Fmedia&parent=742"}],"curies":[{"name":"wp","href":"https:\/\/api.w.org\/{rel}","templated":true}]}}