{"id":748,"date":"2012-09-24T17:16:12","date_gmt":"2012-09-24T15:16:12","guid":{"rendered":"http:\/\/www.bergbau-gr.ch\/wordpress\/?page_id=748"},"modified":"2012-09-27T17:43:00","modified_gmt":"2012-09-27T15:43:00","slug":"bergknappe-101-115-03-09","status":"publish","type":"page","link":"https:\/\/bergbau-gr.ch\/?page_id=748","title":{"rendered":"BK 101-115 2003-2009"},"content":{"rendered":"<p>Ausgabe Nr. 101-115, 2002-2009<\/p>\n<p><span style=\"font-family: Arial;\"><a href=\"https:\/\/www.bergbau-gr.ch\/wordpress\/wp-content\/uploads\/bk\/bk_101.pdf\" target=\"_blank\">Bergknappe Nr. 101<\/a>, 3\/2002, Oktober<br \/>\n&#8211; BK 101, ein neuer Lebensabschnitt des Bergknappen<br \/>\n&#8211; Die Verbreitung des Tiroler Bergbaus und sein Einfluss auf Graub\u00fcnden (Fortsetzung 2\/Schluss)<br \/>\n&#8211; Beitr\u00e4ge zur Geschichte der Bergwerke in S-charl \u00a0(Teil 1)<br \/>\n&#8211; Arch\u00e4ologische Eisenverh\u00fcttung im Experiment, Messungen von Reaktionsparametern und Reaktionsprodukten<br \/>\n&#8211; Der ur- und fr\u00fchgeschichtliche Zinnerzbergbau und die Bronzezeit (Fortsetzung 4\/Schluss)<br \/>\n&#8211; Bericht vom Silberberg<br \/>\n&#8211; Verschiedenes, aus den Regionen<\/span><\/p>\n<p><span style=\"font-family: Arial;\"><a href=\"https:\/\/www.bergbau-gr.ch\/wordpress\/wp-content\/uploads\/bk\/bk_102.pdf\" target=\"_blank\">Bergknappe Nr. 102<\/a>, 1\/2003, April<br \/>\n&#8211; Hans Conrad Escher und der Silberberg Davos, geognostische Reisenotizen<br \/>\n&#8211; Rund um die Glocke<br \/>\n&#8211; Beitr\u00e4ge zur Geschichte der Bergwerke in S-charl \u00a0(Teil 2)<br \/>\n&#8211; Graub\u00fcnden als m\u00f6gliches Liefergebiet f\u00fcr Steinbeilstoffe der Pfahlbauer am Bodensee<br \/>\n&#8211; Vom Erzschleifen<br \/>\n&#8211; Verschiedenes, aus den Regionen<\/span><\/p>\n<p lang=\"de-CH\"><span style=\"font-family: Arial;\"><a href=\"https:\/\/www.bergbau-gr.ch\/wordpress\/wp-content\/uploads\/bk\/bk_103.pdf\" target=\"_blank\">Bergknappe Nr. 103<\/a>, 2\/2003, Oktober<br \/>\n&#8211; Literatur zur Alpenforschung in der Schweiz 16. &#8211; 18. Jahrhundert \u00a0&#8211; \u00a0aus den Best\u00e4nden der Eisenbibliothek<br \/>\n&#8211; Die Bergwerksgesellschaft Schmelzboden &#8211; Hoffnungsau und die Fluggesellschaft Swissair\/Swiss<br \/>\n&#8211; Vom Handelshaus zum Bergbauunternehmen<br \/>\n&#8211; Die Bisch\u00f6fe von Chur erhielten das Bergregal vom K\u00f6nig und Kaiser<br \/>\n&#8211; Rundherde f\u00fcr die Aufbereitung von Erzen<br \/>\n&#8211; Wanderung zum Calcit-Kabinett Hess und die Kristallkluft im Kabinett Kr\u00e4henb\u00fchl<br \/>\n&#8211; Die industrielle Glasherstellung<br \/>\n&#8211; Verschiedenes, aus den Regionen<br \/>\n&#8211; S-charl im 20. Jahrhundert <\/span><\/p>\n<p><span style=\"font-family: Arial;\"><a href=\"https:\/\/www.bergbau-gr.ch\/wordpress\/wp-content\/uploads\/bk\/bk_104.pdf\" target=\"_blank\">Bergknappe Nr. 104<\/a>, 1\/2004, April<br \/>\n&#8211; Heuchler &#8211; Zeichnungen dokumentieren den Freiberger Silberbergbau. Bildfolge des Erzabbaus im 19. Jahrhundert<br \/>\n&#8211; Die Entwicklung der Blasebalgd\u00fcsen und Gebl\u00e4se seit Beginn des Schmelzprozesses<br \/>\n&#8211; Bericht vom Silberberg, Davos: Arbeiten im Sommer 2003<br \/>\n&#8211; Pro Gruoba: Hegerodungskampagne auf Ursera 2003<br \/>\n&#8211; Einige Bemerkungen zum Feuersetzen und seiner Anwendung im Erzgebirge<br \/>\n&#8211; Verschiedenes, aus den Regionen <\/span><\/p>\n<p><span style=\"font-family: Arial;\"><a href=\"https:\/\/www.bergbau-gr.ch\/wordpress\/wp-content\/uploads\/bk\/bk_105.pdf\" target=\"_blank\">Bergknappe Nr. 105<\/a>, 2\/2004, Oktober<br \/>\n&#8211; Asphalt in der Schweiz<br \/>\n&#8211; Gold in der Schweiz: &#8211; Gold in den Alpen; &#8211; Rheingold<br \/>\n&#8211; Die Wiederentdeckung der Bleigruben von Schmitten, ein Kurzportr\u00e4t<br \/>\n&#8211; Die Bedeutung des Wassers im Bergbau: Energietr\u00e4ger und Wasserhaltung<br \/>\n&#8211; Vermessung der historischen Bergwerke und H\u00f6hlen der Region S-charl 2003\/2004<br \/>\n&#8211; Verschiedenes, aus den Regionen <\/span><\/p>\n<p><span style=\"font-family: Arial;\"><a href=\"https:\/\/www.bergbau-gr.ch\/wordpress\/wp-content\/uploads\/bk\/bk_106.pdf\" target=\"_blank\">Bergknappe Nr. 106<\/a>, 1\/2005, April<br \/>\n&#8211; Aus religi\u00f6sen Motiven wurde der Mensch zum Bergmann<br \/>\n&#8211; Die Welt unter den Vulkanen<br \/>\n&#8211; Grubenungl\u00fccke Gestern und Heute<br \/>\n&#8211; Der Mensch, Zerst\u00f6rer und Sch\u00fctzer der Umwelt<br \/>\n&#8211; Das Baumannlager am Silberberg, Davos &#8211; wiederentdeckt<br \/>\n&#8211; Verschiedenes, aus den Regionen <\/span><\/p>\n<p><span style=\"font-family: Arial;\"><a href=\"https:\/\/www.bergbau-gr.ch\/wordpress\/wp-content\/uploads\/bk\/bk_107.pdf\" target=\"_blank\">Bergknappe Nr. 107<\/a>, 2\/2005, Oktober<br \/>\n&#8211; Bleibergwerk Rotenberg, Goppenstein<br \/>\n&#8211; Dendrochronologie<br \/>\n&#8211; Wo ist der Dampf geblieben?<br \/>\n&#8211; Nachtrag zur Bronze &#8211;\u00a0 Diskussion<br \/>\n&#8211; Montanarch\u00e4ologie &#8211; Achaeology of mining<br \/>\n&#8211; Verschiedenes, aus den Regionen <\/span><\/p>\n<p><span style=\"font-family: Arial;\"><a href=\"https:\/\/www.bergbau-gr.ch\/wordpress\/wp-content\/uploads\/bk\/bk_108.pdf\" target=\"_blank\">Bergknappe Nr. 108<\/a>, 1\/2006, April<br \/>\n&#8211; Knappen und Geister auf Gnapperchopf und in Silberegg<br \/>\n&#8211; Karbidgrubenlampen, made in Switzerland<br \/>\n&#8211; Der Bergschmied<br \/>\n&#8211; Der Tiefenstollen am Silberberg, Davos, seine Geschichte, seine Bedeutung und die \u00d6ffnung des Vorstollens<br \/>\n&#8211; Verschiedenes, aus den Regionen<\/span><\/p>\n<p><span style=\"font-family: Helvetica;\"><a href=\"https:\/\/www.bergbau-gr.ch\/wordpress\/wp-content\/uploads\/bk\/bk_109.pdf\" target=\"_blank\">Bergknappe Nr. 109,<\/a> 2\/2006, Oktober<br \/>\n&#8211; 30 Jahre Verein der Freunde des Bergbaus in Graub\u00fcnden, FBG<br \/>\n&#8211; Vor 200 Jahren besuchte Hans Conrad Escher den Silberberg, Davos<br \/>\n&#8211; Eine Reise ins Monte Rosa- Gebiet im Sommer 1822 von\u00a0 Hans Kaspar Hirzel<br \/>\n&#8211; Zum 200. Geburtstag von Julius Ludwig Weisbach<br \/>\n&#8211; Die Weisbach- Sammlung<br \/>\n&#8211; Zum 175- j\u00e4hrigen Jubil\u00e4um des Schwarzenberg- Gebl\u00e4ses<br \/>\n&#8211; Fr\u00fchgeschichtliche Eisenverh\u00fcttungsspuren am Munt Buffalora, Ofenpass (Graub\u00fcnden)<br \/>\n&#8211; Verschiedenes, aus den Regionen<br \/>\n&#8211; Das Bergwerk &#8222;L\u00e4ilitobel&#8220; im Val di Lei<\/span><br \/>\n&#8211; <span style=\"font-family: Helvetica;\">Kleine Geschichte der Restaurierung auf Buffalora <\/span><\/p>\n<p><span style=\"font-family: Helvetica;\"><a href=\"https:\/\/www.bergbau-gr.ch\/wordpress\/wp-content\/uploads\/bk\/bk_110.pdf\" target=\"_blank\">Bergknappe Nr. 110<\/a>, 1\/2007, April<br \/>\n&#8211; Erzgebirgisches Flusswasser pumpt Grubenwasser der historischen Freiberger Silberbergwerke<br \/>\n&#8211; Carl Emanuel\u00a0 L\u00f6scher, der Erfinder der \u00abMammutpumpe\u00bb vor \u00fcber 200 Jahren<br \/>\n&#8211; Historische Aspekte der Bleivergiftung<br \/>\n&#8211; Miniers da S-charl,\u00a0 Vermessungscamp 2005\/2006<br \/>\n&#8211; Die Jahrringdatierung an Holzeinbauten zur Bestimmung historischer Daten am Silberberg, Davos<br \/>\n&#8211; Verschiedenes, aus den Regionen<\/span><\/p>\n<p><span style=\"font-family: Arial;\"><a href=\"https:\/\/www.bergbau-gr.ch\/wordpress\/wp-content\/uploads\/bk\/bk_111.pdf\" target=\"_blank\">Bergknappe Nr. 111<\/a>, 2\/2007, Oktober<br \/>\n&#8211; Zum Gedenken an den 100. Todestag von\u00a0 Gustav Anton Zeuner<br \/>\n&#8211; Auf den Spuren ber\u00fchmter Namen in der Freiberger\u00a0 \u00abHimmelfahrt Fundgrube\u00bb<br \/>\n&#8211; Gewerkschaft &#8211; ein Name mit Tradition<br \/>\n&#8211; Der Bergaltar in der Kirche St. Annen zu Annaberg &#8211; Zeugnis\u00a0 des\u00a0 s\u00e4chsischen Bergbaus im 16. Jahrhundert<br \/>\n&#8211; Vorstellung einer Anzahl in der Vergangenheit und Gegenwart wichtiger Metalle<br \/>\n&#8211; Antimon und die Umwelt<br \/>\n&#8211; Ein Besuch des Bergwerkes Starlera im Avers<br \/>\n<\/span>&#8211; <span style=\"font-family: Helvetica;\">Verschiedenes, aus den Regionen<\/span><\/p>\n<p><span style=\"font-family: Arial;\"><a href=\"https:\/\/www.bergbau-gr.ch\/wordpress\/wp-content\/uploads\/bk\/bk_112.pdf\" target=\"_blank\">Bergknappe Nr. 112<\/a>, 1\/2008, April<br \/>\n&#8211; Historie des Harzer Bergbaus<br \/>\n&#8211; 200. Geburtstag des Erfinders der \u201eSchwamkrug &#8211; Turbine\u201c f\u00fcr den Einsatz in der Montanindustrie des 19. Jahrhunderts<br \/>\n&#8211; Geheimnisse im Calanda &#8211; Die Goldene Sonne<br \/>\n&#8211; Rum\u00e4nien, Bergwerke und Mineralien<br \/>\n&#8211; Die Blei- und Zinkgruben am Mittaghorn im Sertig Tal<br \/>\n&#8211; Mineralien vom Silberberg, Davos<br \/>\n&#8211; Eine Winterwanderung zum Silberberg<br \/>\n&#8211; Verschiedenes, aus den Regionen<\/span><\/p>\n<p><span style=\"font-family: Arial;\"><a href=\"https:\/\/www.bergbau-gr.ch\/wordpress\/wp-content\/uploads\/bk\/bk_113.pdf\" target=\"_blank\">Bergknappe Nr. 113<\/a>, 2\/2008, Oktober<br \/>\n&#8211; Bergm\u00e4nnische Fr\u00f6mmigkeit im Freiberger Silberbergbau<br \/>\n&#8211; Die heilige Barbara \u2013 eine Laudatio<br \/>\n&#8211; H.C. Escher besuchte 1806 die Gruben des Parpaner Rothorns<br \/>\n&#8211; Christian Friedrich Brendel, der bedeutende Maschinenbauer f\u00fcr den Bergbau und das H\u00fcttenwesen im 19. Jahrhundert<br \/>\n&#8211; W.A. Lampadius, Wissenschafter und Wegbereiter bei der Einf\u00fchrung der ersten Gasbeleuchtung in Europa<br \/>\n&#8211; Verschiedenes, aus den Regionen<\/span><\/p>\n<p><span style=\"font-family: Arial;\"><a href=\"https:\/\/www.bergbau-gr.ch\/wordpress\/wp-content\/uploads\/bk\/bk_114.pdf\" target=\"_blank\">Bergknappe Nr. 114<\/a>, 1\/2009,\u00a0 April<br \/>\n&#8211; Sonderausstellung Museum Alpin<br \/>\n&#8211; Neue Funde aus dem Pr\u00e4ttigau<br \/>\n&#8211; Erzmineralien in der Landschaft Davos<br \/>\n&#8211; Abschluss Messkampagne S-charl<br \/>\n&#8211; Grube St. Jakob am Gotschna<br \/>\n&#8211; Ber\u00fchmte Bergbausachverst\u00e4ndige und\u00a0 Wissenschaftler aus Sachsen<br \/>\n&#8211; Verschiedenes, aus den Regionen<\/span><\/p>\n<p><span style=\"font-family: Arial;\"><a href=\"https:\/\/www.bergbau-gr.ch\/wordpress\/wp-content\/uploads\/bk\/bk_115.pdf\" target=\"_blank\">Bergknappe Nr. 115<\/a>, 2\/2009,\u00a0Oktober<br \/>\n&#8211; Wort der Pr\u00e4sidentin<br \/>\n&#8211; Neue Funde aus dem Pr\u00e4ttigau<br \/>\n&#8211; Der Berggeist in der Sagenwelt des s\u00e4chsischen Bergbaus<br \/>\n&#8211; Eduard Heuchlers Szenen aus dem Berufs- und Familienleben der Bergknappen als Motive auf Freiberger Notgeld<br \/>\n&#8211; Zur Erinnerung an den 260. Geburtstag von Abraham Gottlob Werner<br \/>\n&#8211; Verschiedenes, aus den Regionen<\/span><\/p>\n<p><a title=\"Bergknappe\" href=\"https:\/\/www.bergbau-gr.ch\/wordpress\/?page_id=61\">Zum Anfang Bergknappe<\/a><\/p>\n","protected":false},"excerpt":{"rendered":"<p>Ausgabe Nr. 101-115, 2002-2009 Bergknappe Nr. 101, 3\/2002, Oktober &#8211; BK 101, ein neuer Lebensabschnitt des Bergknappen &#8211; Die Verbreitung des Tiroler Bergbaus und sein Einfluss auf Graub\u00fcnden (Fortsetzung 2\/Schluss) &#8211; Beitr\u00e4ge zur Geschichte der Bergwerke in S-charl \u00a0(Teil 1) &hellip; <a href=\"https:\/\/bergbau-gr.ch\/?page_id=748\">Weiterlesen <span class=\"meta-nav\">&rarr;<\/span><\/a><\/p>\n","protected":false},"author":1,"featured_media":0,"parent":61,"menu_order":0,"comment_status":"open","ping_status":"closed","template":"showcase.php","meta":{"ngg_post_thumbnail":0,"footnotes":""},"class_list":["post-748","page","type-page","status-publish","hentry"],"_links":{"self":[{"href":"https:\/\/bergbau-gr.ch\/index.php?rest_route=\/wp\/v2\/pages\/748","targetHints":{"allow":["GET"]}}],"collection":[{"href":"https:\/\/bergbau-gr.ch\/index.php?rest_route=\/wp\/v2\/pages"}],"about":[{"href":"https:\/\/bergbau-gr.ch\/index.php?rest_route=\/wp\/v2\/types\/page"}],"author":[{"embeddable":true,"href":"https:\/\/bergbau-gr.ch\/index.php?rest_route=\/wp\/v2\/users\/1"}],"replies":[{"embeddable":true,"href":"https:\/\/bergbau-gr.ch\/index.php?rest_route=%2Fwp%2Fv2%2Fcomments&post=748"}],"version-history":[{"count":14,"href":"https:\/\/bergbau-gr.ch\/index.php?rest_route=\/wp\/v2\/pages\/748\/revisions"}],"predecessor-version":[{"id":949,"href":"https:\/\/bergbau-gr.ch\/index.php?rest_route=\/wp\/v2\/pages\/748\/revisions\/949"}],"up":[{"embeddable":true,"href":"https:\/\/bergbau-gr.ch\/index.php?rest_route=\/wp\/v2\/pages\/61"}],"wp:attachment":[{"href":"https:\/\/bergbau-gr.ch\/index.php?rest_route=%2Fwp%2Fv2%2Fmedia&parent=748"}],"curies":[{"name":"wp","href":"https:\/\/api.w.org\/{rel}","templated":true}]}}