{"id":7594,"date":"2019-02-24T12:08:25","date_gmt":"2019-02-24T10:08:25","guid":{"rendered":"http:\/\/www.bergbau-gr.ch\/wordpress\/?page_id=7594"},"modified":"2019-02-24T17:17:23","modified_gmt":"2019-02-24T15:17:23","slug":"mina-santa-isabel","status":"publish","type":"page","link":"https:\/\/bergbau-gr.ch\/?page_id=7594","title":{"rendered":"Mina Santa Isabel"},"content":{"rendered":"<p>Als Geschenk und Dank an Elsbeth Rehm f\u00fcr den grossartigen, immensen, liebevollen Einsatz als Pr\u00e4sidentin des Vereins Freunde des Bergbaus in Graub\u00fcnden (FBG) <img loading=\"lazy\" decoding=\"async\" class=\"size-full wp-image-7596 aligncenter\" src=\"https:\/\/www.bergbau-gr.ch\/wordpress\/wp-content\/uploads\/2019\/02\/Mina-Santa-Isabel.jpg\" alt=\"\" width=\"743\" height=\"438\" srcset=\"https:\/\/bergbau-gr.ch\/wordpress\/wp-content\/uploads\/2019\/02\/Mina-Santa-Isabel.jpg 743w, https:\/\/bergbau-gr.ch\/wordpress\/wp-content\/uploads\/2019\/02\/Mina-Santa-Isabel-150x88.jpg 150w, https:\/\/bergbau-gr.ch\/wordpress\/wp-content\/uploads\/2019\/02\/Mina-Santa-Isabel-300x177.jpg 300w, https:\/\/bergbau-gr.ch\/wordpress\/wp-content\/uploads\/2019\/02\/Mina-Santa-Isabel-500x295.jpg 500w\" sizes=\"auto, (max-width: 743px) 100vw, 743px\" \/><\/p>\n<p><strong>&nbsp;ngg_shortcode_0_placeholder<br \/>\n<img loading=\"lazy\" decoding=\"async\" class=\"size-full wp-image-4619 aligncenter\" src=\"https:\/\/www.bergbau-gr.ch\/wordpress\/wp-content\/uploads\/2015\/06\/Schlegel_Eisen_logo_FBG.jpg\" alt=\"\" width=\"3045\" height=\"1399\" srcset=\"https:\/\/bergbau-gr.ch\/wordpress\/wp-content\/uploads\/2015\/06\/Schlegel_Eisen_logo_FBG.jpg 3045w, https:\/\/bergbau-gr.ch\/wordpress\/wp-content\/uploads\/2015\/06\/Schlegel_Eisen_logo_FBG-300x138.jpg 300w, https:\/\/bergbau-gr.ch\/wordpress\/wp-content\/uploads\/2015\/06\/Schlegel_Eisen_logo_FBG-1024x470.jpg 1024w, https:\/\/bergbau-gr.ch\/wordpress\/wp-content\/uploads\/2015\/06\/Schlegel_Eisen_logo_FBG-500x230.jpg 500w\" sizes=\"auto, (max-width: 3045px) 100vw, 3045px\" \/><br \/>\n<\/strong><\/p>\n<p>Producido por los mineros; Juan, Jos\u00e9 y hijos<\/p>\n<p>mit Modellartikel H0 u.a.:<br \/>\nBUSCH: Bergwerkfahrung <a href=\"http:\/\/www.busch-model.com\/online\/produktinfos\/docs\/anl1479.pdf\" target=\"_blank\" rel=\"noopener\">Art. 1479<\/a><br \/>\nAuhagen: Feldbahnset <a href=\"https:\/\/www.auhagen-shop.de\/product_info.php?info=p363_feldbahnset---attrappe.html\" target=\"_blank\" rel=\"noopener\">Art. 41700<\/a>, 41701, 41702, 41703<br \/>\nFaller: Miniaturfiguren: <a href=\"https:\/\/www.faller.de\/App\/WebObjects\/XSeMIPS.woa\/cms\/page\/pid.14.17.89\/agid.1127.1202.1233\/atid.9622\/ecm.at\/Steinbruchmitarbeiter.html\" target=\"_blank\" rel=\"noopener\">Art. <\/a><span class=\"ArticleDetailArtNumber\"><a href=\"https:\/\/www.faller.de\/App\/WebObjects\/XSeMIPS.woa\/cms\/page\/pid.14.17.89\/agid.1127.1202.1233\/atid.9622\/ecm.at\/Steinbruchmitarbeiter.html\" target=\"_blank\" rel=\"noopener\">150910<\/a>, <a href=\"https:\/\/www.faller.de\/App\/WebObjects\/XSeMIPS.woa\/cms\/page\/pid.14.17.89\/agid.1127.1205.1267\/atid.2756\/ecm.at\/Bergarbeiter.html\" target=\"_blank\" rel=\"noopener\">151072<\/a><\/span><br \/>\nViessmann: EMotion <a href=\"https:\/\/viessmann-modell.com\/sortiment\/spur-h0\/emotion\/600\/h0-landarbeiter-mit-kreuzhacke-bewegt-ersetzt-art.-5127?c=41\" target=\"_blank\" rel=\"noopener\">Art. 1527<\/a>, <a href=\"https:\/\/viessmann-modell.com\/sortiment\/spur-h0\/emotion\/596\/h0-bauer-mit-beladener-heugabel-bewegt?c=41\" target=\"_blank\" rel=\"noopener\">1522<\/a><\/p>\n<p><strong>Orginalbergwerke, Mina Santa Isabe<\/strong>l, z.B.:<\/p>\n<p>Spanien: <a href=\"https:\/\/www.mtiblog.com\/2014\/09\/mina-santa-isabel-cuevas-del-almanzora.html\" target=\"_blank\" rel=\"noopener\">Mina Santa Isabel<\/a>, Cuevas del Almanzora, Almeria<br \/>\nSpanien: <a href=\"https:\/\/mti-minas-murcia.blogspot.com\/2014\/05\/mina-santa-isabel-almendricos-lorca.html\" target=\"_blank\" rel=\"noopener\">Mina Santa Isabel<\/a>, Almendricos, Lorca, Murcia, <a href=\"https:\/\/www.mineralienatlas.de\/lexikon\/index.php\/Spanien\/Murcia\/Lorca\/Almendricos\/Santa%20Isabel%20Mine%20%28Mina%20Santa%20Isabel%29\" target=\"_blank\" rel=\"noopener\">Mineralienatlas<\/a><a href=\"https:\/\/mti-minas-murcia.blogspot.com\/2014\/05\/mina-santa-isabel-almendricos-lorca.html\" target=\"_blank\" rel=\"noopener\"><br \/>\n<\/a>Spanien: <a href=\"https:\/\/www.mtiblog.com\/2013\/12\/la-catastrofe-de-la-mina-santa-isabel.html\" target=\"_blank\" rel=\"noopener\">Mina Santa Isabe<\/a>l de Belmez<br \/>\nMexiko: <a href=\"https:\/\/mapcarta.com\/31951716\" target=\"_blank\" rel=\"noopener\">Mina Santa Isabe<\/a>l, Tlalpujahua, Michoac\u00e1n<br \/>\nPeru: <a href=\"http:\/\/astanforce.blogspot.com\/2018\/08\/tatu-mina-de-aguas-marinhas-do-tatu.html\" target=\"_blank\" rel=\"noopener\">Mina Santa Isabel<\/a>, Jaguar Mining<br \/>\nBoliven: Santa<a href=\"https:\/\/www.mindat.org\/loc-158725.html\" target=\"_blank\" rel=\"noopener\"> Isabel Mine (Candelaria Mine)<\/a>, San Pablo de L\u00edpez<\/p>\n<div id=\"main-wrapper\">&nbsp;<\/div>\n","protected":false},"excerpt":{"rendered":"<p>Als Geschenk und Dank an Elsbeth Rehm f\u00fcr den grossartigen, immensen, liebevollen Einsatz als Pr\u00e4sidentin des Vereins Freunde des Bergbaus in Graub\u00fcnden (FBG) &nbsp; Producido por los mineros; Juan, Jos\u00e9 y hijos mit Modellartikel H0 u.a.: BUSCH: Bergwerkfahrung Art. 1479 &hellip; <a href=\"https:\/\/bergbau-gr.ch\/?page_id=7594\">Weiterlesen <span class=\"meta-nav\">&rarr;<\/span><\/a><\/p>\n","protected":false},"author":1,"featured_media":0,"parent":7524,"menu_order":0,"comment_status":"closed","ping_status":"closed","template":"showcase.php","meta":{"ngg_post_thumbnail":0,"footnotes":""},"class_list":["post-7594","page","type-page","status-publish","hentry"],"_links":{"self":[{"href":"https:\/\/bergbau-gr.ch\/index.php?rest_route=\/wp\/v2\/pages\/7594","targetHints":{"allow":["GET"]}}],"collection":[{"href":"https:\/\/bergbau-gr.ch\/index.php?rest_route=\/wp\/v2\/pages"}],"about":[{"href":"https:\/\/bergbau-gr.ch\/index.php?rest_route=\/wp\/v2\/types\/page"}],"author":[{"embeddable":true,"href":"https:\/\/bergbau-gr.ch\/index.php?rest_route=\/wp\/v2\/users\/1"}],"replies":[{"embeddable":true,"href":"https:\/\/bergbau-gr.ch\/index.php?rest_route=%2Fwp%2Fv2%2Fcomments&post=7594"}],"version-history":[{"count":9,"href":"https:\/\/bergbau-gr.ch\/index.php?rest_route=\/wp\/v2\/pages\/7594\/revisions"}],"predecessor-version":[{"id":7615,"href":"https:\/\/bergbau-gr.ch\/index.php?rest_route=\/wp\/v2\/pages\/7594\/revisions\/7615"}],"up":[{"embeddable":true,"href":"https:\/\/bergbau-gr.ch\/index.php?rest_route=\/wp\/v2\/pages\/7524"}],"wp:attachment":[{"href":"https:\/\/bergbau-gr.ch\/index.php?rest_route=%2Fwp%2Fv2%2Fmedia&parent=7594"}],"curies":[{"name":"wp","href":"https:\/\/api.w.org\/{rel}","templated":true}]}}