{"id":76,"date":"2012-03-20T09:33:18","date_gmt":"2012-03-20T09:33:18","guid":{"rendered":"http:\/\/bergbau.mindblow.ch\/?page_id=76"},"modified":"2025-06-03T19:39:17","modified_gmt":"2025-06-03T17:39:17","slug":"links","status":"publish","type":"page","link":"https:\/\/bergbau-gr.ch\/?page_id=76","title":{"rendered":"Links"},"content":{"rendered":"<p><strong><a title=\"Regionen\" href=\"https:\/\/www.bergbau-gr.ch\/wordpress\/?page_id=97\">Partnervereine in Graub\u00fcnden<\/a><\/strong><\/p>\n<p><strong>Schweizerische Organisationen mit Bergbau:<a class=\"sghb.ch\" href=\"http:\/\/sghb.ch\" target=\"_blank\" rel=\"https:\/\/www.sghb.ch\/ noopener\"><img loading=\"lazy\" decoding=\"async\" class=\"alignright wp-image-10184 \" src=\"https:\/\/bergbau-gr.ch\/wordpress\/wp-content\/uploads\/2024\/03\/SGHB-148x150.jpg\" alt=\"\" width=\"41\" height=\"42\" srcset=\"https:\/\/bergbau-gr.ch\/wordpress\/wp-content\/uploads\/2024\/03\/SGHB-148x150.jpg 148w, https:\/\/bergbau-gr.ch\/wordpress\/wp-content\/uploads\/2024\/03\/SGHB.jpg 192w\" sizes=\"auto, (max-width: 41px) 100vw, 41px\" \/><\/a><br \/>\n<\/strong><a href=\"http:\/\/www.sghb.ch\/\" target=\"_blank\" rel=\"noopener\">SGHB Schweizerische Gesellschaft f\u00fcr historische Bergbauforschung<\/a><br \/>\n<a title=\"Geopark\" href=\"http:\/\/www.geopark.ch\" target=\"_blank\" rel=\"noopener\">Geopark Sardona<\/a><br \/>\n<a title=\"Geosciences\" href=\"http:\/\/www.geosciences.scnat.ch\/index.php?nav1=4&amp;nav2=95\" target=\"_blank\" rel=\"noopener\">Geosciences<\/a><br \/>\nETH <a title=\"ETH-Bibliothek\" href=\"http:\/\/www.library.ethz.ch\/de\/Home2\" target=\"_blank\" rel=\"noopener\">Bibliothek <\/a>(<a title=\"Agricola\" href=\"http:\/\/www.library.ethz.ch\/exhibit\/agricola\/leben.html\" target=\"_blank\" rel=\"noopener\">Agricola<\/a>)<br \/>\n<a href=\"http:\/\/bergbauprojekt.blogspot.de\" target=\"_blank\" rel=\"noopener\">Bergbaublog <\/a>\u00fcber die Forschungen der Uni Z\u00fcrich \u00fcber den pr\u00e4historischen Bergbau im Oberhalbstein<br \/>\n<a href=\"http:\/\/www.eas-aes.ch\/fachstelle\/\" target=\"_blank\" rel=\"noopener\">Fachstelle EAS-AES<\/a><\/p>\n<p><a href=\"http:\/\/www.cumgranosalis.ch\" target=\"_blank\" rel=\"noopener\">Cum Grano Salis<\/a><br \/>\n<a href=\"http:\/\/www.sentierdusel.ch\" target=\"_blank\" rel=\"noopener\">Le Sentier du Sel<\/a><br \/>\n<a href=\"http:\/\/www.sentier-des-mines.ch\/\" target=\"_blank\" rel=\"noopener\">Mont Chemin <\/a><br \/>\n<a href=\"https:\/\/kalkwerk.ch\/\" target=\"_blank\" rel=\"noopener\">Kalkwerk<\/a><\/p>\n<p><a title=\"schweizerische Schaubergwerke\" href=\"https:\/\/www.bergbau-gr.ch\/wordpress\/?page_id=2321\"><strong>Schweizerische Schaubergwerke und Stollen<\/strong> <\/a><\/p>\n<p><strong>Private Bergbauseiten:<\/strong><br \/>\n<a href=\"http:\/\/www.bergwerkforschung.ch\/\" target=\"_blank\" rel=\"noopener\">Bergwerkforschung<\/a><br \/>\n<a title=\"Luisa\" href=\"http:\/\/www.luisa.net\/?page_id=1415\" target=\"_blank\" rel=\"noopener\">LuisaNet<br \/>\n<\/a><a href=\"http:\/\/www.familie-keller.ch\/bergwerke\/\" target=\"_blank\" rel=\"noopener\">Familie Keller<\/a><br \/>\n<a href=\"http:\/\/bergwerke.ch\/\" target=\"_blank\" rel=\"noopener\">Bergwerksbilder von Matti<\/a><br \/>\n<a href=\"http:\/\/www.bergbau-graubuenden.ch\" target=\"_blank\" rel=\"noopener\">Martin Schreiber<\/a><\/p>\n<p><strong>Mineralien:<br \/>\n<\/strong><a href=\"https:\/\/kristalle.ch\" target=\"_blank\" rel=\"noreferrer noopener\">Kristalle.ch<\/a><strong><br \/>\n<\/strong><a href=\"http:\/\/geo-alpstein.ch\" target=\"_blank\" rel=\"noopener\">geo alpstein<\/a><strong><br \/>\n<\/strong><a href=\"http:\/\/www.schweizer-mineralienwelt.ch\/\" target=\"_blank\" rel=\"noopener\">Schweizer Mineralienwelt, Mineralienmuseum Utzwil<\/a><strong><br \/>\n<\/strong><\/p>\n<p><strong>Landkarten:<\/strong><br \/>\n<a title=\"GeoDaten Swisstopo\" href=\"http:\/\/map.geo.admin.ch\/\" target=\"_blank\" rel=\"noopener\">GeoDaten<\/a><br \/>\n<a title=\"SchweizMobil\" href=\"http:\/\/map.schweizmobil.ch\/?lang=de\" target=\"_blank\" rel=\"noopener\">Schweiz Mobil<\/a><a href=\"http:\/\/www.luisa.net\/?page_id=466\" target=\"_blank\" rel=\"noopener\"><br \/>\n<\/a><a title=\"historische Verkehrswege\" href=\"http:\/\/ivs-gis.admin.ch\/\" target=\"_blank\" rel=\"noopener\">Historische Verkehrswege<\/a><a title=\"historische Karte GR\" href=\"http:\/\/mapserver1.gr.ch\/historischekarten\/historischekarten.phtml\" target=\"_blank\" rel=\"noopener\"><br \/>\nHistorische Karte Graub\u00fcnden<\/a>&nbsp; <img loading=\"lazy\" decoding=\"async\" class=\"alignright wp-image-8539\" src=\"https:\/\/bergbau-gr.ch\/wordpress\/wp-content\/uploads\/2021\/06\/Crestawald-150x75.jpg\" alt=\"\" width=\"60\" height=\"30\" srcset=\"https:\/\/bergbau-gr.ch\/wordpress\/wp-content\/uploads\/2021\/06\/Crestawald-150x75.jpg 150w, https:\/\/bergbau-gr.ch\/wordpress\/wp-content\/uploads\/2021\/06\/Crestawald-300x151.jpg 300w, https:\/\/bergbau-gr.ch\/wordpress\/wp-content\/uploads\/2021\/06\/Crestawald.jpg 372w\" sizes=\"auto, (max-width: 60px) 100vw, 60px\" \/><\/p>\n<p><strong>L<\/strong><strong>okale Organisationen:<a href=\"http:\/\/www.igzl.ch\/bergbau_strassenbau.html\" target=\"_blank\" rel=\"noopener\"><img loading=\"lazy\" decoding=\"async\" class=\"alignright wp-image-7604\" src=\"https:\/\/www.bergbau-gr.ch\/wordpress\/wp-content\/uploads\/2019\/02\/Wiesnerviadukt-150x150.jpg\" alt=\"\" width=\"40\" height=\"40\" srcset=\"https:\/\/bergbau-gr.ch\/wordpress\/wp-content\/uploads\/2019\/02\/Wiesnerviadukt-150x150.jpg 150w, https:\/\/bergbau-gr.ch\/wordpress\/wp-content\/uploads\/2019\/02\/Wiesnerviadukt-300x300.jpg 300w, https:\/\/bergbau-gr.ch\/wordpress\/wp-content\/uploads\/2019\/02\/Wiesnerviadukt.jpg 378w\" sizes=\"auto, (max-width: 40px) 100vw, 40px\" \/><\/a><\/strong><br \/>\n<a href=\"https:\/\/www.crestawald.ch\/\" target=\"_blank\" rel=\"noopener\">Festungsmuseum Crestawald<\/a><strong><br \/>\n<\/strong><a href=\"http:\/\/www.igzl.ch\/bergbau_strassenbau.html\" target=\"_blank\" rel=\"noopener\">Verein Interessengemeinschaft Z\u00fcgen-Landwasser IGZL<\/a><br \/>\n<a href=\"https:\/\/www.dampfvereinrhb.ch\/\" target=\"_blank\" rel=\"noopener\"><img loading=\"lazy\" decoding=\"async\" class=\"alignright wp-image-7715\" src=\"https:\/\/www.bergbau-gr.ch\/wordpress\/wp-content\/uploads\/2019\/04\/LogoDampfRhB-150x150.jpg\" alt=\"\" width=\"40\" height=\"40\" srcset=\"https:\/\/bergbau-gr.ch\/wordpress\/wp-content\/uploads\/2019\/04\/LogoDampfRhB-150x150.jpg 150w, https:\/\/bergbau-gr.ch\/wordpress\/wp-content\/uploads\/2019\/04\/LogoDampfRhB.jpg 225w\" sizes=\"auto, (max-width: 40px) 100vw, 40px\" \/><\/a><a href=\"https:\/\/www.dampfvereinrhb.ch\/\" target=\"_blank\" rel=\"noopener\"> Verein Dampffreunde der Rh\u00e4tischen Bahn<\/a><br \/>\n<a href=\"https:\/\/gwunderwald.ch\/\" target=\"_blank\" rel=\"noopener\">Gwunderwald Davos<\/a><\/p>\n<p><a href=\"https:\/\/bergbau-gr.ch\/wordpress\/wp-content\/uploads\/2025\/03\/Gwunderwald.jpg\"><img loading=\"lazy\" decoding=\"async\" class=\"alignright  wp-image-10760\" src=\"https:\/\/bergbau-gr.ch\/wordpress\/wp-content\/uploads\/2025\/03\/Gwunderwald-150x52.jpg\" alt=\"\" width=\"99\" height=\"40\"><\/a><\/p>\n<p><strong>Internationale Bergbauseiten:<\/strong><br \/>\n<a title=\"Montanhistorik\" href=\"http:\/\/www.montanhistorik.de\/\" target=\"_blank\" rel=\"noopener\">Netzwerk Montanhistorik<\/a><a title=\"Mining europe\" href=\"http:\/\/www.mining-europe.de\" target=\"_blank\" rel=\"noopener\"><br \/>\nmining-europe<\/a><a href=\"http:\/\/www.montanhistorik.de\" target=\"_blank\" rel=\"http:\/\/www.montanhistorik.de\/ noopener\"><img loading=\"lazy\" decoding=\"async\" class=\"alignright wp-image-3055\" src=\"https:\/\/www.bergbau-gr.ch\/wordpress\/wp-content\/uploads\/2014\/04\/Netzwerk_Logo.jpg\" alt=\"\" width=\"40\" height=\"47\" srcset=\"https:\/\/bergbau-gr.ch\/wordpress\/wp-content\/uploads\/2014\/04\/Netzwerk_Logo.jpg 257w, https:\/\/bergbau-gr.ch\/wordpress\/wp-content\/uploads\/2014\/04\/Netzwerk_Logo-252x300.jpg 252w\" sizes=\"auto, (max-width: 40px) 100vw, 40px\" \/><\/a><a title=\"Mining europe\" href=\"http:\/\/www.mining-europe.de\" target=\"_blank\" rel=\"noopener\"><br \/>\n<\/a><\/p>\n<p><strong>Deutschland:<\/strong><br \/>\n<a title=\"GAG\" href=\"http:\/\/www.untertage.com\/\" target=\"_blank\" rel=\"noopener\">GAG<\/a>, Grubenarch\u00e4ologische Gesellschaft<br \/>\n<a title=\"Deutsche Steinkohle\" href=\"http:\/\/www.rag-deutsche-steinkohle.de\/\" target=\"_blank\" rel=\"noopener\">RAG<\/a>, Deutsche Steinkohle<br \/>\n<a href=\"http:\/\/www.gdmb.de\" target=\"_blank\" rel=\"http:\/\/www.gdmb.de noopener\"><img loading=\"lazy\" decoding=\"async\" class=\"alignright wp-image-6949\" src=\"https:\/\/www.bergbau-gr.ch\/wordpress\/wp-content\/uploads\/2012\/03\/GDMB_Logo_Verein_blau_text.jpg\" alt=\"\" width=\"68\" height=\"27\" srcset=\"https:\/\/bergbau-gr.ch\/wordpress\/wp-content\/uploads\/2012\/03\/GDMB_Logo_Verein_blau_text.jpg 1039w, https:\/\/bergbau-gr.ch\/wordpress\/wp-content\/uploads\/2012\/03\/GDMB_Logo_Verein_blau_text-150x58.jpg 150w, https:\/\/bergbau-gr.ch\/wordpress\/wp-content\/uploads\/2012\/03\/GDMB_Logo_Verein_blau_text-300x116.jpg 300w, https:\/\/bergbau-gr.ch\/wordpress\/wp-content\/uploads\/2012\/03\/GDMB_Logo_Verein_blau_text-768x296.jpg 768w, https:\/\/bergbau-gr.ch\/wordpress\/wp-content\/uploads\/2012\/03\/GDMB_Logo_Verein_blau_text-1024x395.jpg 1024w, https:\/\/bergbau-gr.ch\/wordpress\/wp-content\/uploads\/2012\/03\/GDMB_Logo_Verein_blau_text-500x193.jpg 500w\" sizes=\"auto, (max-width: 68px) 100vw, 68px\" \/><\/a><a href=\"http:\/\/www.gdmb.de\" target=\"_blank\" rel=\"noopener\">GDMB<\/a> Gesellschaft der Metallurgen und Bergleute e. V.<br \/>\n<a href=\"http:\/\/www.altbergbau-untertage-u-verlagerungen-lost-places.de\/\" target=\"_blank\" rel=\"noopener\">Minehunters<\/a>; Altbergbau, U-Verlagerungen &amp; deren Lost Places<\/p>\n<p>&nbsp;<\/p>\n<p><a title=\"Schwarzwald Links\" href=\"https:\/\/www.bergbau-gr.ch\/wordpress\/?page_id=2600\"><strong>Schwarzwald:<\/strong><\/a><\/p>\n<p><strong>Allg\u00e4u:<a title=\"Schauinsland\" href=\"http:\/\/www.schauinsland.de\/html\/bergwerk.htm\" target=\"_blank\" rel=\"noopener\"><br \/>\n<\/a><\/strong>Burgberg (Allg\u00e4u): <a title=\"Gr\u00fcnten\" href=\"http:\/\/www.erzgruben.de\/index.shtml?homepage\" target=\"_blank\" rel=\"noopener\">Erzgruben<\/a><a title=\"Schauinsland\" href=\"http:\/\/www.schauinsland.de\/html\/bergwerk.htm\" target=\"_blank\" rel=\"noopener\"> Erlebniswelt am Gr\u00fcnten<\/a><\/p>\n<p><a title=\"Harz\" href=\"http:\/\/www.harzlife.de\/extra\/bergwerk-museum.html\" target=\"_blank\" rel=\"noopener\"><strong>Harz<\/strong>:<\/a><a title=\"Schauinsland\" href=\"http:\/\/www.schauinsland.de\/html\/bergwerk.htm\" target=\"_blank\" rel=\"noopener\"><br \/>\n<\/a>Wettelrode (Ostharz): <a title=\"Wettelrode\" href=\"http:\/\/roehrigschacht.de\/\" target=\"_blank\" rel=\"noopener\">Roehrig Schacht,<\/a> <a title=\"Lehrpfad\" href=\"http:\/\/kupferspuren.artwork-agentur.de\/index.php?option=com_content&amp;task=view&amp;id=158&amp;Itemid=58\" target=\"_blank\" rel=\"noopener\">Bergbau-Lehrpfad<\/a><a title=\"Wettelrode\" href=\"http:\/\/roehrigschacht.de\/\" target=\"_blank\" rel=\"noopener\"><br \/>\n<\/a>Mansfeld (Ostharz): <a title=\"Kupferspuren\" href=\"http:\/\/kupferspuren.artwork-agentur.de\/index.php?option=com_frontpage&amp;Itemid=1\" target=\"_blank\" rel=\"noopener\">Kupferspuren<\/a>, <a title=\"Mansfeld\" href=\"http:\/\/www.vmbh-mansfelder-land.de\/\" target=\"_blank\" rel=\"noopener\">Verein Mansfelder Berg- und H\u00fcttenleute<\/a><a title=\"Schauinsland\" href=\"http:\/\/www.schauinsland.de\/html\/bergwerk.htm\" target=\"_blank\" rel=\"noopener\"><br \/>\n<\/a>Sondershausen: <a title=\"Sondershausen\" href=\"http:\/\/www.erlebnisbergwerk.com\/\" target=\"_blank\" rel=\"noopener\">Erlebnisbergwerk<br \/>\n<\/a>St. Andreasberg: <a href=\"http:\/\/www.lehrbergwerk.de\/\" target=\"_blank\" rel=\"noopener\">Lehrbergwerk Roter B\u00e4r<\/a><a title=\"Sondershausen\" href=\"http:\/\/www.erlebnisbergwerk.com\/\" target=\"_blank\" rel=\"noopener\"><br \/>\n<\/a>St. Andreasberg: <a href=\"http:\/\/www.lehrbergwerk.de\/\" target=\"_blank\" rel=\"noopener\">Grube Samson<\/a><a title=\"Sondershausen\" href=\"http:\/\/www.erlebnisbergwerk.com\/\" target=\"_blank\" rel=\"noopener\"><br \/>\n<\/a>Strassberg, <a href=\"http:\/\/www.strassberg-harz.de\/index.php?option=com_content&amp;view=category&amp;layout=blog&amp;id=40&amp;Itemid=57\" target=\"_blank\" rel=\"noopener\">Grube Glasebach<br \/>\n<\/a>Illfeld, Netzkater,<a href=\"http:\/\/www.rabensteiner-stollen.de\/\" target=\"_blank\" rel=\"noopener\"> Rabensteiner-Stollen<br \/>\n<\/a>Gosslar, <a href=\"https:\/\/www.rammelsberg.de\/\" target=\"_blank\" rel=\"noopener\">Rammelsberg<\/a><br \/>\nLautenthal, <a href=\"http:\/\/www.lautenthals-glueck.de\" target=\"_blank\" rel=\"noopener\">Lautenhals Gl\u00fcck<\/a><br \/>\nClausthal-Zellerfeld, <a href=\"http:\/\/www.oberharzerbergwerksmuseum.de\/\" target=\"_blank\" rel=\"noopener\">Oberharzerbergwerkmuseum<\/a><br \/>\nWildemann, <a href=\"http:\/\/www.19-lachter-stollen.de\/\" target=\"_blank\" rel=\"noopener\">19 Lachter Stollen<br \/>\n<\/a>Elbingerode, <a href=\"http:\/\/www.schaubergwerk-elbingerode.de\/\" target=\"_blank\" rel=\"noopener\">B\u00fcchenberg<\/a><\/p>\n<p><strong>Erzgebirge:<\/strong><br \/>\nMarienberg: <a title=\"Marienberg\" href=\"http:\/\/www.rudolphschacht-marienberg.de\" target=\"_blank\" rel=\"noopener\">Rudolphschacht<\/a><a title=\"Schauinsland\" href=\"http:\/\/www.schauinsland.de\/html\/bergwerk.htm\" target=\"_blank\" rel=\"noopener\"><br \/>\n<\/a>Sachsens Unterwelt, <a title=\"Unbekannter Bergbau\" href=\"http:\/\/www.unbekannter-bergbau.de\/index.htm\" target=\"_blank\" rel=\"noopener\">unbekannter Bergbau<\/a><a title=\"Schauinsland\" href=\"http:\/\/www.schauinsland.de\/html\/bergwerk.htm\" target=\"_blank\" rel=\"noopener\"><br \/>\n<\/a><strong>Ruhrgebiet:<\/strong><br \/>\nF\u00f6rdergemeinschaft f\u00fcr <a title=\"Bergmannstradition\" href=\"http:\/\/www.bergmannstradition.de\/index.html\" target=\"_blank\" rel=\"noopener\">Bergmannstradition Linker Niederrhein e.V.<\/a> in Kamp-Lintfort<\/p>\n<p><strong>Holland:<\/strong><br \/>\nHeerlen (Limbourg): <a href=\"http:\/\/nederlandsmijnmuseum.com\">Nederlands Mijnmuseum<br \/>\n<\/a>Valkenburg (Limbourg): <a href=\"http:\/\/www.steenkolenmijn.nl\">Steenkolenmijn<\/a><a href=\"http:\/\/nederlandsmijnmuseum.com\"><br \/>\n<\/a><br \/>\n<strong>Belgien:<\/strong><br \/>\nBlegny (Limbourg): <a class=\"brand\" title=\"Startseite\" href=\"http:\/\/www.blegnymine.be\/de\">Blegny-Mine<\/a><\/p>\n<p><strong>\u00d6sterreich:<\/strong><br \/>\nBad Bleiberg: <a title=\"Bleiberg\" href=\"http:\/\/www.bergbauverein-bad-bleiberg.at\/\" target=\"_blank\" rel=\"noopener\">Bergm\u00e4nnischer Kulturverein Bad Bleiberg<\/a> \/ <a title=\"terra mystica\" href=\"http:\/\/www.terra-mystica.at\/montana\/einleitung.html\" target=\"_blank\" rel=\"noopener\">Terra Mystica<\/a><\/p>\n<p><strong>Italien:<\/strong><br \/>\n<a href=\"http:\/\/schneeberg.org\/deutsch\/\">Schneeberg<\/a>, Passeier<br \/>\nS\u00fcdtiroler <a href=\"http:\/\/www.museominiere.it\">Bergbaumuseum<br \/>\n<\/a><a href=\"http:\/\/www.infopiuro.it\/\" target=\"_blank\" rel=\"noopener\">Piuro<\/a><\/p>\n<p><strong>Frankreich:<\/strong> <a title=\"Seitenanfang\" href=\"#top\"><strong><br \/>\n<\/strong><\/a><span class=\"locality\">Le Thillot<\/span> (Vogesen): <a href=\"http:\/\/www.hautesmynes.com\/\">Hautes Mynes<br \/>\n<\/a>Sainte-Marie aux Mines, Val d&#8217;Argent (Elsass): <a href=\"http:\/\/www.gabe-gottes.fr\/\"><b>La mine Gabe Gottes<br \/>\n<\/b><\/a>Sainte-Marie aux Mines, <span class=\"Style60r\">Association sp\u00e9l\u00e9ologique pour l&#8217;\u00e9tude et la protection des anciennes mines<\/span>: <a href=\"http:\/\/www.asepam.org\/\" target=\"_blank\" rel=\"noopener\">ASEPAM <\/a><a href=\"http:\/\/www.asepam.org\/\" target=\"_blank\" rel=\"noopener\"><br \/>\n<\/a>D&#8217;Aumetz, Neuchef, (Lorraine): <a href=\"http:\/\/www.musee-minesdefer-lorraine.com\">Ecomus\u00e9e mines de fer<\/a><br \/>\nGr\u00e9asque (Provence):&nbsp;<a title=\"Oissel\" href=\"http:\/\/poleminier.pagesperso-orange.fr\/gpmusee\/mineprov.htm\" target=\"_blank\" rel=\"noopener\">Mus\u00e9e de la mine H\u00e9ly d&#8217;Oissel <\/a><\/p>\n<p><strong>Schweden:<\/strong> <a title=\"Seitenanfang\" href=\"https:\/\/www.salasilvergruva.se\/\"><strong><br \/>\n<\/strong><\/a><a href=\"http:\/\/www.lkab.com\/en\/About-us\/Overview\/Operations-Areas\/Kiruna\/\">Kiruna<\/a><strong>, <\/strong><a href=\"http:\/\/www.lkab.com\/en\/About-us\/Overview\/Operations-Areas\/Kiruna\/\">Eisenbergwerk <\/a><strong><br \/>\n<\/strong><a href=\"http:\/\/www.linbanan.com\/auf-deutch\/\">Transportseilbahn, Linbanan<\/a><br \/>\n<a href=\"http:\/\/www.roros.no\/de\/attraktionen\/\">Falun<\/a><a title=\"Seitenanfang\" href=\"https:\/\/www.salasilvergruva.se\/\"><strong>, <\/strong><\/a><a href=\"http:\/\/www.roros.no\/de\/attraktionen\/\">UNESCO Kulturerbe <\/a><a title=\"Seitenanfang\" href=\"https:\/\/www.salasilvergruva.se\/\"><strong><br \/>\n<\/strong><\/a><a title=\"Seitenanfang\" href=\"https:\/\/www.salasilvergruva.se\/\">Sala, <\/a><a title=\"Seitenanfang\" href=\"https:\/\/www.salasilvergruva.se\/\">Silberbergwerk <\/a><\/p>\n<p><strong>Norwegen:<\/strong> <a title=\"Seitenanfang\" href=\"https:\/\/www.salasilvergruva.se\/\"><strong><br \/>\n<\/strong><\/a><a href=\"http:\/\/www.falugruva.se\/de\/\">R\u00f6ros<\/a><a title=\"Seitenanfang\" href=\"https:\/\/www.salasilvergruva.se\/\"><strong>, <\/strong><\/a><a href=\"http:\/\/www.falugruva.se\/de\/\">UNESCO Kulturerbe <\/a><a title=\"Seitenanfang\" href=\"https:\/\/www.salasilvergruva.se\/\"><strong><br \/>\n<\/strong><\/a><\/p>\n<p style=\"text-align: right;\">&nbsp;<a title=\"Seitenanfang\" href=\"https:\/\/www.bergbau-gr.ch\/wordpress\/?page_id=1251#top\">zum Seitenanfang<\/a><\/p>\n<p>&nbsp;<\/p>\n<p>&nbsp;<\/p>\n<p>&nbsp;<\/p>\n<p>&nbsp;<\/p>\n","protected":false},"excerpt":{"rendered":"<p>Partnervereine in Graub\u00fcnden Schweizerische Organisationen mit Bergbau: SGHB Schweizerische Gesellschaft f\u00fcr historische Bergbauforschung Geopark Sardona Geosciences ETH Bibliothek (Agricola) Bergbaublog \u00fcber die Forschungen der Uni Z\u00fcrich \u00fcber den pr\u00e4historischen Bergbau im Oberhalbstein Fachstelle EAS-AES Cum Grano Salis Le Sentier du &hellip; <a href=\"https:\/\/bergbau-gr.ch\/?page_id=76\">Weiterlesen <span class=\"meta-nav\">&rarr;<\/span><\/a><\/p>\n","protected":false},"author":1,"featured_media":0,"parent":0,"menu_order":0,"comment_status":"open","ping_status":"open","template":"showcase.php","meta":{"ngg_post_thumbnail":0,"footnotes":""},"class_list":["post-76","page","type-page","status-publish","hentry"],"_links":{"self":[{"href":"https:\/\/bergbau-gr.ch\/index.php?rest_route=\/wp\/v2\/pages\/76","targetHints":{"allow":["GET"]}}],"collection":[{"href":"https:\/\/bergbau-gr.ch\/index.php?rest_route=\/wp\/v2\/pages"}],"about":[{"href":"https:\/\/bergbau-gr.ch\/index.php?rest_route=\/wp\/v2\/types\/page"}],"author":[{"embeddable":true,"href":"https:\/\/bergbau-gr.ch\/index.php?rest_route=\/wp\/v2\/users\/1"}],"replies":[{"embeddable":true,"href":"https:\/\/bergbau-gr.ch\/index.php?rest_route=%2Fwp%2Fv2%2Fcomments&post=76"}],"version-history":[{"count":82,"href":"https:\/\/bergbau-gr.ch\/index.php?rest_route=\/wp\/v2\/pages\/76\/revisions"}],"predecessor-version":[{"id":11014,"href":"https:\/\/bergbau-gr.ch\/index.php?rest_route=\/wp\/v2\/pages\/76\/revisions\/11014"}],"wp:attachment":[{"href":"https:\/\/bergbau-gr.ch\/index.php?rest_route=%2Fwp%2Fv2%2Fmedia&parent=76"}],"curies":[{"name":"wp","href":"https:\/\/api.w.org\/{rel}","templated":true}]}}