{"id":7671,"date":"2019-04-02T18:59:05","date_gmt":"2019-04-02T16:59:05","guid":{"rendered":"http:\/\/www.bergbau-gr.ch\/wordpress\/?page_id=7671"},"modified":"2019-04-02T19:23:59","modified_gmt":"2019-04-02T17:23:59","slug":"kutzer","status":"publish","type":"page","link":"https:\/\/bergbau-gr.ch\/?page_id=7671","title":{"rendered":"Kutzer"},"content":{"rendered":"<p><strong>H. J. W. \u00abJochen\u00bb Kutzer 1938 \u2013 2018<\/strong><\/p>\n<p>Ehrenmitglied des FBG<\/p>\n<p style=\"text-align: justify;\">(JR) Am dritten Adventssonntag, den 16. Dezember 2018 verstarb Jochen Kutzer an seinem Wohnort in Windach DE.&nbsp;<br \/>\nJochen Kutzer war ein engagiertes Gr\u00fcndungsmitglied der Freunde des Bergbaus in Graub\u00fcnden FBG. Lange Zeit war er Vorstandsmitglied des Vereins. F\u00fcr seinen Einsatz erhielt er die Ehrenmitgliedschaft. Auch im Stiftungsrat des Bergbaumuseums Graub\u00fcnden nahm er \u00fcber viele Jahre Einsitz. Trotz des weiten Weges von seinem Wohnort in Deutschland bis nach Davos vers\u00e4umte er kaum je eine Sitzung des Stiftungsrates und brachte sich mit neuen Ideen immer in den Stiftungsrat ein. Bis zu seinem Tode war er auch wissenschaftlicher Mitarbeiter des BERGKNAPPE. Durch seine Ausbildung im Bergbau- und H\u00fcttenwesen brachte er ein fundiertes Wissen mit.&nbsp; Sein Spezialgebiet war die L\u00f6trohr-Probierkunde. Auch im Feld war er regelm\u00e4ssig anzutreffen.&nbsp; In S-charl, am Ofenpass, im Hinterrheingebiet, \u00fcberall kannte er sich aus.&nbsp; Gerne liess er die Vereinsmitglieder an seinen grossen Kenntnissen \u00fcber den Bergbau teilhaben.<a href=\"https:\/\/www.bergbau-gr.ch\/wordpress\/wp-content\/uploads\/2019\/04\/Kutzer.jpg\"><img loading=\"lazy\" decoding=\"async\" class=\"alignright wp-image-7673\" src=\"https:\/\/www.bergbau-gr.ch\/wordpress\/wp-content\/uploads\/2019\/04\/Kutzer.jpg\" alt=\"\" width=\"252\" height=\"371\"><\/a><br \/>\nLieber Jochen, Du bist nun endg\u00fcltig zur letzten Bergbau-Schicht gefahren. Deine lebhafte Art bleibt uns unvergesslich.&nbsp;<\/p>\n<p style=\"text-align: justify;\">Gl\u00fcck auf!<\/p>\n<p style=\"text-align: justify;\">Jann Rehm&nbsp;<\/p>\n<p>&nbsp;<\/p>\n<p>Bild: Jochen Kutzer anl\u00e4sslich der Einweihung des Bergbaumuseums in Innerferrera. (Bild E. Rehm)<\/p>\n","protected":false},"excerpt":{"rendered":"<p>H. J. W. \u00abJochen\u00bb Kutzer 1938 \u2013 2018 Ehrenmitglied des FBG (JR) Am dritten Adventssonntag, den 16. Dezember 2018 verstarb Jochen Kutzer an seinem Wohnort in Windach DE.&nbsp; Jochen Kutzer war ein engagiertes Gr\u00fcndungsmitglied der Freunde des Bergbaus in Graub\u00fcnden &hellip; <a href=\"https:\/\/bergbau-gr.ch\/?page_id=7671\">Weiterlesen <span class=\"meta-nav\">&rarr;<\/span><\/a><\/p>\n","protected":false},"author":1,"featured_media":0,"parent":92,"menu_order":0,"comment_status":"closed","ping_status":"closed","template":"showcase.php","meta":{"ngg_post_thumbnail":0,"footnotes":""},"class_list":["post-7671","page","type-page","status-publish","hentry"],"_links":{"self":[{"href":"https:\/\/bergbau-gr.ch\/index.php?rest_route=\/wp\/v2\/pages\/7671","targetHints":{"allow":["GET"]}}],"collection":[{"href":"https:\/\/bergbau-gr.ch\/index.php?rest_route=\/wp\/v2\/pages"}],"about":[{"href":"https:\/\/bergbau-gr.ch\/index.php?rest_route=\/wp\/v2\/types\/page"}],"author":[{"embeddable":true,"href":"https:\/\/bergbau-gr.ch\/index.php?rest_route=\/wp\/v2\/users\/1"}],"replies":[{"embeddable":true,"href":"https:\/\/bergbau-gr.ch\/index.php?rest_route=%2Fwp%2Fv2%2Fcomments&post=7671"}],"version-history":[{"count":6,"href":"https:\/\/bergbau-gr.ch\/index.php?rest_route=\/wp\/v2\/pages\/7671\/revisions"}],"predecessor-version":[{"id":7682,"href":"https:\/\/bergbau-gr.ch\/index.php?rest_route=\/wp\/v2\/pages\/7671\/revisions\/7682"}],"up":[{"embeddable":true,"href":"https:\/\/bergbau-gr.ch\/index.php?rest_route=\/wp\/v2\/pages\/92"}],"wp:attachment":[{"href":"https:\/\/bergbau-gr.ch\/index.php?rest_route=%2Fwp%2Fv2%2Fmedia&parent=7671"}],"curies":[{"name":"wp","href":"https:\/\/api.w.org\/{rel}","templated":true}]}}