{"id":8167,"date":"2020-06-14T19:59:28","date_gmt":"2020-06-14T17:59:28","guid":{"rendered":"http:\/\/www.bergbau-gr.ch\/wordpress\/?page_id=8167"},"modified":"2020-12-25T11:05:05","modified_gmt":"2020-12-25T10:05:05","slug":"cat-gold-mine","status":"publish","type":"page","link":"https:\/\/bergbau-gr.ch\/?page_id=8167","title":{"rendered":"Cat Gold Mine"},"content":{"rendered":"\n<h1 class=\"wp-block-heading\">Cat Gold Mine Corporation<\/h1>\n\n\n\n<div class=\"wp-block-image\"><figure class=\"aligncenter\"><a href=\"https:\/\/www.bergbau-gr.ch\/wordpress\/wp-content\/uploads\/2020\/06\/IMG-20200612-WA0021.jpg\"><img loading=\"lazy\" decoding=\"async\" width=\"1761\" height=\"665\" src=\"https:\/\/www.bergbau-gr.ch\/wordpress\/wp-content\/uploads\/2020\/06\/IMG-20200612-WA0021.jpg\" alt=\"IMG-20200612-WA0021\" class=\"wp-image-8172\" srcset=\"https:\/\/bergbau-gr.ch\/wordpress\/wp-content\/uploads\/2020\/06\/IMG-20200612-WA0021.jpg 1761w, https:\/\/bergbau-gr.ch\/wordpress\/wp-content\/uploads\/2020\/06\/IMG-20200612-WA0021-150x57.jpg 150w, https:\/\/bergbau-gr.ch\/wordpress\/wp-content\/uploads\/2020\/06\/IMG-20200612-WA0021-300x113.jpg 300w, https:\/\/bergbau-gr.ch\/wordpress\/wp-content\/uploads\/2020\/06\/IMG-20200612-WA0021-768x290.jpg 768w, https:\/\/bergbau-gr.ch\/wordpress\/wp-content\/uploads\/2020\/06\/IMG-20200612-WA0021-1024x387.jpg 1024w, https:\/\/bergbau-gr.ch\/wordpress\/wp-content\/uploads\/2020\/06\/IMG-20200612-WA0021-500x189.jpg 500w\" sizes=\"auto, (max-width: 1761px) 100vw, 1761px\" \/><\/a><\/figure><\/div>\n\n\n\n<p>Tr\u00e4umen von einem eigenen Bergwerk? Mit Grubenbahn und Schachtturm?<br>Was soll gef\u00f6rdert werden: Gold! oder wenigstens soll es golden schimmern&#8230;.<br><\/p>\n\n\n\n<div class=\"wp-block-image\"><figure class=\"aligncenter\"><a href=\"https:\/\/www.bergbau-gr.ch\/wordpress\/wp-content\/uploads\/2020\/06\/Plan.jpg\"><img loading=\"lazy\" decoding=\"async\" width=\"964\" height=\"462\" src=\"https:\/\/www.bergbau-gr.ch\/wordpress\/wp-content\/uploads\/2020\/06\/Plan.jpg\" alt=\"Plan\" class=\"wp-image-8170\" srcset=\"https:\/\/bergbau-gr.ch\/wordpress\/wp-content\/uploads\/2020\/06\/Plan.jpg 964w, https:\/\/bergbau-gr.ch\/wordpress\/wp-content\/uploads\/2020\/06\/Plan-150x72.jpg 150w, https:\/\/bergbau-gr.ch\/wordpress\/wp-content\/uploads\/2020\/06\/Plan-300x144.jpg 300w, https:\/\/bergbau-gr.ch\/wordpress\/wp-content\/uploads\/2020\/06\/Plan-768x368.jpg 768w, https:\/\/bergbau-gr.ch\/wordpress\/wp-content\/uploads\/2020\/06\/Plan-500x240.jpg 500w\" sizes=\"auto, (max-width: 964px) 100vw, 964px\" \/><\/a><\/figure><\/div>\n\n\n\n<p><strong>Grubenbahn:<\/strong><br>BUSCH H0f:<br>Ideen: Stollentore mit Servo vernsteuerbar, Drehscheibe (Faller), Stollenbahn kann in Schachtturmgeb\u00e4ude (Faller, Grube Fortuna, Seil mit Digitalmotorantrieb) fahren und hat eine Durchfahrt mit W\u00e4rkst\u00e4tte im Maschienenhaus.<\/p>\n\n\n\n<p>Entwicklung: ngg_shortcode_0_placeholder<\/p>\n\n\n\n<p>Der Berg entsteht: ngg_shortcode_1_placeholder<\/p>\n","protected":false},"excerpt":{"rendered":"<p>Cat Gold Mine Corporation Tr\u00e4umen von einem eigenen Bergwerk? Mit Grubenbahn und Schachtturm?Was soll gef\u00f6rdert werden: Gold! oder wenigstens soll es golden schimmern&#8230;. Grubenbahn:BUSCH H0f:Ideen: Stollentore mit Servo vernsteuerbar, Drehscheibe (Faller), Stollenbahn kann in Schachtturmgeb\u00e4ude (Faller, Grube Fortuna, Seil mit &hellip; <a href=\"https:\/\/bergbau-gr.ch\/?page_id=8167\">Weiterlesen <span class=\"meta-nav\">&rarr;<\/span><\/a><\/p>\n","protected":false},"author":1,"featured_media":0,"parent":0,"menu_order":0,"comment_status":"closed","ping_status":"closed","template":"showcase.php","meta":{"ngg_post_thumbnail":0,"footnotes":""},"class_list":["post-8167","page","type-page","status-publish","hentry"],"_links":{"self":[{"href":"https:\/\/bergbau-gr.ch\/index.php?rest_route=\/wp\/v2\/pages\/8167","targetHints":{"allow":["GET"]}}],"collection":[{"href":"https:\/\/bergbau-gr.ch\/index.php?rest_route=\/wp\/v2\/pages"}],"about":[{"href":"https:\/\/bergbau-gr.ch\/index.php?rest_route=\/wp\/v2\/types\/page"}],"author":[{"embeddable":true,"href":"https:\/\/bergbau-gr.ch\/index.php?rest_route=\/wp\/v2\/users\/1"}],"replies":[{"embeddable":true,"href":"https:\/\/bergbau-gr.ch\/index.php?rest_route=%2Fwp%2Fv2%2Fcomments&post=8167"}],"version-history":[{"count":10,"href":"https:\/\/bergbau-gr.ch\/index.php?rest_route=\/wp\/v2\/pages\/8167\/revisions"}],"predecessor-version":[{"id":8447,"href":"https:\/\/bergbau-gr.ch\/index.php?rest_route=\/wp\/v2\/pages\/8167\/revisions\/8447"}],"wp:attachment":[{"href":"https:\/\/bergbau-gr.ch\/index.php?rest_route=%2Fwp%2Fv2%2Fmedia&parent=8167"}],"curies":[{"name":"wp","href":"https:\/\/api.w.org\/{rel}","templated":true}]}}