{"id":8413,"date":"2020-12-25T09:21:40","date_gmt":"2020-12-25T08:21:40","guid":{"rendered":"http:\/\/bergbau-gr.bergwerke.ch\/?page_id=8413"},"modified":"2021-12-19T09:41:16","modified_gmt":"2021-12-19T08:41:16","slug":"erlebnisse-2021","status":"publish","type":"page","link":"https:\/\/bergbau-gr.ch\/?page_id=8413","title":{"rendered":"Erlebnisse 2021"},"content":{"rendered":"\n<p><strong>Bergbaujahr 2021:<\/strong><\/p>\n\n\n<p>nun steht der Winter vor der T\u00fcr. Im Hintergrund wird in Archiven, an Modellen und Formalit\u00e4ten und Projekten formeller weitergearbeitet&#8230;.<\/p>\n<p><strong>Amis da las minieras Val M\u00fcstair, <\/strong>18avel radunanza generala<a href=\"https:\/\/bergbau-gr.ch\/wordpress\/wp-content\/uploads\/2021\/11\/Cristian21.jpg\"><img loading=\"lazy\" decoding=\"async\" class=\"alignright wp-image-8760 size-medium\" src=\"https:\/\/bergbau-gr.ch\/wordpress\/wp-content\/uploads\/2021\/11\/Cristian21-200x300.jpg\" alt=\"\" width=\"200\" height=\"300\" srcset=\"https:\/\/bergbau-gr.ch\/wordpress\/wp-content\/uploads\/2021\/11\/Cristian21-200x300.jpg 200w, https:\/\/bergbau-gr.ch\/wordpress\/wp-content\/uploads\/2021\/11\/Cristian21-100x150.jpg 100w, https:\/\/bergbau-gr.ch\/wordpress\/wp-content\/uploads\/2021\/11\/Cristian21.jpg 640w\" sizes=\"auto, (max-width: 200px) 100vw, 200px\" \/><\/a><br>(JR) Das Bergwerk Buffalora am Pass dal Fuorn\/Ofenpass ist jetzt anfangs November schon tief verschneit. Im Gegensatz zum letzten Jahr ist der Winter fr\u00fch gekommen. Er hat eine Ladung Schnee und K\u00e4lte mitgebracht. Die Minieras am Munt Cotschen sind jetzt im Winterschlaf.&nbsp; Fr\u00fchestens im Juni des kommenden Jahres wird wieder eine Befahrung m\u00f6glich sein. Auch das Gasthaus Buffalora ist derzeit geschlossen. Am Samstag 6. November 2021, waren die Fenster der Wirtsstube am Abend beleuchtet und es standen Fahrzeuge auf dem Parkplatz.&nbsp; Die \u00abAmis da las minieras Val M\u00fcstair\u00bb trafen sich zur 18. Generalversammlung.&nbsp; Zw\u00f6lf Mitglieder hatten den Weg unter die R\u00e4der genommen und wurden von Pr\u00e4sident Cristian Conradin begr\u00fcsst.&nbsp; Die statutarischen Gesch\u00e4fte waren rasch erledigt. Die Versammlung genehmigte die Jahresrechnung mit einem Minderertrag von CHF 1&#8217;011.55 und einem Vereinsverm\u00f6gen von CHF 4&#8217;372.60. Grosses Interesse fand der Jahresbericht des Pr\u00e4sidenten. Neben den Bauarbeiten am Portal des Stollens \u00abZarcla\u00bb berichtete Cristian Conradin vor allem \u00fcber die Aktivit\u00e4ten im Bergwerk \u00abSonch Rafael I\u00bb, \u00fcber die Ausgrabungen, die Entdeckungen und die Vermessung w\u00e4hrend des Sommers und des Fr\u00fchherbstes 2021. Zum Abschluss der Versammlung tischte Gastwirt und Vereinskassier Fredy eine sch\u00f6ne B\u00fcndnerplatte auf. Es durfte herzhaft zugegriffen werden.<br>Die Heimfahrt durch den tief verschneiten Nationalpark wurde zu einem Winterm\u00e4rchen.&nbsp;<\/p>\n<p><strong>Goldener Herbst 2021<br><\/strong>(Husu) Auch der Herbst 2021 bescherte noch ein paar goldene Glanztage.<br>So fanden noch ein paar Bergwerkbefahrungen vor dem Winter statt:<\/p>\n<p><strong>Minas da Gulatsch, <\/strong>Val Schmuer, Rueun. <a href=\"https:\/\/bergbau-gr.ch\/wordpress\/wp-content\/uploads\/2021\/11\/Gulatsch07-rotated-e1635779813962.jpg\"><img loading=\"lazy\" decoding=\"async\" class=\"alignright  wp-image-8714\" src=\"https:\/\/bergbau-gr.ch\/wordpress\/wp-content\/uploads\/2021\/11\/Gulatsch07-rotated-e1635779813962-113x150.jpg\" alt=\"\" width=\"91\" height=\"117\"><\/a><a href=\"https:\/\/bergbau-gr.ch\/wordpress\/wp-content\/uploads\/2021\/11\/Gulatsch06.jpg\"><img loading=\"lazy\" decoding=\"async\" class=\"alignright  wp-image-8713\" src=\"https:\/\/bergbau-gr.ch\/wordpress\/wp-content\/uploads\/2021\/11\/Gulatsch06-150x113.jpg\" alt=\"\" width=\"150\" height=\"116\"><\/a><br>Hier entsteht ein <a href=\"https:\/\/www.ilanz-glion.ch\/fileadmin\/user_upload\/ilanz-glion\/02_Gemeinde\/01_Politik\/02_Gemeindeparlament\/02_Einladungen\/2021\/2021-04-28\/4._Projektbeschrieb_Minas_da_Gulatsch.pdf\" target=\"_blank\" rel=\"noopener\">Lehrpfad<\/a>, der am 25. Juni 2022 offiziell er\u00f6ffnet werden soll.<strong><br><a href=\"https:\/\/bergbau-gr.ch\/wordpress\/wp-content\/uploads\/2021\/11\/ValTisch.jpg\"><img loading=\"lazy\" decoding=\"async\" class=\"alignleft wp-image-8724\" src=\"https:\/\/bergbau-gr.ch\/wordpress\/wp-content\/uploads\/2021\/11\/ValTisch-150x113.jpg\" alt=\"\" width=\"102\" height=\"80\"><\/a><\/strong><\/p>\n<p><strong>Val Tisch<\/strong><br>Die Stollen sind schwer zu \u00f6ffnen <br>und teilweise wieder verst\u00fcrzt.<\/p>\n<p><strong><a href=\"https:\/\/bergbau-gr.ch\/wordpress\/wp-content\/uploads\/2021\/11\/LaSassa2.jpg\"><img loading=\"lazy\" decoding=\"async\" class=\"alignright wp-image-8728 \" src=\"https:\/\/bergbau-gr.ch\/wordpress\/wp-content\/uploads\/2021\/11\/LaSassa2-150x113.jpg\" alt=\"\" width=\"160\" height=\"123\"><\/a> <a href=\"https:\/\/bergbau-gr.ch\/wordpress\/wp-content\/uploads\/2021\/11\/LaSassa3.jpg\"><img loading=\"lazy\" decoding=\"async\" class=\"alignright wp-image-8727 \" src=\"https:\/\/bergbau-gr.ch\/wordpress\/wp-content\/uploads\/2021\/11\/LaSassa3-113x150.jpg\" alt=\"\" width=\"92\" height=\"117\"><\/a> <a href=\"https:\/\/bergbau-gr.ch\/wordpress\/wp-content\/uploads\/2021\/11\/LaSassa1.jpg\"><img loading=\"lazy\" decoding=\"async\" class=\"alignright  wp-image-8726\" src=\"https:\/\/bergbau-gr.ch\/wordpress\/wp-content\/uploads\/2021\/11\/LaSassa1-112x150.jpg\" alt=\"\" width=\"93\" height=\"120\"><\/a>La Sassa<\/strong>, Brusio<br>Wundersch\u00f6ne Lage \u00fcber dem Weiler Selvaplana. Der Weg ist jedoch stark mit stacheligem Gestr\u00fcpp verwachsen und durch die R\u00fcfe verunstaltet.<\/p>\n<p><strong>Alp Quadrada \/ Alp Cancian<\/strong>, Selva<br>Die Asbestabbauten sind in unwegsamen Gel\u00e4nde. Alte Grubenweglein sind teilweise noch nach den Angaben der Landeskarte von 1970 zu finden. (Bilder GRC)<\/p>\nngg_shortcode_0_placeholder\n<p><strong>Schweiz. Gesellschaft f\u00fcr historische Bergbauforschung SGHB<\/strong><br><strong>Jahresversammlung 2021<\/strong><\/p>\n<p>(JR) Die 42. Jahresversammlung der SGHB fand in der Zeit vom 24. bis 26. September2021 auf Einladung der Kantonsarch\u00e4ologie Schaffhausen im Raum Schaffhausen statt. Im Mittelpunkt standen neben der eigentlichen Generalversammlung die Rohstoffe, die Arch\u00e4ologie sowie die Industriegeschichte des Kantons Schaffhausen. Zum Einstieg wurde die Eisenbibliothek im Klostergut Paradies bei Schlatt\/TG besucht. Diese einzigartige Bibliothek umfasst auch eine grosse Sammlung Bergbauliteratur, was nat\u00fcrlich auf Interesse stiess. Wie sich das M\u00fchletal am Stadtrand von Schaffhausen nach der Schliessung der grossen Stahlgiesserei der Georg Fischer AG +GF+ ver\u00e4ndert hat, war eindr\u00fccklich zu sehen. Bei Thayngen wurden das bekannte <em>Kesslerloch u<\/em>nd weitere pr\u00e4historisch Fundstellen besucht. Im <em>Randen<\/em>, so der Name des Schaffhauser Jura, wurde in pr\u00e4historischer Zeit Silex bearbeitet. Sp\u00e4ter wurden Tonlager, Bohnerz und Gips abgebaut. Der Besuch im Gipsmuseum\/ Gipsbergwerk in Schleitheim, war an der diesj\u00e4hrigen Generalversammlung die einzige Untertagebefahrung.&nbsp; Die Besichtigungen im Feld wurden durch die entsprechenden Vortr\u00e4ge vom Samstag Nachmittag in der altehrw\u00fcrdigen Rathauslaube der Stadt Schaffhausen vertieft. Am gleichen Ort fand auch die Generalversammlung statt. (Bilder: Elsbeth Rehm, Husu)<\/p>\nngg_shortcode_1_placeholder\n<p><strong>Ausflug auf die Alp Ozur<br><\/strong>(JR) Am Sonntag 29. August 2021 regnete es, eigentlich nicht ungew\u00f6hnlich f\u00fcr diesen Sommer. Auch der Nebel hing an den Bergh\u00e4ngen. Man m\u00f6chte behaupten, es w\u00e4re das ideale Wetter f\u00fcr einen ruhigen Sonntag daheim. Doch wie immer dachten nicht alle so. Auf den Strassen waren die Autos unterwegs als w\u00fcrden die Leute in Scharen in die Berge gehen.&nbsp; Eine solche aber nicht sehr grosse \u00abSchar\u00bb traf sich am fr\u00fchen Vormittag in Surava. Ger\u00fcstet f\u00fcr das nasse Wetter fuhr man, nat\u00fcrlich mit der entsprechenden Bewilligung auf die Alp Ozur auf rund 1&#8217;950 m \u00fc. M. eine Fahrt von 1&#8217;000 H\u00f6henmetern. Von der Alp aus ging es noch etwa 20 Minuten zu Fuss weiter in die H\u00f6he zu einem kleinen Holzhaus, wo die Besucher herzlich willkommen geheissen und mit einem guten Zn\u00fcni verw\u00f6hnt wurden. Aber wieso dieser Ausflug bei diesem nassen Wetter, denn es regnete immer noch, und auf diesem von den K\u00fchen morastig ausgetretenen Pfad? Diese Frage ist rasch gekl\u00e4rt. Es lockte ein Stollen. Eine franz\u00f6sische oder auch belgische Gewerkschaft hat vor einigen Generationen dort hoch \u00fcber dem Albulatal einen Versuchsbau er\u00f6ffnet. Von diesem Versuch ist ein kurzer Stichstollen \u00fcbriggeblieben. Er f\u00fchrt durch roten Radiolarit direkt hinter dem H\u00e4uschen etwa 15 m tief in den Berg hinein und ist aufrecht gehend befahrbar. Er diente dem kleinen Alpgeb\u00e4ude w\u00e4hrend l\u00e4ngerer Zeit als Keller. Es ist aber klar sichtbar, dass es sich um eine bergm\u00e4nnisch erstellte Anlage handelt und der Stollen nicht als Keller ausgebrochen wurde. <a href=\"https:\/\/bergbau-gr.ch\/wordpress\/wp-content\/uploads\/2021\/08\/Ozur_S_04.jpg\"><img loading=\"lazy\" decoding=\"async\" class=\"alignright wp-image-8674 \" src=\"https:\/\/bergbau-gr.ch\/wordpress\/wp-content\/uploads\/2021\/08\/Ozur_S_04-113x150.jpg\" alt=\"\" width=\"93\" height=\"120\"><\/a>Das Holzhaus steht auf dem Abraum. Auf der kleinen Halde sind auch noch Spuren von Mangan zu finden. <br>An diesem Sonntag konnte somit ein weiterer Stollen aus der Bergbauzeit in Graub\u00fcnden befahren und fotografiert werden. Bei der Alp Ozur ist auch noch ein kleiner Kalkofen zu bestaunen. Der Ausflug im Regen hatte sich gelohnt. Ganz herzlichen Dank den Gastgebern. (Bilder: Elsbeth Rehm, Husu)<\/p>\n\n\nngg_shortcode_2_placeholder\n\n\n\n<p><strong>Museumstag in Davos<\/strong><br>(JR) Am Samstag, 28. August 2021 fand in Davos der Museumstag statt.&nbsp; Alle zwei Jahre \u00f6ffnen die Museen der Landschaft Davos ihre T\u00fcren frei f\u00fcr das Publikum.&nbsp; Bisher waren es so genannte Museumsn\u00e4chte.&nbsp; F\u00fcr einige der beteiligten Museen, so auch f\u00fcr das Bergbaumuseum Graub\u00fcnden oder das Bergwerk Silberberg war eine \u00d6ffnung w\u00e4hrend der Nachtstunden aufgrund der peripheren Lage schwierig.&nbsp; Die \u00abNacht\u00bb wurde somit zum \u00abTag\u00bb umfunktioniert und das Bergbaumuseum \u00f6ffnete bereits am Vormittag und blieb bis 18.00 Uhr ge\u00f6ffnet.&nbsp; Auch die F\u00fchrungen an den Silberberg wurden tags\u00fcber angeboten.&nbsp; Das neue Konzept war trotz des unsicheren und teilweisen nassen Wetters ein voller Erfolg.&nbsp; Bereits am fr\u00fchen Vormittag, man war noch am Einrichten und mit dem Aufstellen der beiden Schutzzelte besch\u00e4ftigt, kamen die ersten Besucher.&nbsp; Erfreulicherweise blieb es nicht nur bei diesen. Den ganzen Tag \u00fcber war reger Betrieb im Museum. Die Ausstellung wurde gerne und intensiv besichtigt. Die strahlenden Steine im UV-Kabinett, die Installationen oder auch die umfassende Gesteins- und Mineraliensammlung faszinierte die Besucher.&nbsp; Die Belegschaft durfte manches Lob entgegennehmen.&nbsp; Die Kinder erfreuten sich am \u00abGold\u00bb-Waschen. F\u00fcr Speise und Trank war ebenfalls gesorgt.&nbsp;(Bilder: E. und J. Rehm) &nbsp;&nbsp;<\/p>\n\n\n\nngg_shortcode_3_placeholder\n\n\n\n<p><strong>FBG-Exkursion S-charl<\/strong><br>Ganz herzlichen Dank den Miniers da S-charl f\u00fcr ihre Gastfreundschaft!<br>Insgesammt 20 Bergbauinteressierte durften am <strong>Samstag 21. August 2021<\/strong> das Museum besichtigen. Eine Gruppe von 10 TN zw\u00e4ngte sich auch durch die engen Stollen und Sch\u00e4chte von Cuogn Nair, eine Gruppe von 8 TN schnupperte Stollenluft im Johannes Stollen am Mot Madlein und statt Blei und Silber f\u00f6rderten sie frische Getr\u00e4nke und W\u00fcrste  zu Tage. Mit viel Freude genossen wir das gem\u00fctliche Beisammensein beim Grillieren. Bilder: Rehm, Widmer, Husu<\/p>\n\n\nngg_shortcode_4_placeholder\n<p><strong>Jahresversammlung FBG<a href=\"https:\/\/bergbau-gr.ch\/wordpress\/wp-content\/uploads\/2021\/06\/grafik-1.png\"><img loading=\"lazy\" decoding=\"async\" class=\"alignright size-medium wp-image-8551\" src=\"https:\/\/bergbau-gr.ch\/wordpress\/wp-content\/uploads\/2021\/06\/grafik-1-225x300.png\" alt=\"\" width=\"225\" height=\"300\" srcset=\"https:\/\/bergbau-gr.ch\/wordpress\/wp-content\/uploads\/2021\/06\/grafik-1-225x300.png 225w, https:\/\/bergbau-gr.ch\/wordpress\/wp-content\/uploads\/2021\/06\/grafik-1-768x1024.png 768w, https:\/\/bergbau-gr.ch\/wordpress\/wp-content\/uploads\/2021\/06\/grafik-1-113x150.png 113w, https:\/\/bergbau-gr.ch\/wordpress\/wp-content\/uploads\/2021\/06\/grafik-1-1152x1536.png 1152w, https:\/\/bergbau-gr.ch\/wordpress\/wp-content\/uploads\/2021\/06\/grafik-1.png 1200w\" sizes=\"auto, (max-width: 225px) 100vw, 225px\" \/><\/a><\/strong><br>Die Jahresversammlung hat am<strong> 12. Juni 2021<\/strong> in der Festung Crestawald mit 30 Teilnehmern stattgefunden.<br>Ganz, ganz herzlichen Dank den Gastgebern!<br>Details folgen.<\/p>\n<p>Hinweise zu Jahresversammlungen:<br><a href=\"https:\/\/silberberg-davos.ch\/home\/aktuelles\/\" target=\"_blank\" rel=\"noopener\">BSD: 18. Sept. 2021<\/a><br><a href=\"http:\/\/www.sghb.ch\/\" target=\"_blank\" rel=\"noopener\">SGHB: 24.-26. Sept. 2021<\/a><\/p>\n<p>&nbsp;<\/p>\n<p>&nbsp;<\/p>\n<p><strong>Arbeitseinsatz Eisenh\u00fctte Flecs-Salouf<a href=\"https:\/\/bergbau-gr.ch\/wordpress\/wp-content\/uploads\/2021\/05\/Flecs_Hu21_7.jpg\"><img loading=\"lazy\" decoding=\"async\" class=\"alignright wp-image-8529 size-medium\" src=\"https:\/\/bergbau-gr.ch\/wordpress\/wp-content\/uploads\/2021\/05\/Flecs_Hu21_7-225x300.jpg\" alt=\"\" width=\"225\" height=\"300\" srcset=\"https:\/\/bergbau-gr.ch\/wordpress\/wp-content\/uploads\/2021\/05\/Flecs_Hu21_7-225x300.jpg 225w, https:\/\/bergbau-gr.ch\/wordpress\/wp-content\/uploads\/2021\/05\/Flecs_Hu21_7-768x1024.jpg 768w, https:\/\/bergbau-gr.ch\/wordpress\/wp-content\/uploads\/2021\/05\/Flecs_Hu21_7-113x150.jpg 113w, https:\/\/bergbau-gr.ch\/wordpress\/wp-content\/uploads\/2021\/05\/Flecs_Hu21_7-1152x1536.jpg 1152w, https:\/\/bergbau-gr.ch\/wordpress\/wp-content\/uploads\/2021\/05\/Flecs_Hu21_7.jpg 1200w\" sizes=\"auto, (max-width: 225px) 100vw, 225px\" \/><\/a><br><\/strong>(JR) Die Schmelzh\u00fctte Flecs-Salouf aus dem 19. Jh. war schon lange in Vergessenheit geraten bis sie Edi Brun, D\u00fcbendorf, der inzwischen verstorbene Regionalgruppnleiter f\u00fcr das Oberhalbstein aus dem Dornr\u00f6schenschlaf erweckte. Im Sommer 1980 wurde das vom Unterholz \u00fcberwucherte und dem Verfall preisgegebene Eisenwerk wieder durch einen Zugang f\u00fcr Fussg\u00e4nger erschlossen. Ein Jahr sp\u00e4ter konnten dann die Restaurierungsarbeiten ausgef\u00fchrt werden. Der h\u00f6her am Hang gelegene Ofen war noch in recht gutem Zustand, allerdings mit Schutt verf\u00fcllt und eingewachsen. Vom unteren Ofen, welcher am linken Ufer der Julia betrieben wurde, stand und steht heute noch eine einzige Mauer. Nach der Restaurierung wurden sporadisch Unterhaltsarbeiten ausgef\u00fchrt. Im Jahr 2016 kam es zu gr\u00f6sseren Arbeiten und auch Rodungen. Das zust\u00e4ndige Revierforstamt war involviert und an drei intensiven Frontagen leisteten Mitglieder des FBG einen freiwilligen Einsatz.<br>Dieses Jahr war es wieder so weit. Sepp Beeler, der heutige Regionalgruppenleiter musste feststellen, dass der wilde Balandegnbach den oberen Ofen gef\u00e4hrdete. Auch die untere Ofenruine zeigte massive Untersp\u00fclungen. Rascher Einsatz war notwendig und die Freiwilligen ebenso rasch gefunden. Die Arbeiten mussten so fr\u00fch wie m\u00f6glich im Fr\u00fchling durchgef\u00fchrt werden, so lange das Wasser des Balandegnbaches vom Elektrizit\u00e4tswerk abgeleitet wird. In dieser Zeit bleibt das Bachbett trocken und es kann darin gearbeitet werden. Und es wurde gearbeitet und zwar ohne schweres Ger\u00e4t. Von Hand mit Stemmeisen und Pickel und mit viel Muskelkraft wurden beidseits des Bachbetts massive Blockmauern erstellt, welche nun den oberen Ofen sch\u00fctzen. Steinbl\u00f6cke waren im Bachbett gen\u00fcgend vorhanden. Sie an den richtigen Ort zu bringen und zu platzieren kostete viel Schweiss. Vereinspr\u00e4sident FBG Hansueli Suter sorgte am Feuer mit Bratw\u00fcrsten und selbstgebackenem Zopf f\u00fcr das leibliche Wohl. Die Vizepr\u00e4sidentin Elsbeth Rehm war f\u00fcr das Dessert besorgt und ja, auch der Kaffee fehlte nicht.<\/p>\nngg_shortcode_5_placeholder\n<p>&nbsp;<\/p>\n<p><strong>Eine grossz\u00fcgige Schenkung! Mineraliensammlung&nbsp; Dr. Ulrich B\u00fcchi<br><\/strong><\/p>\n<p><strong>&nbsp;<a href=\"https:\/\/bergbau-gr.ch\/wordpress\/wp-content\/uploads\/2021\/04\/Buechi01.jpg\"><img loading=\"lazy\" decoding=\"async\" class=\"alignright wp-image-8480 size-medium\" src=\"https:\/\/bergbau-gr.ch\/wordpress\/wp-content\/uploads\/2021\/04\/Buechi01-300x200.jpg\" alt=\"\" width=\"300\" height=\"200\" srcset=\"https:\/\/bergbau-gr.ch\/wordpress\/wp-content\/uploads\/2021\/04\/Buechi01-300x200.jpg 300w, https:\/\/bergbau-gr.ch\/wordpress\/wp-content\/uploads\/2021\/04\/Buechi01-150x100.jpg 150w, https:\/\/bergbau-gr.ch\/wordpress\/wp-content\/uploads\/2021\/04\/Buechi01-768x513.jpg 768w, https:\/\/bergbau-gr.ch\/wordpress\/wp-content\/uploads\/2021\/04\/Buechi01-449x300.jpg 449w, https:\/\/bergbau-gr.ch\/wordpress\/wp-content\/uploads\/2021\/04\/Buechi01.jpg 800w\" sizes=\"auto, (max-width: 300px) 100vw, 300px\" \/><\/a><\/strong>(JR) Erfreuliches gibt es aus dem Bergbaumuseum Graub\u00fcnden Schmelzboden, Davos, zu berichten. Am 18. M\u00e4rz 2021 abends traf der Lastwagen des Unternehmers \u00abPiz3 Pontresina\u00bb auf dem Schmelzboden ein. Es lag noch sehr viel Schnee aber die Zufahrt war mit dem Trax freiger\u00e4umt worden. Das in den Wintermonaten geschlossene Museum war hell erleuchtet. Der Transport war angek\u00fcndigt und wurde erwartet. Doch, was wurde angeliefert?<br>Da gilt es R\u00fcckschau zu halten. Im Oktober des letzten Jahres erhielt das Bergbaumuseum Kenntnis davon, dass f\u00fcr eine umfangreiche Mineraliensammlung ein neuer Platz gefunden werden sollte. Das Interesse war geweckt und der Kontakt rasch hergestellt. Die Sammlung, welche ca. 480 Exemplare Mineralien, Erze, Bohrkerne, Fossilien etc. aus der Schweiz und zus\u00e4tzlich noch 110 Exponate ausl\u00e4ndischer Herkunft umfasst, ist das Lebenswerk, des 1990 verstorbenen Schweizer Geologen&nbsp;<a href=\"https:\/\/www.e-periodica.ch\/cntmng?var=true&amp;pid=vsp-002:1990:56::128\" target=\"_blank\" rel=\"noopener\"> Dr. Ulrich Paul B\u00fcchi<\/a>. Dieser war vor allem in der Erd\u00f6lforschung in der Schweiz bekannt.&nbsp; Auch war er unter anderem Lehrbeauftragter an der ETH.<br><a href=\"https:\/\/bergbau-gr.ch\/wordpress\/wp-content\/uploads\/2021\/04\/Buechi02.jpg\"><img loading=\"lazy\" decoding=\"async\" class=\"alignright wp-image-8481 size-medium\" src=\"https:\/\/bergbau-gr.ch\/wordpress\/wp-content\/uploads\/2021\/04\/Buechi02-300x200.jpg\" alt=\"\" width=\"300\" height=\"200\" srcset=\"https:\/\/bergbau-gr.ch\/wordpress\/wp-content\/uploads\/2021\/04\/Buechi02-300x200.jpg 300w, https:\/\/bergbau-gr.ch\/wordpress\/wp-content\/uploads\/2021\/04\/Buechi02-150x100.jpg 150w, https:\/\/bergbau-gr.ch\/wordpress\/wp-content\/uploads\/2021\/04\/Buechi02-768x513.jpg 768w, https:\/\/bergbau-gr.ch\/wordpress\/wp-content\/uploads\/2021\/04\/Buechi02-449x300.jpg 449w, https:\/\/bergbau-gr.ch\/wordpress\/wp-content\/uploads\/2021\/04\/Buechi02.jpg 800w\" sizes=\"auto, (max-width: 300px) 100vw, 300px\" \/><\/a>Die Sammlung konnte an Ort und Stelle besichtigt werden. Die Stiftung Bergbaumuseum Graub\u00fcnden Schmelzboden Davos durfte die Schenkung mit Dank entgegennehmen. Ein entsprechender Vertrag wurde abgeschlossen. Der Transport wurde organisiert. Nun sind die Exponate in 40 zum Teil schweren Schachteln verpackt im Museum-Vorraum gestapelt und warten darauf, bis zur Saisoner\u00f6ffnung am 15. Juni 2021 den Besuchern als grosse und interessante Neuheit gezeigt zu werden.<\/p>\n<p>&nbsp;<\/p>\n\n\n<figure class=\"wp-block-image size-large\"><img loading=\"lazy\" decoding=\"async\" width=\"793\" height=\"609\" src=\"https:\/\/www.bergbau-gr.ch\/wordpress\/wp-content\/uploads\/2020\/12\/2021Glueck.jpg\" alt=\"\" class=\"wp-image-8457\" srcset=\"https:\/\/bergbau-gr.ch\/wordpress\/wp-content\/uploads\/2020\/12\/2021Glueck.jpg 793w, https:\/\/bergbau-gr.ch\/wordpress\/wp-content\/uploads\/2020\/12\/2021Glueck-300x230.jpg 300w, https:\/\/bergbau-gr.ch\/wordpress\/wp-content\/uploads\/2020\/12\/2021Glueck-150x115.jpg 150w, https:\/\/bergbau-gr.ch\/wordpress\/wp-content\/uploads\/2020\/12\/2021Glueck-768x590.jpg 768w, https:\/\/bergbau-gr.ch\/wordpress\/wp-content\/uploads\/2020\/12\/2021Glueck-391x300.jpg 391w\" sizes=\"auto, (max-width: 793px) 100vw, 793px\" \/><\/figure>\n\n\n\n<div class=\"wp-block-image\"><figure class=\"alignright size-large is-resized\"><a href=\"https:\/\/www.bergbau-gr.ch\/wordpress\/wp-content\/uploads\/2020\/12\/Schera2020.jpg\"><img loading=\"lazy\" decoding=\"async\" src=\"https:\/\/www.bergbau-gr.ch\/wordpress\/wp-content\/uploads\/2020\/12\/Schera2020.jpg\" alt=\"\" class=\"wp-image-8414\" width=\"205\" height=\"290\"\/><\/a><figcaption><strong>Viel, viel &#8222;Gl\u00fcck auf!<\/strong> im 2021<\/figcaption><\/figure><\/div>\n\n\n\n<p><strong>Willkommen im Jahre 2021<\/strong>!<\/p>\n\n\n\n<p>Hoffen wir, dass wir uns im Neuen Jahr weiter  um den Bergbau ereifern k\u00f6nnen!<br>In diesem Sinne: <br>Ein herzlichen <strong>&#8222;Gl\u00fcck auf!&#8220;<\/strong>,<br> gl\u00fcckliche Gesundheit, Gl\u00fcck im Entdecken, Gl\u00fcck in der Liebe und viel, viel weiteres Gl\u00fcck!<br><\/p>\n\n\n\n<p><strong><strong>Jahresversammlung<\/strong> <strong>2021<\/strong>:<\/strong><br>Der Vorstand hat einstimmig beschlossen, Die Jahresversammlung 2021 aufgrund der Situation im 2. Vierteljahr 2021 abzuhalten. Die Versammlung ist nun auf den 12. Juni terminiert.<\/p>\n\n\n\n<p><\/p>\n\n\n\n<p>Auf diesen Seiten finden Sie Berichte \u00fcber Befahrungen und Besuche von Bergwerksanlagen von Freunden des Bergbaues in Graub\u00fcnden: (Hauptredaktor JR, Jann Rehm)<br>Berichte von FBG-Mitgliedern bitte per <a href=\"mailto:admin@bergbau-gr.ch\">EMail<\/a> an FBG.<br>(Bitte um Verst\u00e4ndnis: Es besteht kein Anspruch auf Ver\u00f6ffentlichung)<br>Format: Bilder: *.jpg, max. 800\u00d7600, Text: *.doc oder *.docx, Fertigberichte: *.pdf<\/p>\n","protected":false},"excerpt":{"rendered":"<p>Bergbaujahr 2021: nun steht der Winter vor der T\u00fcr. Im Hintergrund wird in Archiven, an Modellen und Formalit\u00e4ten und Projekten formeller weitergearbeitet&#8230;. Amis da las minieras Val M\u00fcstair, 18avel radunanza generala(JR) Das Bergwerk Buffalora am Pass dal Fuorn\/Ofenpass ist jetzt &hellip; <a href=\"https:\/\/bergbau-gr.ch\/?page_id=8413\">Weiterlesen <span class=\"meta-nav\">&rarr;<\/span><\/a><\/p>\n","protected":false},"author":1,"featured_media":0,"parent":0,"menu_order":0,"comment_status":"closed","ping_status":"closed","template":"showcase.php","meta":{"ngg_post_thumbnail":0,"footnotes":""},"class_list":["post-8413","page","type-page","status-publish","hentry"],"_links":{"self":[{"href":"https:\/\/bergbau-gr.ch\/index.php?rest_route=\/wp\/v2\/pages\/8413","targetHints":{"allow":["GET"]}}],"collection":[{"href":"https:\/\/bergbau-gr.ch\/index.php?rest_route=\/wp\/v2\/pages"}],"about":[{"href":"https:\/\/bergbau-gr.ch\/index.php?rest_route=\/wp\/v2\/types\/page"}],"author":[{"embeddable":true,"href":"https:\/\/bergbau-gr.ch\/index.php?rest_route=\/wp\/v2\/users\/1"}],"replies":[{"embeddable":true,"href":"https:\/\/bergbau-gr.ch\/index.php?rest_route=%2Fwp%2Fv2%2Fcomments&post=8413"}],"version-history":[{"count":66,"href":"https:\/\/bergbau-gr.ch\/index.php?rest_route=\/wp\/v2\/pages\/8413\/revisions"}],"predecessor-version":[{"id":8776,"href":"https:\/\/bergbau-gr.ch\/index.php?rest_route=\/wp\/v2\/pages\/8413\/revisions\/8776"}],"wp:attachment":[{"href":"https:\/\/bergbau-gr.ch\/index.php?rest_route=%2Fwp%2Fv2%2Fmedia&parent=8413"}],"curies":[{"name":"wp","href":"https:\/\/api.w.org\/{rel}","templated":true}]}}