{"id":848,"date":"2012-09-26T16:48:57","date_gmt":"2012-09-26T14:48:57","guid":{"rendered":"http:\/\/www.bergbau-gr.ch\/wordpress\/?page_id=848"},"modified":"2023-12-23T09:40:01","modified_gmt":"2023-12-23T08:40:01","slug":"bundner-museen-mit-bergbau","status":"publish","type":"page","link":"https:\/\/bergbau-gr.ch\/?page_id=848","title":{"rendered":"Museen GR mit Bergbau"},"content":{"rendered":"<p><a href=\"https:\/\/www.bergbau-museum.ch\/\" target=\"_blank\" rel=\"noopener\"><img loading=\"lazy\" decoding=\"async\" class=\"alignright wp-image-2980\" src=\"https:\/\/www.bergbau-gr.ch\/wordpress\/wp-content\/uploads\/2014\/03\/GV14_2899-300x200.jpg\" alt=\"\" width=\"191\" height=\"130\"><\/a>An folgenden Orten in Graub\u00fcnden befinden sich Museen mit permanenten Exponaten zum Bergbau:<\/p>\n<p><span style=\"color: #0000ff;\"><br \/>\nTermine ausserghalb der \u00fcblichen \u00d6ffnungszeiten sind \u00fcber die Kontaktadressen anzufragen. Die Museen sind im Winter ansonsten geschlossen.<br \/>\n<\/span><\/p>\n<p>&nbsp;<\/p>\n<p><strong><a href=\"https:\/\/www.bergbau-museum.ch\/\" target=\"_blank\" rel=\"noopener\"><img loading=\"lazy\" decoding=\"async\" class=\"alignright wp-image-6646\" src=\"https:\/\/www.bergbau-gr.ch\/wordpress\/wp-content\/uploads\/2015\/06\/Museum-300x200.jpg\" alt=\"\" width=\"189\" height=\"130\"><\/a><a href=\"https:\/\/www.bergbau-museum.ch\" target=\"_blank\" rel=\"noopener\">Bergbaumuseum Graub\u00fcnden <\/a><\/strong>\/ <a title=\"Schmelzboden\" href=\"http:\/\/www.silberberg-davos.ch\" target=\"_blank\" rel=\"noopener\">Schaubergwerk<\/a><a title=\"Schmelzboden\" href=\"http:\/\/www.silberberg-davos.ch\" target=\"_blank\" rel=\"noopener\"> Silberberg<\/a>, Schmelzboden, 7270 Davos<br \/>\n\u00d6ffnungszeiten: <strong>Dienstag und Freitag 14.00 bis 16.30Uhr<\/strong> und <strong>Mittwoch und Donnerstag 14.00 bis 17.30 Uhr<\/strong> ab Mitte Juni . Nur Bargeld m\u00f6glich.<\/p>\n<p title=\"Schmelzra\"><strong><a title=\"Schmelzra\" href=\"http:\/\/www.schmelzra.ch\/1\/museum\/\" target=\"_blank\" rel=\"noopener\">Museum Schmelzra<\/a><\/strong>\/<a title=\"Mot Madlain\" href=\"http:\/\/www.schmelzra.ch\/1\/excursiuns-mot-madlain\/\" target=\"_blank\" rel=\"noopener\">Schaubergwerk Mot Madlain<\/a>, S-charl, 7550 S-charl<br \/>\n\u00d6ffnungszeiten: Juni bis Mitte Oktober: Di -Fr&nbsp; und So 14:00-17:00, Sa und Mo geschlossen<a href=\"https:\/\/www.bergbau-gr.ch\/wordpress\/?page_id=4570\"><img loading=\"lazy\" decoding=\"async\" class=\"wp-image-6726 alignright\" src=\"https:\/\/www.bergbau-gr.ch\/wordpress\/wp-content\/uploads\/2017\/06\/Seite10-1.jpg\" alt=\"\" width=\"180\" height=\"346\"><\/a><\/p>\n<p><strong><a title=\"Innerferrera\" href=\"http:\/\/www.erzminen-hinterrhein.ch\/f%C3%BChrungen\/bergbau-museum-innerferrera\/\" target=\"_blank\" rel=\"noopener\">Bergbaumuseum<\/a><\/strong>, 7445 Innerferrera, <a title=\"SFDRS\" href=\"http:\/\/www.srf.ch\/news\/regional\/graubuenden\/die-buendner-bergbau-geschichte-lebt-in-ferrera-weiter\" target=\"_blank\" rel=\"noopener\">Er\u00f6ffnung<\/a><br \/>\n\u00d6ffnungszeiten: April bis Ende Oktober, t\u00e4glich, 8:30-18:00<\/p>\n<p><strong><a title=\"Taspegn\" href=\"http:\/\/www.erzminen-hinterrhein.ch\/f%C3%BChrungen\/taspegn\/\" target=\"_blank\" rel=\"noopener\">Bergbaumuseum<\/a><\/strong><a title=\"Taspegn\" href=\"http:\/\/www.erzminen-hinterrhein.ch\/f%C3%BChrungen\/taspegn\/\" target=\"_blank\" rel=\"noopener\">\/Schaubergwerk<\/a>, Taspegn<br \/>\n\u00d6ffnungszeiten: Anl\u00e4sslich der F\u00fchrungen; Juli bis September, jeweils am Mittwoch<\/p>\n<p><a title=\"Naturmuseum\" href=\"http:\/\/www.naturmuseum.gr.ch\/408.html\" target=\"_blank\" rel=\"noopener\"><strong>B\u00fcndner Naturmuseum<\/strong><\/a>, Masanserstrasse 31, 7000 Chur\/Cuira\/Coira<br \/>\n\u00d6ffnungzeiten: T\u00e4glich ohne Mo von 10:00-17:00, Mo geschlossen<\/p>\n<p><strong><a title=\"Museum Alpin\" href=\"http:\/\/www.pontresina.ch\/museumalpin\/\" target=\"_blank\" rel=\"noopener\">Museum Alpin<\/a>,<\/strong> Via Maistra 199, 7504 Pontresina<br \/>\n\u00d6ffnungszeiten: T\u00e4glich ohne So 16.00-18.00, So geschlossen<\/p>\n<p>&nbsp;<\/p>\n","protected":false},"excerpt":{"rendered":"<p>An folgenden Orten in Graub\u00fcnden befinden sich Museen mit permanenten Exponaten zum Bergbau: Termine ausserghalb der \u00fcblichen \u00d6ffnungszeiten sind \u00fcber die Kontaktadressen anzufragen. Die Museen sind im Winter ansonsten geschlossen. &nbsp; Bergbaumuseum Graub\u00fcnden \/ Schaubergwerk Silberberg, Schmelzboden, 7270 Davos \u00d6ffnungszeiten: &hellip; <a href=\"https:\/\/bergbau-gr.ch\/?page_id=848\">Weiterlesen <span class=\"meta-nav\">&rarr;<\/span><\/a><\/p>\n","protected":false},"author":1,"featured_media":0,"parent":7333,"menu_order":0,"comment_status":"open","ping_status":"closed","template":"showcase.php","meta":{"ngg_post_thumbnail":0,"footnotes":""},"class_list":["post-848","page","type-page","status-publish","hentry"],"_links":{"self":[{"href":"https:\/\/bergbau-gr.ch\/index.php?rest_route=\/wp\/v2\/pages\/848","targetHints":{"allow":["GET"]}}],"collection":[{"href":"https:\/\/bergbau-gr.ch\/index.php?rest_route=\/wp\/v2\/pages"}],"about":[{"href":"https:\/\/bergbau-gr.ch\/index.php?rest_route=\/wp\/v2\/types\/page"}],"author":[{"embeddable":true,"href":"https:\/\/bergbau-gr.ch\/index.php?rest_route=\/wp\/v2\/users\/1"}],"replies":[{"embeddable":true,"href":"https:\/\/bergbau-gr.ch\/index.php?rest_route=%2Fwp%2Fv2%2Fcomments&post=848"}],"version-history":[{"count":68,"href":"https:\/\/bergbau-gr.ch\/index.php?rest_route=\/wp\/v2\/pages\/848\/revisions"}],"predecessor-version":[{"id":10077,"href":"https:\/\/bergbau-gr.ch\/index.php?rest_route=\/wp\/v2\/pages\/848\/revisions\/10077"}],"up":[{"embeddable":true,"href":"https:\/\/bergbau-gr.ch\/index.php?rest_route=\/wp\/v2\/pages\/7333"}],"wp:attachment":[{"href":"https:\/\/bergbau-gr.ch\/index.php?rest_route=%2Fwp%2Fv2%2Fmedia&parent=848"}],"curies":[{"name":"wp","href":"https:\/\/api.w.org\/{rel}","templated":true}]}}