{"id":8496,"date":"2021-05-04T15:13:07","date_gmt":"2021-05-04T13:13:07","guid":{"rendered":"https:\/\/bergbau-gr.ch\/?page_id=8496"},"modified":"2024-05-26T09:17:50","modified_gmt":"2024-05-26T07:17:50","slug":"bk-138-2021","status":"publish","type":"page","link":"https:\/\/bergbau-gr.ch\/?page_id=8496","title":{"rendered":"BK 138-143 2021-2023"},"content":{"rendered":"\n<p>Ausgaben Nr. 138 \u2013 143 , 2021 &#8211; 20203<\/p>\n\n\n\n<p><strong><a href=\"http:\/\/bergbau-gr.ch\/wordpress\/wp-content\/uploads\/bk\/bk_138.pdf\">Bergknappe Nr. <\/a><a href=\"https:\/\/www.bergbau-gr.ch\/wordpress\/wp-content\/uploads\/bk\/bk_138.pdf\" data-type=\"URL\" target=\"_blank\" rel=\"noreferrer noopener\">138<\/a>, 1\/2021,&nbsp; April<\/strong><br>&#8211; Impressum<br>&#8211; Wort des Pr\u00e4sidenten<br>&#8211; Das Bergwerk Buffalora am Ofenpass<br>&#8211; Der vergessene Magnetismus im Mangan<br>&#8211; Neues vom Schmittner Blyberg<br>&#8211; Kupferabbau Alp Flix<br>&#8211; Sanierung der historischen Seilbahnplattform Gruobas\/Ursera<br>&#8211; Was l\u00e4uft im Sommer\/Herbst 2021<br>&#8211; Neue Publikation<br>&#8211; Jahresbeitr\u00e4ge und Werbung in eigener Sache<\/p>\n\n\n\n<p><strong><strong><a href=\"https:\/\/www.bergbau-gr.ch\/wordpress\/wp-content\/uploads\/bk\/bk_139.pdf\" data-type=\"URL\" target=\"_blank\" rel=\"noreferrer noopener\">Bergknappe <\/a><a href=\"https:\/\/www.bergbau-gr.ch\/wordpress\/wp-content\/uploads\/bk\/bk_139.pdf\" target=\"_blank\" rel=\"noreferrer noopener\">Nr<\/a><a href=\"https:\/\/www.bergbau-gr.ch\/wordpress\/wp-content\/uploads\/bk\/bk_138.pdf\" data-type=\"URL\" data-id=\"https:\/\/www.bergbau-gr.ch\/wordpress\/wp-content\/uploads\/bk\/bk_138.pdf\">. <\/a><a href=\"https:\/\/www.bergbau-gr.ch\/wordpress\/wp-content\/uploads\/bk\/bk_139.pdf\" data-type=\"URL\" target=\"_blank\" rel=\"noreferrer noopener\">139<\/a>,<\/strong> 2\/2021,&nbsp; Oktober<\/strong><br>&#8211; Impressum<br>&#8211; Wort des Pr\u00e4sidenten<br>&#8211; Daniel Schl\u00e4pfer im Schacht auf Buffalora<br>&#8211; In Memoriam GerhardSperl<br>&#8211; Die Lochsteine im Oberharz<br>&#8211; Das Wrack eines Kohleschiffs im Z\u00fcrichsee<br>&#8211; Neuigkeiten aus dem Bergbaumuseum Graub\u00fcnden<br>&#8211; FBG Exkursion 2021<br>&#8211; FBG Vereinsversammlung 2021<br>&#8211; MdS Vereinsversammlung 2021<br>&#8211; BSD Vereinsversammlung 2021<br>&#8211; SGHB Jahresversammlung 2021<br>&#8211; Neue Buchpublikation <br><\/p>\n\n\n\n<p><strong><a href=\"https:\/\/www.bergbau-gr.ch\/wordpress\/wp-content\/uploads\/bk\/bk_140.pdf\">Bergknappe Nr. 140<\/a>, 1\/2022,&nbsp; April<\/strong><br>&#8211; Impressum<br>&#8211; Wort des Pr\u00e4sidenten<br>&#8211; Eine Suche nach den Zinn-Inseln (Kassiterides) <br>&#8211; Nephrit aus dem Oberhalbstein &#8211; Steinbeilstoff der Pfahlbauer am Bodensee?<br>&#8211; Das \u00d6l in den K\u00f6pfen<br>&#8211; Auf Spurensuche im Ferreratal<br>&#8211; Amis da las minieras Val M\u00fcstair, 18avel radunanza generala<br>&#8211; Was l\u00e4uft im Sommer\/Herbst 2022<br>&#8211; Jahresbeitr\u00e4ge und Werbung in eigener Sache<\/p>\n\n\n\n<p><strong><a href=\"https:\/\/www.bergbau-gr.ch\/wordpress\/wp-content\/uploads\/bk\/Bk_141.pdf\">Bergknappe Nr. 141<\/a>, 2\/2022,&nbsp; Oktober<\/strong><br>&#8211; Impressum<br>&#8211; Wort des Pr\u00e4sidenten<br>&#8211; Eine Suche nach den Zinn-Inseln (Kassiterides) 2. Folge und Schluss <br>&#8211; Aus dem Bergbaumuseum Graub\u00fcnden<br>&#8211; Vom Hunt zum Rolli<br>&#8211; Vereinsversammlung der Freunde des Bergbaus in Graub\u00fcnden FBG vom 2. April 2022<br>&#8211; Sicherung Einbaustrecke (2004) im Neuhoffnung Stollen am Silberberg in Davos <br>&#8211; Zu Besuch in der Pulverm\u00fchle in Chur<br>&#8211; Exkursion der Freunde des Bergbaus in Graub\u00fcnden FBG vom 27. August 2022 in Obersaxen<br>&#8211; Jahresbeitr\u00e4ge und Werbung in eigener Sache<\/p>\n\n\n\n<hr class=\"wp-block-separator has-alpha-channel-opacity\"\/>\n\n\n\n<p><strong><a href=\"https:\/\/www.bergbau-gr.ch\/wordpress\/wp-content\/uploads\/bk\/bk_142.pdf\">Bergknappe Nr. 142<\/a>, 1\/2023,&nbsp; April<\/strong><br>&#8211; Impressum<br>&#8211; Wort des Pr\u00e4sidenten<br>&#8211; Restaurierung Seilbahnplattform Ursera\/Gruoba 2022, Abschlussbericht des Projektes<br>&#8211; \u00abMinas da Gulatsch\u00bb in Rueun<br>&#8211; Entdeckungen beim Strassenbau<br>&#8211; Die toxische Seite der Solarpanels<br>&#8211; Vereinsversammlung Amis da las minieras Val M\u00fcstair, AvM vom 1. November 2022<br>&#8211; Winterarbeit im Bergwerk K\u00e4pfnach<br>&#8211; Marmor<br>&#8211; Minaria Helvetica 43\/2022<br>&#8211; Zwei verschiedeneneueB\u00fccher<br>&#8211; Bergbauaktivit\u00e4ten im Sommer\/ Herbst 2023<br>&#8211; Jahresbeitr\u00e4ge und Werbungin eigener Sache<\/p>\n\n\n\n<hr class=\"wp-block-separator has-alpha-channel-opacity\"\/>\n\n\n\n<p><strong><strong><a href=\"https:\/\/www.bergbau-gr.ch\/wordpress\/wp-content\/uploads\/bk\/bk_142.pdf\"><\/a><strong><a href=\"https:\/\/www.bergbau-gr.ch\/wordpress\/wp-content\/uploads\/bk\/bk_143.pdf\">Bergknappe Nr. 143<\/a><\/strong><\/strong>, 2\/2023,\u00a0 Oktober<\/strong><br>&#8211; Impressum<br>&#8211; Wort des Pr\u00e4sidenten<br>&#8211; Untersuchungen an Kupfer-Eisenerzen des Oberhalbst<br>&#8211; Der Bergknappe Jann<br>&#8211; Jann, der Bergknappe im Habit<br>&#8211; 47. Jahresversammlungder Freunde des Bergbaus Graub\u00fcnden, FBG <br>&#8211; Schmelza in Ausserferera \u2013 Erlebnisbericht<br>&#8211; Interview mit dem B\u00fcndner Kantonsarch\u00e4ologen Thomas Reitmaier<br>&#8211; Arbeiten in Ursera<br>&#8211; Frontage Bellaluna 2023<br>&#8211; GrillplauschSilberberg<br>&#8211;\u00a0 Buch: Bergwerke<br>&#8211; Zum 95. Geburtstagvon Professor Dr.-Ing. habil. Gerd Grabow<br>&#8211; Impressionen Buffalora\/Stollen Michael 1<br>&#8211; Aus dem Bergbaumuseum Graub\u00fcnden<\/p>\n","protected":false},"excerpt":{"rendered":"<p>Ausgaben Nr. 138 \u2013 143 , 2021 &#8211; 20203 Bergknappe Nr. 138, 1\/2021,&nbsp; April&#8211; Impressum&#8211; Wort des Pr\u00e4sidenten&#8211; Das Bergwerk Buffalora am Ofenpass&#8211; Der vergessene Magnetismus im Mangan&#8211; Neues vom Schmittner Blyberg&#8211; Kupferabbau Alp Flix&#8211; Sanierung der historischen Seilbahnplattform Gruobas\/Ursera&#8211; &hellip; <a href=\"https:\/\/bergbau-gr.ch\/?page_id=8496\">Weiterlesen <span class=\"meta-nav\">&rarr;<\/span><\/a><\/p>\n","protected":false},"author":1,"featured_media":0,"parent":0,"menu_order":0,"comment_status":"closed","ping_status":"closed","template":"showcase.php","meta":{"ngg_post_thumbnail":0,"footnotes":""},"class_list":["post-8496","page","type-page","status-publish","hentry"],"_links":{"self":[{"href":"https:\/\/bergbau-gr.ch\/index.php?rest_route=\/wp\/v2\/pages\/8496","targetHints":{"allow":["GET"]}}],"collection":[{"href":"https:\/\/bergbau-gr.ch\/index.php?rest_route=\/wp\/v2\/pages"}],"about":[{"href":"https:\/\/bergbau-gr.ch\/index.php?rest_route=\/wp\/v2\/types\/page"}],"author":[{"embeddable":true,"href":"https:\/\/bergbau-gr.ch\/index.php?rest_route=\/wp\/v2\/users\/1"}],"replies":[{"embeddable":true,"href":"https:\/\/bergbau-gr.ch\/index.php?rest_route=%2Fwp%2Fv2%2Fcomments&post=8496"}],"version-history":[{"count":30,"href":"https:\/\/bergbau-gr.ch\/index.php?rest_route=\/wp\/v2\/pages\/8496\/revisions"}],"predecessor-version":[{"id":10277,"href":"https:\/\/bergbau-gr.ch\/index.php?rest_route=\/wp\/v2\/pages\/8496\/revisions\/10277"}],"wp:attachment":[{"href":"https:\/\/bergbau-gr.ch\/index.php?rest_route=%2Fwp%2Fv2%2Fmedia&parent=8496"}],"curies":[{"name":"wp","href":"https:\/\/api.w.org\/{rel}","templated":true}]}}