{"id":88,"date":"2012-03-20T09:53:00","date_gmt":"2012-03-20T09:53:00","guid":{"rendered":"http:\/\/bergbau.mindblow.ch\/?page_id=88"},"modified":"2018-03-12T18:56:58","modified_gmt":"2018-03-12T16:56:58","slug":"vereinsgeschichte","status":"publish","type":"page","link":"https:\/\/bergbau-gr.ch\/?page_id=88","title":{"rendered":"Vereinsgeschichte"},"content":{"rendered":"<p><strong>Von der Gr\u00fcndung bis heute <a title=\"Barbara\" href=\"https:\/\/www.bergbau-gr.ch\/wordpress\/?page_id=1912\"><img loading=\"lazy\" decoding=\"async\" class=\"alignright size-full wp-image-306\" title=\"Barbara\" src=\"https:\/\/www.bergbau-gr.ch\/wordpress\/wp-content\/uploads\/2012\/08\/Barbara.jpg\" alt=\"\" width=\"133\" height=\"251\"><\/a><br \/>\n<\/strong><\/p>\n<p>In den 50er Jahren des letzten Jahrhunderts war am aufgelassenen Bergwerk \u201eSilberberg\u201c bei Davos der aus Jenisberg stammende und dort wohnhafte Johannes Strub (1884 bis 1967) t\u00e4tig.&nbsp; Johannes Strub k\u00fcmmerte sich um den Erhalt der Anlage und war auch unter Mithilfe des Kurvereins Davos bem\u00fcht, das Bergwerk weiter zu erschliessen und besser zug\u00e4nglich zu machen.&nbsp; Nach seinem Tode wurden die Aktivit\u00e4ten eingestellt und es wurde ruhig am Silberberg.&nbsp; Im Jahr 1976 ergriffen Architekt Hans Kr\u00e4henb\u00fchl, Gemeindekassier Jann Rehm, beide in Davos und weitere Interessierte, worunter insbesondere der Mineraloge, Dr. Kurt B\u00e4chtiger, Z\u00fcrich, die Initiative, das Werk von Johannes Strub weiterzuf\u00fchren, es auf den ganzen Kanton Graub\u00fcnden auszudehnen und im alten Verwaltungsgeb\u00e4ude im Schmelzboden ein Bergbaumuseum einzurichten.&nbsp; Am <strong>3. Juli 1976<\/strong> wurde in der Grossen Stube des Rathauses Davos unter Anwesenheit einer grossen Zahl Interessierter der \u00ab<strong>Verein der Freunde des Bergbaus in Graub\u00fcnden VFBG<\/strong>\u00bb gegr\u00fcndet (<a href=\"https:\/\/www.bergbau-gr.ch\/wordpress\/wp-content\/uploads\/bk\/Gruendungsprotokoll.pdf\">Protokoll<\/a>). &nbsp;Im Jahre 2000 erfolgte eine Statutenrevision mit gleichzeitiger Namens\u00e4nderung.&nbsp; Seither lautet die Vereinsbezeichnung offiziell und in den drei Sprachen des Kantons Graub\u00fcnden:<\/p>\n<p><strong><em><a href=\"https:\/\/www.bergbau-gr.ch\/wordpress\/wp-content\/uploads\/2015\/06\/Schlegel_Eisen_logo_FBG.jpg\"><img loading=\"lazy\" decoding=\"async\" class=\"alignleft wp-image-4619\" src=\"https:\/\/www.bergbau-gr.ch\/wordpress\/wp-content\/uploads\/2015\/06\/Schlegel_Eisen_logo_FBG-300x138.jpg\" alt=\"Schlegel_Eisen_logo_FBG\" width=\"220\" height=\"107\"><\/a>Freunde des Bergbaus in Graub\u00fcnden, FBG<\/em><\/strong><\/p>\n<p><strong><em>Amis da las minieras en il Grischun, AMG<\/em><\/strong><\/p>\n<p><strong><em>Amici delle miniere nel Grigioni, AMG<\/em><\/strong><\/p>\n<p>In den verschiedenen Talschaften des Kantons Graub\u00fcnden wurden nach der Vereinsgr\u00fcndung <a title=\"Regionen\" href=\"https:\/\/www.bergbau-gr.ch\/wordpress\/?page_id=97\">Regionalgruppen <\/a>eingerichtet.&nbsp; Einzelne davon haben sich sp\u00e4ter als so genannte <a title=\"Regionen\" href=\"https:\/\/www.bergbau-gr.ch\/wordpress\/?page_id=97\">Partnervereine<\/a> konstituiert. Dazu kommen noch die Stiftungen, welche in Zusammenhang mit den Bergbaumuseen in <a title=\"Bergbaumuseum Minstein\" href=\"http:\/\/www.silberberg-davos.ch\/Bergbaumuseum.html\" target=\"_blank\" rel=\"noopener\">Davos<\/a> und in <a title=\"Schmelzra\" href=\"http:\/\/www.schmelzra.ch\/1\/willkommen\/\" target=\"_blank\" rel=\"noopener\">S-charl<\/a> errichtet worden sind.<\/p>\n<p><strong><a title=\"Statuten\" href=\"https:\/\/www.bergbau-gr.ch\/wordpress\/wp-content\/uploads\/2018\/03\/Statuten-FBG-nach-Revision-2018.pdf\" target=\"_blank\" rel=\"noopener\">Vereinsstatuten<\/a>&nbsp;&nbsp;&nbsp;&nbsp;&nbsp;&nbsp;&nbsp;&nbsp;&nbsp;&nbsp;&nbsp;&nbsp;&nbsp;&nbsp;&nbsp;&nbsp;&nbsp;&nbsp;&nbsp;&nbsp;&nbsp;&nbsp;&nbsp;&nbsp;&nbsp;&nbsp;&nbsp;&nbsp;&nbsp;&nbsp;&nbsp;&nbsp;&nbsp;&nbsp;&nbsp;&nbsp;&nbsp;&nbsp; <a title=\"Mitglied werden\" href=\"https:\/\/www.bergbau-gr.ch\/wordpress\/?page_id=790\">Mitglied werden!<\/a><\/strong><strong>&nbsp;&nbsp; &nbsp; &nbsp; &nbsp; &nbsp; &nbsp; &nbsp; &nbsp; &nbsp; &nbsp; &nbsp; &nbsp; &nbsp; &nbsp;&nbsp; <\/strong>Vereinszeitschrift:<strong> <a title=\"Bergknappe\" href=\"https:\/\/www.bergbau-gr.ch\/wordpress\/?page_id=61\">Bergknappe<\/a><\/strong><\/p>\n<p>&nbsp;<\/p>\n","protected":false},"excerpt":{"rendered":"<p>Von der Gr\u00fcndung bis heute In den 50er Jahren des letzten Jahrhunderts war am aufgelassenen Bergwerk \u201eSilberberg\u201c bei Davos der aus Jenisberg stammende und dort wohnhafte Johannes Strub (1884 bis 1967) t\u00e4tig.&nbsp; Johannes Strub k\u00fcmmerte sich um den Erhalt der &hellip; <a href=\"https:\/\/bergbau-gr.ch\/?page_id=88\">Weiterlesen <span class=\"meta-nav\">&rarr;<\/span><\/a><\/p>\n","protected":false},"author":1,"featured_media":0,"parent":67,"menu_order":0,"comment_status":"open","ping_status":"open","template":"showcase.php","meta":{"ngg_post_thumbnail":0,"footnotes":""},"class_list":["post-88","page","type-page","status-publish","hentry"],"_links":{"self":[{"href":"https:\/\/bergbau-gr.ch\/index.php?rest_route=\/wp\/v2\/pages\/88","targetHints":{"allow":["GET"]}}],"collection":[{"href":"https:\/\/bergbau-gr.ch\/index.php?rest_route=\/wp\/v2\/pages"}],"about":[{"href":"https:\/\/bergbau-gr.ch\/index.php?rest_route=\/wp\/v2\/types\/page"}],"author":[{"embeddable":true,"href":"https:\/\/bergbau-gr.ch\/index.php?rest_route=\/wp\/v2\/users\/1"}],"replies":[{"embeddable":true,"href":"https:\/\/bergbau-gr.ch\/index.php?rest_route=%2Fwp%2Fv2%2Fcomments&post=88"}],"version-history":[{"count":23,"href":"https:\/\/bergbau-gr.ch\/index.php?rest_route=\/wp\/v2\/pages\/88\/revisions"}],"predecessor-version":[{"id":7094,"href":"https:\/\/bergbau-gr.ch\/index.php?rest_route=\/wp\/v2\/pages\/88\/revisions\/7094"}],"up":[{"embeddable":true,"href":"https:\/\/bergbau-gr.ch\/index.php?rest_route=\/wp\/v2\/pages\/67"}],"wp:attachment":[{"href":"https:\/\/bergbau-gr.ch\/index.php?rest_route=%2Fwp%2Fv2%2Fmedia&parent=88"}],"curies":[{"name":"wp","href":"https:\/\/api.w.org\/{rel}","templated":true}]}}