{"id":9709,"date":"2023-05-24T19:32:41","date_gmt":"2023-05-24T17:32:41","guid":{"rendered":"https:\/\/bergbau-gr.ch\/?page_id=9709"},"modified":"2023-05-27T11:13:00","modified_gmt":"2023-05-27T09:13:00","slug":"jann-rehm","status":"publish","type":"page","link":"https:\/\/bergbau-gr.ch\/?page_id=9709","title":{"rendered":"Jann Rehm"},"content":{"rendered":"<p>Traurig nehmen wir Abschied von Jann Rehm<\/p>\n<p>ngg_shortcode_0_placeholder<a href=\"https:\/\/bergbau-gr.ch\/wordpress\/wp-content\/uploads\/2023\/05\/Jann_Habit1.jpg\"><img loading=\"lazy\" decoding=\"async\" class=\"alignright size-medium wp-image-9752\" src=\"https:\/\/bergbau-gr.ch\/wordpress\/wp-content\/uploads\/2023\/05\/Jann_Habit1-136x300.jpg\" alt=\"\" width=\"136\" height=\"300\" srcset=\"https:\/\/bergbau-gr.ch\/wordpress\/wp-content\/uploads\/2023\/05\/Jann_Habit1-136x300.jpg 136w, https:\/\/bergbau-gr.ch\/wordpress\/wp-content\/uploads\/2023\/05\/Jann_Habit1-463x1024.jpg 463w, https:\/\/bergbau-gr.ch\/wordpress\/wp-content\/uploads\/2023\/05\/Jann_Habit1-68x150.jpg 68w, https:\/\/bergbau-gr.ch\/wordpress\/wp-content\/uploads\/2023\/05\/Jann_Habit1-768x1699.jpg 768w, https:\/\/bergbau-gr.ch\/wordpress\/wp-content\/uploads\/2023\/05\/Jann_Habit1-694x1536.jpg 694w, https:\/\/bergbau-gr.ch\/wordpress\/wp-content\/uploads\/2023\/05\/Jann_Habit1.jpg 800w\" sizes=\"auto, (max-width: 136px) 100vw, 136px\" \/><\/a>(HPS) Jann Rehm, den Mann im Bergmannshabit, gibt\u2019s nicht mehr. Der wohl traditionsbewussteste unserer B\u00fcndner Bergm\u00e4nner ist ohne Geleucht in den tiefsten Stollen des Lebens eingefahren. Unz\u00e4hlige Male ist Jann aufgebrochen, hat geklettert und geforscht. Jann kam verdreckt, aber begeistert und voller Enthusiasmus wieder ans Tageslicht, im Wissen, einmal mehr etwas entdeckt zu haben. Jann war wohl einer der besten Kenner des Bergbaus in Graub\u00fcnden. Zusammen mit seiner Frau Elsbeth sind so unz\u00e4hlige Fahrten dokumentiert und beschrieben. Angefangen hat diese Passion am Silberberg-Davos, wo die junge Familie Rehm damals Stunden und Tage des Erforschens verbrachte und so praktisch alles erkundet hat. Fast wurde der Silberberg zur zweiten Heimat. Irgendwann war der Silberberg dann halt entdeckt, doch die Rehms waren bei vielen weiteren Projekten in Graub\u00fcnden mit dabei. Immer engagiert und voller Tatendrang. Dies im positivsten Sinne: Kein Stollen war zu klein, um nicht dort gewesen zu sein! Der Drang nach Abenteuer und Entdeckung f\u00fchrte auch in andere Bergbaugebiete, \u00fcbrige Schweiz (Mitgliedschaften u. a. SGHB, Bergbauverein K\u00e4pfnach) und&nbsp; auch ins Ausland, um so auf unsern Bergbau aufmerksam zu machen und zu neuen Kenntnissen zu gelangen. Ein H\u00f6hepunkt war sicher die Organisation des Internationalen Montanhistorischen Workshops 2015 in Andeer,<a href=\"https:\/\/bergbau-gr.ch\/wordpress\/wp-content\/uploads\/2023\/05\/VTJann6.jpg\"><img loading=\"lazy\" decoding=\"async\" class=\"alignleft size-medium wp-image-9749\" src=\"https:\/\/bergbau-gr.ch\/wordpress\/wp-content\/uploads\/2023\/05\/VTJann6-104x300.jpg\" alt=\"\" width=\"104\" height=\"300\" srcset=\"https:\/\/bergbau-gr.ch\/wordpress\/wp-content\/uploads\/2023\/05\/VTJann6-104x300.jpg 104w, https:\/\/bergbau-gr.ch\/wordpress\/wp-content\/uploads\/2023\/05\/VTJann6-354x1024.jpg 354w, https:\/\/bergbau-gr.ch\/wordpress\/wp-content\/uploads\/2023\/05\/VTJann6-52x150.jpg 52w, https:\/\/bergbau-gr.ch\/wordpress\/wp-content\/uploads\/2023\/05\/VTJann6.jpg 419w\" sizes=\"auto, (max-width: 104px) 100vw, 104px\" \/><\/a> durchgef\u00fchrt durch den FBG. F\u00fcr Jann war die Welt des Bergbaus ein wichtiger Teil seines Lebens, was er mit dem eingangs erw\u00e4hnten Habit verdeutlichte. Neben dem Erkunden von Stollen und entsprechender Projektarbeit, war Jann im Verein Freunde des Bergbaus in Graub\u00fcnden, als Gr\u00fcndungsmitglied, als dessen Vorstandsmitglied, insbesondere Aktuar, sowie Redaktor des BERGKNAPPEN eine treibende Kraft, als F\u00fchrer am Silberberg und in der Stiftung Bergbaumuseum Graub\u00fcnden aktiv. In den letzten Jahren setzte er sich als Stiftungsratspr\u00e4sident mit viel, viel Herzblut und sehr aktiver Gestalter f\u00fcr das Bergbaumuseum Graub\u00fcnden im Schmelzboden ein. Seine manchmal direkte Art hat auch mal f\u00fcr rote K\u00f6pfe gesorgt, schlussendlich aber immer L\u00f6sungen erm\u00f6glicht. Wir, die noch Lebenden, werden versuchen, in seinem Sinn und Geiste dem hiesigen Bergbau weiter seinen wichtigen Platz in der Geschichte zu erhalten und auch neuen Ideen Platz zu geben. Jann wird uns wohl zusammen mit dem Geist im Dalvazzer-Schacht aufmerksam begleiten. So m\u00f6chten wir auch Elsbeth, die immer als eine zweite H\u00e4lfte dabei war, f\u00fcr die kommende Zeit die n\u00f6tige Kraft und Zuversicht w\u00fcnschen.<br \/>\nGl\u00fcck Auf!<\/p>\n<p><a href=\"https:\/\/bergbau-gr.ch\/wordpress\/wp-content\/uploads\/2023\/05\/Todesanzeige-Jann-Rehm-SO.pdf\" target=\"_blank\" rel=\"noopener\"><img loading=\"lazy\" decoding=\"async\" class=\"aligncenter wp-image-9727 size-full\" src=\"https:\/\/bergbau-gr.ch\/wordpress\/wp-content\/uploads\/2023\/05\/Todesanzeige-SO.jpg\" alt=\"\" width=\"552\" height=\"517\" srcset=\"https:\/\/bergbau-gr.ch\/wordpress\/wp-content\/uploads\/2023\/05\/Todesanzeige-SO.jpg 552w, https:\/\/bergbau-gr.ch\/wordpress\/wp-content\/uploads\/2023\/05\/Todesanzeige-SO-300x281.jpg 300w, https:\/\/bergbau-gr.ch\/wordpress\/wp-content\/uploads\/2023\/05\/Todesanzeige-SO-150x140.jpg 150w, https:\/\/bergbau-gr.ch\/wordpress\/wp-content\/uploads\/2023\/05\/Todesanzeige-SO-320x300.jpg 320w\" sizes=\"auto, (max-width: 552px) 100vw, 552px\" \/><\/a><\/p>\n<p><em>Bilder Matti K. und Elsbeth R.<\/em><\/p>\n","protected":false},"excerpt":{"rendered":"<p>Traurig nehmen wir Abschied von Jann Rehm (HPS) Jann Rehm, den Mann im Bergmannshabit, gibt\u2019s nicht mehr. Der wohl traditionsbewussteste unserer B\u00fcndner Bergm\u00e4nner ist ohne Geleucht in den tiefsten Stollen des Lebens eingefahren. Unz\u00e4hlige Male ist Jann aufgebrochen, hat geklettert &hellip; <a href=\"https:\/\/bergbau-gr.ch\/?page_id=9709\">Weiterlesen <span class=\"meta-nav\">&rarr;<\/span><\/a><\/p>\n","protected":false},"author":1,"featured_media":0,"parent":0,"menu_order":0,"comment_status":"closed","ping_status":"closed","template":"showcase.php","meta":{"ngg_post_thumbnail":0,"footnotes":""},"class_list":["post-9709","page","type-page","status-publish","hentry"],"_links":{"self":[{"href":"https:\/\/bergbau-gr.ch\/index.php?rest_route=\/wp\/v2\/pages\/9709","targetHints":{"allow":["GET"]}}],"collection":[{"href":"https:\/\/bergbau-gr.ch\/index.php?rest_route=\/wp\/v2\/pages"}],"about":[{"href":"https:\/\/bergbau-gr.ch\/index.php?rest_route=\/wp\/v2\/types\/page"}],"author":[{"embeddable":true,"href":"https:\/\/bergbau-gr.ch\/index.php?rest_route=\/wp\/v2\/users\/1"}],"replies":[{"embeddable":true,"href":"https:\/\/bergbau-gr.ch\/index.php?rest_route=%2Fwp%2Fv2%2Fcomments&post=9709"}],"version-history":[{"count":14,"href":"https:\/\/bergbau-gr.ch\/index.php?rest_route=\/wp\/v2\/pages\/9709\/revisions"}],"predecessor-version":[{"id":9758,"href":"https:\/\/bergbau-gr.ch\/index.php?rest_route=\/wp\/v2\/pages\/9709\/revisions\/9758"}],"wp:attachment":[{"href":"https:\/\/bergbau-gr.ch\/index.php?rest_route=%2Fwp%2Fv2%2Fmedia&parent=9709"}],"curies":[{"name":"wp","href":"https:\/\/api.w.org\/{rel}","templated":true}]}}